{"id":2014311,"date":"2016-07-29T16:08:20","date_gmt":"2016-07-29T14:08:20","guid":{"rendered":"http:\/\/romfilatelia.ro\/store\/?post_type=product&#038;p=2014311"},"modified":"2023-07-27T13:05:04","modified_gmt":"2023-07-27T11:05:04","slug":"set-2-valori-manastirea-antim-300-de-ani-de-la-inceperea-constructiei","status":"publish","type":"product","link":"https:\/\/romfilatelia.ro\/magazin\/produs\/serie-valori\/set-2-valori-manastirea-antim-300-de-ani-de-la-inceperea-constructiei\/","title":{"rendered":"Set 2 valori M\u00c3N\u00c3STIREA ANTIM &#8211; 300 DE ANI DE LA \u00ceNCEPEREA CONSTRUC\u021aIEI"},"content":{"rendered":"","protected":false},"excerpt":{"rendered":"","protected":false},"featured_media":2014313,"template":"","meta":{"neve_meta_sidebar":"","neve_meta_container":"","neve_meta_enable_content_width":"","neve_meta_content_width":0,"neve_meta_title_alignment":"","neve_meta_author_avatar":"","neve_post_elements_order":"","neve_meta_disable_header":"","neve_meta_disable_footer":"","neve_meta_disable_title":""},"product_cat":[17],"product_tag":[],"_links":{"self":[{"href":"https:\/\/romfilatelia.ro\/magazin\/wp-json\/wp\/v2\/product\/2014311"}],"collection":[{"href":"https:\/\/romfilatelia.ro\/magazin\/wp-json\/wp\/v2\/product"}],"about":[{"href":"https:\/\/romfilatelia.ro\/magazin\/wp-json\/wp\/v2\/types\/product"}],"wp:featuredmedia":[{"embeddable":true,"href":"https:\/\/romfilatelia.ro\/magazin\/wp-json\/wp\/v2\/media\/2014313"}],"wp:attachment":[{"href":"https:\/\/romfilatelia.ro\/magazin\/wp-json\/wp\/v2\/media?parent=2014311"}],"wp:term":[{"taxonomy":"product_cat","embeddable":true,"href":"https:\/\/romfilatelia.ro\/magazin\/wp-json\/wp\/v2\/product_cat?post=2014311"},{"taxonomy":"product_tag","embeddable":true,"href":"https:\/\/romfilatelia.ro\/magazin\/wp-json\/wp\/v2\/product_tag?post=2014311"}],"curies":[{"name":"wp","href":"https:\/\/api.w.org\/{rel}","templated":true}]}}