{"id":2013709,"date":"2016-07-28T13:27:43","date_gmt":"2016-07-28T11:27:43","guid":{"rendered":"http:\/\/romfilatelia.ro\/store\/?post_type=product&#038;p=2013709"},"modified":"2020-12-11T11:10:36","modified_gmt":"2020-12-11T09:10:36","slug":"set-4-valori-campionii-faunei-ilustrati-pe-primele-timbre-romanesti-ale-anului-2015","status":"publish","type":"product","link":"https:\/\/romfilatelia.ro\/magazin\/produs\/serie-valori\/set-4-valori-campionii-faunei-ilustrati-pe-primele-timbre-romanesti-ale-anului-2015\/","title":{"rendered":"Set 4 valori Campionii faunei ilustra\u0163i pe primele timbre rom\u00e2ne\u015fti ale anului 2015"},"content":{"rendered":"","protected":false},"excerpt":{"rendered":"","protected":false},"featured_media":2013710,"template":"","meta":{"neve_meta_sidebar":"","neve_meta_container":"","neve_meta_enable_content_width":"","neve_meta_content_width":0,"neve_meta_title_alignment":"","neve_meta_author_avatar":"","neve_post_elements_order":"","neve_meta_disable_header":"","neve_meta_disable_footer":"","neve_meta_disable_title":""},"product_cat":[145,17],"product_tag":[],"_links":{"self":[{"href":"https:\/\/romfilatelia.ro\/magazin\/wp-json\/wp\/v2\/product\/2013709"}],"collection":[{"href":"https:\/\/romfilatelia.ro\/magazin\/wp-json\/wp\/v2\/product"}],"about":[{"href":"https:\/\/romfilatelia.ro\/magazin\/wp-json\/wp\/v2\/types\/product"}],"wp:featuredmedia":[{"embeddable":true,"href":"https:\/\/romfilatelia.ro\/magazin\/wp-json\/wp\/v2\/media\/2013710"}],"wp:attachment":[{"href":"https:\/\/romfilatelia.ro\/magazin\/wp-json\/wp\/v2\/media?parent=2013709"}],"wp:term":[{"taxonomy":"product_cat","embeddable":true,"href":"https:\/\/romfilatelia.ro\/magazin\/wp-json\/wp\/v2\/product_cat?post=2013709"},{"taxonomy":"product_tag","embeddable":true,"href":"https:\/\/romfilatelia.ro\/magazin\/wp-json\/wp\/v2\/product_tag?post=2013709"}],"curies":[{"name":"wp","href":"https:\/\/api.w.org\/{rel}","templated":true}]}}