{"id":2013682,"date":"2016-07-28T12:38:39","date_gmt":"2016-07-28T10:38:39","guid":{"rendered":"http:\/\/romfilatelia.ro\/store\/?post_type=product&#038;p=2013682"},"modified":"2024-06-14T11:06:32","modified_gmt":"2024-06-14T09:06:32","slug":"album-filatelic-sfanta-manastire-putna-550-de-ani","status":"publish","type":"product","link":"https:\/\/romfilatelia.ro\/magazin\/produs\/albume\/album-filatelic-sfanta-manastire-putna-550-de-ani\/","title":{"rendered":"Album filatelic SF\u00c2NTA M\u0102N\u0102STIRE PUTNA, 550 DE ANI"},"content":{"rendered":"","protected":false},"excerpt":{"rendered":"","protected":false},"featured_media":2013683,"template":"","meta":{"neve_meta_sidebar":"","neve_meta_container":"","neve_meta_enable_content_width":"","neve_meta_content_width":0,"neve_meta_title_alignment":"","neve_meta_author_avatar":"","neve_post_elements_order":"","neve_meta_disable_header":"","neve_meta_disable_footer":"","neve_meta_disable_title":""},"product_cat":[7],"product_tag":[],"_links":{"self":[{"href":"https:\/\/romfilatelia.ro\/magazin\/wp-json\/wp\/v2\/product\/2013682"}],"collection":[{"href":"https:\/\/romfilatelia.ro\/magazin\/wp-json\/wp\/v2\/product"}],"about":[{"href":"https:\/\/romfilatelia.ro\/magazin\/wp-json\/wp\/v2\/types\/product"}],"wp:featuredmedia":[{"embeddable":true,"href":"https:\/\/romfilatelia.ro\/magazin\/wp-json\/wp\/v2\/media\/2013683"}],"wp:attachment":[{"href":"https:\/\/romfilatelia.ro\/magazin\/wp-json\/wp\/v2\/media?parent=2013682"}],"wp:term":[{"taxonomy":"product_cat","embeddable":true,"href":"https:\/\/romfilatelia.ro\/magazin\/wp-json\/wp\/v2\/product_cat?post=2013682"},{"taxonomy":"product_tag","embeddable":true,"href":"https:\/\/romfilatelia.ro\/magazin\/wp-json\/wp\/v2\/product_tag?post=2013682"}],"curies":[{"name":"wp","href":"https:\/\/api.w.org\/{rel}","templated":true}]}}