{"id":2013591,"date":"2016-07-26T01:50:33","date_gmt":"2016-07-25T23:50:33","guid":{"rendered":"http:\/\/romfilatelia.ro\/store\/?post_type=product&#038;p=2013591"},"modified":"2022-11-24T14:17:17","modified_gmt":"2022-11-24T12:17:17","slug":"minicoala-anotimpuri-la-muzeul-satului-80-de-ani-de-la-infiintarea-muzeului-national-al-satului-dimitrie-gusti","status":"publish","type":"product","link":"https:\/\/romfilatelia.ro\/magazin\/produs\/bloc-timbre\/minicoala-anotimpuri-la-muzeul-satului-80-de-ani-de-la-infiintarea-muzeului-national-al-satului-dimitrie-gusti\/","title":{"rendered":"Bloc 4 timbre Anotimpuri la Muzeul Satului (80 de ani de la \u00eenfiin\u0163area Muzeului Na\u0163ional al Satului \u201eDimitrie Gusti\u201d)"},"content":{"rendered":"","protected":false},"excerpt":{"rendered":"","protected":false},"featured_media":2013592,"template":"","meta":{"neve_meta_sidebar":"","neve_meta_container":"","neve_meta_enable_content_width":"","neve_meta_content_width":0,"neve_meta_title_alignment":"","neve_meta_author_avatar":"","neve_post_elements_order":"","neve_meta_disable_header":"","neve_meta_disable_footer":"","neve_meta_disable_title":""},"product_cat":[20],"product_tag":[],"_links":{"self":[{"href":"https:\/\/romfilatelia.ro\/magazin\/wp-json\/wp\/v2\/product\/2013591"}],"collection":[{"href":"https:\/\/romfilatelia.ro\/magazin\/wp-json\/wp\/v2\/product"}],"about":[{"href":"https:\/\/romfilatelia.ro\/magazin\/wp-json\/wp\/v2\/types\/product"}],"wp:featuredmedia":[{"embeddable":true,"href":"https:\/\/romfilatelia.ro\/magazin\/wp-json\/wp\/v2\/media\/2013592"}],"wp:attachment":[{"href":"https:\/\/romfilatelia.ro\/magazin\/wp-json\/wp\/v2\/media?parent=2013591"}],"wp:term":[{"taxonomy":"product_cat","embeddable":true,"href":"https:\/\/romfilatelia.ro\/magazin\/wp-json\/wp\/v2\/product_cat?post=2013591"},{"taxonomy":"product_tag","embeddable":true,"href":"https:\/\/romfilatelia.ro\/magazin\/wp-json\/wp\/v2\/product_tag?post=2013591"}],"curies":[{"name":"wp","href":"https:\/\/api.w.org\/{rel}","templated":true}]}}