{"id":2013105,"date":"2016-07-25T13:58:39","date_gmt":"2016-07-25T13:58:39","guid":{"rendered":"http:\/\/romfilatelia.ro\/store\/?post_type=product&#038;p=2013105"},"modified":"2017-05-29T15:38:27","modified_gmt":"2017-05-29T13:38:27","slug":"150-de-ani-de-la-fondarea-dinastiei-regale-romane","status":"publish","type":"product","link":"https:\/\/romfilatelia.ro\/magazin\/produs\/colectii-anuale\/2016\/150-de-ani-de-la-fondarea-dinastiei-regale-romane\/","title":{"rendered":"150 DE ANI DE LA FONDAREA DINASTIEI REGALE ROM\u00c2NE"},"content":{"rendered":"<p>&nbsp;<\/p>\n<p>Anul 2016 reprezint\u0103 un an aniversar pentru Dinastia Regal\u0103 Rom\u00e2n\u0103, nu doar prin \u00eemplinirea a 150 de ani de la fondarea acesteia, ci \u0219i prin aniversarea unor alte evenimente care au marcat cursul istoriei regale a Rom\u00e2niei, respectiv un secol de la intrarea Rom\u00e2niei \u00een Primul R\u0103zboi Mondial, 95 de ani de la na\u0219terea Majest\u0103\u021bii Sale Regelui Mihai I, dar \u0219i 20 de ani de la c\u0103s\u0103toria Alte\u021bei Sale Regale Margareta, Custodele Coroanei Rom\u00e2ne cu Alte\u021ba Sa Regal\u0103 Principele Radu al Rom\u00e2niei.<\/p>\n<p>\u00cen acest context, <strong>Romfilatelia<\/strong> se al\u0103tur\u0103 anivers\u0103rilor regale, printr-o emisiune cu tematica <strong><em>150 DE ANI DE LA FONDAREA DINASTIEI REGALE ROM\u00c2NE<\/em><\/strong>, care ilustreaz\u0103 simbolurile \u0219i primele trei genera\u021bii ale Familiei Regale a Rom\u00e2niei.<\/p>\n<p>Astfel, marca po\u0219tal\u0103 cu valoarea de <strong>4,50 lei<\/strong> prezint\u0103 un detaliu al Colanului Ordinului Carol I. Ordinul Carol I a fost fondat la 10 mai 1906, cu ocazia jubileului de 40 de ani de domnie ai Regelui Carol I, fiind cea mai \u00eenalt\u0103 decora\u021bie a Rom\u00e2niei de la fondare \u0219i p\u00e2n\u0103 \u00een anul 1947. El a fost re\u00eenfiin\u021bat de c\u0103tre Regele Mihai I \u00een anul 2005 ca ordin dinastic. Pe parcursul existen\u021bei sale, el a fost acordat celor mai mari personalit\u0103\u021bi, care au contribuit semnificativ la dezvoltarea Rom\u00e2niei moderne. Printre persoanele decorate cu Colanul Ordinului se num\u0103r\u0103 Gheorghe G. Cantacuzino, Dimitrie Sturdza, Petre P. Carp, Titu Maiorescu, Ion I. C. Br\u0103tianu, Mihail Pherekyde, dar \u0219i majoritatea suveranilor care \u00een perioada 1878-1881 au avut un rol esen\u021bial \u00een recunoa\u0219terea suveranit\u0103\u021bii na\u021bionale a Rom\u00e2niei \u0219i a ridic\u0103rii sale la rang de Regat. Motto-ul Ordinului este \u201ePrin statornicie la izb\u00e2nd\u0103\u201d, iar pe reversul s\u0103u sunt rememora\u021bi anii 1866 \u0219i 1906. Lan\u021bul Colanului este compus din medalioane alternante, reprezent\u00e2nd stemele provinciilor Vechiului Regat (Valahia, Moldova, Oltenia \u0219i Dobrogea), \u0219i respectiv scutul cvartelat al dinastiei. Medalioanele sunt legate prin cifrul Regelui Carol I, decorat cu email ro\u0219u.<\/p>\n<p>Marca po\u0219tal\u0103 cu valoarea de <strong>16,00 lei<\/strong> prezint\u0103 un detaliu din Sceptrul Regelui Ferdinand I. Sceptrul a fost creat \u00een 1920, prin subscrip\u021bie public\u0103, fiind dedicat \u201eRegelui Ferdinand I, regele tuturor rom\u00e2nilor, d\u00e2ndu-i-se acest buzdugan de c\u0103tre poporul s\u0103u ca r\u0103splat\u0103 pentru vrednicia \u0219i buna conducere a \u021b\u0103rii \u00een anii 1916-1919\u201d. \u00cen partea sa superioar\u0103 sunt reproduce patru statuete de \u021b\u0103r\u0103nci \u00een costume na\u021bionale, reprezent\u00e2nd Vechiul Regat, Transilvania, Basarabia \u0219i Bucovina, iar \u00een v\u00e2rful s\u0103u se afl\u0103 capul acvilei cruciate. Sceptrul este realizat din aur \u00eempodobit cu pietre pre\u021bioase.<\/p>\n<p>Timbrul coli\u021bei emisiunii, cu valoarea de <strong>8,00 lei<\/strong>, reprezint\u0103 primele trei genera\u021bii ale Familiei Regale a Rom\u00e2niei. De la st\u00e2nga la dreapta, se disting Principele Mo\u0219tenitor Ferdinand, Principesa Elisabeta a Rom\u00e2niei (ulterior Regin\u0103 a Greciei), Regina Elisabeta a Rom\u00e2niei, Principele Carol, Principesa Maria a Rom\u00e2niei (ulterior Regin\u0103 a Iugoslaviei), Principele Nicolae al Rom\u00e2niei, Principesa Maria (ulterior Regina Maria a Rom\u00e2niei) \u0219i Regele Carol I. Aceast\u0103 fotografie, realizat\u0103 \u00een momentul c\u00e2nd Criza Dinastic\u0103 (provocat\u0103 de decesul singurului copil al Regelui Carol I) fusese rezolvat\u0103, \u00eenf\u0103\u021bi\u0219eaz\u0103 nu doar trei genera\u021bii ale Familiei Regale, cu un profund impact istoric asupra Rom\u00e2niei, ci \u0219i, prin Principesele Regale, leg\u0103turile Familiei Regale a Rom\u00e2niei cu dinastiile Europei.<\/p>\n<p>Pe man\u0219eta coli\u021bei se afl\u0103 portretul Regelui Carol I, \u00een uniform\u0103 \u0219i cu decora\u021bii, precum \u0219i Coroana de o\u021bel a Regelui Carol I, \u00eenso\u021bit\u0103 de motto-ul Casei Regale: <em>Nihil Sine Deo<\/em>.<\/p>\n<p>&nbsp;<\/p>\n<p><strong><em>Romfilatelia mul\u021bume\u0219te Casei Regale a Rom\u00e2niei pentru sprijinul documentar acordat \u00een realizarea acestei emisiuni de m\u0103rci po\u0219tale. <\/em><\/strong><\/p>\n<p><a href=\"https:\/\/romfilatelia.ro\/magazin\/wp-content\/uploads\/2016\/05\/Regalitate_150-ani_box.jpg\" rel=\"attachment wp-att-2012650\"><img decoding=\"async\" loading=\"lazy\" class=\"aligncenter wp-image-2012650 size-full\" src=\"https:\/\/romfilatelia.ro\/magazin\/wp-content\/uploads\/2016\/05\/Regalitate_150-ani_box.jpg\" sizes=\"(max-width: 750px) 100vw, 750px\" srcset=\"https:\/\/romfilatelia.ro\/magazin\/wp-content\/uploads\/2016\/05\/Regalitate_150-ani_box.jpg 750w, https:\/\/romfilatelia.ro\/magazin\/wp-content\/uploads\/2016\/05\/Regalitate_150-ani_box-300x228.jpg 300w\" alt=\"Regalitate_150 ani_box\" width=\"750\" height=\"569\" \/><\/a><\/p>\n<p>&nbsp;<\/p>\n","protected":false},"excerpt":{"rendered":"<p>&nbsp; Anul 2016 reprezint\u0103 un an aniversar pentru Dinastia Regal\u0103 Rom\u00e2n\u0103, nu doar prin \u00eemplinirea a 150 de ani de la fondarea acesteia, ci \u0219i prin aniversarea unor alte evenimente care au marcat cursul istoriei regale a Rom\u00e2niei, respectiv un secol de la intrarea Rom\u00e2niei \u00een Primul R\u0103zboi Mondial, 95 de ani de la na\u0219terea&hellip;&nbsp;<a href=\"https:\/\/romfilatelia.ro\/magazin\/produs\/colectii-anuale\/2016\/150-de-ani-de-la-fondarea-dinastiei-regale-romane\/\" class=\"\" rel=\"bookmark\">Cite\u0219te mai mult &raquo;<span class=\"screen-reader-text\">150 DE ANI DE LA FONDAREA DINASTIEI REGALE ROM\u00c2NE<\/span><\/a><\/p>\n","protected":false},"featured_media":2012649,"template":"","meta":{"neve_meta_sidebar":"","neve_meta_container":"","neve_meta_enable_content_width":"","neve_meta_content_width":0,"neve_meta_title_alignment":"","neve_meta_author_avatar":"","neve_post_elements_order":"","neve_meta_disable_header":"","neve_meta_disable_footer":"","neve_meta_disable_title":""},"product_cat":[102,6],"product_tag":[],"_links":{"self":[{"href":"https:\/\/romfilatelia.ro\/magazin\/wp-json\/wp\/v2\/product\/2013105"}],"collection":[{"href":"https:\/\/romfilatelia.ro\/magazin\/wp-json\/wp\/v2\/product"}],"about":[{"href":"https:\/\/romfilatelia.ro\/magazin\/wp-json\/wp\/v2\/types\/product"}],"wp:featuredmedia":[{"embeddable":true,"href":"https:\/\/romfilatelia.ro\/magazin\/wp-json\/wp\/v2\/media\/2012649"}],"wp:attachment":[{"href":"https:\/\/romfilatelia.ro\/magazin\/wp-json\/wp\/v2\/media?parent=2013105"}],"wp:term":[{"taxonomy":"product_cat","embeddable":true,"href":"https:\/\/romfilatelia.ro\/magazin\/wp-json\/wp\/v2\/product_cat?post=2013105"},{"taxonomy":"product_tag","embeddable":true,"href":"https:\/\/romfilatelia.ro\/magazin\/wp-json\/wp\/v2\/product_tag?post=2013105"}],"curies":[{"name":"wp","href":"https:\/\/api.w.org\/{rel}","templated":true}]}}