{"id":2013058,"date":"2016-07-27T03:12:13","date_gmt":"2016-07-27T03:12:13","guid":{"rendered":"http:\/\/romfilatelia.ro\/?p=2013058"},"modified":"2016-09-29T17:51:59","modified_gmt":"2016-09-29T17:51:59","slug":"ziua-marcii-postale-romanesti-sibiu-825-de-ani-de-atestare-documentara","status":"publish","type":"product","link":"https:\/\/romfilatelia.ro\/magazin\/produs\/colectii-anuale\/2016\/ziua-marcii-postale-romanesti-sibiu-825-de-ani-de-atestare-documentara\/","title":{"rendered":"ZIUA M\u0102RCII PO\u015eTALE ROM\u00c2NE\u015eTI: SIBIU, 825 DE ANI DE ATESTARE DOCUMENTAR\u0102"},"content":{"rendered":"<p>La data de 15 iulie a.c., cu ocazia Zilei M\u0103rcii Po\u015ftale Rom\u00e2ne\u015fti, Romfilatelia pune \u00een circula\u0163ie o emisiune de m\u0103rci po\u015ftale cu tematic\u0103 istoric\u0103 intitulat\u0103 SIBIU, 825 DE ANI DE ATESTARE DOCUMENTAR\u0102.<br \/>\nPrima atestare documentar\u0103 a ora\u015fului Sibiu dateaz\u0103 din anul 1191, \u00eentr-un document emis de Papa Celestin al III-lea \u00een data de 20 decembrie. \u00cen aceast\u0103 etap\u0103 timpurie a a\u015fez\u0103rii coloni\u015ftilor sa\u015fi \u00een zon\u0103, ace\u015ftia au adus cu ei obiceiurile \u015fi cuno\u015ftin\u0163ele lor despre me\u015fte\u015fuguri mult avansate, fa\u0163\u0103 de ce se \u00eent\u00e2lnea la acel moment \u00een Transilvania.<br \/>\nOrganizarea lor s-a f\u0103cut \u00een bresle, iar primul lor regulament de func\u0163ionare dateaz\u0103 din 1376 \u015fi men\u0163ioneaz\u0103 nu mai pu\u0163in de 19 bresle, cu 25 de bran\u015fe me\u015fte\u015fug\u0103re\u015fti. \u00cen compara\u0163ie, \u00een aceea\u015fi perioad\u0103 \u00een Germania, la Ulm existau 17 bresle, iar la Augsburg 15. Num\u0103rul lor a crescut ulterior, precum \u015fi importan\u0163a pe care acestea au jucat-o \u00een via\u0163a politic\u0103 a ora\u015fului.<\/p>\n<p>Breslele aveau \u015fi sarcina ap\u0103r\u0103rii ora\u015fului, ele supraveghind turnurile \u015fi bastioanele. Cele patru por\u0163i de intrare erau date \u00een sarcina celor patru bresle, cu cei mai mul\u0163i membri: croitorii (Poarta Turnului), cizmarii (Poarta Ocnei), m\u0103celarii (Poarta Cisn\u0103diei) \u015fi pielarii (Poarta Elisabeta).<br \/>\nBog\u0103\u0163iile ora\u015fului au atras atacuri otomane asupra Sibiului. Dup\u0103 marea invazie t\u0103tar\u0103, ora\u015ful a fost reconstruit cu aten\u0163ie sporit\u0103 pentru fortifica\u0163ii, cetatea devenind una din cele mai puternice din zon\u0103.<br \/>\nSecolul al XV-lea aduce numeroase \u00eencerc\u0103ri de cucerire a ora\u015fului. Sultanul Murad al II-lea a supus cetatea unui asediu de opt zile, f\u0103r\u0103 s\u0103 reu\u015feasc\u0103 s\u0103 o cucereasc\u0103.<br \/>\nDe asemenea, Mezid Bey \u00eencearc\u0103 s\u0103 cucereasc\u0103 Sibiul, dar intervine Iancu de Hunedoara \u015fi cu ajutorul ap\u0103r\u0103torilor cet\u0103\u0163ii \u00eei zdrobe\u015fte pe turci. Tot atunci, sibienii decid s\u0103 extind\u0103 fortifica\u0163iile \u015fi asupra Ora\u015fului de Jos.<br \/>\nLa \u00eenceput de secol XVI, Sibiul se prezenta ca o cetate prosper\u0103, \u00een plin\u0103 dezvoltare. Num\u0103rul de bresle trecuse de 30, iar armurierii, artificierii, tipografii \u015fi orfevrierii duseser\u0103 faima Sibiului departe, peste hotare.<br \/>\nGiovan Andrea Gromo din Bergamo, mercenar \u00een slujba principelui Transilvaniei Ioan Sigismund Z\u00e1polya, descria \u00een 1567 Sibiul drept un \u201eora\u015f mare str\u0103lucit, puternic \u015fi \u00eenzestrat din bel\u015fug cu toate cele trebuitoare unui trai vrednic or\u0103\u015fenesc. (&#8230;) \u00cenl\u0103untrul ora\u015fului casele sunt de piatr\u0103, \u00eenc\u0103p\u0103toare, frumoase \u015fi bune de locuit, f\u0103r\u0103 a fi palate. P\u00e2r\u00e2ie de ap\u0103 curg\u0103toare str\u0103bat str\u0103zile largi \u015fi drepte, curate \u015fi \u00eengrijite. Sunt patru por\u0163i principale, c\u00e2te una spre fiecare din cele patru puncte cardinale. Vinul \u015fi p\u00e2inea sunt foarte bune, mai bune dec\u00e2t \u00een orice parte a \u0163\u0103rii. Aici se bat ne\u00eentrerupt monede de aur \u015fi argint.\u201d<br \/>\nTimbrele emisiunii reproduc imaginea unui tablou av\u00e2ndu-l ca autor pe Franz Neuhauser cel T\u00e2n\u0103r, Vedere general\u0103 a ora\u015fului Sibiu la 1808, aflat \u00een patrimoniul Muzeului Na\u0163ional Brukenthal. \u00cen grafica celor 2 timbre este inclus\u0103 stema actual\u0103 a ora\u015fului, pus\u0103 la dispozi\u0163ie de Prim\u0103ria Municipiului Sibiu. Pe man\u015feta blocului emisiunii prezentat \u00eentr-un album filatelic, sunt reproduse detalii dintr-un document de la Direc\u0163ia Jude\u0163ean\u0103 Sibiu a Arhivelor Na\u0163ionale, un certificat eliberat de breasla t\u00e2mplarilor din Sibiu, datat 1798 \u015fi pe care figureaz\u0103 o panoram\u0103 a ora\u015fului din acea perioad\u0103.<\/p>\n<p>Romfilatelia mul\u0163ume\u015fte Prim\u0103riei Municipiului Sibiu, Direc\u0163iei Jude\u0163ene Sibiu a Arhivelor Na\u0163ionale \u015fi Muzeului Na\u0163ional Brukenthal pentru sprijinul documentar acordat \u00een realizarea acestei emisiuni de m\u0103rci po\u015ftale.<\/p>\n","protected":false},"excerpt":{"rendered":"<p>La data de 15 iulie a.c., cu ocazia Zilei M\u0103rcii Po\u015ftale Rom\u00e2ne\u015fti, Romfilatelia pune \u00een circula\u0163ie o emisiune de m\u0103rci po\u015ftale cu tematic\u0103 istoric\u0103 intitulat\u0103 SIBIU, 825 DE ANI DE ATESTARE DOCUMENTAR\u0102. Prima atestare documentar\u0103 a ora\u015fului Sibiu dateaz\u0103 din anul 1191, \u00eentr-un document emis de Papa Celestin al III-lea \u00een data de 20 decembrie.&hellip;&nbsp;<a href=\"https:\/\/romfilatelia.ro\/magazin\/produs\/colectii-anuale\/2016\/ziua-marcii-postale-romanesti-sibiu-825-de-ani-de-atestare-documentara\/\" class=\"\" rel=\"bookmark\">Cite\u0219te mai mult &raquo;<span class=\"screen-reader-text\">ZIUA M\u0102RCII PO\u015eTALE ROM\u00c2NE\u015eTI: SIBIU, 825 DE ANI DE ATESTARE DOCUMENTAR\u0102<\/span><\/a><\/p>\n","protected":false},"featured_media":2013687,"template":"","meta":{"neve_meta_sidebar":"","neve_meta_container":"","neve_meta_enable_content_width":"","neve_meta_content_width":0,"neve_meta_title_alignment":"","neve_meta_author_avatar":"","neve_post_elements_order":"","neve_meta_disable_header":"","neve_meta_disable_footer":"","neve_meta_disable_title":""},"product_cat":[102,6],"product_tag":[],"_links":{"self":[{"href":"https:\/\/romfilatelia.ro\/magazin\/wp-json\/wp\/v2\/product\/2013058"}],"collection":[{"href":"https:\/\/romfilatelia.ro\/magazin\/wp-json\/wp\/v2\/product"}],"about":[{"href":"https:\/\/romfilatelia.ro\/magazin\/wp-json\/wp\/v2\/types\/product"}],"wp:featuredmedia":[{"embeddable":true,"href":"https:\/\/romfilatelia.ro\/magazin\/wp-json\/wp\/v2\/media\/2013687"}],"wp:attachment":[{"href":"https:\/\/romfilatelia.ro\/magazin\/wp-json\/wp\/v2\/media?parent=2013058"}],"wp:term":[{"taxonomy":"product_cat","embeddable":true,"href":"https:\/\/romfilatelia.ro\/magazin\/wp-json\/wp\/v2\/product_cat?post=2013058"},{"taxonomy":"product_tag","embeddable":true,"href":"https:\/\/romfilatelia.ro\/magazin\/wp-json\/wp\/v2\/product_tag?post=2013058"}],"curies":[{"name":"wp","href":"https:\/\/api.w.org\/{rel}","templated":true}]}}