{"id":2012982,"date":"2016-07-27T02:02:34","date_gmt":"2016-07-27T02:02:34","guid":{"rendered":"http:\/\/romfilatelia.ro\/?p=2012982"},"modified":"2016-07-28T10:31:57","modified_gmt":"2016-07-28T10:31:57","slug":"sfanta-manastire-putna-550-de-ani","status":"publish","type":"product","link":"https:\/\/romfilatelia.ro\/magazin\/produs\/colectii-anuale\/2016\/sfanta-manastire-putna-550-de-ani\/","title":{"rendered":"SF\u00c2NTA M\u0102N\u0102STIRE PUTNA, 550 DE ANI"},"content":{"rendered":"<p><a href=\"https:\/\/romfilatelia.ro\/magazin\/wp-content\/uploads\/2016\/07\/550_PUTNA_emisiune.jpg\"><img decoding=\"async\" loading=\"lazy\" class=\"size-medium wp-image-2012983 alignleft\" src=\"https:\/\/romfilatelia.ro\/magazin\/wp-content\/uploads\/2016\/07\/550_PUTNA_emisiune-300x278.jpg\" alt=\"Print\" width=\"300\" height=\"278\" \/><\/a>M\u0103n\u0103stirea Putna este prima \u015fi cea mai important\u0103 ctitorie a Sf\u00e2ntului Voievod \u015etefan cel Mare (1457 &#8211; 1504) \u015fi str\u0103juie\u015fte, de peste cinci veacuri, \u0163inutul legendar al Bucovinei.<br \/>\nLa data de 10 iulie 1466, s-a pus piatra de temelie a m\u0103n\u0103stirii, pe o veche vatr\u0103 sih\u0103streasc\u0103, \u00een locul unde Dumnezeu a purtat s\u0103geata din arcul voievodului care a tras de pe Dealul Crucii.<br \/>\n\u201e\u015etefan-Vod\u0103 cel Bun, c\u00e2nd s-au apucat s\u0103 fac\u0103 M\u0103n\u0103stirea Putna, au tras cu arcul dintr-un v\u00e2rfu de munte ce este l\u00e2ng\u0103 m\u0103n\u0103stire. \u015ei unde au agiunsu s\u0103geata, acolo au f\u0103cut prestolul \u00een oltariul.\u201d (Cronicarul Ion Neculce)<br \/>\nBiserica M\u0103n\u0103stirii Putna, cu hramul \u201eAdormirea Maicii Domnului\u201d, va fi terminat\u0103 \u00een trei ani \u015fi va fi sfin\u0163it\u0103 \u00een 3 septembrie 1469. M\u0103n\u0103stirea a avut de la \u00eenceput destina\u0163ia de necropol\u0103 a familiei voievodului. Ea a fost \u00eenzestrat\u0103 de ctitor cu numeroase propriet\u0103\u0163i \u015fi odoare, menite s\u0103-i asigure existen\u0163a \u015fi \u00eendeplinirea scopului ei duhovnicesc: ve\u015fminte \u015fi obiecte liturgice, c\u0103r\u0163i de slujb\u0103 frumos \u00eempodobite, icoane, clopote \u015fi cl\u0103diri trainice.<br \/>\nSunt celebre scriptoriul, atelierul de broderie, atelierul de ceramic\u0103 \u015fi \u015fcoala de muzic\u0103, care au existat aici \u00een perioada \u015ftefanian\u0103. Dup\u0103 trecerea la cele ve\u015fnice a Sf\u00e2ntului \u015etefan cel Mare, \u00een 2 iulie 1504, morm\u00e2ntul s\u0103u de la Putna a devenit un loc de \u00eenchinare al tuturor rom\u00e2nilor. \u00cen 1992, a fost canonizat, iar \u00een 2010 m\u0103n\u0103stirea a primit s\u0103rb\u0103torirea ctitorului sf\u00e2nt, pr\u0103znuit pe 2 iulie, ca al doilea hram.<br \/>\nDe\u015fi, de-a lungul vremii, domnii care au urmat pe tronul Moldovei au sprijinit \u015fi ei m\u0103n\u0103stirea, \u00een secolul al XVIII-lea, ea a ajuns \u00eentr-o stare grav\u0103. De aceea, ansamblul monahal a trecut printr-o important\u0103 refacere, ini\u0163iat\u0103 \u015fi sus\u0163inut\u0103 de Sf\u00e2ntul Mitropolit Iacob Putneanul (1719 &#8211; 1778), care a devenit astfel al doilea mare ctitor al a\u015fez\u0103m\u00e2ntului, ajuns acum la a doua \u00eenflorire. Intrat la numai 12 ani \u00een M\u0103n\u0103stirea Putna, acesta va deveni un ierarh ne\u00eenfricat \u00een ap\u0103rarea p\u0103stori\u0163ilor s\u0103i, suflet deosebit de milostiv, c\u0103rturar \u015fi pedagog de voca\u0163ie. El a tip\u0103rit \u00een 1755 primul abecedar din Moldova. A fost canonizat \u00een \u015fedin\u0163a Sf\u00e2ntului Sinod al Bisericii Ortodoxe Rom\u00e2ne din 6-7 iunie 2016, cu zi de pr\u0103znuire 15 mai, data trecerii la cele ve\u015fnice.<br \/>\nAst\u0103zi, biserica M\u0103n\u0103stirii Putna ad\u0103poste\u015fte trei morminte voievodale: \u015etefan cel Mare, fiul, Bogdan al III-lea \u015fi nepotul s\u0103u, \u015etefan cel T\u00e2n\u0103r &#8211; \u015etef\u0103ni\u0163\u0103 Vod\u0103. Pe l\u00e2ng\u0103 acestea, \u00een interiorul necropolei \u00ee\u015fi mai dorm somnul de veci \u015fi al\u0163i membri ai familiei Sf\u00e2ntului \u015etefan. Morm\u00e2ntul celui de-al doilea mare ctitor, Sf\u00e2ntul Iacob Putneanul, este \u00een pridvorul bisericii, moa\u015ftele sale fiind scoase spre \u00eenchinare, \u00een urma canoniz\u0103rii sale.<br \/>\n\u00cen memoria sl\u0103vitului voievod, considerat de c\u0103tre Dimitrie Cantemir \u201edomn mai presus de orice laud\u0103\u201d, \u00een anul 1871, de hramul m\u0103n\u0103stirii, a avut loc Prima Serbare a Rom\u00e2nilor de Pretutindeni. La organizarea serb\u0103rii s-a remarcat \u00een mod deosebit poetul f\u0103r\u0103 seam\u0103n al neamului rom\u00e2nesc, Mihai Eminescu, care a sintetizat locul M\u0103n\u0103stirii Putna \u00een istoria, cultura \u015fi spiritualitatea rom\u00e2nilor, numind-o \u201eIerusalimul neamului rom\u00e2nesc\u201d, locul care ad\u0103poste\u015fte morm\u00e2ntul Sf\u00e2ntului \u015etefan fiind v\u0103zut ca un \u201ealtar al con\u015ftiin\u0163ei na\u0163ionale\u201d .<br \/>\nA\u015fa cum g\u00e2ndul fiec\u0103rui rom\u00e2n se \u00eendreapt\u0103 \u015fi spre Sf\u00e2ntul Voievod \u015etefan cel Mare c\u00e2nd este vorba despre demnitate na\u0163ional\u0103, niciunul dintre vizitatori nu p\u0103r\u0103se\u015fte M\u0103n\u0103stirea Putna f\u0103r\u0103 a trece pe la morm\u00e2ntul s\u0103u. Aici, o candel\u0103 de argint st\u0103 aprins\u0103 de veacuri, r\u0103sp\u00e2ndind lumina dragostei de Dumnezeu \u015fi a dragostei de \u0163ar\u0103.<br \/>\nTimbrele emisiunii ilustreaz\u0103 M\u0103n\u0103stirea Putna, f\u0103c\u00e2nd o trecere de la istorie la prezent. Timbrul cu valoarea nominal\u0103 de 3,00 lei prezint\u0103 imaginea unei gravuri acvaf\u00f3rte de Antoine Kaindl, 1927, al\u0103turi de o icoan\u0103 pictat\u0103 \u00een atelierele Putnei, \u00eenf\u0103\u0163i\u015f\u00e2ndu-l pe \u015etefan cel Mare, \u0163in\u00e2nd \u00een m\u00e2n\u0103 macheta m\u0103n\u0103stirii. Timbrul cu valoarea nominal\u0103 de 15,00 lei ne aduce \u00een aten\u0163ie o imagine actual\u0103 a m\u0103n\u0103stirii.<br \/>\nTimbrul coli\u0163ei emisiunii ilustreaz\u0103 Morm\u00e2ntul Sf\u00e2ntului \u015etefan cel Mare, al\u0103turi de imaginea unei acuarele din sec. XVIII a M\u0103n\u0103stirii Putna, care \u00eentrege\u015fte man\u015feta coli\u0163ei dantelate.<br \/>\nCu ocazia anivers\u0103rii anul acesta a 550 de ani de la punerea pietrei de temelie a Sfintei M\u0103n\u0103stiri Putna, Romfilatelia ofer\u0103 ca dar de pre\u0163 colec\u0163ionarilor \u015fi nu numai o emisiune de m\u0103rci po\u015ftale special\u0103, care poate fi considerat\u0103 metaforic un \u201ebilet\u201d la spectacolul istoriei \u015fi al celor care au f\u0103urit-o pentru noi, urma\u015fii\u2026<\/p>\n<p>Romfilatelia mul\u0163ume\u015fte Sfintei M\u0103n\u0103stiri Putna pentru sprijinul documentar acordat \u00een realizarea acestei emisiuni de m\u0103rci po\u015ftale.<br \/>\n<a href=\"https:\/\/romfilatelia.ro\/magazin\/wp-content\/uploads\/2016\/07\/550_PUTNA_caract.jpg\"><img decoding=\"async\" loading=\"lazy\" class=\"aligncenter wp-image-2012984 size-full\" src=\"https:\/\/romfilatelia.ro\/magazin\/wp-content\/uploads\/2016\/07\/550_PUTNA_caract.jpg\" alt=\"550_PUTNA_caract\" width=\"900\" height=\"735\" srcset=\"https:\/\/romfilatelia.ro\/magazin\/wp-content\/uploads\/2016\/07\/550_PUTNA_caract.jpg 900w, https:\/\/romfilatelia.ro\/magazin\/wp-content\/uploads\/2016\/07\/550_PUTNA_caract-500x408.jpg 500w, https:\/\/romfilatelia.ro\/magazin\/wp-content\/uploads\/2016\/07\/550_PUTNA_caract-64x52.jpg 64w, https:\/\/romfilatelia.ro\/magazin\/wp-content\/uploads\/2016\/07\/550_PUTNA_caract-300x245.jpg 300w, https:\/\/romfilatelia.ro\/magazin\/wp-content\/uploads\/2016\/07\/550_PUTNA_caract-768x627.jpg 768w\" sizes=\"(max-width: 900px) 100vw, 900px\" \/><\/a><\/p>\n","protected":false},"excerpt":{"rendered":"<p>M\u0103n\u0103stirea Putna este prima \u015fi cea mai important\u0103 ctitorie a Sf\u00e2ntului Voievod \u015etefan cel Mare (1457 &#8211; 1504) \u015fi str\u0103juie\u015fte, de peste cinci veacuri, \u0163inutul legendar al Bucovinei. La data de 10 iulie 1466, s-a pus piatra de temelie a m\u0103n\u0103stirii, pe o veche vatr\u0103 sih\u0103streasc\u0103, \u00een locul unde Dumnezeu a purtat s\u0103geata din arcul&hellip;&nbsp;<a href=\"https:\/\/romfilatelia.ro\/magazin\/produs\/colectii-anuale\/2016\/sfanta-manastire-putna-550-de-ani\/\" class=\"\" rel=\"bookmark\">Cite\u0219te mai mult &raquo;<span class=\"screen-reader-text\">SF\u00c2NTA M\u0102N\u0102STIRE PUTNA, 550 DE ANI<\/span><\/a><\/p>\n","protected":false},"featured_media":2012983,"template":"","meta":{"neve_meta_sidebar":"","neve_meta_container":"","neve_meta_enable_content_width":"","neve_meta_content_width":0,"neve_meta_title_alignment":"","neve_meta_author_avatar":"","neve_post_elements_order":"","neve_meta_disable_header":"","neve_meta_disable_footer":"","neve_meta_disable_title":""},"product_cat":[102,6],"product_tag":[],"_links":{"self":[{"href":"https:\/\/romfilatelia.ro\/magazin\/wp-json\/wp\/v2\/product\/2012982"}],"collection":[{"href":"https:\/\/romfilatelia.ro\/magazin\/wp-json\/wp\/v2\/product"}],"about":[{"href":"https:\/\/romfilatelia.ro\/magazin\/wp-json\/wp\/v2\/types\/product"}],"wp:featuredmedia":[{"embeddable":true,"href":"https:\/\/romfilatelia.ro\/magazin\/wp-json\/wp\/v2\/media\/2012983"}],"wp:attachment":[{"href":"https:\/\/romfilatelia.ro\/magazin\/wp-json\/wp\/v2\/media?parent=2012982"}],"wp:term":[{"taxonomy":"product_cat","embeddable":true,"href":"https:\/\/romfilatelia.ro\/magazin\/wp-json\/wp\/v2\/product_cat?post=2012982"},{"taxonomy":"product_tag","embeddable":true,"href":"https:\/\/romfilatelia.ro\/magazin\/wp-json\/wp\/v2\/product_tag?post=2012982"}],"curies":[{"name":"wp","href":"https:\/\/api.w.org\/{rel}","templated":true}]}}