{"id":2012766,"date":"2016-07-25T16:40:08","date_gmt":"2016-07-25T16:40:08","guid":{"rendered":"http:\/\/romfilatelia.ro\/?p=2012766"},"modified":"2016-07-25T23:59:17","modified_gmt":"2016-07-25T23:59:17","slug":"personajele-copilariei","status":"publish","type":"product","link":"https:\/\/romfilatelia.ro\/magazin\/produs\/colectii-anuale\/2016\/personajele-copilariei\/","title":{"rendered":"PERSONAJELE COPIL\u0102RIEI"},"content":{"rendered":"<p><a href=\"https:\/\/romfilatelia.ro\/magazin\/wp-content\/uploads\/2016\/05\/Personajele_copilariei_emisiune.jpg\"><img decoding=\"async\" loading=\"lazy\" class=\"size-medium wp-image-2012767 alignleft\" src=\"https:\/\/romfilatelia.ro\/magazin\/wp-content\/uploads\/2016\/05\/Personajele_copilariei_emisiune-243x300.jpg\" alt=\"Personajele_copilariei_emisiune\" width=\"243\" height=\"300\" \/><\/a><em>\u201eCopil\u0103ria nu dispare niciodat\u0103 din noi, ea constituie izvorul permanent din care decurg toate meandrele vie\u0163ii noastre.\u201d &#8211; <\/em>George C\u0103linescu<\/p>\n<p>Unele dintre cele mai \u00eendr\u0103gite genuri din literatura pentru copii sunt basmele \u015fi pove\u015ftile. Acestea, al\u0103turi de c\u00e2ntece \u015fi poezii, \u00eenso\u0163esc copiii \u00eenc\u0103 din primele zile de via\u0163\u0103 \u015fi creeaz\u0103 primul contact cu lumile imaginare. Basmele \u015fi pove\u015ftile sunt expresia unei \u00een\u0163elepciuni ad\u00e2nci, p\u0103strate cu grij\u0103 de-a lungul timpului, dar \u015fi lec\u0163ii simbolice despre existen\u0163a uman\u0103, despre c\u0103utarea \u015fi \u00eensu\u015firea virtu\u0163ilor. Caracterizate prin elemente fantastice, basmele sunt semnalate \u00eenc\u0103 din antichitate, fiind r\u0103sp\u00e2ndite \u00een numeroase variante la toate popoarele.<\/p>\n<p>Primele basme scrise au fost \u00een dialectul napolitan de Giambattista Basile, \u00een Italia, la \u00eenceputul secolului XVII. Unele basme, precum <em>Cenu\u015f\u0103reasa<\/em>, sunt cu adev\u0103rat universale, \u00eent\u00e2lnite peste tot \u00een lume \u00een toate limbile de la Zulu la Suedez\u0103, cu u\u015foare varia\u0163iuni: pantoful de sticl\u0103 poate fi de iarb\u0103, de exemplu, dar \u00een ele g\u0103sim dovada umanit\u0103\u0163ii noastre comune.<\/p>\n<p>Multe basme ofer\u0103 speran\u0163\u0103 &#8211; speran\u0163a c\u0103 binele poate \u00eenvinge r\u0103ul, c\u0103 inamicii pot fi \u00eenvin\u015fi. Scriitorul G.K Chesterton a exprimat cel mai bine acest aspect: <em>\u201eBasmele nu le spun copiilor c\u0103 dragonii exist\u0103. Copiii \u015ftiu deja c\u0103 dragonii exist\u0103. Basmele le spun copiilor c\u0103 dragonii pot fi \u00eenvin\u015fi.\u201d<\/em><\/p>\n<p>Nu exist\u0103 zone gri \u00een pove\u015fti, astfel copilul se poate identifica total cu eroul sau eroina, se poate zbate viteje\u015fte prin p\u0103durea deas\u0103 pentru a salva prin\u0163esa adormit\u0103 sau, prin bl\u00e2nde\u0163e \u015fi generozitate, \u00ee\u015fi poate c\u00e2\u015ftiga locul bine meritat la curtea regelui.<\/p>\n<p>Evocarea copil\u0103riei este o tem\u0103 predilect\u0103 \u00een scrierile pentru copii, aceasta d\u00e2nd na\u015ftere celor mai cunoscute capodopere din literatura rom\u00e2n\u0103, dar \u015fi din cea universal\u0103.<\/p>\n<p>De 1 iunie, <em>Ziua interna\u0163ional\u0103 a copilului<\/em>, <strong>Romfilatelia<\/strong> s\u0103rbatore\u015fte eroii copil\u0103riei, acele personaje de basm \u015fi pove\u015fti care ne-au \u00eenc\u00e2ntat \u015fi ne-au \u00eenv\u0103\u0163at s\u0103 fim curajo\u015fi, cinsti\u0163i, mode\u015fti, harnici, corec\u0163i, perseveren\u0163i, prieteni adev\u0103ra\u0163i \u015fi multe alte abilit\u0103\u0163i utile \u00een via\u0163a de adult. Emisiunea filatelic\u0103 <strong><em>PERSONAJELE COPIL\u0102RIEI<\/em><\/strong> aduce \u00een prim plan c\u00e2teva din personajele \u00eendr\u0103gite ale copil\u0103riei noastre: <em>F\u0103t Frumos \u015fi Ileana Cos\u00e2nzeana, Neghini\u0163\u0103, Domnul Goe<\/em> \u015fi eroii <em>Pungu\u0163ei cu doi bani<\/em>.<\/p>\n<p><strong><em>Pungu\u0163a cu doi bani<\/em><\/strong>, de Ion Creang\u0103, este o poveste \u00eendr\u0103git\u0103 a copil\u0103riei. \u00cenc\u0103rcat\u0103 cu arhetipuri, povestea pungu\u0163ei pune fa\u0163\u0103 \u00een fa\u0163\u0103 mo\u015ful cel bun \u015fi b\u0103bu\u0163a cea haps\u00e2n\u0103, coco\u015ful cel harnic \u015fi boierul cel zg\u00e2rcit, oferind copilului care o cite\u015fte o panoplie \u00eentreag\u0103 de personaje de la care s\u0103 deprind\u0103 semnifica\u0163ia binelui \u015fi r\u0103ului.<\/p>\n<p><strong><em>Neghini\u0163\u0103<\/em><\/strong>, personajul principal al povestirii cu acela\u015fi nume a lui Barbu \u015etef\u0103nescu Delavrancea \u015fi <strong><em>Domnul Goe<\/em><\/strong>, personajul lui I.L. Caragiale, sunt \u00eentruchip\u0103ri ale copilului bucluca\u015f \u015fi neascult\u0103tor.<\/p>\n<p><strong><em>F\u0103t Frumos<\/em><\/strong> este personajul principal masculin din basmele rom\u00e2ne\u015fti. El trebuie s\u0103 o salveze \u015fi s\u0103 o elibereze pe domni\u0163a <strong><em>Ileana Cos\u00e2nzeana<\/em><\/strong>, aleasa inimii lui. Pentru aceasta, <em>F\u0103t Frumos<\/em> trebuie s\u0103 dep\u0103\u015feasc\u0103 \u00eencerc\u0103ri \u015fi obstacole peste puterile unui om obi\u015fnuit. <em>Ileana Cos\u00e2nzeana<\/em>, cunoscut\u0103 \u015fi drept <em>Ileana Simziana<\/em> sau <em>Chira Chiralina<\/em>, este o idealizare a feminit\u0103\u0163ii, a\u015fa cum <em>F\u0103t Frumos<\/em> este idealul masculinit\u0103\u0163ii. Creat\u0103 ca pereche pentru <em>F\u0103t Frumos<\/em> \u015fi adesea motiv pentru care acesta este supus la grele \u00eencerc\u0103ri, <em>Ileana Cos\u00e2nzeana<\/em> este \u015fi protagonist\u0103 a propriilor ei pove\u015fti. De\u015fi cei doi se reg\u0103sesc la \u00eenceputurile folclorului rom\u00e2nesc, cele mai cunoscute aventuri ale lor sunt povestite de Petre Ispirescu.<\/p>\n<p>O carte citit\u0103 \u00een copil\u0103rie devine parte din identitateanoastr\u0103 \u00eentr-un mod \u00een care nicio alt\u0103 carte a maturit\u0103\u0163ii noastre nu-l poate egala.<\/p>\n<p><a href=\"https:\/\/romfilatelia.ro\/magazin\/wp-content\/uploads\/2016\/05\/Personajele_copilariei_box.jpg\"><img decoding=\"async\" loading=\"lazy\" class=\"aligncenter wp-image-2012768 size-full\" src=\"https:\/\/romfilatelia.ro\/magazin\/wp-content\/uploads\/2016\/05\/Personajele_copilariei_box.jpg\" alt=\"Personajele_copilariei_box\" width=\"750\" height=\"453\" srcset=\"https:\/\/romfilatelia.ro\/magazin\/wp-content\/uploads\/2016\/05\/Personajele_copilariei_box.jpg 750w, https:\/\/romfilatelia.ro\/magazin\/wp-content\/uploads\/2016\/05\/Personajele_copilariei_box-500x302.jpg 500w, https:\/\/romfilatelia.ro\/magazin\/wp-content\/uploads\/2016\/05\/Personajele_copilariei_box-64x39.jpg 64w, https:\/\/romfilatelia.ro\/magazin\/wp-content\/uploads\/2016\/05\/Personajele_copilariei_box-300x181.jpg 300w\" sizes=\"(max-width: 750px) 100vw, 750px\" \/><\/a><\/p>\n","protected":false},"excerpt":{"rendered":"<p>\u201eCopil\u0103ria nu dispare niciodat\u0103 din noi, ea constituie izvorul permanent din care decurg toate meandrele vie\u0163ii noastre.\u201d &#8211; George C\u0103linescu Unele dintre cele mai \u00eendr\u0103gite genuri din literatura pentru copii sunt basmele \u015fi pove\u015ftile. Acestea, al\u0103turi de c\u00e2ntece \u015fi poezii, \u00eenso\u0163esc copiii \u00eenc\u0103 din primele zile de via\u0163\u0103 \u015fi creeaz\u0103 primul contact cu lumile imaginare.&hellip;&nbsp;<a href=\"https:\/\/romfilatelia.ro\/magazin\/produs\/colectii-anuale\/2016\/personajele-copilariei\/\" class=\"\" rel=\"bookmark\">Cite\u0219te mai mult &raquo;<span class=\"screen-reader-text\">PERSONAJELE COPIL\u0102RIEI<\/span><\/a><\/p>\n","protected":false},"featured_media":2012767,"template":"","meta":{"neve_meta_sidebar":"","neve_meta_container":"","neve_meta_enable_content_width":"","neve_meta_content_width":0,"neve_meta_title_alignment":"","neve_meta_author_avatar":"","neve_post_elements_order":"","neve_meta_disable_header":"","neve_meta_disable_footer":"","neve_meta_disable_title":""},"product_cat":[102,6],"product_tag":[],"_links":{"self":[{"href":"https:\/\/romfilatelia.ro\/magazin\/wp-json\/wp\/v2\/product\/2012766"}],"collection":[{"href":"https:\/\/romfilatelia.ro\/magazin\/wp-json\/wp\/v2\/product"}],"about":[{"href":"https:\/\/romfilatelia.ro\/magazin\/wp-json\/wp\/v2\/types\/product"}],"wp:featuredmedia":[{"embeddable":true,"href":"https:\/\/romfilatelia.ro\/magazin\/wp-json\/wp\/v2\/media\/2012767"}],"wp:attachment":[{"href":"https:\/\/romfilatelia.ro\/magazin\/wp-json\/wp\/v2\/media?parent=2012766"}],"wp:term":[{"taxonomy":"product_cat","embeddable":true,"href":"https:\/\/romfilatelia.ro\/magazin\/wp-json\/wp\/v2\/product_cat?post=2012766"},{"taxonomy":"product_tag","embeddable":true,"href":"https:\/\/romfilatelia.ro\/magazin\/wp-json\/wp\/v2\/product_tag?post=2012766"}],"curies":[{"name":"wp","href":"https:\/\/api.w.org\/{rel}","templated":true}]}}