{"id":2012726,"date":"2016-07-25T15:16:54","date_gmt":"2016-07-25T15:16:54","guid":{"rendered":"http:\/\/romfilatelia.ro\/?p=2012726"},"modified":"2016-07-25T23:55:39","modified_gmt":"2016-07-25T23:55:39","slug":"expozitia-filatelica-mondiala-new-york-2016","status":"publish","type":"product","link":"https:\/\/romfilatelia.ro\/magazin\/produs\/colectii-anuale\/2016\/expozitia-filatelica-mondiala-new-york-2016\/","title":{"rendered":"EXPOZI\u0162IA FILATELIC\u0102 MONDIAL\u0102, NEW YORK 2016"},"content":{"rendered":"<p><a href=\"https:\/\/romfilatelia.ro\/magazin\/wp-content\/uploads\/2016\/05\/EXPO_NY_2016_colita.jpg\"><img decoding=\"async\" loading=\"lazy\" class=\"size-medium wp-image-2012727 alignleft\" src=\"https:\/\/romfilatelia.ro\/magazin\/wp-content\/uploads\/2016\/05\/EXPO_NY_2016_colita-300x222.jpg\" alt=\"EXPO_NY_2016_colita\" width=\"300\" height=\"222\" \/><\/a>\u00a0\u00a0\u00a0\u00a0\u00a0\u00a0\u00a0\u00a0\u00a0 Respect\u00e2nd tradi\u0163ia, ora\u015ful New York este \u015fi \u00een acest an gazda unei manifest\u0103ri de anvergur\u0103 mondial\u0103 din domeniul filateliei.<\/p>\n<p>\u00cen perioada 28 mai &#8211; 4 iunie 2016 \u00ee\u015fi deschide por\u0163ile Expozi\u0163ia Filatelic\u0103 Mondial\u0103 organizat\u0103 de Societatea Filatelic\u0103 American\u0103 (APS), care reune\u015fte, sub deviza <em>\u201eO plimbare \u00een jurul lumii\u201d<\/em>, peste 50 de administra\u0163ii po\u015ftale din \u00eentreaga lume, precum \u015fi mai mult de 200 dintre cei mai importan\u0163i \u015fi cunoscu\u0163i dealeri din domeniul filateliei mondiale. Al\u0103turi de ace\u015ftia particip\u0103 reprezentan\u0163i a peste 50 de cluburi \u015fi societ\u0103\u0163i filatelice din \u00eentreaga lume.<\/p>\n<p>Este a 11-a Expozi\u0163ie Mondial\u0103 Filatelic\u0103 organizat\u0103 la New York, prima fiind cea din anul 1913.<\/p>\n<p>Expozi\u0163ia se desf\u0103\u015foar\u0103 sub \u00eenaltul patronaj al Federa\u0163iei Interna\u0163ionale Filatelice (FIP) \u015fi al Federa\u0163iei Interamericane Filatelice (FIFA), fiind sprijinit\u0103 financiar de Societatea Filatelic\u0103 American\u0103 (APS), Administra\u0163ia Po\u015ftal\u0103 a Statelor Unite c\u00e2t \u015fi de Asocia\u0163ia American\u0103 a Dealerilor de Timbre (ASDA).<\/p>\n<p>Manifestarea filatelic\u0103 newyorkez\u0103 \u00ee\u015fi propune s\u0103 promoveze toate ideiele tematice \u015fi originalitatea produselor filatelice la nivel mondial, s\u0103 stimuleze schimburile filatelice interna\u0163ionale.<\/p>\n<p>Totodat\u0103, prin aceast\u0103 expozi\u0163ie, se promoveaz\u0103 valoarea educativ\u0103 \u015fi cultural\u0103 a filateliei al\u0103turi de pasiunea colec\u0163ion\u0103rii.<\/p>\n<p>Evenimentul filatelic american expune vizitatorilor colec\u0163ia privat\u0103 a lui John Lennon, membru al celebrei forma\u0163ii The Beatles. Colec\u0163ia etaleaz\u0103 pe foile de expunere 500 de m\u0103rci po\u015ftale, majoritatea americane \u015fi neo zeelandeze.<\/p>\n<p>\u00cen 2005 ele au fost expuse la Muzeul Smithsonian al Po\u015ftei Americane din Washinghton.<\/p>\n<p>Lennon \u015fi-a descoperit pasiunea pentru filatelie relativ t\u00e2rziu, \u00een 1950, c\u00e2nd a primit clasorul de la v\u0103rul s\u0103u, Stanley Parker.<\/p>\n<p>Coli\u0163a emisiunii marcheaz\u0103 participarea Rom\u00e2niei la aceast\u0103 Expozi\u0163ie \u015fi ilustreaz\u0103 \u00een timbru (prin tehnica <em>timbru \u00een timbru<\/em>) imaginea m\u0103rcii de <em>27 de parale<\/em> din seria <em>Cap de Bour<\/em>, emis\u0103 de Moldova \u00een anul 1858. Pe man\u015feta coli\u0163ei sunt ilustrate logoul Expozi\u0163iei, al\u0103turi de elemente de identitate na\u0163ional\u0103 (poarta maramure\u015fean\u0103).<\/p>\n<p><a href=\"https:\/\/romfilatelia.ro\/magazin\/wp-content\/uploads\/2016\/05\/EXPO_NY_2016_box.jpg\"><img decoding=\"async\" loading=\"lazy\" class=\"aligncenter wp-image-2012728 size-full\" src=\"https:\/\/romfilatelia.ro\/magazin\/wp-content\/uploads\/2016\/05\/EXPO_NY_2016_box.jpg\" alt=\"EXPO_NY_2016_box\" width=\"900\" height=\"649\" srcset=\"https:\/\/romfilatelia.ro\/magazin\/wp-content\/uploads\/2016\/05\/EXPO_NY_2016_box.jpg 900w, https:\/\/romfilatelia.ro\/magazin\/wp-content\/uploads\/2016\/05\/EXPO_NY_2016_box-500x361.jpg 500w, https:\/\/romfilatelia.ro\/magazin\/wp-content\/uploads\/2016\/05\/EXPO_NY_2016_box-64x46.jpg 64w, https:\/\/romfilatelia.ro\/magazin\/wp-content\/uploads\/2016\/05\/EXPO_NY_2016_box-300x216.jpg 300w, https:\/\/romfilatelia.ro\/magazin\/wp-content\/uploads\/2016\/05\/EXPO_NY_2016_box-768x554.jpg 768w\" sizes=\"(max-width: 900px) 100vw, 900px\" \/><\/a><\/p>\n","protected":false},"excerpt":{"rendered":"<p>\u00a0\u00a0\u00a0\u00a0\u00a0\u00a0\u00a0\u00a0\u00a0 Respect\u00e2nd tradi\u0163ia, ora\u015ful New York este \u015fi \u00een acest an gazda unei manifest\u0103ri de anvergur\u0103 mondial\u0103 din domeniul filateliei. \u00cen perioada 28 mai &#8211; 4 iunie 2016 \u00ee\u015fi deschide por\u0163ile Expozi\u0163ia Filatelic\u0103 Mondial\u0103 organizat\u0103 de Societatea Filatelic\u0103 American\u0103 (APS), care reune\u015fte, sub deviza \u201eO plimbare \u00een jurul lumii\u201d, peste 50 de administra\u0163ii po\u015ftale din&hellip;&nbsp;<a href=\"https:\/\/romfilatelia.ro\/magazin\/produs\/colectii-anuale\/2016\/expozitia-filatelica-mondiala-new-york-2016\/\" class=\"\" rel=\"bookmark\">Cite\u0219te mai mult &raquo;<span class=\"screen-reader-text\">EXPOZI\u0162IA FILATELIC\u0102 MONDIAL\u0102, NEW YORK 2016<\/span><\/a><\/p>\n","protected":false},"featured_media":2012727,"template":"","meta":{"neve_meta_sidebar":"","neve_meta_container":"","neve_meta_enable_content_width":"","neve_meta_content_width":0,"neve_meta_title_alignment":"","neve_meta_author_avatar":"","neve_post_elements_order":"","neve_meta_disable_header":"","neve_meta_disable_footer":"","neve_meta_disable_title":""},"product_cat":[102,6],"product_tag":[],"_links":{"self":[{"href":"https:\/\/romfilatelia.ro\/magazin\/wp-json\/wp\/v2\/product\/2012726"}],"collection":[{"href":"https:\/\/romfilatelia.ro\/magazin\/wp-json\/wp\/v2\/product"}],"about":[{"href":"https:\/\/romfilatelia.ro\/magazin\/wp-json\/wp\/v2\/types\/product"}],"wp:featuredmedia":[{"embeddable":true,"href":"https:\/\/romfilatelia.ro\/magazin\/wp-json\/wp\/v2\/media\/2012727"}],"wp:attachment":[{"href":"https:\/\/romfilatelia.ro\/magazin\/wp-json\/wp\/v2\/media?parent=2012726"}],"wp:term":[{"taxonomy":"product_cat","embeddable":true,"href":"https:\/\/romfilatelia.ro\/magazin\/wp-json\/wp\/v2\/product_cat?post=2012726"},{"taxonomy":"product_tag","embeddable":true,"href":"https:\/\/romfilatelia.ro\/magazin\/wp-json\/wp\/v2\/product_tag?post=2012726"}],"curies":[{"name":"wp","href":"https:\/\/api.w.org\/{rel}","templated":true}]}}