{"id":2012709,"date":"2016-07-25T14:45:39","date_gmt":"2016-07-25T14:45:39","guid":{"rendered":"http:\/\/romfilatelia.ro\/?p=2012709"},"modified":"2016-07-25T23:47:31","modified_gmt":"2016-07-25T23:47:31","slug":"anotimpuri-la-muzeul-satului-80-de-ani-de-la-infiintarea-muzeului-national-al-satului-dimitrie-gusti","status":"publish","type":"product","link":"https:\/\/romfilatelia.ro\/magazin\/produs\/colectii-anuale\/2016\/anotimpuri-la-muzeul-satului-80-de-ani-de-la-infiintarea-muzeului-national-al-satului-dimitrie-gusti\/","title":{"rendered":"Anotimpuri la Muzeul Satului   (80 de ani de la \u00eenfiin\u0163area Muzeului Na\u0163ional al Satului \u201eDimitrie Gusti\u201d)"},"content":{"rendered":"<p><a href=\"https:\/\/romfilatelia.ro\/magazin\/wp-content\/uploads\/2016\/05\/Anotimpuri_Muz_Sat_80_emis.jpg\" rel=\"attachment wp-att-2012711\"><img decoding=\"async\" loading=\"lazy\" class=\"size-medium wp-image-2012711 alignleft\" src=\"https:\/\/romfilatelia.ro\/magazin\/wp-content\/uploads\/2016\/05\/Anotimpuri_Muz_Sat_80_emis-300x270.jpg\" alt=\"Anotimpuri_Muz_Sat_80_emis\" width=\"300\" height=\"270\" \/><\/a>\u00a0\u00a0\u00a0\u00a0\u00a0\u00a0\u00a0\u00a0 Pe malul lacului Her\u0103str\u0103u, chiar \u00een mijlocul capitalei Rom\u00e2niei, vizitatorul de pretutindeni are bucuria de a \u00eent\u00e2lni un \u201esat\u201d adev\u0103rat, cu monumente \u015fi artefacte din sec. al XVII-lea, p\u00e2n\u0103 la \u00eenceputul sec. XX, unde construc\u0163ii reprezentative provenite din importante zone etnografice au prins o nou\u0103 via\u0163\u0103 la Muzeul Na\u0163ional al Satului \u201eDimitrie Gusti\u201d.<\/p>\n<p>Muzeul Satului a fost creat \u00een anul 1936 din ini\u0163iativa profesorului Dimitrie Gusti fiind unul dintre primele muzee etnografice din lume.<\/p>\n<p>Emisiunea de m\u0103rci po\u015ftale <strong><em>Anotimpuri la Muzeul Satului<\/em><\/strong>, pe care <strong>Romfilatelia<\/strong> o introduce \u00een circula\u0163ie, ilustreaz\u0103 imagini ale monumentelor \u00een fiecare anotimp.<\/p>\n<p>Pentru fiecare cas\u0103 s-a ales un anotimp \u015fi pentru fiecare anotimp o poveste.<\/p>\n<p>Romfilatelia v\u0103 invit\u0103 \u00eentr-o c\u0103l\u0103torie prin cele patru anotimpuri, \u00eenapoi \u00een timp, \u00een copil\u0103rie, pe uli\u0163ele satului, s\u0103 ne bucur\u0103m de verdele crud al prim\u0103verii, s\u0103 ne odihnim pe prispa casei \u00een toiul verii, toamna la culesul roadelor \u015fi iarna s\u0103 ie\u015fim la colindat pe uli\u0163ele satului.<\/p>\n<p>Timbrul cu valoarea nominal\u0103 de <strong>2,00 lei<\/strong> reproduce imaginea <strong><em>Bisericii \u201eSfin\u0163ii Voievozi\u201d<\/em><\/strong> din <em>satul R\u0103pciuni, comuna Hangu-jude\u0163ul Neam\u0163<\/em>, care a intrat \u00een colec\u0163ia Muzeului Na\u0163ional al Satului \u201eDimitrie Gusti\u201d \u00een anul 1958.<\/p>\n<p>Biserica a fost construit\u0103 \u00een anul 1773, \u00een vremea voievodului Grigore Ghica, dat\u0103 crestat\u0103 \u00een lemn cu caractere chirilice pe ancadramentul u\u015fii intr\u0103rii din pridvor \u015fi \u00een pronaos.<\/p>\n<p>Valoarea artistic\u0103 a bisericii este \u00eentregit\u0103 de ansamblul picturii murale, realizat \u00een dou\u0103 etape: pictura ini\u0163ial\u0103, mai simpl\u0103, \u015fi pictura de pe peretele nordic al pronaosului.<\/p>\n<p>Biserica este \u015fi locul unde erau consemnate toate \u00eent\u00e2mpl\u0103rile importante din via\u0163a satului. Interesante sunt inscrip\u0163iile cu litere chirilice din pridvor care amintesc de ierni bogate \u00een precipita\u0163ii \u015fi veri secetoase, ori de evenimente mai pu\u0163in obi\u015fnuite cum a fost, de pild\u0103, venirea l\u0103custelor \u00een anul 1847.<\/p>\n<p>Timbrul cu valoarea nominal\u0103 de <strong>2,40 lei<\/strong> reproduce imaginea <strong><em>Gospod\u0103riei Jurilovca<\/em><\/strong> din <em>jude\u0163ul Tulcea, 1898<\/em>.<\/p>\n<p>Ansamblul gospod\u0103riei Jurilovca are specific lipovenesc, locuitorii acestei zone av\u00e2nd ca ocupa\u0163ii principale pescuitul \u015fi viticultura.<\/p>\n<p>Casa, cu toate anexele gospod\u0103re\u015fti a fost adus\u0103 \u00een muzeu \u00een anul 1963 din comuna Jurilovca, localitate situat\u0103 pe malul lacului Razim.<\/p>\n<p>Interioarele \u00eenc\u0103perilor se caracterizeaz\u0103 prin aceea\u015fi policromie, rezultat\u0103 din prezen\u0163a covoarelor \u015fi cuverturilor, a pl\u0103pumilor realizate din buc\u0103\u0163i de p\u00e2nz\u0103 industrial\u0103, a sobelor cu muluri colorate, a picturii populare pe lemn, sticl\u0103 sau carton, a perdelelor cro\u015fetate, a mobilierului \u015fi \u0163es\u0103turilor.<\/p>\n<p>Stilul constructiv, elementele decorative \u015fi prezen\u0163a masiv\u0103 a uneltelor de pescuit, fac din gospod\u0103ria Jurilovca un document valoros de via\u0163\u0103 \u015fi munc\u0103 a unei popula\u0163ii care \u015fi-a g\u0103sit \u00een Rom\u00e2nia a doua sa patrie.<\/p>\n<p>Timbrul cu valoarea nominal\u0103 de <strong>8,00 lei<\/strong> reproduce imaginea <strong><em>Gospod\u0103riei \u015eurde\u015fti<\/em><\/strong>, <em>Maramure\u015f, secolul al XVIII-lea<\/em>.<\/p>\n<p>Gospod\u0103ria transferat\u0103 \u00een muzeu \u00een anul 1967 dateaz\u0103 din a doua jum\u0103tate a secolului al XVIII-lea, provenind din \u0162ara L\u0103pu\u015fului.<\/p>\n<p>\u00cen concordan\u0163\u0103 cu mediul geografic \u015fi cu evolu\u0163ia istoric\u0103 \u015fi \u00eenfunc\u0163ie de condi\u0163iile social-economice, satul \u015eurde\u015fti s-a dezvoltatca sat de tip r\u0103sfirat, reprezentativ pentru a\u015fez\u0103rile rom\u00e2ne\u015fti din zona colinar\u0103.<\/p>\n<p>Modul de a\u015fezare al construc\u0163iilor &#8211; \u015fura cu grajd, la intrarea\u00een gospod\u0103rie, spre uli\u0163\u0103 \u015fi casa, plasat\u0103 \u00een a doua parte a cur\u0163ii &#8211; \u00eenscrie structura gospod\u0103riei \u00een tipul de \u201ecurte dubl\u0103\u201d, specific\u0103 satelor cu economie pastoral &#8211; agricol\u0103.<\/p>\n<p>Timbrul cu valoarea nominal\u0103 de <strong>15,00 lei<\/strong> reproduce imaginea <strong><em>Gospod\u0103riei din Chiojdu-Mic<\/em><\/strong>, <em>jude\u0163ul Buz\u0103u, secolul al XVIII-lea<\/em>. Casa este \u00een\u0103l\u0163at\u0103 pe o impun\u0103toare temelie din zid\u0103rie de piatr\u0103 de r\u00e2u, \u00een care sunt ad\u0103postite pivni\u0163a \u015fi \u00eenc\u0103perea cu unelte. Pere\u0163ii casei sunt realiza\u0163i din b\u00e2rne rotunde de brad, cu diametrul mic, a\u015fezate \u00een cununi orizontale.<\/p>\n<p>Acoperi\u015ful \u00een patru ape are \u00eenvelitoare din \u015fi\u0163\u0103 m\u0103runt\u0103, a\u015fezat\u0103 \u00een \u201esolzi de pe\u015fte\u201d. Principalele elemente decorative, realizate prin cioplire \u015fi crestare, apar la grinzile \u015fi st\u00e2lpii foi\u015forului \u015fi la p\u0103limarul prispei.<\/p>\n<p>&nbsp;<\/p>\n<p><strong><em>Romfilatelia mul\u0163ume\u015fte Muzeului Na\u0163ional al Satului \u201eDimitrie Gusti\u201d pentru sprijinul documentar acordat \u00een realizarea acestei emisiuni de m\u0103rci po\u015ftale. <\/em><\/strong><\/p>\n<p><a href=\"https:\/\/romfilatelia.ro\/magazin\/wp-content\/uploads\/2016\/05\/Anotimpuri_Muz_Sat_80_box.jpg\" rel=\"attachment wp-att-2012721\"><img decoding=\"async\" loading=\"lazy\" class=\"aligncenter wp-image-2012721 size-full\" src=\"https:\/\/romfilatelia.ro\/magazin\/wp-content\/uploads\/2016\/05\/Anotimpuri_Muz_Sat_80_box.jpg\" alt=\"Anotimpuri_Muz_Sat_80_box\" width=\"900\" height=\"595\" srcset=\"https:\/\/romfilatelia.ro\/magazin\/wp-content\/uploads\/2016\/05\/Anotimpuri_Muz_Sat_80_box.jpg 900w, https:\/\/romfilatelia.ro\/magazin\/wp-content\/uploads\/2016\/05\/Anotimpuri_Muz_Sat_80_box-500x331.jpg 500w, https:\/\/romfilatelia.ro\/magazin\/wp-content\/uploads\/2016\/05\/Anotimpuri_Muz_Sat_80_box-64x42.jpg 64w, https:\/\/romfilatelia.ro\/magazin\/wp-content\/uploads\/2016\/05\/Anotimpuri_Muz_Sat_80_box-300x198.jpg 300w, https:\/\/romfilatelia.ro\/magazin\/wp-content\/uploads\/2016\/05\/Anotimpuri_Muz_Sat_80_box-768x508.jpg 768w\" sizes=\"(max-width: 900px) 100vw, 900px\" \/><\/a><\/p>\n","protected":false},"excerpt":{"rendered":"<p>\u00a0\u00a0\u00a0\u00a0\u00a0\u00a0\u00a0\u00a0 Pe malul lacului Her\u0103str\u0103u, chiar \u00een mijlocul capitalei Rom\u00e2niei, vizitatorul de pretutindeni are bucuria de a \u00eent\u00e2lni un \u201esat\u201d adev\u0103rat, cu monumente \u015fi artefacte din sec. al XVII-lea, p\u00e2n\u0103 la \u00eenceputul sec. XX, unde construc\u0163ii reprezentative provenite din importante zone etnografice au prins o nou\u0103 via\u0163\u0103 la Muzeul Na\u0163ional al Satului \u201eDimitrie Gusti\u201d. Muzeul&hellip;&nbsp;<a href=\"https:\/\/romfilatelia.ro\/magazin\/produs\/colectii-anuale\/2016\/anotimpuri-la-muzeul-satului-80-de-ani-de-la-infiintarea-muzeului-national-al-satului-dimitrie-gusti\/\" class=\"\" rel=\"bookmark\">Cite\u0219te mai mult &raquo;<span class=\"screen-reader-text\">Anotimpuri la Muzeul Satului   (80 de ani de la \u00eenfiin\u0163area Muzeului Na\u0163ional al Satului \u201eDimitrie Gusti\u201d)<\/span><\/a><\/p>\n","protected":false},"featured_media":2012711,"template":"","meta":{"neve_meta_sidebar":"","neve_meta_container":"","neve_meta_enable_content_width":"","neve_meta_content_width":0,"neve_meta_title_alignment":"","neve_meta_author_avatar":"","neve_post_elements_order":"","neve_meta_disable_header":"","neve_meta_disable_footer":"","neve_meta_disable_title":""},"product_cat":[102,6],"product_tag":[],"_links":{"self":[{"href":"https:\/\/romfilatelia.ro\/magazin\/wp-json\/wp\/v2\/product\/2012709"}],"collection":[{"href":"https:\/\/romfilatelia.ro\/magazin\/wp-json\/wp\/v2\/product"}],"about":[{"href":"https:\/\/romfilatelia.ro\/magazin\/wp-json\/wp\/v2\/types\/product"}],"wp:featuredmedia":[{"embeddable":true,"href":"https:\/\/romfilatelia.ro\/magazin\/wp-json\/wp\/v2\/media\/2012711"}],"wp:attachment":[{"href":"https:\/\/romfilatelia.ro\/magazin\/wp-json\/wp\/v2\/media?parent=2012709"}],"wp:term":[{"taxonomy":"product_cat","embeddable":true,"href":"https:\/\/romfilatelia.ro\/magazin\/wp-json\/wp\/v2\/product_cat?post=2012709"},{"taxonomy":"product_tag","embeddable":true,"href":"https:\/\/romfilatelia.ro\/magazin\/wp-json\/wp\/v2\/product_tag?post=2012709"}],"curies":[{"name":"wp","href":"https:\/\/api.w.org\/{rel}","templated":true}]}}