{"id":2012440,"date":"2016-07-25T07:31:56","date_gmt":"2016-07-25T07:31:56","guid":{"rendered":"http:\/\/romfilatelia.ro\/?p=2012440"},"modified":"2016-07-25T23:12:14","modified_gmt":"2016-07-25T23:12:14","slug":"academia-romana-150-de-ani","status":"publish","type":"product","link":"https:\/\/romfilatelia.ro\/magazin\/produs\/colectii-anuale\/2016\/academia-romana-150-de-ani\/","title":{"rendered":"ACADEMIA ROM\u00c2N\u0102, 150 DE ANI"},"content":{"rendered":"<p><a href=\"https:\/\/romfilatelia.ro\/magazin\/wp-content\/uploads\/2016\/03\/Acad_Rom_150_emis.jpg\" rel=\"attachment wp-att-2012441\"><img decoding=\"async\" loading=\"lazy\" class=\"alignleft wp-image-2012441 size-medium\" src=\"https:\/\/romfilatelia.ro\/magazin\/wp-content\/uploads\/2016\/03\/Acad_Rom_150_emis-300x144.jpg\" alt=\"Acad_Rom_150_emis\" width=\"300\" height=\"144\" srcset=\"https:\/\/romfilatelia.ro\/magazin\/wp-content\/uploads\/2016\/03\/Acad_Rom_150_emis-300x144.jpg 300w, https:\/\/romfilatelia.ro\/magazin\/wp-content\/uploads\/2016\/03\/Acad_Rom_150_emis-500x240.jpg 500w, https:\/\/romfilatelia.ro\/magazin\/wp-content\/uploads\/2016\/03\/Acad_Rom_150_emis-64x31.jpg 64w, https:\/\/romfilatelia.ro\/magazin\/wp-content\/uploads\/2016\/03\/Acad_Rom_150_emis-768x369.jpg 768w, https:\/\/romfilatelia.ro\/magazin\/wp-content\/uploads\/2016\/03\/Acad_Rom_150_emis-1024x492.jpg 1024w, https:\/\/romfilatelia.ro\/magazin\/wp-content\/uploads\/2016\/03\/Acad_Rom_150_emis.jpg 1200w\" sizes=\"(max-width: 300px) 100vw, 300px\" \/><\/a>Odat\u0103 cu \u00eenceperea dezvolt\u0103rii \u015fi emancip\u0103rii \u0163\u0103rii \u00een toate domeniile, dup\u0103 Unirea din 1859, a ap\u0103rut \u015fi necesitatea cre\u0103rii unei institu\u0163ii centrale pentru promovarea crea\u0163iei literare \u015fi \u015ftiin\u0163ifice.<\/p>\n<p>Astfel c\u0103 \u00een luna aprilie a anului 1866 a fost \u00eenfiin\u0163at\u0103 <em>Societatea Literar\u0103 Rom\u00e2n\u0103<\/em>, iar din anul urm\u0103tor aceastava purta numele de <em>Societatea Academic\u0103 Rom\u00e2n\u0103<\/em>.<\/p>\n<p>Cei 21 de membri fondatori, personalit\u0103\u0163i proeminente din Principatele Rom\u00e2ne c\u00e2t \u015fi din teritoriile rom\u00e2ne\u015fti aflate sub ocupa\u0163ia imperiilor vecine, au denumit institu\u0163ia ca na\u0163ional\u0103, fiind considerat\u0103 reprezentativ\u0103 pentru \u00eentreg spa\u0163iul rom\u00e2nesc.<\/p>\n<p>Prin decret semnat de Carol I (Domnitor la acea vreme), \u00eencep\u00e2nd cu 1879, institu\u0163ia na\u0163ional\u0103 se va numi <strong><em>Academia Rom\u00e2n\u0103<\/em><\/strong>.<\/p>\n<p>Printre obiectivele sale de o real\u0103 \u00eensemn\u0103tate se \u00eenscrie realizarea de dic\u0163ionare, tratate \u00een domeniile \u015ftiin\u0163ifice, bibliografii, atlase, edi\u0163ii critice ale operelor unor personalit\u0103\u0163i rom\u00e2ne\u015fti de valoare.<\/p>\n<p>\u00cen decursul existen\u0163ei sale de 150 de ani, \u00een Academia Rom\u00e2n\u0103 au fost ale\u015fi 1703 membri, personalit\u0103\u0163i din domeniul \u015ftiin\u0163elor, literelor \u015fi artelor, at\u00e2t din \u0163ar\u0103 c\u00e2t \u015fi din str\u0103in\u0103tate.<\/p>\n<p>Academia Rom\u00e2n\u0103 are \u00een \u0163ar\u0103 filiale la Cluj, Timi\u015foara \u015fi Ia\u015fi, 68 de institute \u015fi centre de cercetare precum \u015fi Biblioteca \u015fi Editura Academiei.<\/p>\n<p>O latur\u0103 important\u0103 a activit\u0103\u0163ii Academiei Rom\u00e2ne este cea extern\u0103, manifestat\u0103 \u00een principal prin alegerea \u00een forul academic rom\u00e2nesc a numeroase personalit\u0103\u0163i din str\u0103in\u0103tate, membri ai unor academii sau universit\u0103\u0163i de prestigiu din \u00eentreaga lume, \u00eentre care 46 laurea\u0163i ai Premiului \u201eNobel\u201d.<\/p>\n<p>\u00centr-o lume care tinde s\u0103 se sincronizeze \u015fi \u00een baza procesului de globalizare, o academie na\u0163ional\u0103, a\u015fa cumeste Academia Rom\u00e2n\u0103, are ast\u0103zi o misiune urgent\u0103, de mare responsabilitate: s\u0103 medieze corect \u00eentre tendin\u0163a globaliz\u0103rii \u015fi identitatea na\u0163ional\u0103. Rolul ei predominant este, f\u0103r\u0103 \u00eendoial\u0103, acela de a ap\u0103ra identitatea cultural\u0103, adic\u0103 valorile spirituale profunde, \u0163in\u00e2nd \u00eens\u0103 cont \u015fi de tendin\u0163ele actuale ale istoriei.<\/p>\n<p>Ast\u0103zi, la aniversarea a 150 de ani de existen\u0163\u0103, Academia Rom\u00e2n\u0103 este un punct de reper \u015fi un model \u00een societatea rom\u00e2neasc\u0103, un factor activ \u00een modelarea ei spiritual\u0103 \u015fi moral\u0103, cel mai \u00eenalt for de reflec\u0163ie \u015fi de crea\u0163ie intelectual\u0103, literar\u0103 \u015fi artistic\u0103 a poporului rom\u00e2n.<\/p>\n<p>Momentul aniversar ofer\u0103 <strong>Romfilatelia<\/strong> prilejul de a marca \u015fi filatelic cei 150 de ani de la \u00eenfiin\u0163area prestigioasei Academii a Rom\u00e2niei. Timbrul \u015fi coli\u0163a emisiunii aniversare fac trimitere c\u0103tre cl\u0103direa Academiei Rom\u00e2ne, cu fa\u0163ada \u015fi detaliile ornamentale, logoul aniversar c\u00e2t \u015fi zei\u0163a Minerva, asigur\u00e2nd o prezentare grafic\u0103 unitar\u0103 c\u00e2t \u015fi eviden\u0163ierea simbolisticii \u015fi importan\u0163ei evenimentului.<\/p>\n<p>&nbsp;<\/p>\n<p><strong><em>Romfilatelia mul\u0163ume\u015fte Academiei Rom\u00e2ne pentru sprijinul documentar acordat \u00een realizarea acestei emisiuni de m\u0103rci po\u015ftale. <\/em><\/strong><\/p>\n<p>&nbsp;<\/p>\n<p>&nbsp;<\/p>\n<p><a href=\"https:\/\/romfilatelia.ro\/magazin\/wp-content\/uploads\/2016\/03\/Acad_Rom_150_box.jpg\" rel=\"attachment wp-att-2012442\"><img decoding=\"async\" loading=\"lazy\" class=\"aligncenter wp-image-2012442 size-full\" src=\"https:\/\/romfilatelia.ro\/magazin\/wp-content\/uploads\/2016\/03\/Acad_Rom_150_box.jpg\" alt=\"Acad_Rom_150_box\" width=\"750\" height=\"484\" srcset=\"https:\/\/romfilatelia.ro\/magazin\/wp-content\/uploads\/2016\/03\/Acad_Rom_150_box.jpg 750w, https:\/\/romfilatelia.ro\/magazin\/wp-content\/uploads\/2016\/03\/Acad_Rom_150_box-500x323.jpg 500w, https:\/\/romfilatelia.ro\/magazin\/wp-content\/uploads\/2016\/03\/Acad_Rom_150_box-64x41.jpg 64w, https:\/\/romfilatelia.ro\/magazin\/wp-content\/uploads\/2016\/03\/Acad_Rom_150_box-300x194.jpg 300w\" sizes=\"(max-width: 750px) 100vw, 750px\" \/><\/a><\/p>\n","protected":false},"excerpt":{"rendered":"<p>Odat\u0103 cu \u00eenceperea dezvolt\u0103rii \u015fi emancip\u0103rii \u0163\u0103rii \u00een toate domeniile, dup\u0103 Unirea din 1859, a ap\u0103rut \u015fi necesitatea cre\u0103rii unei institu\u0163ii centrale pentru promovarea crea\u0163iei literare \u015fi \u015ftiin\u0163ifice. Astfel c\u0103 \u00een luna aprilie a anului 1866 a fost \u00eenfiin\u0163at\u0103 Societatea Literar\u0103 Rom\u00e2n\u0103, iar din anul urm\u0103tor aceastava purta numele de Societatea Academic\u0103 Rom\u00e2n\u0103. Cei 21&hellip;&nbsp;<a href=\"https:\/\/romfilatelia.ro\/magazin\/produs\/colectii-anuale\/2016\/academia-romana-150-de-ani\/\" class=\"\" rel=\"bookmark\">Cite\u0219te mai mult &raquo;<span class=\"screen-reader-text\">ACADEMIA ROM\u00c2N\u0102, 150 DE ANI<\/span><\/a><\/p>\n","protected":false},"featured_media":2012441,"template":"","meta":{"neve_meta_sidebar":"","neve_meta_container":"","neve_meta_enable_content_width":"","neve_meta_content_width":0,"neve_meta_title_alignment":"","neve_meta_author_avatar":"","neve_post_elements_order":"","neve_meta_disable_header":"","neve_meta_disable_footer":"","neve_meta_disable_title":""},"product_cat":[102,6],"product_tag":[],"_links":{"self":[{"href":"https:\/\/romfilatelia.ro\/magazin\/wp-json\/wp\/v2\/product\/2012440"}],"collection":[{"href":"https:\/\/romfilatelia.ro\/magazin\/wp-json\/wp\/v2\/product"}],"about":[{"href":"https:\/\/romfilatelia.ro\/magazin\/wp-json\/wp\/v2\/types\/product"}],"wp:featuredmedia":[{"embeddable":true,"href":"https:\/\/romfilatelia.ro\/magazin\/wp-json\/wp\/v2\/media\/2012441"}],"wp:attachment":[{"href":"https:\/\/romfilatelia.ro\/magazin\/wp-json\/wp\/v2\/media?parent=2012440"}],"wp:term":[{"taxonomy":"product_cat","embeddable":true,"href":"https:\/\/romfilatelia.ro\/magazin\/wp-json\/wp\/v2\/product_cat?post=2012440"},{"taxonomy":"product_tag","embeddable":true,"href":"https:\/\/romfilatelia.ro\/magazin\/wp-json\/wp\/v2\/product_tag?post=2012440"}],"curies":[{"name":"wp","href":"https:\/\/api.w.org\/{rel}","templated":true}]}}