{"id":2010617,"date":"2016-07-25T04:19:29","date_gmt":"2016-07-25T04:19:29","guid":{"rendered":"http:\/\/romfilatelia.ro\/?p=2010617"},"modified":"2016-07-25T22:29:58","modified_gmt":"2016-07-25T22:29:58","slug":"curiozitati-si-superlative-romanesti","status":"publish","type":"product","link":"https:\/\/romfilatelia.ro\/magazin\/produs\/colectii-anuale\/2016\/curiozitati-si-superlative-romanesti\/","title":{"rendered":"Curiozit\u0103\u0163i \u015fi superlative rom\u00e2ne\u015fti"},"content":{"rendered":"<p><a href=\"https:\/\/romfilatelia.ro\/magazin\/wp-content\/uploads\/2016\/03\/Curiozitati_Rom_M.jpg\" rel=\"attachment wp-att-2010620\"><img decoding=\"async\" loading=\"lazy\" class=\"size-medium wp-image-2010620 alignleft\" src=\"https:\/\/romfilatelia.ro\/magazin\/wp-content\/uploads\/2016\/03\/Curiozitati_Rom_M-283x300.jpg\" alt=\"Curiozitati_Rom_M\" width=\"283\" height=\"300\" \/><\/a>Oare ne cunoa\u015ftem \u0163ara? \u015etim ce recorduri s-au str\u00e2ns de-a lungul timpului pentru a prezenta la loc de cinste realiz\u0103rile rom\u00e2nilor care au dat dovad\u0103 de ingeniozitate \u015fi m\u0103iestrie deosebit\u0103? Pute\u0163i considera acest\u0103 emisiune ca pe o invita\u0163e \u00een lumea unic\u0103 a excelen\u0163ei \u015fi excep\u0163ionalit\u0103\u0163ii.<span class=\"Apple-converted-space\">\u00a0<\/span><br \/>\nPurt\u00e2nd titlul \u201eCuriozit\u0103\u0163i \u015fi superlative rom\u00e2ne\u015fti\u201d, Romfilatelia promoveaz\u0103 pe m\u0103rcile po\u015ftale o serie de lucr\u0103ri \u015fi descoperiri la superlativ ale rom\u00e2nilor.<span class=\"Apple-converted-space\">\u00a0<\/span><br \/>\nCea mai mic\u0103 bancnot\u0103 din lume, conform World Records Academy, (timbrul cu valoarea nominal\u0103 de 3 lei) a ap\u0103rut ca o necesitate \u00een anul 1917, \u00een plin R\u0103zboi Mondial, c\u00e2nd Regele Ferdinand I a hot\u0103r\u00e2t scoaterea din circula\u0163ie a banilor din aur \u015fi argint \u015fi \u00eenlocuirea lor cu banii de h\u00e2rtie cu valoare mic\u0103, ace\u015ftia fiind la mare c\u0103utare \u00een vremuri de restri\u015fte. Valoarea ei mic\u0103 (cinci bancnote ar fi cump\u0103rat un kilogram de p\u00e2ine) permitea o circula\u0163ie rapid\u0103 a bancnotei. \u00cen acest fel ro\u0163ile comer\u0163ului se \u00eenv\u00e2rteau \u00een continuare, \u00eentr-un mod care nu ar fi putut fi sus\u0163inut de monedele mari.<span class=\"Apple-converted-space\">\u00a0<\/span><br \/>\nParadoxal, vremurile de infla\u0163ie, cu o cre\u015ftere mare a pre\u0163urilor, au dat na\u015ftere bancnotei cu valoarea cea mai mic\u0103, 10 bani.<span class=\"Apple-converted-space\">\u00a0<\/span><br \/>\nBancnota, emis\u0103 de Ministerul de Finan\u0163e al vremii, are dimensiunile de 27,5 mm, respectiv 38 mm, av\u00e2nd culorile verde \u015fi portocaliu. Pe avers este imprimat chipul regelui, iar pe revers, Stema Rom\u00e2niei.<span class=\"Apple-converted-space\">\u00a0<\/span><br \/>\nUn punct de atrac\u0163ie deosebit pentru cei care c\u0103l\u0103toresc prin Mun\u0163ii Apuseni este Colec\u0163ia mineralogic\u0103 din Brad, cunoscut\u0103 sub numele de Muzeul Aurului (timbrul cu valoarea nominal\u0103 de 3.30 lei).<span class=\"Apple-converted-space\">\u00a0<\/span><br \/>\nLa Brad, \u00een jude\u0163ul Hunedoara, la singurul Muzeu al aurului din Rom\u00e2nia, pot fi v\u0103zute cele mai frumoase forme sub care sereg\u0103se\u015fte aurul \u00een ad\u00e2ncurile p\u0103m\u00e2ntului, replici incredibile ale unor obiecte, plante sau animale. Muzeul s-a conturat \u00een timp, vreme de peste un veac, prin descoperirea \u00een ad\u00e2ncuri a unor forme spectaculoase \u015fi expresive ale aurului nativ \u015fi p\u0103strarea lor \u00eentr-o colec\u0163ie.<span class=\"Apple-converted-space\">\u00a0<\/span><br \/>\nCu 3993 de tuburi distribuite pe 84 de r\u00e2nduri, 63 de registre sonore \u015fi 76 de manete, o camer\u0103 separat\u0103 pentru cele 9 foale, Orga Buchholz din Biserica Neagr\u0103 din Bra\u015fov este cea mai mare org\u0103 mecanic\u0103 din Rom\u00e2nia \u015fi printre cele mai mari din Europa (timbrul cu valoarea nominal\u0103 de 5 lei).<span class=\"Apple-converted-space\">\u00a0<\/span><br \/>\nOrga Buchholz se afl\u0103 \u00een starea sa original\u0103, a\u015fa cum a construit-o me\u015fterul Carl August Buchholz din Berlin \u00eentre anii 1836-1839. Contractul semnat de comunitatea evanghelic\u0103 din Bra\u015fov \u015fi constructorul berlinez \u00een anul 1835 a fost \u00een valoare de 10.224 de taleri, iar durata de execu\u0163ie a fost stabilit\u0103 la trei ani de la \u00eenceperea lucr\u0103rilor \u00een 1836.<span class=\"Apple-converted-space\">\u00a0<\/span><br \/>\nCel mai mare tub are o lungime de peste 9 metri, iar cel mai mic tub sub 2 cm. Clapele sunt acoperite cu filde\u015f, cele superioare sunt din lemn de abanos, iar numele registrelor sunt inscrip\u0163ionate pe por\u0163elan \u015fi acoperite cu sticl\u0103. Ornamentele (consolele, turnurile \u015fi frontoanele) sunt prev\u0103zute cu sculpturi deosebite din lemn de tei aurit.<span class=\"Apple-converted-space\">\u00a0<\/span><br \/>\nPe malul st\u00e2ncos al Dun\u0103rii, \u00een apropiere de ora\u015ful Or\u015fova, se afl\u0103 cea mai mare sculptur\u0103 \u00een piatr\u0103 din Europa, ce atinge 42,9 m \u00een\u0103l\u0163ime \u015fi 31,6 m l\u0103\u0163ime (timbrul cu valoarea nominal\u0103 de 14,50 lei). Realizat \u00een urma unei ini\u0163iative private a omului de afaceri Iosif Constantin Dr\u0103gan, basorelieful \u00eel reprezint\u0103 pe ultimul Rege al Daciei, Decebal.<span class=\"Apple-converted-space\">\u00a0<\/span><br \/>\nAccesul la sculptur\u0103, oper\u0103 a sculptorului italian Mario Galeotti, se face numai cu barca, st\u00e2nca unde a fost sculptat\u0103 fiind deasupra zonei celei mai ad\u00e2nci a Dun\u0103rii (120 m), tot a\u015fa fiind aduse uneltele, schelele, scripe\u0163ii, rolele pentru funiculare \u015f.a.m.d. Pe panoul de identificare al monumentului este sculptat\u0103 inscrip\u0163ia: Decebalus Rex Dragan Fecit.<span class=\"Apple-converted-space\">\u00a0<\/span><br \/>\nDe men\u0163ionat este \u015fi faptul c\u0103 Muntele Rushmore din Dakota de Sud, un basorelief monumental cu aspect sculptural, dedicat celor patru pre\u015fedin\u0163i americani, are doar 18 m \u00een\u0103l\u0163ime.<span class=\"Apple-converted-space\">\u00a0<\/span><\/p>\n<p>Romfilatelia mul\u0163ume\u015fte Muzeului Na\u0163ional de Istorie a Rom\u00e2niei, Bisericii Evanghelice C.A. din Rom\u00e2nia-Parohia Bra\u015fov, Companiei Na\u0163ionale a Cuprului, Aurului \u015fi Fierului \u201eMINVEST\u201d S.A. Deva \u015fi Funda\u0163iei Europene Dr\u0103gan pentru sprijinul documentar oferit la realizarea acestei emisiunii de m\u0103rci po\u015ftale.<span class=\"Apple-converted-space\">\u00a0<\/span><\/p>\n<p>Data de aparitie: 2016-02-22<\/p>\n<p><a href=\"https:\/\/romfilatelia.ro\/magazin\/wp-content\/uploads\/2016\/03\/Curiozitati_Rom_box.jpg\" rel=\"attachment wp-att-2010619\"><img decoding=\"async\" loading=\"lazy\" class=\"aligncenter wp-image-2010619 size-full\" src=\"https:\/\/romfilatelia.ro\/magazin\/wp-content\/uploads\/2016\/03\/Curiozitati_Rom_box.jpg\" alt=\"Curiozitati_Rom_box\" width=\"750\" height=\"411\" srcset=\"https:\/\/romfilatelia.ro\/magazin\/wp-content\/uploads\/2016\/03\/Curiozitati_Rom_box.jpg 750w, https:\/\/romfilatelia.ro\/magazin\/wp-content\/uploads\/2016\/03\/Curiozitati_Rom_box-500x274.jpg 500w, https:\/\/romfilatelia.ro\/magazin\/wp-content\/uploads\/2016\/03\/Curiozitati_Rom_box-64x35.jpg 64w, https:\/\/romfilatelia.ro\/magazin\/wp-content\/uploads\/2016\/03\/Curiozitati_Rom_box-300x164.jpg 300w\" sizes=\"(max-width: 750px) 100vw, 750px\" \/><\/a><\/p>\n","protected":false},"excerpt":{"rendered":"<p>Oare ne cunoa\u015ftem \u0163ara? \u015etim ce recorduri s-au str\u00e2ns de-a lungul timpului pentru a prezenta la loc de cinste realiz\u0103rile rom\u00e2nilor care au dat dovad\u0103 de ingeniozitate \u015fi m\u0103iestrie deosebit\u0103? Pute\u0163i considera acest\u0103 emisiune ca pe o invita\u0163e \u00een lumea unic\u0103 a excelen\u0163ei \u015fi excep\u0163ionalit\u0103\u0163ii.\u00a0 Purt\u00e2nd titlul \u201eCuriozit\u0103\u0163i \u015fi superlative rom\u00e2ne\u015fti\u201d, Romfilatelia promoveaz\u0103 pe m\u0103rcile&hellip;&nbsp;<a href=\"https:\/\/romfilatelia.ro\/magazin\/produs\/colectii-anuale\/2016\/curiozitati-si-superlative-romanesti\/\" class=\"\" rel=\"bookmark\">Cite\u0219te mai mult &raquo;<span class=\"screen-reader-text\">Curiozit\u0103\u0163i \u015fi superlative rom\u00e2ne\u015fti<\/span><\/a><\/p>\n","protected":false},"featured_media":2010620,"template":"","meta":{"neve_meta_sidebar":"","neve_meta_container":"","neve_meta_enable_content_width":"","neve_meta_content_width":0,"neve_meta_title_alignment":"","neve_meta_author_avatar":"","neve_post_elements_order":"","neve_meta_disable_header":"","neve_meta_disable_footer":"","neve_meta_disable_title":""},"product_cat":[102,6],"product_tag":[],"_links":{"self":[{"href":"https:\/\/romfilatelia.ro\/magazin\/wp-json\/wp\/v2\/product\/2010617"}],"collection":[{"href":"https:\/\/romfilatelia.ro\/magazin\/wp-json\/wp\/v2\/product"}],"about":[{"href":"https:\/\/romfilatelia.ro\/magazin\/wp-json\/wp\/v2\/types\/product"}],"wp:featuredmedia":[{"embeddable":true,"href":"https:\/\/romfilatelia.ro\/magazin\/wp-json\/wp\/v2\/media\/2010620"}],"wp:attachment":[{"href":"https:\/\/romfilatelia.ro\/magazin\/wp-json\/wp\/v2\/media?parent=2010617"}],"wp:term":[{"taxonomy":"product_cat","embeddable":true,"href":"https:\/\/romfilatelia.ro\/magazin\/wp-json\/wp\/v2\/product_cat?post=2010617"},{"taxonomy":"product_tag","embeddable":true,"href":"https:\/\/romfilatelia.ro\/magazin\/wp-json\/wp\/v2\/product_tag?post=2010617"}],"curies":[{"name":"wp","href":"https:\/\/api.w.org\/{rel}","templated":true}]}}