{"id":2010597,"date":"2016-07-25T01:00:50","date_gmt":"2016-07-25T01:00:50","guid":{"rendered":"http:\/\/romfilatelia.ro\/?p=2010597"},"modified":"2016-07-25T21:54:09","modified_gmt":"2016-07-25T21:54:09","slug":"florile-spinilor","status":"publish","type":"product","link":"https:\/\/romfilatelia.ro\/magazin\/produs\/colectii-anuale\/2016\/florile-spinilor\/","title":{"rendered":"Florile spinilor"},"content":{"rendered":"<p><span class=\"Apple-converted-space\">\u00a0 <a href=\"https:\/\/romfilatelia.ro\/magazin\/wp-content\/uploads\/2016\/03\/Flori_spini_M.jpg\" rel=\"attachment wp-att-2010601\"><img decoding=\"async\" loading=\"lazy\" class=\"size-medium wp-image-2010601 alignleft\" src=\"https:\/\/romfilatelia.ro\/magazin\/wp-content\/uploads\/2016\/03\/Flori_spini_M-300x236.jpg\" alt=\"Flori_spini_M\" width=\"300\" height=\"236\" \/><\/a><\/span>\u00a0 \u00a0 \u00a0 \u00a0 Emisiunea de m\u0103rci po\u015ftale \u201eFlorile spinilor\u201d v\u0103 prezint\u0103 specii de flori reg\u0103site \u00een Rom\u00e2nia, ce \u00eembin\u0103 frumuse\u0163ea florilor cu armura spinilor.<span class=\"Apple-converted-space\">\u00a0<\/span><br \/>\nTimbrul cu valoarea nominal\u0103 de 4,70 lei reproduce imaginea plantei Dipsacus fullonum, cunoscut\u0103 sub numele comun de varga ciobanului. Ea este nativ\u0103 \u00een Eurasia \u015fi nordul Africii, dar este cunoscut\u0103 \u00een Americi, sudul Africii, Australia \u015fi Noua Zeeland\u0103, drept specie introdus\u0103 \u015fi de obicei, buruian\u0103 nociv\u0103. Este o plant\u0103 viguroas\u0103, cu tulpina \u00eenalt\u0103 de 50 &#8211; 200 cm, muchiat\u0103 \u015fi spinoas\u0103. Receptaculul comun este un aranjament cilindro-conic ce poate ajunge la o lungime de 10 cm \u015fi con\u0163ine numeroase flori tubuloase de culoarea lavandei.<span class=\"Apple-converted-space\">\u00a0<\/span><br \/>\nTimbrul cu valoarea nominal\u0103 de 5,00 lei reproduce imaginea plantei Centaurea solstitialis, o plant\u0103 anual\u0103 din familia Asteraceae, nativ\u0103 \u00een Bazinul Mediteranei. \u00cen stadiul vegetativ, aceasta formeaz\u0103 o rozet\u0103 de frunze nespinoase, cu diametru de 5 &#8211; 20 cm, iar pe m\u0103sur\u0103 ce se apropie vara, produce o tulpin\u0103 \u00eenalt\u0103 de 10 &#8211; 100 cm.<span class=\"Apple-converted-space\">\u00a0<\/span><br \/>\nA\u015fa cum \u00eei spune \u015fi numele, \u00eenflore\u015fte vara t\u00e2rziu, dup\u0103 solsti\u0163iu \u015fi p\u00e2n\u0103 la \u00eenceputul toamnei. Florile sunt de culoare galben intens, de form\u0103 alungit globuloas\u0103 \u015fi prezint\u0103 la baz\u0103 apendici spino\u015fi lungi \u015fi ramifica\u0163i.<span class=\"Apple-converted-space\">\u00a0<\/span><br \/>\nTimbrul cu valoarea nominal\u0103 de 6,00 lei reproduce imaginea plantei Echinops ruthenicus. Aceast\u0103 specie face parte din aceea\u015fi familie cu floarea soarelui, familia Asteraceae. Echinops ruthenicus este o specie peren\u0103 ce cre\u015fte p\u00e2n\u0103 la 70 cm \u00een\u0103l\u0163ime, are frunze pieloase cu segmente ad\u00e2nc serate \u015fi spinoase. Vara t\u00e2rziu produce flori globuloase, de culoare viu albastre de 3 &#8211; 4,5 cm \u00een diametru, u\u015for de observat pe colinele \u00eensorite din \u0163ara noastr\u0103. Este r\u0103sp\u00e2ndit\u0103 \u00een Balcanii de Est, Caucaz, Crimeea, Asia de Sud-Vest \u015fi Siberia.<span class=\"Apple-converted-space\">\u00a0<\/span><br \/>\nTimbrul cu valoarea nominal\u0103 de 8,10 lei reproduce imaginea plantei Ononis spinosa, cunoscut\u0103 \u00een popor drept osul iepurelui. Aceasta apar\u0163ine familiei Fabaceae \u015fi este un mic arbust,\u00eenalt de 30 &#8211; 60 cm, cu r\u0103murelele tulpinii foarte spinoase. Frunzele sunt trifoliate \u00een partea inferioar\u0103 a tulpinii, iar florile sunt de culoare roz. Planta este r\u0103sp\u00e2ndit\u0103 \u00een Europa, Caucaz \u015fi Asia Mic\u0103.<span class=\"Apple-converted-space\">\u00a0<\/span><\/p>\n<p>Romfilatelia mul\u0163ume\u015fte Institutului de Biologie al Academiei Rom\u00e2ne \u015fi doamnei Conf. Paulina Anastasiu pentru sprijinul documentar acordat \u00een realizarea acestei emisiuni de m\u0103rci po\u015ftale.<span class=\"Apple-converted-space\">\u00a0<\/span><\/p>\n<p>Data de aparitie: 2016-01-12<\/p>\n<p><span class=\"Apple-converted-space\"><a href=\"https:\/\/romfilatelia.ro\/magazin\/wp-content\/uploads\/2016\/03\/Flori_spini_box.jpg\" rel=\"attachment wp-att-2010600\"><img decoding=\"async\" loading=\"lazy\" class=\"aligncenter wp-image-2010600 size-full\" src=\"https:\/\/romfilatelia.ro\/magazin\/wp-content\/uploads\/2016\/03\/Flori_spini_box.jpg\" alt=\"Flori_spini_box\" width=\"750\" height=\"440\" srcset=\"https:\/\/romfilatelia.ro\/magazin\/wp-content\/uploads\/2016\/03\/Flori_spini_box.jpg 750w, https:\/\/romfilatelia.ro\/magazin\/wp-content\/uploads\/2016\/03\/Flori_spini_box-500x293.jpg 500w, https:\/\/romfilatelia.ro\/magazin\/wp-content\/uploads\/2016\/03\/Flori_spini_box-64x38.jpg 64w, https:\/\/romfilatelia.ro\/magazin\/wp-content\/uploads\/2016\/03\/Flori_spini_box-300x176.jpg 300w\" sizes=\"(max-width: 750px) 100vw, 750px\" \/><\/a><\/span><\/p>\n","protected":false},"excerpt":{"rendered":"<p>\u00a0 \u00a0 \u00a0 \u00a0 \u00a0 Emisiunea de m\u0103rci po\u015ftale \u201eFlorile spinilor\u201d v\u0103 prezint\u0103 specii de flori reg\u0103site \u00een Rom\u00e2nia, ce \u00eembin\u0103 frumuse\u0163ea florilor cu armura spinilor.\u00a0 Timbrul cu valoarea nominal\u0103 de 4,70 lei reproduce imaginea plantei Dipsacus fullonum, cunoscut\u0103 sub numele comun de varga ciobanului. Ea este nativ\u0103 \u00een Eurasia \u015fi nordul Africii, dar este&hellip;&nbsp;<a href=\"https:\/\/romfilatelia.ro\/magazin\/produs\/colectii-anuale\/2016\/florile-spinilor\/\" class=\"\" rel=\"bookmark\">Cite\u0219te mai mult &raquo;<span class=\"screen-reader-text\">Florile spinilor<\/span><\/a><\/p>\n","protected":false},"featured_media":2010601,"template":"","meta":{"neve_meta_sidebar":"","neve_meta_container":"","neve_meta_enable_content_width":"","neve_meta_content_width":0,"neve_meta_title_alignment":"","neve_meta_author_avatar":"","neve_post_elements_order":"","neve_meta_disable_header":"","neve_meta_disable_footer":"","neve_meta_disable_title":""},"product_cat":[102,6],"product_tag":[],"_links":{"self":[{"href":"https:\/\/romfilatelia.ro\/magazin\/wp-json\/wp\/v2\/product\/2010597"}],"collection":[{"href":"https:\/\/romfilatelia.ro\/magazin\/wp-json\/wp\/v2\/product"}],"about":[{"href":"https:\/\/romfilatelia.ro\/magazin\/wp-json\/wp\/v2\/types\/product"}],"wp:featuredmedia":[{"embeddable":true,"href":"https:\/\/romfilatelia.ro\/magazin\/wp-json\/wp\/v2\/media\/2010601"}],"wp:attachment":[{"href":"https:\/\/romfilatelia.ro\/magazin\/wp-json\/wp\/v2\/media?parent=2010597"}],"wp:term":[{"taxonomy":"product_cat","embeddable":true,"href":"https:\/\/romfilatelia.ro\/magazin\/wp-json\/wp\/v2\/product_cat?post=2010597"},{"taxonomy":"product_tag","embeddable":true,"href":"https:\/\/romfilatelia.ro\/magazin\/wp-json\/wp\/v2\/product_tag?post=2010597"}],"curies":[{"name":"wp","href":"https:\/\/api.w.org\/{rel}","templated":true}]}}