{"id":2010587,"date":"2015-12-18T13:00:19","date_gmt":"2015-12-18T13:00:19","guid":{"rendered":"http:\/\/romfilatelia.ro\/?p=2010587"},"modified":"2016-07-29T12:19:19","modified_gmt":"2016-07-29T12:19:19","slug":"emisiune-comuna-romania-brazilia-sculpturi-eva","status":"publish","type":"product","link":"https:\/\/romfilatelia.ro\/magazin\/produs\/colectii-anuale\/2015\/emisiune-comuna-romania-brazilia-sculpturi-eva\/","title":{"rendered":"Emisiune comun\u0103 ROM\u00c2NIA &#8211; BRAZILIA ; Sculpturi: EVA"},"content":{"rendered":"<p><a href=\"https:\/\/romfilatelia.ro\/magazin\/wp-content\/uploads\/2016\/03\/Rom-Bra_EVA_M.jpg\" rel=\"attachment wp-att-2010589\"><img decoding=\"async\" loading=\"lazy\" class=\"size-medium wp-image-2010589 alignleft\" src=\"https:\/\/romfilatelia.ro\/magazin\/wp-content\/uploads\/2016\/03\/Rom-Bra_EVA_M-300x204.jpg\" alt=\"Rom-Bra_EVA_M\" width=\"300\" height=\"204\" srcset=\"https:\/\/romfilatelia.ro\/magazin\/wp-content\/uploads\/2016\/03\/Rom-Bra_EVA_M-300x204.jpg 300w, https:\/\/romfilatelia.ro\/magazin\/wp-content\/uploads\/2016\/03\/Rom-Bra_EVA_M-500x339.jpg 500w, https:\/\/romfilatelia.ro\/magazin\/wp-content\/uploads\/2016\/03\/Rom-Bra_EVA_M-64x43.jpg 64w, https:\/\/romfilatelia.ro\/magazin\/wp-content\/uploads\/2016\/03\/Rom-Bra_EVA_M.jpg 750w\" sizes=\"(max-width: 300px) 100vw, 300px\" \/><\/a> Romfilatelia introduce \u00een circula\u0163ie emisiunea comun\u0103 de m\u0103rci po\u015ftale Rom\u00e2nia-Brazilia dedicat\u0103 artei \u015fi implicit sculputurii, av\u00e2nd ca tem\u0103 personajul feminin biblic, Eva. Pe cele dou\u0103 timbre ale emisiunii sunt ilustrate lucr\u0103rile Eva, apar\u0163in\u00e2nd lui Gheorghe Leonida \u015fi respectiv, sculptorului brazilian Victor Brecheret.<span class=\"Apple-converted-space\">\u00a0<\/span><br \/>\nRom\u00e2nia a stabilit rela\u0163ii diplomatice cu Brazilia, la nivelde lega\u0163ie, la 7 ianuarie 1928, fiind prima reprezentare diplomatic\u0103 rom\u00e2n\u0103 \u00een America Latin\u0103. La 9 mai 1974, rela\u0163iile diplomatice au fost ridicate la rang de ambasad\u0103. De-a lungul timpului, \u00eentre Rom\u00e2nia \u015fi Brazilia s-au creat mai multe pun\u0163i culturale, spirituale, dar \u015fi economice.<span class=\"Apple-converted-space\">\u00a0<\/span><br \/>\nCreativitatea de tip latin, dar \u015fi bogata zestre a culturii locale ne-au f\u0103cut receptivi la conceptele modernit\u0103\u0163ii \u00een literatura, teatrul, filmul \u015fi pictura brazilian\u0103. Amintim c\u0103 un rol important \u00een modernizarea cultural\u0103 a Braziliei au avut-o cofondatorul mi\u015fc\u0103rii culturale dadaiste Tristan Tzara \u015fi sculptorul Gheorghe Leonida.<span class=\"Apple-converted-space\">\u00a0<\/span><br \/>\nSculptorul rom\u00e2n Gheorghe Leonida a contribuit la crearea impozantului simbol al ora\u015fului Rio de Janeiro, statuia lui Hristos M\u00e2ntuitorul, el fiind angajat s\u0103 sculpteze chipul statuii. Putem spune astfel c\u0103 cea mai cunoscut\u0103 emblem\u0103 artistic\u0103 a Braziliei poart\u0103 o amprent\u0103 rom\u00e2neasc\u0103.<span class=\"Apple-converted-space\">\u00a0<\/span><br \/>\nGheorghe Leonida s-a n\u0103scut \u00een anul 1893, la Gala\u0163i, \u00eentr-o familie \u201ereprezentativ\u0103 pentru burghezia rom\u00e2n\u0103, \u00een cel mai bun sens al cuv\u00e2ntului\u201d, dup\u0103 cum spunea scriitorul Mihai Cantuniari, nepot \u00eendep\u0103rtat al acestuia.<span class=\"Apple-converted-space\">\u00a0<\/span><br \/>\nGheorghe Leonida provine dintr-o familie care a dat culturii rom\u00e2ne\u015fti o suit\u0103 de personalit\u0103\u0163i marcante. Fratele s\u0103u, Dimitrie Leonida, a fost fondatorul Muzeului Tehnic din Bucure\u015fti, care \u00eei poart\u0103 numele, iar sora sa, Eliza Leonida, se num\u0103r\u0103 printre primele femei inginer din lume.<span class=\"Apple-converted-space\">\u00a0<\/span><br \/>\nLeonida a studiat la Conservatorul de Art\u0103 din Bucure\u015fti, sec\u0163ia sculptur\u0103, continu\u00e2ndu-\u015fi preg\u0103tirea, \u00eentre anii 1922-1925, la Roma. \u00cen aceea\u015fi perioad\u0103 a realizat dou\u0103 sculpturi importante, Eva \u015fi Reveil. Cea dint\u00e2i, o superb\u0103 siluet\u0103 feminin\u0103 din bronz \u0163in\u00e2nd \u00een m\u00e2n\u0103 un m\u0103r, redat\u0103 pe timbrul cu valoarea nominal\u0103 de 1,00 lei, face parte din patrimoniul Muzeul Na\u0163ional de Art\u0103 al Rom\u00e2niei \u015fi este expus\u0103 pe spa\u0163iul verde din fa\u0163a fostului Palat Regal.<span class=\"Apple-converted-space\">\u00a0<\/span><br \/>\nNudul de t\u00e2n\u0103r\u0103 femeie, redat \u00eentr-o manier\u0103 clasicizant\u0103, a fost surprins de artist \u00eentr-o postur\u0103 dinamic\u0103: corpul arcuit spre dreapta, m\u00e2na dreapt\u0103 ridicat\u0103 spre chip \u015fi capul gra\u0163ios, cu p\u0103rul prins \u00een coc, u\u015for aplecat asupra m\u0103rului pe care \u00eel \u0163ine \u00een m\u00e2n\u0103. Sculptura este remarcabil\u0103 prin fine\u0163ea execu\u0163iei, rigurozitatea compozi\u0163iei formelor \u015fi minu\u0163iozitatea cu care sunt redate detaliile.<span class=\"Apple-converted-space\">\u00a0<\/span><br \/>\nVictor Brecheret, n\u0103scut Vittorio Breheret, \u00een anul 1894, \u00eentr-un ora\u015f mic \u00een apropiere de Roma, a fost un sculptor italian-brazilian, care la v\u00e2rsta de zece ani a emigrat \u00een Brazilia \u00eempreun\u0103 cu familia unchiului s\u0103u \u015fi astfel a adoptat numele sub care a devenit cunoscut. Munca lui Brecheret combin\u0103 tehnici de sculptur\u0103 specifice modernismului din \u0163ara sa natal\u0103 (caracteristicile fizice ale formelor sale umane) \u015fi motivele vizuale din arta popular\u0103 brazilian\u0103. Multe dintre subiectele sale sunt personaje din Biblie sau din mitologia clasic\u0103.<span class=\"Apple-converted-space\">\u00a0<\/span><br \/>\n\u00cen anul 1921 sculptura lui, Eva, a fost achizi\u0163ionat\u0103 de prim\u0103ria S\u0103o Paulo. Reprodus\u0103 pe timbrul cu valoarea nominal\u0103 de 9,10 lei, acesta o \u00eenf\u0103\u0163i\u015feaz\u0103 pe mama omenirii, prima femeie din punctul de vedere al lui Brecheret. Compozi\u0163ia dinamic\u0103 se datoreaz\u0103 orient\u0103rii diferite a capului \u015fi corpului, rezult\u00e2nd \u00eentr-o mi\u015fcare felin\u0103 a spatelui, cu musculatura \u00eentins\u0103. Structura sa este complex\u0103 \u015fi rafinat\u0103, \u00eembibat\u0103 cu putere \u015fi dramatism.<span class=\"Apple-converted-space\">\u00a0<\/span><\/p>\n<p>Romfilatelia mul\u0163ume\u015fte Muzeului Na\u0163ional de Art\u0103 pentru sprijinul documentar acordat \u00een realizarea acestei emisiuni de m\u0103rci po\u015ftale.<span class=\"Apple-converted-space\">\u00a0<\/span><\/p>\n<p>Data de aparitie: 2015-12-18<\/p>\n<p><a href=\"https:\/\/romfilatelia.ro\/magazin\/wp-content\/uploads\/2016\/03\/Rom-Bra_EVA_box.jpg\" rel=\"attachment wp-att-2010591\"><img decoding=\"async\" loading=\"lazy\" class=\"aligncenter wp-image-2010591 size-full\" src=\"https:\/\/romfilatelia.ro\/magazin\/wp-content\/uploads\/2016\/03\/Rom-Bra_EVA_box.jpg\" alt=\"Rom-Bra_EVA_box\" width=\"750\" height=\"415\" srcset=\"https:\/\/romfilatelia.ro\/magazin\/wp-content\/uploads\/2016\/03\/Rom-Bra_EVA_box.jpg 750w, https:\/\/romfilatelia.ro\/magazin\/wp-content\/uploads\/2016\/03\/Rom-Bra_EVA_box-500x277.jpg 500w, https:\/\/romfilatelia.ro\/magazin\/wp-content\/uploads\/2016\/03\/Rom-Bra_EVA_box-64x35.jpg 64w, https:\/\/romfilatelia.ro\/magazin\/wp-content\/uploads\/2016\/03\/Rom-Bra_EVA_box-300x166.jpg 300w\" sizes=\"(max-width: 750px) 100vw, 750px\" \/><\/a><\/p>\n","protected":false},"excerpt":{"rendered":"<p>Romfilatelia introduce \u00een circula\u0163ie emisiunea comun\u0103 de m\u0103rci po\u015ftale Rom\u00e2nia-Brazilia dedicat\u0103 artei \u015fi implicit sculputurii, av\u00e2nd ca tem\u0103 personajul feminin biblic, Eva. Pe cele dou\u0103 timbre ale emisiunii sunt ilustrate lucr\u0103rile Eva, apar\u0163in\u00e2nd lui Gheorghe Leonida \u015fi respectiv, sculptorului brazilian Victor Brecheret.\u00a0 Rom\u00e2nia a stabilit rela\u0163ii diplomatice cu Brazilia, la nivelde lega\u0163ie, la 7 ianuarie&hellip;&nbsp;<a href=\"https:\/\/romfilatelia.ro\/magazin\/produs\/colectii-anuale\/2015\/emisiune-comuna-romania-brazilia-sculpturi-eva\/\" class=\"\" rel=\"bookmark\">Cite\u0219te mai mult &raquo;<span class=\"screen-reader-text\">Emisiune comun\u0103 ROM\u00c2NIA &#8211; BRAZILIA ; Sculpturi: EVA<\/span><\/a><\/p>\n","protected":false},"featured_media":2010589,"template":"","meta":{"neve_meta_sidebar":"","neve_meta_container":"","neve_meta_enable_content_width":"","neve_meta_content_width":0,"neve_meta_title_alignment":"","neve_meta_author_avatar":"","neve_post_elements_order":"","neve_meta_disable_header":"","neve_meta_disable_footer":"","neve_meta_disable_title":""},"product_cat":[103,6],"product_tag":[],"_links":{"self":[{"href":"https:\/\/romfilatelia.ro\/magazin\/wp-json\/wp\/v2\/product\/2010587"}],"collection":[{"href":"https:\/\/romfilatelia.ro\/magazin\/wp-json\/wp\/v2\/product"}],"about":[{"href":"https:\/\/romfilatelia.ro\/magazin\/wp-json\/wp\/v2\/types\/product"}],"wp:featuredmedia":[{"embeddable":true,"href":"https:\/\/romfilatelia.ro\/magazin\/wp-json\/wp\/v2\/media\/2010589"}],"wp:attachment":[{"href":"https:\/\/romfilatelia.ro\/magazin\/wp-json\/wp\/v2\/media?parent=2010587"}],"wp:term":[{"taxonomy":"product_cat","embeddable":true,"href":"https:\/\/romfilatelia.ro\/magazin\/wp-json\/wp\/v2\/product_cat?post=2010587"},{"taxonomy":"product_tag","embeddable":true,"href":"https:\/\/romfilatelia.ro\/magazin\/wp-json\/wp\/v2\/product_tag?post=2010587"}],"curies":[{"name":"wp","href":"https:\/\/api.w.org\/{rel}","templated":true}]}}