{"id":2010586,"date":"2016-07-25T00:01:26","date_gmt":"2016-07-25T00:01:26","guid":{"rendered":"http:\/\/romfilatelia.ro\/?p=2010586"},"modified":"2016-07-25T21:42:53","modified_gmt":"2016-07-25T21:42:53","slug":"iubeste-arta-muzeul-national-brukenthal-pictura-flamanda","status":"publish","type":"product","link":"https:\/\/romfilatelia.ro\/magazin\/produs\/colectii-anuale\/2016\/iubeste-arta-muzeul-national-brukenthal-pictura-flamanda\/","title":{"rendered":"IUBE\u015eTE ARTA! MUZEUL NA\u0162IONAL BRUKENTHAL (Pictur\u0103 flamand\u0103)"},"content":{"rendered":"<p><a href=\"https:\/\/romfilatelia.ro\/magazin\/wp-content\/uploads\/2016\/03\/Muz_Brukenthal_M.jpg\" rel=\"attachment wp-att-2010588\"><img decoding=\"async\" loading=\"lazy\" class=\"size-medium wp-image-2010588 alignleft\" src=\"https:\/\/romfilatelia.ro\/magazin\/wp-content\/uploads\/2016\/03\/Muz_Brukenthal_M-211x300.jpg\" alt=\"Muz_Brukenthal_M\" width=\"211\" height=\"300\" \/><\/a><span class=\"Apple-style-span\">La numai dou\u0103zeci de ani de la deschiderea Muzeului Luvru din Paris, la Sibiu are loc, \u00een 1817, deschiderea Muzeului Na\u0163ional Brukenthal, cel mai vechi din Rom\u00e2nia \u015fi unul dintre cele mai vechi din Europa.<span class=\"Apple-converted-space\">\u00a0<\/span><br \/>\nMuzeul, realizat potrivit voin\u0163ei testamentare a fostului guvernator al Transilvaniei (Samuel von Brukenthal &#8211; 1721-1803), a devenit, timp de aproape dou\u0103 secole, principala atrac\u0163ie a celor ce treceau prin Sibiu. Pinacoteca muzeului dispune de un valoros fond de pictur\u0103 european\u0103, din care numeroase tablouri apar\u0163in \u015ecolii de pictur\u0103 flamand\u0103.<span class=\"Apple-converted-space\">\u00a0<\/span><br \/>\nPe timbrele emisiunii filatelice dedicate acestui muzeu sunt \u00eenf\u0103\u0163i\u015fate patru tablouri ce apar\u0163in pictorilor flamanzi.<span class=\"Apple-converted-space\">\u00a0<\/span><br \/>\nSf\u00e2ntul Ieronim \u00een scriptoriu, \u00eenf\u0103\u0163i\u015fat pe timbrul cu valoarea nominal\u0103 de 4,70 lei, este un ulei pe lemn, pictat de Marinus Claeszoon van Reymerswaele care a tr\u0103it \u00een Flandra \u00eentre 1490 \u015fi 1546. Patron al profesorilor, studen\u0163ilor, dar \u015fi func\u0163ionarilor, Sf\u00e2ntul Ieronim este prezentat lucr\u00e2nd la traducerea Bibliei \u00een latin\u0103 \u015fi av\u00e2nd o revela\u0163ie; de\u015fi lum\u00e2narea este stins\u0103, pictura este invadat\u0103 de lumin\u0103, fapt ce sugereaz\u0103 inten\u0163ia binecuv\u00e2nt\u0103rii la apropierea trecerii omului \u00een cealalt\u0103 via\u0163\u0103.<span class=\"Apple-converted-space\">\u00a0<\/span><br \/>\nCeres, Bacchus \u015fi Venus, \u00eenf\u0103\u0163i\u015fat pe timbrul cu valoarea nominal\u0103 de 5,00 lei, a fost creat de Abraham Janssens van Nuyssen (c.1567-1632). Acesta a pictat teme religioase, alegorice \u015fi mitologice, de obicei de mari dimensiuni. Lucrarea sa cu tem\u0103 mitologic\u0103 Ceres, Bacchus \u015fi Venus preia ideea de bucurie a vie\u0163ii. Atitudinea cucernic\u0103 a personajelor, ca \u015fi anatomiile sculpturale, nuan\u0163ele plate \u015fi juxtapunerea planurilor sunt eviden\u0163e pentru stilul caravagist pe care Janssens l-a adaptat manierismului local.<span class=\"Apple-converted-space\">\u00a0<\/span><br \/>\nLeul \u00een fa\u0163a pe\u015fterii, ulei pe lemn, aflat pe timbrul cu valoarea nominal\u0103 de 7,60 lei, a fost realizat de pictorul flamand Roelant Savery, care a tr\u0103it \u00eentre anii 1576 \u015fi 1639. Lucr\u0103rile sale descriu peisaje inspirate de \u0163inutul Tirolului, \u00eenfrumuse\u0163ate cu animale \u015fi plante, dar \u015fi cu scene mitologice \u015fi biblice \u00een fundal. De remarcat sunt \u015fi naturile moarte cu flori \u015fi mici animale.<span class=\"Apple-converted-space\">\u00a0<\/span><br \/>\nNatur\u0103 moart\u0103 cu fructe \u015fi papagal, ilustrat\u0103 pe timbrul cu valoarea nominal\u0103 de 9,10 lei, este un ulei pe p\u00e2nz\u0103 pictat de Jan Fyt (1611-1661). Pictorul, reprezentativ pentru gruparea Bentvueghels (reunea pictorii din \u0162\u0103rile de Jos activi la Roma), a r\u0103mas renumit pentru scenele de v\u00e2n\u0103toare \u015fi naturi moarte cu v\u00e2nat, arme de v\u00e2n\u0103toare sau fructe \u015fi obiecte de lux, at\u00e2t de apreciate de aristocra\u0163ia vremii.<span class=\"Apple-converted-space\">\u00a0<\/span><\/span><\/p>\n<p>Aducem mul\u0163umirile noastre Muzeului Na\u0163ional Brukenthal din Sibiu pentru sprijinul acordat la realizarea acestei emisiuni de m\u0103rci po\u015ftale.<span class=\"Apple-converted-space\">\u00a0<\/span><\/p>\n<p>Data de aparitie: 2016-01-05<\/p>\n<p><a href=\"https:\/\/romfilatelia.ro\/magazin\/wp-content\/uploads\/2016\/03\/Muz_Brukenthal_box.jpg\" rel=\"attachment wp-att-2010590\"><img decoding=\"async\" loading=\"lazy\" class=\"aligncenter wp-image-2010590 size-full\" src=\"https:\/\/romfilatelia.ro\/magazin\/wp-content\/uploads\/2016\/03\/Muz_Brukenthal_box.jpg\" alt=\"Muz_Brukenthal_box\" width=\"750\" height=\"435\" srcset=\"https:\/\/romfilatelia.ro\/magazin\/wp-content\/uploads\/2016\/03\/Muz_Brukenthal_box.jpg 750w, https:\/\/romfilatelia.ro\/magazin\/wp-content\/uploads\/2016\/03\/Muz_Brukenthal_box-500x290.jpg 500w, https:\/\/romfilatelia.ro\/magazin\/wp-content\/uploads\/2016\/03\/Muz_Brukenthal_box-64x37.jpg 64w, https:\/\/romfilatelia.ro\/magazin\/wp-content\/uploads\/2016\/03\/Muz_Brukenthal_box-300x174.jpg 300w\" sizes=\"(max-width: 750px) 100vw, 750px\" \/><\/a><\/p>\n","protected":false},"excerpt":{"rendered":"<p>La numai dou\u0103zeci de ani de la deschiderea Muzeului Luvru din Paris, la Sibiu are loc, \u00een 1817, deschiderea Muzeului Na\u0163ional Brukenthal, cel mai vechi din Rom\u00e2nia \u015fi unul dintre cele mai vechi din Europa.\u00a0 Muzeul, realizat potrivit voin\u0163ei testamentare a fostului guvernator al Transilvaniei (Samuel von Brukenthal &#8211; 1721-1803), a devenit, timp de aproape&hellip;&nbsp;<a href=\"https:\/\/romfilatelia.ro\/magazin\/produs\/colectii-anuale\/2016\/iubeste-arta-muzeul-national-brukenthal-pictura-flamanda\/\" class=\"\" rel=\"bookmark\">Cite\u0219te mai mult &raquo;<span class=\"screen-reader-text\">IUBE\u015eTE ARTA! MUZEUL NA\u0162IONAL BRUKENTHAL (Pictur\u0103 flamand\u0103)<\/span><\/a><\/p>\n","protected":false},"featured_media":2010588,"template":"","meta":{"neve_meta_sidebar":"","neve_meta_container":"","neve_meta_enable_content_width":"","neve_meta_content_width":0,"neve_meta_title_alignment":"","neve_meta_author_avatar":"","neve_post_elements_order":"","neve_meta_disable_header":"","neve_meta_disable_footer":"","neve_meta_disable_title":""},"product_cat":[102,6],"product_tag":[],"_links":{"self":[{"href":"https:\/\/romfilatelia.ro\/magazin\/wp-json\/wp\/v2\/product\/2010586"}],"collection":[{"href":"https:\/\/romfilatelia.ro\/magazin\/wp-json\/wp\/v2\/product"}],"about":[{"href":"https:\/\/romfilatelia.ro\/magazin\/wp-json\/wp\/v2\/types\/product"}],"wp:featuredmedia":[{"embeddable":true,"href":"https:\/\/romfilatelia.ro\/magazin\/wp-json\/wp\/v2\/media\/2010588"}],"wp:attachment":[{"href":"https:\/\/romfilatelia.ro\/magazin\/wp-json\/wp\/v2\/media?parent=2010586"}],"wp:term":[{"taxonomy":"product_cat","embeddable":true,"href":"https:\/\/romfilatelia.ro\/magazin\/wp-json\/wp\/v2\/product_cat?post=2010586"},{"taxonomy":"product_tag","embeddable":true,"href":"https:\/\/romfilatelia.ro\/magazin\/wp-json\/wp\/v2\/product_tag?post=2010586"}],"curies":[{"name":"wp","href":"https:\/\/api.w.org\/{rel}","templated":true}]}}