{"id":2010575,"date":"2015-12-14T12:56:12","date_gmt":"2015-12-14T12:56:12","guid":{"rendered":"http:\/\/romfilatelia.ro\/?p=2010575"},"modified":"2016-07-29T12:14:17","modified_gmt":"2016-07-29T12:14:17","slug":"70-de-ani-de-la-infiintarea-onu-60-de-ani-de-la-aderarea-romaniei-la-onu","status":"publish","type":"product","link":"https:\/\/romfilatelia.ro\/magazin\/produs\/colectii-anuale\/2015\/70-de-ani-de-la-infiintarea-onu-60-de-ani-de-la-aderarea-romaniei-la-onu\/","title":{"rendered":"70 de ani de la \u00eenfiin\u0163area ONU, 60 de ani de la aderarea Rom\u00e2niei la ONU"},"content":{"rendered":"<p><a href=\"https:\/\/romfilatelia.ro\/magazin\/wp-content\/uploads\/2016\/03\/ONU_70ani_M.jpg\" rel=\"attachment wp-att-2010576\"><img decoding=\"async\" loading=\"lazy\" class=\"size-medium wp-image-2010576 alignleft\" src=\"https:\/\/romfilatelia.ro\/magazin\/wp-content\/uploads\/2016\/03\/ONU_70ani_M-300x204.jpg\" alt=\"ONU_70ani_M\" width=\"300\" height=\"204\" srcset=\"https:\/\/romfilatelia.ro\/magazin\/wp-content\/uploads\/2016\/03\/ONU_70ani_M-300x204.jpg 300w, https:\/\/romfilatelia.ro\/magazin\/wp-content\/uploads\/2016\/03\/ONU_70ani_M-500x339.jpg 500w, https:\/\/romfilatelia.ro\/magazin\/wp-content\/uploads\/2016\/03\/ONU_70ani_M-64x43.jpg 64w, https:\/\/romfilatelia.ro\/magazin\/wp-content\/uploads\/2016\/03\/ONU_70ani_M.jpg 750w\" sizes=\"(max-width: 300px) 100vw, 300px\" \/><\/a><span class=\"Apple-style-span\">\u00cen anul 2015 se \u00eemplinesc 70 de ani de la \u00eenfiin\u0163area Organiza\u0163iei Na\u0163iunilor Unite prin intrarea \u00een vigoare a Cartei ONU, la 24 octombrie 1945 \u015fi 60 de ani de la aderarea Rom\u00e2niei la Organiza\u0163ie. Cu aceast\u0103 ocazie Romfilatelia introduce \u00een circula\u0163ie emisiunea de timbre celebr\u00e2nd cele dou\u0103 evenimente.<span class=\"Apple-converted-space\">\u00a0<\/span><br \/>\nONU a fost creat\u0103 ca un proiect de men\u0163inere a p\u0103cii \u015fi de prevenire a unei noi conflagra\u0163ii mondiale, \u00een viziunea alia\u0163ilor victorio\u015fi \u00een cel de-al Doilea R\u0103zboi Mondial. Rom\u00e2nia a fost admis\u0103 \u00een Organiza\u0163ie printr-o rezolu\u0163ie a Adun\u0103rii Generale a ONU din 14 decembrie 1955.<span class=\"Apple-converted-space\">\u00a0<\/span><br \/>\nAderarea Rom\u00e2niei a reprezentat afirmarea ca atare pe arena interna\u0163ional\u0103, ca \u0163ar\u0103 p\u00e2n\u0103 atunci izolat\u0103 \u00een umbra Cortinei de Fier.<span class=\"Apple-converted-space\">\u00a0<\/span><br \/>\nDup\u0103 admiterea \u00een ONU, prima etap\u0103 a prezen\u0163ei Rom\u00e2niei a fost una de tatonare a climatului politic \u015fi de explorare a posibilit\u0103\u0163ilor existente pentru promovarea interesului na\u0163ional propriu.<span class=\"Apple-converted-space\">\u00a0<\/span><br \/>\nAtitudinea pro-activ\u0103 a Rom\u00e2niei \u015fi deschiderea spre rela\u0163iile cu \u0163\u0103rile occidentale au avut rezultate pozitive, precum ob\u0163inerea func\u0163iei de Pre\u015fedinte al Adun\u0103rii Generale pentru sesiunea 1967\/68. A fost pentru prima dat\u0103 c\u00e2nd un reprezentat al grupului socialist accedea la aceast\u0103 func\u0163ie, chiar \u00eenaintea membrilor fondatori. De asemenea, deschiderea s-a materializat \u015fi printr-o prezen\u0163\u0103 numeroas\u0103 a rom\u00e2nilor \u00een Secretariatele institu\u0163iilor ONU.<span class=\"Apple-converted-space\">\u00a0<\/span><br \/>\nRom\u00e2nia a organizat \u015fi g\u0103zduit \u00een 1974 Conferin\u0163a Mondial\u0103 privind Popula\u0163ia, un precursor de mare prestigiu al Conferin\u0163elor la nivel \u00eenalt care aveau s\u0103 prolifereze \u00een anii 1990. La Bucure\u015fti a fost g\u0103zduit\u0103 \u015fi cea mai prestigioas\u0103 institu\u0163ie a UNESCO situat\u0103 \u00een afara Fran\u0163ei, Centrul European pentru \u00cenv\u0103\u0163\u0103m\u00e2nt Superior.<span class=\"Apple-converted-space\">\u00a0<\/span><br \/>\nDup\u0103 1989, profilul \u015fi temele de interes pentru Rom\u00e2nia la ONU s-au schimbat profund.<span class=\"Apple-converted-space\">\u00a0<\/span><br \/>\nONU a devenit, \u00een anii 1990, un furnizor major de asisten\u0163\u0103 tehnic\u0103 pentru Rom\u00e2nia. Au fost vizate domenii cruciale pentru procesul de transformare din societate \u00een domeniile economiei, copiilor afla\u0163i \u00een situa\u0163ii dificile, protec\u0163iei mediului, sprijinirii institu\u0163iilor democratice, educa\u0163iei \u015f.a.<span class=\"Apple-converted-space\">\u00a0<\/span><br \/>\nCele mai semnificative fonduri \u015fi programe ale ONU \u015fi-au deschis reprezentan\u0163e \u015fi au pus \u00een aplicare programe pentru Rom\u00e2nia: Programul Na\u0163iunilor Unite pentru Dezvoltare, Fondul Na\u0163iunilor Unite pentru Copii, Fondul Na\u0163iunilor Unite pentru Popula\u0163ie, Organiza\u0163ia Interna\u0163ional\u0103 a Muncii, Organiza\u0163ia Mondial\u0103 a S\u0103n\u0103t\u0103\u0163ii, Comisariatul Na\u0163iunilor Unite pentru Refugia\u0163i.<span class=\"Apple-converted-space\">\u00a0<\/span><br \/>\nProfilul contribu\u0163iilor rom\u00e2ne\u015fti la activit\u0103\u0163ile ONU s-a schimbat la r\u00e2ndul s\u0103u. Rom\u00e2nia a participat pentru prima dat\u0103 \u00een istoria sa, \u00een 1991, cu trupe la opera\u0163iunile ONU de men\u0163inere a p\u0103cii, cu un v\u00e2rf de contribu\u0163ie, vizibilitate \u015fi influen\u0163\u0103 \u00een 1996, c\u00e2nd Rom\u00e2nia se situa pe locul 10 \u00een ierarhia marilor contributori. De altfel, aceast\u0103 pozi\u0163ie a fost un argument important \u00een dosarul de candidat al Rom\u00e2niei la NATO.<span class=\"Apple-converted-space\">\u00a0<\/span><br \/>\nPentru prima dat\u0103 \u00een istoria sa la ONU, \u00een anul 2000, Rom\u00e2nia a fost \u00een m\u0103sur\u0103 s\u0103 realizeze o ini\u0163iativ\u0103 de maxim\u0103 importan\u0163\u0103, nu doar pentru afirmarea noului s\u0103u profil pe plan multilateral, ci \u015fi pentru agenda ONU ca atare, prin rezolu\u0163ia Promovarea \u015fi consolidarea democra\u0163iei adoptat\u0103 succesiv de Comisia Drepturilor Omului \u015fi de Adunarea General\u0103.<span class=\"Apple-converted-space\">\u00a0<\/span><br \/>\nDecizia Cur\u0163ii Interna\u0163ionale de Justi\u0163ie cu privire la procesul dintre Rom\u00e2nia \u015fi Ucraina privind delimitarea platoului continental din Marea Neagr\u0103 (2009) este cel mai important eveniment din istoria rela\u0163iilor Rom\u00e2niei cu sistemul ONU.<span class=\"Apple-converted-space\">\u00a0<\/span><br \/>\nAceast\u0103 decizie nu este numai cea mai direct\u0103 \u015fi mai explicit\u0103 folosire a sistemului ONU \u00een servirea interesului na\u0163ional al Rom\u00e2niei, dar ilustreaz\u0103 multe dintre marile teme promovate de diploma\u0163ii rom\u00e2ni la ONU: cooperarea regional\u0103, afirmarea dreptului interna\u0163ional, reglementarea prin mijloace pa\u015fnice a disputelor, precum \u015fi rolul pe care ONU \u00eel poate avea pentru destinul statelor mici \u015fi mijlocii.<span class=\"Apple-converted-space\">\u00a0<\/span><\/span><\/p>\n<p>Romfilatelia mul\u0163ume\u015fte Ministerului Afacerilor Externe pentru sprijinul documentar acordat \u00een realizarea acestei emisiuni de m\u0103rci po\u015ftale.<span class=\"Apple-converted-space\">\u00a0<\/span><\/p>\n<p>Data de aparitie: 2015-12-14<\/p>\n<p><a href=\"https:\/\/romfilatelia.ro\/magazin\/wp-content\/uploads\/2016\/03\/ONU_70ani_box.jpg\" rel=\"attachment wp-att-2010579\"><img decoding=\"async\" loading=\"lazy\" class=\"aligncenter wp-image-2010579 size-full\" src=\"https:\/\/romfilatelia.ro\/magazin\/wp-content\/uploads\/2016\/03\/ONU_70ani_box.jpg\" alt=\"ONU_70ani_box\" width=\"750\" height=\"448\" srcset=\"https:\/\/romfilatelia.ro\/magazin\/wp-content\/uploads\/2016\/03\/ONU_70ani_box.jpg 750w, https:\/\/romfilatelia.ro\/magazin\/wp-content\/uploads\/2016\/03\/ONU_70ani_box-500x299.jpg 500w, https:\/\/romfilatelia.ro\/magazin\/wp-content\/uploads\/2016\/03\/ONU_70ani_box-64x38.jpg 64w, https:\/\/romfilatelia.ro\/magazin\/wp-content\/uploads\/2016\/03\/ONU_70ani_box-300x179.jpg 300w\" sizes=\"(max-width: 750px) 100vw, 750px\" \/><\/a><\/p>\n","protected":false},"excerpt":{"rendered":"<p>\u00cen anul 2015 se \u00eemplinesc 70 de ani de la \u00eenfiin\u0163area Organiza\u0163iei Na\u0163iunilor Unite prin intrarea \u00een vigoare a Cartei ONU, la 24 octombrie 1945 \u015fi 60 de ani de la aderarea Rom\u00e2niei la Organiza\u0163ie. Cu aceast\u0103 ocazie Romfilatelia introduce \u00een circula\u0163ie emisiunea de timbre celebr\u00e2nd cele dou\u0103 evenimente.\u00a0 ONU a fost creat\u0103 ca un&hellip;&nbsp;<a href=\"https:\/\/romfilatelia.ro\/magazin\/produs\/colectii-anuale\/2015\/70-de-ani-de-la-infiintarea-onu-60-de-ani-de-la-aderarea-romaniei-la-onu\/\" class=\"\" rel=\"bookmark\">Cite\u0219te mai mult &raquo;<span class=\"screen-reader-text\">70 de ani de la \u00eenfiin\u0163area ONU, 60 de ani de la aderarea Rom\u00e2niei la ONU<\/span><\/a><\/p>\n","protected":false},"featured_media":2010576,"template":"","meta":{"neve_meta_sidebar":"","neve_meta_container":"","neve_meta_enable_content_width":"","neve_meta_content_width":0,"neve_meta_title_alignment":"","neve_meta_author_avatar":"","neve_post_elements_order":"","neve_meta_disable_header":"","neve_meta_disable_footer":"","neve_meta_disable_title":""},"product_cat":[103,6],"product_tag":[],"_links":{"self":[{"href":"https:\/\/romfilatelia.ro\/magazin\/wp-json\/wp\/v2\/product\/2010575"}],"collection":[{"href":"https:\/\/romfilatelia.ro\/magazin\/wp-json\/wp\/v2\/product"}],"about":[{"href":"https:\/\/romfilatelia.ro\/magazin\/wp-json\/wp\/v2\/types\/product"}],"wp:featuredmedia":[{"embeddable":true,"href":"https:\/\/romfilatelia.ro\/magazin\/wp-json\/wp\/v2\/media\/2010576"}],"wp:attachment":[{"href":"https:\/\/romfilatelia.ro\/magazin\/wp-json\/wp\/v2\/media?parent=2010575"}],"wp:term":[{"taxonomy":"product_cat","embeddable":true,"href":"https:\/\/romfilatelia.ro\/magazin\/wp-json\/wp\/v2\/product_cat?post=2010575"},{"taxonomy":"product_tag","embeddable":true,"href":"https:\/\/romfilatelia.ro\/magazin\/wp-json\/wp\/v2\/product_tag?post=2010575"}],"curies":[{"name":"wp","href":"https:\/\/api.w.org\/{rel}","templated":true}]}}