{"id":2010561,"date":"2015-11-19T12:52:49","date_gmt":"2015-11-19T12:52:49","guid":{"rendered":"http:\/\/romfilatelia.ro\/?p=2010561"},"modified":"2016-07-29T12:02:19","modified_gmt":"2016-07-29T12:02:19","slug":"lacrimile-ingerilor","status":"publish","type":"product","link":"https:\/\/romfilatelia.ro\/magazin\/produs\/colectii-anuale\/2015\/lacrimile-ingerilor\/","title":{"rendered":"LACRIMILE \u00ceNGERILOR"},"content":{"rendered":"<p><a href=\"https:\/\/romfilatelia.ro\/magazin\/wp-content\/uploads\/2016\/03\/Lacrimi_M.jpg\" rel=\"attachment wp-att-2010564\"><img decoding=\"async\" loading=\"lazy\" class=\"size-medium wp-image-2010564 alignleft\" src=\"https:\/\/romfilatelia.ro\/magazin\/wp-content\/uploads\/2016\/03\/Lacrimi_M-300x184.jpg\" alt=\"Lacrimi_M\" width=\"300\" height=\"184\" srcset=\"https:\/\/romfilatelia.ro\/magazin\/wp-content\/uploads\/2016\/03\/Lacrimi_M-300x184.jpg 300w, https:\/\/romfilatelia.ro\/magazin\/wp-content\/uploads\/2016\/03\/Lacrimi_M-500x307.jpg 500w, https:\/\/romfilatelia.ro\/magazin\/wp-content\/uploads\/2016\/03\/Lacrimi_M-64x39.jpg 64w, https:\/\/romfilatelia.ro\/magazin\/wp-content\/uploads\/2016\/03\/Lacrimi_M-768x471.jpg 768w, https:\/\/romfilatelia.ro\/magazin\/wp-content\/uploads\/2016\/03\/Lacrimi_M-1024x628.jpg 1024w, https:\/\/romfilatelia.ro\/magazin\/wp-content\/uploads\/2016\/03\/Lacrimi_M.jpg 1200w\" sizes=\"(max-width: 300px) 100vw, 300px\" \/><\/a>\u00centr-o clip\u0103 a destinului, o uria\u015f\u0103 flac\u0103r\u0103 a izbucnit din tenebrele neantului, sem\u0103n\u00e2nd suferin\u0163\u0103 \u015fi moarte.<span class=\"Apple-converted-space\">\u00a0<\/span><br \/>\nUltimele note ale unei melodii antrenante care pluteau peste o scen\u0103 \u015fi figuri optimiste s-au stins \u00eentr-un cuptor de foc, \u00een care fiin\u0163e neajutorate se str\u0103duiau s\u0103 g\u0103seasc\u0103 ie\u015firea spre via\u0163\u0103.<span class=\"Apple-converted-space\">\u00a0<\/span><br \/>\n\u00cen r\u0103coarea de dincolo de zidurile incintei \u00een care ploaia de foc \u00ee\u015fi num\u0103ra victimele, semeni \u00eempietri\u0163i de durere se vor str\u0103dui din r\u0103sputeri s\u0103 aduc\u0103 alinare \u015fi speran\u0163\u0103 celor ie\u015fi\u0163i din iadul p\u0103m\u00e2ntesc.<span class=\"Apple-converted-space\">\u00a0<\/span><br \/>\nO nem\u0103rginit\u0103 compasiune \u015fi o dinamic\u0103 a solidarit\u0103\u0163ii rar \u00eent\u00e2lnite \u00eentr-o lume st\u0103p\u00e2nit\u0103 de o evident\u0103 apatie \u015fi blazare, au ap\u0103rut brusc dup\u0103 aflarea \u015ftirilor care aminteau cu tragism v\u00e2rstele tinere ale celor disp\u0103ru\u0163i sau grav r\u0103ni\u0163i.<span class=\"Apple-converted-space\">\u00a0<\/span><br \/>\nChiar dac\u0103, accept\u00e2nd fatalismul, se poate considera c\u0103 via\u0163a fiec\u0103ruia at\u00e2rn\u0103 de un fir de nisip, se impune ca noi, semenii tr\u0103itori l\u00e2ng\u0103 cei \u00een pericol de moarte, s\u0103 facem tot ce este omene\u015fte posibil ca acel fir s\u0103 nu se rup\u0103.<span class=\"Apple-converted-space\">\u00a0<\/span><br \/>\nSufletele desprinse de trupuri au c\u0103p\u0103tat plutirile \u00eengerilor spre \u00eenalturile ve\u015fniciei \u015fi au l\u0103sat \u00een inimile celor care i-au \u00eendr\u0103git, al\u0103turi de durere, leg\u0103turi puternice cu o sf\u00e2nt\u0103 d\u0103inuire.<span class=\"Apple-converted-space\">\u00a0<\/span><br \/>\nLacrimile \u015fi durerea au \u00eenso\u0163it tragismul dispari\u0163iei unor fiin\u0163e dragi, dar fl\u0103c\u0103rile care au purtat sufletele lor la ceruri au reaprins \u00een inimi iubirea de oameni, IUBIRE care r\u0103m\u00e2ne de-a pururi o FLAC\u0102R\u0102 A VIE\u0162II.<span class=\"Apple-converted-space\">\u00a0<\/span><br \/>\nPrin introducerea \u00een circula\u0163ie a emisiunii LACRIMILE \u00eeNGERILOR, \u00een data de 20 noiembrie a.c., Romfilatelia \u00ee\u015fi arat\u0103 compasiunea fa\u0163\u0103 de suferin\u0163a unei \u00eentregi na\u0163iuni \u015fi dore\u015fte s\u0103 contribuie, prin specificul activit\u0103\u0163ii sale, la con\u015ftientizarea \u015fi \u00eencurajarea celor mai sincere sentimente \u015fi acte de iubire fa\u0163\u0103 de aproapele aflat la mare nevoie.<span class=\"Apple-converted-space\">\u00a0<\/span><\/p>\n<p>Fii \u015fi tu al\u0103turi de noi sus\u0163in\u00e2nd aceast\u0103 campanie filatelic\u0103 caritabil\u0103, care se va desf\u0103\u015fura \u00een perioada 20 noiembrie &#8211; 31 decembrie a.c. Fondurile provenite din v\u00e2nzarea tirajului filatelic vor sprijini procesul medical de recuperare a victimelor tragediei, din clubul Colectiv (30 octombrie 2015).<span class=\"Apple-converted-space\">\u00a0<\/span><\/p>\n<p>Data de aparitie: 2015-11-19<\/p>\n<p><a href=\"https:\/\/romfilatelia.ro\/magazin\/wp-content\/uploads\/2016\/03\/Lacrimi_box.jpg\" rel=\"attachment wp-att-2010563\"><img decoding=\"async\" loading=\"lazy\" class=\"aligncenter wp-image-2010563 size-full\" src=\"https:\/\/romfilatelia.ro\/magazin\/wp-content\/uploads\/2016\/03\/Lacrimi_box.jpg\" alt=\"Lacrimi_box\" width=\"750\" height=\"492\" srcset=\"https:\/\/romfilatelia.ro\/magazin\/wp-content\/uploads\/2016\/03\/Lacrimi_box.jpg 750w, https:\/\/romfilatelia.ro\/magazin\/wp-content\/uploads\/2016\/03\/Lacrimi_box-500x328.jpg 500w, https:\/\/romfilatelia.ro\/magazin\/wp-content\/uploads\/2016\/03\/Lacrimi_box-64x42.jpg 64w, https:\/\/romfilatelia.ro\/magazin\/wp-content\/uploads\/2016\/03\/Lacrimi_box-300x197.jpg 300w\" sizes=\"(max-width: 750px) 100vw, 750px\" \/><\/a><\/p>\n","protected":false},"excerpt":{"rendered":"<p>\u00centr-o clip\u0103 a destinului, o uria\u015f\u0103 flac\u0103r\u0103 a izbucnit din tenebrele neantului, sem\u0103n\u00e2nd suferin\u0163\u0103 \u015fi moarte.\u00a0 Ultimele note ale unei melodii antrenante care pluteau peste o scen\u0103 \u015fi figuri optimiste s-au stins \u00eentr-un cuptor de foc, \u00een care fiin\u0163e neajutorate se str\u0103duiau s\u0103 g\u0103seasc\u0103 ie\u015firea spre via\u0163\u0103.\u00a0 \u00cen r\u0103coarea de dincolo de zidurile incintei \u00een&hellip;&nbsp;<a href=\"https:\/\/romfilatelia.ro\/magazin\/produs\/colectii-anuale\/2015\/lacrimile-ingerilor\/\" class=\"\" rel=\"bookmark\">Cite\u0219te mai mult &raquo;<span class=\"screen-reader-text\">LACRIMILE \u00ceNGERILOR<\/span><\/a><\/p>\n","protected":false},"featured_media":2010564,"template":"","meta":{"neve_meta_sidebar":"","neve_meta_container":"","neve_meta_enable_content_width":"","neve_meta_content_width":0,"neve_meta_title_alignment":"","neve_meta_author_avatar":"","neve_post_elements_order":"","neve_meta_disable_header":"","neve_meta_disable_footer":"","neve_meta_disable_title":""},"product_cat":[103,6],"product_tag":[],"_links":{"self":[{"href":"https:\/\/romfilatelia.ro\/magazin\/wp-json\/wp\/v2\/product\/2010561"}],"collection":[{"href":"https:\/\/romfilatelia.ro\/magazin\/wp-json\/wp\/v2\/product"}],"about":[{"href":"https:\/\/romfilatelia.ro\/magazin\/wp-json\/wp\/v2\/types\/product"}],"wp:featuredmedia":[{"embeddable":true,"href":"https:\/\/romfilatelia.ro\/magazin\/wp-json\/wp\/v2\/media\/2010564"}],"wp:attachment":[{"href":"https:\/\/romfilatelia.ro\/magazin\/wp-json\/wp\/v2\/media?parent=2010561"}],"wp:term":[{"taxonomy":"product_cat","embeddable":true,"href":"https:\/\/romfilatelia.ro\/magazin\/wp-json\/wp\/v2\/product_cat?post=2010561"},{"taxonomy":"product_tag","embeddable":true,"href":"https:\/\/romfilatelia.ro\/magazin\/wp-json\/wp\/v2\/product_tag?post=2010561"}],"curies":[{"name":"wp","href":"https:\/\/api.w.org\/{rel}","templated":true}]}}