{"id":2010546,"date":"2015-11-16T12:49:10","date_gmt":"2015-11-16T12:49:10","guid":{"rendered":"http:\/\/romfilatelia.ro\/?p=2010546"},"modified":"2016-07-22T06:40:59","modified_gmt":"2016-07-22T06:40:59","slug":"135-de-ani-de-relatii-diplomatice-romania-statele-unite-ale-americii","status":"publish","type":"product","link":"https:\/\/romfilatelia.ro\/magazin\/produs\/colectii-anuale\/135-de-ani-de-relatii-diplomatice-romania-statele-unite-ale-americii\/","title":{"rendered":"135 de ani de rela\u0163ii diplomatice Rom\u00e2nia &#8211; Statele Unite ale Americii"},"content":{"rendered":"<p><a href=\"https:\/\/romfilatelia.ro\/magazin\/wp-content\/uploads\/2016\/03\/135_dipl_RO_SUA_M.jpg\" rel=\"attachment wp-att-2010551\"><img decoding=\"async\" loading=\"lazy\" class=\"size-medium wp-image-2010551 alignleft\" src=\"https:\/\/romfilatelia.ro\/magazin\/wp-content\/uploads\/2016\/03\/135_dipl_RO_SUA_M-300x245.jpg\" alt=\"135_dipl_RO_SUA_M\" width=\"300\" height=\"245\" srcset=\"https:\/\/romfilatelia.ro\/magazin\/wp-content\/uploads\/2016\/03\/135_dipl_RO_SUA_M-300x245.jpg 300w, https:\/\/romfilatelia.ro\/magazin\/wp-content\/uploads\/2016\/03\/135_dipl_RO_SUA_M-500x408.jpg 500w, https:\/\/romfilatelia.ro\/magazin\/wp-content\/uploads\/2016\/03\/135_dipl_RO_SUA_M-64x52.jpg 64w, https:\/\/romfilatelia.ro\/magazin\/wp-content\/uploads\/2016\/03\/135_dipl_RO_SUA_M.jpg 750w\" sizes=\"(max-width: 300px) 100vw, 300px\" \/><\/a>Cu ocazia \u00eemplinirii a 135 de ani de la stabilirea rela\u0163iilor diplomatice dintre cele dou\u0103 \u0163\u0103ri, Romfilatelia introduce \u00een circuitul po\u015ftal \u015fi filatelic emisiunea de m\u0103rci po\u015ftale 135 de ani de rela\u0163ii diplomatice Rom\u00e2nia &#8211; Statele Unite ale Americii. Rom\u00e2nia \u015fi Statele Unite au pus bazele rela\u0163iei bilaterale \u00eentr-o perioad\u0103 \u00een care ambele se aflau \u00eentr-un amplu proces de modernizare a valorilor, sub conducerea a dou\u0103 personalit\u0103\u0163i remarcabile, Principele Carol I de Hohenzollern &#8211; Sigmaringen \u015fi Rutheford B. Hayes (al 19-lea pre\u015fedinte al Statelor Unite ale Americii), reprezenta\u0163i \u00eempreun\u0103 pe timbrul emisiunii.<span class=\"Apple-converted-space\">\u00a0<\/span><br \/>\nRegele Carol I s-a n\u0103scut la 20 aprilie 1839 la Sigmaringen, fiind ales Domn al Principatelor Unite la 20 aprilie 1866. Este fondatorul dinastiei regale rom\u00e2ne \u015fi supranumit \u00centemeietorul pentru contribu\u0163ia sa la constituirea unor institu\u0163ii publice, legi \u015fi tradi\u0163ii publice (cum ar fi instituirea datei de 10 mai ca s\u0103rb\u0103toare na\u0163ional\u0103). \u00cen cursul domniei sale, \u00een anul 1878, Rom\u00e2nia \u015fi-a ob\u0163inut independen\u0163a de stat, iar Dobrogea a devenit parte a teritoriului na\u0163ional. \u00cen 1881 Rom\u00e2nia a devenit Regat, c\u00e2\u015ftig\u00e2ndu-\u015fi locul \u00een r\u00e2ndul na\u0163iunilor europene.<span class=\"Apple-converted-space\">\u00a0<\/span><br \/>\nN\u0103scut la 4 octombrie, 1822, \u00een Ohio, Rutherford B. Hayes a fost ales al 19-lea pre\u015fedinte al Statelor Unite \u00een 1877. Fiind absolvent al Facult\u0103\u0163ii de Drept Harvard, \u00eenainte de a deveni pre\u015fedinte, a servit \u00een diferite posturi \u00een sistemul militar \u015fi de justi\u0163ie al Statelor Unite. A \u00eendeplinit func\u0163ia de\u00a0 guvernator al statului Ohio \u015fi a fost membru al Congresului american. Hayes a fost primul pre\u015fedinte care a depus jur\u0103m\u00e2ntul la Casa Alb\u0103 \u015fi \u00een timpul mandatului s\u0103u s-a \u00eencheiat etapa istoric\u0103 denumit\u0103 Reconstruc\u0163ia &#8211; o perioad\u0103 de reunificare a statelor americane trecute prin tumultul R\u0103zboiului Civil.<span class=\"Apple-converted-space\">\u00a0<\/span><br \/>\nRom\u00e2nia, o \u0163ar\u0103 care \u00ee\u015fi c\u00e2\u015ftigase independen\u0163a, a g\u0103sit un fond comun de colaborare cu o \u0163ar\u0103 a c\u0103rei independen\u0163\u0103 era c\u00e2\u015ftigat\u0103 de mai bine de un secol \u015fi care \u00eencheia un proces de consolidare a valorilor moderne de guvernare.<br \/>\nRom\u00e2nia \u015fi Statele Unite ale Americii au stabilit rela\u0163ii la nivel de agen\u0163ie diplomatic\u0103 la 14 iunie 1880. La 18 noiembrie 1880, la Washington, \u00een fa\u0163a pre\u015fedintelui Rutherford B. Hayes, a fost notificat\u0103 dob\u00e2ndirea independen\u0163ei Rom\u00e2niei de c\u0103tre trimisul special al Principelui Carol, colonelul Sergiu Voinescu. Aceasta a fost, de fapt, prima misiune diplomatic\u0103 a unui rom\u00e2n \u00een S.U.A., rezult\u00e2nd \u00een recunoa\u015fterea independen\u0163ei Rom\u00e2niei la 20 noiembrie 1880. Colonelul Voinescu a devenit astfel primul diplomat rom\u00e2n primit oficial la Casa Alb\u0103.<span class=\"Apple-converted-space\">\u00a0<\/span><br \/>\nDe atunci, cu excep\u0163ia unei scurte \u00eentreruperi a rela\u0163iilor la \u00eenceputul anilor \u201840, rela\u0163ia dintre cele dou\u0103 \u0163\u0103ri s-a dezvoltat pe toate planurile relevante. \u00cen prezent, rela\u0163ia bilateral\u0103 este stimulat\u0103 de interesul pentru promovarea valorilor democratice comune, aprofundarea dialogului politic \u015fi a cooper\u0103rii \u00een domeniile prioritare, de voin\u0163a comun\u0103 de a r\u0103spunde eficient riscurilor \u015fi provoc\u0103rilor de securitate, precum \u015fi de dorin\u0163a consolid\u0103rii leg\u0103turilor transatlantice.<br \/>\nCaracterul privilegiat al rela\u0163iilor dintre Rom\u00e2nia \u015fi S.U.A. \u015fi ritmul dinamic, \u00een cre\u015ftere, al Parteneriatului Strategic sunt ilustrate de dialogul politic consecvent \u015fi de substan\u0163\u0103, inclusiv la nivel \u00eenalt, derulat at\u00e2t la nivelul reprezentan\u0163ilor Administra\u0163iei, c\u00e2t \u015fi al Congresului, la Bucure\u015fti \u015fi Washington D.C.<br \/>\n13 septembrie 2011 marchez\u0103 adoptarea la nivelul cel mai \u00eenalt a Declara\u0163iei Comune privind Parteneriatul Strategic pentru Secolul XXI \u00eentre Rom\u00e2nia \u015fi Statele Unite ale Americii, un document politic bilateral care consacr\u0103 Parteneriatul Strategic \u015fi stabile\u015fte priorit\u0103\u0163ile din anumite domenii de cooperare: politic, militar \u015fi de securitate, economic, \u015ftiin\u0163ific \u015fi tehnologic, de cercetare, educa\u0163ional, cultural \u015fi rela\u0163ii interumane.<span class=\"Apple-converted-space\">\u00a0<\/span><br \/>\nAnul 2015 marchez\u0103 135 de ani de la ini\u0163ierea rela\u0163iilor diplomatice dintre cele dou\u0103 \u0163\u0103ri, confirm\u00e2nd cel mai cuprinz\u0103tor parteneriat al Rom\u00e2niei din prezent. Acest parteneriat este a\u015fezat la temelia viitoarelor progrese comune pe palierul politico-militar \u015fi de securitate, economic, precum \u015fi \u00een ceea ce prive\u015fte educa\u0163ia, \u015ftiin\u0163a, cultura, inova\u0163ia \u015fi contactele inter-umane, toate acestea fiind o prioritate pe agenda bilateral\u0103.<span class=\"Apple-converted-space\">\u00a0<\/span><br \/>\nVinietele minicolii de 7 timbre ilustreaz\u0103 imaginile de avers \u015fi revers a 2 monede de colec\u0163ie emise de \u0163ara noastr\u0103 \u015fi de S.U.A., astfel: imaginea unei monede din anul 1880, cu valoarea de 5 lei ilustr\u00e2nd pe avers efigia Domnitorul Carol \u015fi pe revers stema Rom\u00e2niei \u00eempreun\u0103 cu o moned\u0103 de colec\u0163ie emis\u0103 de S.U.A., cu valoarea de 1 $, ilustr\u00e2nd imaginea celui de-al 19-lea Pre\u015fedinte Rutherford B. Hayes \u015fi anii s\u0103i de mandat, iar pe revers imaginea Statuii Libert\u0103\u0163ii.<span class=\"Apple-converted-space\">\u00a0<\/span><\/p>\n<p>Romfilatelia mul\u0163ume\u015fte Ministerului Afacerilor Externe pentru sprijinul documentar acordat \u00een realizarea acestei emisiuni de m\u0103rci po\u015ftale.<span class=\"Apple-converted-space\">\u00a0<\/span><\/p>\n<p>Data de aparitie: 2015-11-16<\/p>\n<p><a href=\"https:\/\/romfilatelia.ro\/magazin\/wp-content\/uploads\/2016\/03\/135_dipl_RO_SUA_box.jpg\" rel=\"attachment wp-att-2010550\"><img decoding=\"async\" loading=\"lazy\" class=\"aligncenter wp-image-2010550 size-full\" src=\"https:\/\/romfilatelia.ro\/magazin\/wp-content\/uploads\/2016\/03\/135_dipl_RO_SUA_box.jpg\" alt=\"135_dipl_RO_SUA_box\" width=\"750\" height=\"393\" srcset=\"https:\/\/romfilatelia.ro\/magazin\/wp-content\/uploads\/2016\/03\/135_dipl_RO_SUA_box.jpg 750w, https:\/\/romfilatelia.ro\/magazin\/wp-content\/uploads\/2016\/03\/135_dipl_RO_SUA_box-500x262.jpg 500w, https:\/\/romfilatelia.ro\/magazin\/wp-content\/uploads\/2016\/03\/135_dipl_RO_SUA_box-64x34.jpg 64w, https:\/\/romfilatelia.ro\/magazin\/wp-content\/uploads\/2016\/03\/135_dipl_RO_SUA_box-300x157.jpg 300w\" sizes=\"(max-width: 750px) 100vw, 750px\" \/><\/a><\/p>\n","protected":false},"excerpt":{"rendered":"<p>Cu ocazia \u00eemplinirii a 135 de ani de la stabilirea rela\u0163iilor diplomatice dintre cele dou\u0103 \u0163\u0103ri, Romfilatelia introduce \u00een circuitul po\u015ftal \u015fi filatelic emisiunea de m\u0103rci po\u015ftale 135 de ani de rela\u0163ii diplomatice Rom\u00e2nia &#8211; Statele Unite ale Americii. Rom\u00e2nia \u015fi Statele Unite au pus bazele rela\u0163iei bilaterale \u00eentr-o perioad\u0103 \u00een care ambele se aflau&hellip;&nbsp;<a href=\"https:\/\/romfilatelia.ro\/magazin\/produs\/colectii-anuale\/135-de-ani-de-relatii-diplomatice-romania-statele-unite-ale-americii\/\" class=\"\" rel=\"bookmark\">Cite\u0219te mai mult &raquo;<span class=\"screen-reader-text\">135 de ani de rela\u0163ii diplomatice Rom\u00e2nia &#8211; Statele Unite ale Americii<\/span><\/a><\/p>\n","protected":false},"featured_media":2010551,"template":"","meta":{"neve_meta_sidebar":"","neve_meta_container":"","neve_meta_enable_content_width":"","neve_meta_content_width":0,"neve_meta_title_alignment":"","neve_meta_author_avatar":"","neve_post_elements_order":"","neve_meta_disable_header":"","neve_meta_disable_footer":"","neve_meta_disable_title":""},"product_cat":[6],"product_tag":[],"_links":{"self":[{"href":"https:\/\/romfilatelia.ro\/magazin\/wp-json\/wp\/v2\/product\/2010546"}],"collection":[{"href":"https:\/\/romfilatelia.ro\/magazin\/wp-json\/wp\/v2\/product"}],"about":[{"href":"https:\/\/romfilatelia.ro\/magazin\/wp-json\/wp\/v2\/types\/product"}],"wp:featuredmedia":[{"embeddable":true,"href":"https:\/\/romfilatelia.ro\/magazin\/wp-json\/wp\/v2\/media\/2010551"}],"wp:attachment":[{"href":"https:\/\/romfilatelia.ro\/magazin\/wp-json\/wp\/v2\/media?parent=2010546"}],"wp:term":[{"taxonomy":"product_cat","embeddable":true,"href":"https:\/\/romfilatelia.ro\/magazin\/wp-json\/wp\/v2\/product_cat?post=2010546"},{"taxonomy":"product_tag","embeddable":true,"href":"https:\/\/romfilatelia.ro\/magazin\/wp-json\/wp\/v2\/product_tag?post=2010546"}],"curies":[{"name":"wp","href":"https:\/\/api.w.org\/{rel}","templated":true}]}}