{"id":2010535,"date":"2015-10-16T12:45:15","date_gmt":"2015-10-16T12:45:15","guid":{"rendered":"http:\/\/romfilatelia.ro\/?p=2010535"},"modified":"2016-07-29T11:46:42","modified_gmt":"2016-07-29T11:46:42","slug":"ion-tiriac-un-campion-de-legenda","status":"publish","type":"product","link":"https:\/\/romfilatelia.ro\/magazin\/produs\/colectii-anuale\/2015\/ion-tiriac-un-campion-de-legenda\/","title":{"rendered":"ION \u0162IRIAC, Un Campion de Legend\u0103"},"content":{"rendered":"<p><a href=\"https:\/\/romfilatelia.ro\/magazin\/wp-content\/uploads\/2016\/03\/Ion_Tiriac_M.jpg\" rel=\"attachment wp-att-2010539\"><img decoding=\"async\" loading=\"lazy\" class=\"alignleft wp-image-2010539 size-medium\" src=\"https:\/\/romfilatelia.ro\/magazin\/wp-content\/uploads\/2016\/03\/Ion_Tiriac_M-300x167.jpg\" alt=\"Ion_Tiriac_M\" width=\"300\" height=\"167\" srcset=\"https:\/\/romfilatelia.ro\/magazin\/wp-content\/uploads\/2016\/03\/Ion_Tiriac_M-300x167.jpg 300w, https:\/\/romfilatelia.ro\/magazin\/wp-content\/uploads\/2016\/03\/Ion_Tiriac_M-500x279.jpg 500w, https:\/\/romfilatelia.ro\/magazin\/wp-content\/uploads\/2016\/03\/Ion_Tiriac_M-64x36.jpg 64w, https:\/\/romfilatelia.ro\/magazin\/wp-content\/uploads\/2016\/03\/Ion_Tiriac_M-768x429.jpg 768w, https:\/\/romfilatelia.ro\/magazin\/wp-content\/uploads\/2016\/03\/Ion_Tiriac_M-1024x572.jpg 1024w, https:\/\/romfilatelia.ro\/magazin\/wp-content\/uploads\/2016\/03\/Ion_Tiriac_M.jpg 1075w\" sizes=\"(max-width: 300px) 100vw, 300px\" \/><\/a>Sportul este rug\u0103ciunea trupului.<span class=\"Apple-converted-space\">\u00a0<\/span><\/p>\n<p>Romfilatelia onoreaz\u0103 o stea a sportului rom\u00e2nesc prin realizarea emisiunii de m\u0103rci po\u015ftale Ion \u0162iriac, Un Campion de Legend\u0103.<span class=\"Apple-converted-space\">\u00a0<\/span><br \/>\nIon \u0162iriac, campion al tenisului \u015fi unul dintre cei mai importan\u0163i promotori ai sportului rom\u00e2nesc at\u00e2t \u00een \u0163ara noastr\u0103,c\u00e2t \u015fi peste hotare, a debutat \u00een lumea sportului ca juc\u0103tor de hochei pe ghea\u0163\u0103. \u00centre anii 1958 \u015fi 1964, a fost membru al echipei dehochei pe ghea\u0163\u0103 a Rom\u00e2niei, cu care a participatla Jocurile Olimpice de Iarn\u0103 de la Innsbruck \u015fi la Campionatele Mondiale.<span class=\"Apple-converted-space\">\u00a0<\/span><br \/>\nAnul 1970 reprezint\u0103 momentul consacr\u0103rii sale \u00een tenisul mondial, c\u00e2nd \u00eempreun\u0103 cu Ilie N\u0103stase c\u00e2\u015ftig\u0103 turneul de la Roland Garros. Timp de un deceniu, cei doi tenismeni au jucat adesea la dublu, domin\u00e2nd competi\u0163iile mondiale. Pe l\u00e2ng\u0103 N\u0103stase, i-a mai avut ca parteneri pe Bob Hewitt, Juan Gisbert, Jimmy Connors, Mike Estep, Adriano Panatta, Manuel Orantes, Guillermo Vilas, Virginia Ruzici.<span class=\"Apple-converted-space\">\u00a0<\/span><br \/>\nDe-a lungul carierei sale de juc\u0103tor de tenis, Ion \u0162iriac a c\u00e2\u015ftigat peste 40 de titluri \u00een competi\u0163ii interna\u0163ionale de renume, \u00een care a ridicat arta tenisului la cele mai \u00eenalte cote, at\u00e2t din punct de vedere tehnic, c\u00e2t \u015fi \u00een ceea ce prive\u015fte spectacolul oferit publicului. \u00centre anii 1959 \u015fi 1978, Ion \u0162iriac a jucat peste 150 de meciuri \u00een Cupa Davis, disput\u00e2nd trei finale, cu echipa Statelor Unite ale Americii, \u00een 1969, 1970 \u015fi 1972, \u00een toate trei av\u00e2ndu-l partener pe Ilie N\u0103stase.<span class=\"Apple-converted-space\">\u00a0<\/span><br \/>\nPasiunea pentru sportul alb l-a \u00eempins dincolo de rolul de juc\u0103tor, astfel dup\u0103 retragerea din activitatea competi\u0163ional\u0103, a continuat s\u0103 se implice \u00een via\u0163a sportiv\u0103 din postura de antrenor, manager, consultant sau organizator \u015fi promotor de turnee de tenis. Printre sportivii de succes cu care a lucrat se num\u0103r\u0103 Ilie N\u0103stase, Guillermo Vilas, Henri Lecomte, Marat Safina, Dinara Safina, Yannick Noah, Goran Ivanisevic sau Boris Becker. \u00cen plus, de\u0163ine integral sau \u00een parteneriat turneele de tenis: Mutua Madrid Open, BRD N\u0103stase \u0162iriac Trophy \u015fi Geneva Open.<span class=\"Apple-converted-space\">\u00a0<\/span><br \/>\n\u00cen perioada 1998 &#8211; 2004, Ion \u0162iriac a ocupat func\u0163ia de Pre\u015fedinte al Comitetului Olimpic Rom\u00e2n, interval \u00een care Rom\u00e2nia a c\u00e2\u015ftigat 26 de medalii la Olimpiada de la Sydney din anul 2000 \u015fi 19 medalii la cea de la Atena, din 2004.<span class=\"Apple-converted-space\">\u00a0<\/span><br \/>\n\u00cen semn de apreciere pentru contribui\u0163ia adus\u0103 dezvolt\u0103rii domeniului sportiv, \u00een martie 2003, Ion \u0162iriac a primit din partea Universit\u0103\u0163ii de Vest din Timi\u015foara distinc\u0163ia Doctor Honoris Causa. \u00cen 2009, Funda\u0163ia \u201eCasa Campionilor\u201d i-a acordat, pentru realiz\u0103rile sale excep\u0163ionale \u00een sport, Trofeul \u201eCampioni de legend\u0103\u201d, iar \u00een 2013 Ion \u0162iriac a primit cea mai \u00eenalt\u0103 distinc\u0163ie din lumea tenisului din partea International Tennis Hall of Fame &amp; Museum, organiza\u0163ie care onoreaz\u0103 cei mai valoro\u015fi campioni \u015fi lideri ai acestui sport. Pre\u015fedintele International Tennis Hall of Fame and Museum, americanul Stan Smith, a motivat includerea lui Ion \u0162iriac \u00een galeria personalit\u0103\u0163ilor tenisului mondial datorit\u0103 contribu\u0163iei pe careacesta a avut-o la dezvoltarea sportului alb &#8211; \u201eCa un rezultat al fabuloasei sale contribu\u0163ii la dezvoltarea tenisului \u015fi multiplele sale calit\u0103\u0163i, un grup compus din istorici ai tenisului, exper\u0163i \u015fi membri ai Hall of Fame l-au desemnat pe Ion \u0162iriac pentru a primi aceast\u0103 distinc\u0163ie\u201d.<span class=\"Apple-converted-space\">\u00a0<\/span><br \/>\n\u00cen anul 2014, Senatului Universit\u0103\u0163ii Na\u0163ionale de Educa\u0163ie Fizic\u0103 \u015fi Sport din Bucure\u015fti i-a acordat lui Ion \u0162iriac \u00cenaltul Titlu de Doctor Honoris Causa, ca semn de recunoa\u015ftere public\u0103 a meritelor excep\u0163ionale \u015fi a contribu\u0163iilor majore pe care le-a adus la dezvoltarea domeniului sportiv \u00een Rom\u00e2nia.<span class=\"Apple-converted-space\">\u00a0<\/span><br \/>\nSuccesul care l-a urm\u0103rit pe parcursul carierei sportive s-a transferat \u015fi asupra statutului s\u0103u de om de afaceri. Este, de asemenea, un \u00eemp\u0103timit al automobilismului, de\u0163in\u00e2nd o impresionant\u0103 colec\u0163ie de ma\u015fini, dintre care peste jum\u0103tate sunt automobile de epoc\u0103.<span class=\"Apple-converted-space\">\u00a0<\/span><br \/>\nTimbrul emisiunii \u015fi al coli\u0163ei reproduc imagini din octombrie 1972, finala Cupei Davis de la Bucure\u015fti.<span class=\"Apple-converted-space\">\u00a0<\/span><br \/>\nPe man\u015feta coli\u0163ei emisiunii numele marelui sportiv Ion \u0162iriac este imprimat cu folio aur.<span class=\"Apple-converted-space\">\u00a0<\/span><\/p>\n<p>Data de aparitie: 2015-10-16<\/p>\n<p><a href=\"https:\/\/romfilatelia.ro\/magazin\/wp-content\/uploads\/2016\/03\/Ion_Tiriac_box.jpg\" rel=\"attachment wp-att-2010538\"><img decoding=\"async\" loading=\"lazy\" class=\"aligncenter wp-image-2010538 size-full\" src=\"https:\/\/romfilatelia.ro\/magazin\/wp-content\/uploads\/2016\/03\/Ion_Tiriac_box.jpg\" alt=\"Ion_Tiriac_box\" width=\"750\" height=\"483\" srcset=\"https:\/\/romfilatelia.ro\/magazin\/wp-content\/uploads\/2016\/03\/Ion_Tiriac_box.jpg 750w, https:\/\/romfilatelia.ro\/magazin\/wp-content\/uploads\/2016\/03\/Ion_Tiriac_box-500x322.jpg 500w, https:\/\/romfilatelia.ro\/magazin\/wp-content\/uploads\/2016\/03\/Ion_Tiriac_box-64x41.jpg 64w, https:\/\/romfilatelia.ro\/magazin\/wp-content\/uploads\/2016\/03\/Ion_Tiriac_box-300x193.jpg 300w\" sizes=\"(max-width: 750px) 100vw, 750px\" \/><\/a><\/p>\n","protected":false},"excerpt":{"rendered":"<p>Sportul este rug\u0103ciunea trupului.\u00a0 Romfilatelia onoreaz\u0103 o stea a sportului rom\u00e2nesc prin realizarea emisiunii de m\u0103rci po\u015ftale Ion \u0162iriac, Un Campion de Legend\u0103.\u00a0 Ion \u0162iriac, campion al tenisului \u015fi unul dintre cei mai importan\u0163i promotori ai sportului rom\u00e2nesc at\u00e2t \u00een \u0163ara noastr\u0103,c\u00e2t \u015fi peste hotare, a debutat \u00een lumea sportului ca juc\u0103tor de hochei pe&hellip;&nbsp;<a href=\"https:\/\/romfilatelia.ro\/magazin\/produs\/colectii-anuale\/2015\/ion-tiriac-un-campion-de-legenda\/\" class=\"\" rel=\"bookmark\">Cite\u0219te mai mult &raquo;<span class=\"screen-reader-text\">ION \u0162IRIAC, Un Campion de Legend\u0103<\/span><\/a><\/p>\n","protected":false},"featured_media":2010539,"template":"","meta":{"neve_meta_sidebar":"","neve_meta_container":"","neve_meta_enable_content_width":"","neve_meta_content_width":0,"neve_meta_title_alignment":"","neve_meta_author_avatar":"","neve_post_elements_order":"","neve_meta_disable_header":"","neve_meta_disable_footer":"","neve_meta_disable_title":""},"product_cat":[103,6],"product_tag":[],"_links":{"self":[{"href":"https:\/\/romfilatelia.ro\/magazin\/wp-json\/wp\/v2\/product\/2010535"}],"collection":[{"href":"https:\/\/romfilatelia.ro\/magazin\/wp-json\/wp\/v2\/product"}],"about":[{"href":"https:\/\/romfilatelia.ro\/magazin\/wp-json\/wp\/v2\/types\/product"}],"wp:featuredmedia":[{"embeddable":true,"href":"https:\/\/romfilatelia.ro\/magazin\/wp-json\/wp\/v2\/media\/2010539"}],"wp:attachment":[{"href":"https:\/\/romfilatelia.ro\/magazin\/wp-json\/wp\/v2\/media?parent=2010535"}],"wp:term":[{"taxonomy":"product_cat","embeddable":true,"href":"https:\/\/romfilatelia.ro\/magazin\/wp-json\/wp\/v2\/product_cat?post=2010535"},{"taxonomy":"product_tag","embeddable":true,"href":"https:\/\/romfilatelia.ro\/magazin\/wp-json\/wp\/v2\/product_tag?post=2010535"}],"curies":[{"name":"wp","href":"https:\/\/api.w.org\/{rel}","templated":true}]}}