{"id":2010532,"date":"2015-11-04T12:45:45","date_gmt":"2015-11-04T12:45:45","guid":{"rendered":"http:\/\/romfilatelia.ro\/?p=2010532"},"modified":"2016-07-29T11:49:11","modified_gmt":"2016-07-29T11:49:11","slug":"craciun-2015-2","status":"publish","type":"product","link":"https:\/\/romfilatelia.ro\/magazin\/produs\/colectii-anuale\/2015\/craciun-2015-2\/","title":{"rendered":"CR\u0102CIUN 2015"},"content":{"rendered":"<p><a href=\"https:\/\/romfilatelia.ro\/magazin\/wp-content\/uploads\/2016\/03\/Craciun_2015_M.jpg\" rel=\"attachment wp-att-2010534\"><img decoding=\"async\" loading=\"lazy\" class=\"size-medium wp-image-2010534 alignleft\" src=\"https:\/\/romfilatelia.ro\/magazin\/wp-content\/uploads\/2016\/03\/Craciun_2015_M-211x300.jpg\" alt=\"Craciun_2015_M\" width=\"211\" height=\"300\" srcset=\"https:\/\/romfilatelia.ro\/magazin\/wp-content\/uploads\/2016\/03\/Craciun_2015_M-211x300.jpg 211w, https:\/\/romfilatelia.ro\/magazin\/wp-content\/uploads\/2016\/03\/Craciun_2015_M-500x712.jpg 500w, https:\/\/romfilatelia.ro\/magazin\/wp-content\/uploads\/2016\/03\/Craciun_2015_M-64x91.jpg 64w, https:\/\/romfilatelia.ro\/magazin\/wp-content\/uploads\/2016\/03\/Craciun_2015_M.jpg 527w\" sizes=\"(max-width: 211px) 100vw, 211px\" \/><\/a><span class=\"Apple-style-span\"> S\u0103rb\u0103toarea Na\u015fterii Domnului, numit\u0103 \u00een popor \u015fi Cr\u0103ciun, este una dintre cele mai mari s\u0103rb\u0103tori cre\u015ftine \u015fi este pr\u0103znuit\u0103 cu mare solemnitate \u00een fiecare an pe data de 25 decembrie.<span class=\"Apple-converted-space\">\u00a0<\/span><br \/>\nAceast\u0103 s\u0103rb\u0103toare marcheaz\u0103 un eveniment deosebit de important \u00een istoria cre\u015ftinismului, na\u015fterea Domnului Iisus Hristos din Fecioara Maria, \u00eentr-o pe\u015fter\u0103 din Betleemul Iudeii. Conform Evangheliilor Noului Testament, M\u00e2ntuitorul Iisus Hristos S-a n\u0103scut \u00een cetatea Betleemului, unde Maria, mama lui Iisus, \u00eenso\u0163it\u0103 de logodnicul s\u0103u Iosif, au venit din Nazaret pentru recens\u0103m\u00e2ntul poruncit de proconsulul Quirinius, \u00een timpul \u00eemp\u0103ratului Octavian Augustus. Neg\u0103sind loc de g\u0103zduire \u00een cetate, ei s-au ad\u0103postit \u00eentr-o pe\u015fter\u0103 p\u0103storeasc\u0103, unde S-a n\u0103scut Pruncul Sf\u00e2nt.<span class=\"Apple-converted-space\">\u00a0<\/span><br \/>\nAcest praznic al bucuriei \u00eent\u00e2lnirii omului cu Dumnezeu este s\u0103rb\u0103torit \u00een toat\u0103 lumea prin diferite tradi\u0163ii religioase, dar \u015fi laice.<span class=\"Apple-converted-space\">\u00a0<\/span><br \/>\nHristos Domnul, Care S-a n\u0103scut ca om \u00een pe\u015ftera din Betleemul Iudeii, este Fiul Cel ve\u015fnic al lui Dumnezeu, Logosul \u00centrupat, Cel \u00een Care, prin Care \u015fi pentru Care au fost f\u0103cute cerul \u015fi p\u0103m\u00e2ntul, \u00eentregul univers.<span class=\"Apple-converted-space\">\u00a0<\/span><br \/>\nAcest adev\u0103r pe care Sfin\u0163ii Apostoli \u00eel m\u0103rturisesc este temelia credin\u0163ei cre\u015ftine, adev\u0103r de care se bucur\u0103 cre\u015ftinii de pretutindeni, s\u0103rb\u0103torind \u00een fiecare an \u00eenceputul comuniunii omului cu Dumnezeu.<span class=\"Apple-converted-space\">\u00a0<\/span><br \/>\nCu ocazia Sfintei S\u0103rb\u0103tori, Romfilatelia marcheaz\u0103 acest eveniment important pentru \u00eentreaga cre\u015ftin\u0103tate, c\u00e2t \u015fi pentru cultura neamului rom\u00e2nesc, prin emisiunea de m\u0103rci po\u015ftale CR\u0102CIUN 2015. Anul acesta, timbrul emisiunii filatelice ilustreaz\u0103 imaginea icoanei Na\u015fterii lui Iisus realizat\u0103 de pictorul Gheorghe Tattarescu.<span class=\"Apple-converted-space\">\u00a0<\/span><br \/>\nGheorghe Tattarescu s-a n\u0103scut la Foc\u015fani, \u00een 1820, iar cel care l-a ini\u0163iat \u00een arta picturii a fost unchiul s\u0103u, Nicolae Teodorescu, zugrav de biserici. T\u00e2n\u0103rul Tattarescu \u015fi-a \u00eenceput ucenicia ajut\u00e2ndu-l pe unchiul s\u0103u, urm\u00e2nd ulterior cursurile la \u015ecoala de zugr\u0103vie, \u00eenfiin\u0163at\u0103 de episcopul Chesarie la Buz\u0103u.<span class=\"Apple-converted-space\">\u00a0<\/span><br \/>\nPionier al neoclasicismului \u00een pictura rom\u00e2neasc\u0103, a studiat \u00een perioada 1845-1851 la Academia San Luca din Roma, acolo fiind ini\u0163iat \u00een tainele artelor frumoase.<span class=\"Apple-converted-space\">\u00a0<\/span><br \/>\nDup\u0103 c\u00e2\u0163iva ani de studii, Gheorghe Tattarescu s-a \u00eentors \u00een \u0163ar\u0103, devenind unul dintre cei mai mari participan\u0163i \u00een via\u0163a artistic\u0103 a \u0163\u0103rii.<span class=\"Apple-converted-space\">\u00a0<\/span><br \/>\nTattarescu a fost cel mai de seam\u0103 pictor religios din Rom\u00e2nia, crea\u0163ia sa reg\u0103sindu-se \u00een 58 de biserici, dintre care le amintim pe cele din Bucure\u015fti: Sf\u00e2ntul Spiridon Nou, Col\u0163ea, Zl\u0103tari, Cre\u0163ulescu, Enei.<span class=\"Apple-converted-space\">\u00a0<\/span><br \/>\nMaestrul iconar a creat un stil personal, influen\u0163at de academismul italian \u015fi iconografia bizantin\u0103, astfel reprezent\u0103rile sale \u00eenf\u0103\u0163iseaz\u0103 personaje reale, bine conturate, cu tr\u0103s\u0103turile unei fiin\u0163e vii.<span class=\"Apple-converted-space\">\u00a0<\/span><br \/>\nIcoana Na\u015fterii lui Iisus ilustrat\u0103 pe timbrul cu valoarea nominal\u0103 de 1,00 lei face parte din colec\u0163ia de icoane a Institutului de Cercet\u0103ri Eco-Muzeale Gavril\u0103 Simion din Tulcea, institutul purt\u00e2nd numele marelui arheolog rom\u00e2n, care a dus o veritabil\u0103 campanie de dezvoltare a institu\u0163iilor muzeale dobrogene.<span class=\"Apple-converted-space\">\u00a0<\/span><br \/>\nDatat\u0103 din secolul al XIX-lea, icoana Na\u015fterii lui Iisus, realizat\u0103 de Tattarescu, se impune prin sim\u0163ul m\u0103surii, prin claritatea compozi\u0163iilor sale, prin m\u0103iestria \u015fi fine\u0163ea desenului, precum \u015fi prin coloritul sobru \u015fi expresia de demnitate a personajelor. Tattarescu folose\u015fte tehnica picturii \u00een ulei, fiind una dintre cele mai vechi \u015fi populare tehnici de pictur\u0103. Icoana este \u00eencadrat\u0103 de un chenar auriu, \u00eengust, iar \u00een partea dreapt\u0103, sunt prezenta\u0163i Iosif \u015fi Maica Domnului, care st\u0103 \u00een genunchi \u015fi \u00eel \u0163ine \u00een bra\u0163ele sale pe Pruncul Iisus. Din nori str\u0103bate p\u00e2n\u0103 \u00een staul steaua c\u0103l\u0103uzitoare, semnul mult a\u015fteptat de magii care l-au \u00eent\u00e2mpinat pe \u00cemp\u0103ratul lumii cu aur, smirn\u0103 \u015fi t\u0103m\u00e2ie. Fundalul \u00eenchis, asem\u0103n\u0103tor clar-obscurului, las\u0103 s\u0103 str\u0103luceasc\u0103 culorile ro\u015fu, galben, albastru \u015fi alb din chipurile \u015fi ve\u015fmintele personajelor.<span class=\"Apple-converted-space\">\u00a0<\/span><br \/>\nNa\u015fterea M\u00e2ntuitorului Hristos este, a\u015fa cum spunea Sf\u00e2ntul Grigorie Teologul, \u201enu o s\u0103rb\u0103toare a crea\u0163iei, ci o s\u0103rb\u0103toare arecre\u0103rii lumii\u201d.<span class=\"Apple-converted-space\">\u00a0<\/span><br \/>\nCu prilejul acestei Sfinte S\u0103rb\u0103tori, echipa Romfilatelia v\u0103 colind\u0103 din suflet, pe voi, prietenii timbrelor \u015fi v\u0103 ureaz\u0103 S\u0103rb\u0103tori fericite al\u0103turi de cei dragi!<span class=\"Apple-converted-space\">\u00a0<\/span><\/span><\/p>\n<p>Romfilatelia mul\u0163ume\u015fte Institutului de Cercet\u0103ri Eco-Muzeale Gavril\u0103 Simion din Tulcea pentru sprijinul documentar acordat \u00een realizarea acestei emisiuni de m\u0103rci po\u015ftale.<span class=\"Apple-converted-space\">\u00a0<\/span><\/p>\n<p>Data de aparitie: 2015-11-04<br \/>\n<a href=\"https:\/\/romfilatelia.ro\/magazin\/wp-content\/uploads\/2016\/03\/Craciun_2015_box.jpg\" rel=\"attachment wp-att-2010537\"><img decoding=\"async\" loading=\"lazy\" class=\"aligncenter wp-image-2010537 size-full\" src=\"https:\/\/romfilatelia.ro\/magazin\/wp-content\/uploads\/2016\/03\/Craciun_2015_box.jpg\" alt=\"Craciun_2015_box\" width=\"750\" height=\"711\" srcset=\"https:\/\/romfilatelia.ro\/magazin\/wp-content\/uploads\/2016\/03\/Craciun_2015_box.jpg 750w, https:\/\/romfilatelia.ro\/magazin\/wp-content\/uploads\/2016\/03\/Craciun_2015_box-500x474.jpg 500w, https:\/\/romfilatelia.ro\/magazin\/wp-content\/uploads\/2016\/03\/Craciun_2015_box-64x61.jpg 64w, https:\/\/romfilatelia.ro\/magazin\/wp-content\/uploads\/2016\/03\/Craciun_2015_box-300x284.jpg 300w\" sizes=\"(max-width: 750px) 100vw, 750px\" \/><\/a><\/p>\n","protected":false},"excerpt":{"rendered":"<p>S\u0103rb\u0103toarea Na\u015fterii Domnului, numit\u0103 \u00een popor \u015fi Cr\u0103ciun, este una dintre cele mai mari s\u0103rb\u0103tori cre\u015ftine \u015fi este pr\u0103znuit\u0103 cu mare solemnitate \u00een fiecare an pe data de 25 decembrie.\u00a0 Aceast\u0103 s\u0103rb\u0103toare marcheaz\u0103 un eveniment deosebit de important \u00een istoria cre\u015ftinismului, na\u015fterea Domnului Iisus Hristos din Fecioara Maria, \u00eentr-o pe\u015fter\u0103 din Betleemul Iudeii. Conform Evangheliilor&hellip;&nbsp;<a href=\"https:\/\/romfilatelia.ro\/magazin\/produs\/colectii-anuale\/2015\/craciun-2015-2\/\" class=\"\" rel=\"bookmark\">Cite\u0219te mai mult &raquo;<span class=\"screen-reader-text\">CR\u0102CIUN 2015<\/span><\/a><\/p>\n","protected":false},"featured_media":2010534,"template":"","meta":{"neve_meta_sidebar":"","neve_meta_container":"","neve_meta_enable_content_width":"","neve_meta_content_width":0,"neve_meta_title_alignment":"","neve_meta_author_avatar":"","neve_post_elements_order":"","neve_meta_disable_header":"","neve_meta_disable_footer":"","neve_meta_disable_title":""},"product_cat":[103,6],"product_tag":[],"_links":{"self":[{"href":"https:\/\/romfilatelia.ro\/magazin\/wp-json\/wp\/v2\/product\/2010532"}],"collection":[{"href":"https:\/\/romfilatelia.ro\/magazin\/wp-json\/wp\/v2\/product"}],"about":[{"href":"https:\/\/romfilatelia.ro\/magazin\/wp-json\/wp\/v2\/types\/product"}],"wp:featuredmedia":[{"embeddable":true,"href":"https:\/\/romfilatelia.ro\/magazin\/wp-json\/wp\/v2\/media\/2010534"}],"wp:attachment":[{"href":"https:\/\/romfilatelia.ro\/magazin\/wp-json\/wp\/v2\/media?parent=2010532"}],"wp:term":[{"taxonomy":"product_cat","embeddable":true,"href":"https:\/\/romfilatelia.ro\/magazin\/wp-json\/wp\/v2\/product_cat?post=2010532"},{"taxonomy":"product_tag","embeddable":true,"href":"https:\/\/romfilatelia.ro\/magazin\/wp-json\/wp\/v2\/product_tag?post=2010532"}],"curies":[{"name":"wp","href":"https:\/\/api.w.org\/{rel}","templated":true}]}}