{"id":2010432,"date":"2014-11-07T11:16:28","date_gmt":"2014-11-07T11:16:28","guid":{"rendered":"http:\/\/romfilatelia.ro\/?p=2010432"},"modified":"2016-07-29T13:35:53","modified_gmt":"2016-07-29T13:35:53","slug":"100-de-ani-de-la-inaugurarea-palatului-fundatiei-universitare-carol-i","status":"publish","type":"product","link":"https:\/\/romfilatelia.ro\/magazin\/produs\/colectii-anuale\/2014\/100-de-ani-de-la-inaugurarea-palatului-fundatiei-universitare-carol-i\/","title":{"rendered":"100 DE ANI DE LA INAUGURAREA PALATULUI FUNDA\u0162IEI UNIVERSITARE CAROL I"},"content":{"rendered":"<p><strong><a href=\"https:\/\/romfilatelia.ro\/magazin\/wp-content\/uploads\/2016\/03\/100ani_Palat_BCU_M.jpg\" rel=\"attachment wp-att-2010435\"><img decoding=\"async\" loading=\"lazy\" class=\"size-medium wp-image-2010435 alignleft\" src=\"https:\/\/romfilatelia.ro\/magazin\/wp-content\/uploads\/2016\/03\/100ani_Palat_BCU_M-250x300.jpg\" alt=\"100ani_Palat_BCU_M\" width=\"250\" height=\"300\" srcset=\"https:\/\/romfilatelia.ro\/magazin\/wp-content\/uploads\/2016\/03\/100ani_Palat_BCU_M-250x300.jpg 250w, https:\/\/romfilatelia.ro\/magazin\/wp-content\/uploads\/2016\/03\/100ani_Palat_BCU_M-64x77.jpg 64w, https:\/\/romfilatelia.ro\/magazin\/wp-content\/uploads\/2016\/03\/100ani_Palat_BCU_M-333x400.jpg 333w, https:\/\/romfilatelia.ro\/magazin\/wp-content\/uploads\/2016\/03\/100ani_Palat_BCU_M.jpg 500w\" sizes=\"(max-width: 250px) 100vw, 250px\" \/><\/a>Funda\u0163ia Carol I<\/strong> ad\u0103poste\u015fte peste un secol de istorie, cl\u0103direa fiind construit\u0103 pentru a deveni <em>\u201eun a\u015fez\u0103m\u00e2nt spre binele tinerimii universitare de la toate facult\u0103\u0163ile din \u0163ar\u0103, al c\u0103rui scop va fi de a procura studen\u0163ilor un loc de \u00eentrunire, \u00eenzestrat cu o bibliotec\u0103 totdeauna deschis\u0103, unde vor putea satisface iubirea lor de studiu\u201d<\/em>, dup\u0103 cum \u00eei scria la 3 Mai 1891 Regele Carol I (ini\u0163iatorul proiectului) sfetnicului s\u0103u Lasc\u0103r Catargiu, scrisoare considerat\u0103 un autentic Act de \u00eentemeiere \u015fi un \u00cendreptar pentru cei care vor urma la conducerea institu\u0163iei.<\/p>\n<p>La \u00eemplinirea unui secol de la realizarea actualei cl\u0103diri care ad\u0103poste\u015fte funda\u0163ia, <strong>Romfilatelia<\/strong> dedic\u0103 emisiunea <strong><em>100 de ani de la inaugurarea Palatului Funda\u0163iei Universitare Carol I<\/em><\/strong> \u00eentregii perioade de istorie, educa\u0163ie \u015fi cultur\u0103.<\/p>\n<p>Pe timbrul cu valoarea nominal\u0103 de <strong>9,10 lei<\/strong> este ilustrat\u0103 fa\u0163ada actualei cl\u0103diri a Bibliotecii Centrale Universitare Carol I \u015fi statuia ecvestr\u0103 a regelui.<\/p>\n<p>Timbrul coli\u0163ei emisiunii cu valoarea nominal\u0103 de <strong>14,50 lei<\/strong> reproduce imaginea de epoc\u0103 a Palatului Funda\u0163iei, iar pe man\u015fet\u0103 este reprezentat\u0103 o fotografie de la inaugurarea cl\u0103dirii extinse, din 9 mai 1914, \u00een Aula Mare, \u00een prezen\u0163a Majest\u0103\u0163ii Sale Regele Carol I. De asemenea, \u00een col\u0163ul st\u00e2nga sus al man\u015fetei este reprodus un fragment din documentul de \u00eenfiin\u0163are al \u201eFunda\u0163iunii Universitare\u201d, semnat de Regele Carol I.<\/p>\n<p>Piatra de temelie a funda\u0163iei a fost pus\u0103 \u00een 1891, lucr\u0103rile termin\u00e2ndu-se doi ani mai t\u00e2rziu, iar inaugurarea efectiv\u0103 a avut loc \u00een 1895. Funda\u0163ia avea scopul de a \u00eent\u0103ri <em>\u201efr\u0103\u0163ia printre tinerimea universitar\u0103\u201d<\/em> \u015fi <em>\u201ede a hr\u0103ni sim\u0163\u0103m\u00e2ntul patriotic care \u00eenal\u0163\u0103 sufletul ei\u201d<\/em>, sus\u0163in\u00e2nd apoi, vreme de 50 de ani, tip\u0103rirea unor lucr\u0103ri valoroase \u015fi a tezelor de doctorat, acordarea de premii, burse pentru studen\u0163i \u015fi subven\u0163ii.<\/p>\n<p>Funda\u0163ia a reu\u015fit s\u0103-\u015fi construiasc\u0103 un patrimoniu important, \u00eentruc\u00e2t at\u00e2t Carol I, c\u00e2t \u015fi alte personalit\u0103\u0163i din acea epoc\u0103 au contribuit at\u00e2t prin dona\u0163ii de colec\u0163ii, dar mai ales prin dona\u0163ii \u00een bani, consolid\u00e2nd astfel obiectivul regelui: <em>\u201eNu se \u015ftie cum vor fi vremurile, ori cum vor fi \u00eemprejur\u0103rile. Funda\u0163iunea mea trebuie s\u0103 aib\u0103 binele tineretului \u015fi asigurarea viitorului\u201d<\/em>, \u00eei spunea regele lui Emil Pangrati.<\/p>\n<p>Construc\u0163ia ini\u0163ial\u0103 este reprezentat\u0103 de aripa dinspre strada Boteanu, \u00eens\u0103, observ\u00e2ndu-se necesitatea l\u0103rgirii imobilului, \u00eentre 1911-1914 a fost construit edificiul actualului palat, cu inconfundabila sa fa\u0163ad\u0103 de la Calea Victoriei, ambele lucr\u0103ri fiind realizate de c\u0103tre arhitectul francez Paul Gottereau.<\/p>\n<p>Bombardamentele din 1944 au afectat cl\u0103direa, lucr\u0103rile de refacere a cl\u0103dirii de mai t\u00e2rziu fiind coordonate de arhitectul Alexandru Zamfiropol. Numele institu\u0163iei va fi schimbat dec\u0103tre noile autorit\u0103\u0163i comuniste \u00een Biblioteca Central\u0103 a Universit\u0103\u0163ii \u201eC.I. Parhon\u201d din Bucure\u015fti.<\/p>\n<p>\u00cen decembrie 1989, un incendiu puternic a afectat cl\u0103direa \u015fi a distrus nenum\u0103rate manuscrise \u015fi c\u0103r\u0163i de valoare. Peste 500.000 de volume au fost pierdute (12.000 volume de carte bibliofil\u0103, 52 din biblioteca lui Eminescu), numeroase ex-librisuri, h\u0103r\u0163i vechi \u015fi aproape 3.700 de manuscrise apar\u0163in\u00e2nd unor mari personalit\u0103\u0163i ale culturii rom\u00e2ne \u00eentre care Mihai Eminescu, Titu Maiorescu, Ion Luca Caragiale, George Co\u015fbuc, Lucian Blaga, Mircea Eliade.<\/p>\n<p>\u00cen aprilie 1990, sub egida UNESCO, Directorul General Federico Mayor face apel c\u0103tre toate guvernele, organiza\u0163iile, institu\u0163iile politice, de a participa la reconstruc\u0163ia, modernizarea \u015fi refacerea fondului de carte al bibliotecii.<\/p>\n<p>Astfel, este \u00eenceput\u0103 renovarea cl\u0103dirii, \u00een spatele acesteia ridic\u00e2ndu-se o construc\u0163ie modern\u0103 care \u00eentrege\u015fte vechiul imobil. \u00cen proiectul de extindere, complexul arhitectonic al Bibliotecii se compune din 3 corpuri, integr\u00e2nd al\u0103turi de palatul Funda\u0163iei, cl\u0103direa fostei B\u0103nci Dacia-Rom\u00e2nia (distrus\u0103 \u00een acela\u015fi incendiu din decembrie 1989) \u015fi viitoarea construc\u0163ie a corpului Boema.<\/p>\n<p>\u00cen noiembrie 2001 are loc redeschiderea Bibliotecii Centrale Universitare din Bucure\u015fti (Unitatea Central\u0103), iar \u00een mai 2006 are loc inaugurarea pl\u0103cii comemorative referitoare la completarea denumirii Bibliotecii Centrale Universitare Carol I.<\/p>\n<p><strong><em>Romfilatelia mul\u0163ume\u015fte Bibliotecii Centrale Universitare Carol I pentru sprijinul documentar \u015fi fotografic acordat \u00een realizarea acestei emisiuni de m\u0103rci po\u015ftale. <\/em><\/strong><br \/>\nData de aparitie: 2014-11-07<\/p>\n<p><a href=\"https:\/\/romfilatelia.ro\/magazin\/wp-content\/uploads\/2016\/03\/100ani_Palat_BCU_box.jpg\" rel=\"attachment wp-att-2010434\"><img decoding=\"async\" loading=\"lazy\" class=\"aligncenter wp-image-2010434 size-full\" src=\"https:\/\/romfilatelia.ro\/magazin\/wp-content\/uploads\/2016\/03\/100ani_Palat_BCU_box.jpg\" alt=\"100ani_Palat_BCU_box\" width=\"750\" height=\"449\" srcset=\"https:\/\/romfilatelia.ro\/magazin\/wp-content\/uploads\/2016\/03\/100ani_Palat_BCU_box.jpg 750w, https:\/\/romfilatelia.ro\/magazin\/wp-content\/uploads\/2016\/03\/100ani_Palat_BCU_box-500x299.jpg 500w, https:\/\/romfilatelia.ro\/magazin\/wp-content\/uploads\/2016\/03\/100ani_Palat_BCU_box-64x38.jpg 64w, https:\/\/romfilatelia.ro\/magazin\/wp-content\/uploads\/2016\/03\/100ani_Palat_BCU_box-300x180.jpg 300w, https:\/\/romfilatelia.ro\/magazin\/wp-content\/uploads\/2016\/03\/100ani_Palat_BCU_box-570x342.jpg 570w\" sizes=\"(max-width: 750px) 100vw, 750px\" \/><\/a><\/p>\n","protected":false},"excerpt":{"rendered":"<p>Funda\u0163ia Carol I ad\u0103poste\u015fte peste un secol de istorie, cl\u0103direa fiind construit\u0103 pentru a deveni \u201eun a\u015fez\u0103m\u00e2nt spre binele tinerimii universitare de la toate facult\u0103\u0163ile din \u0163ar\u0103, al c\u0103rui scop va fi de a procura studen\u0163ilor un loc de \u00eentrunire, \u00eenzestrat cu o bibliotec\u0103 totdeauna deschis\u0103, unde vor putea satisface iubirea lor de studiu\u201d, dup\u0103&hellip;&nbsp;<a href=\"https:\/\/romfilatelia.ro\/magazin\/produs\/colectii-anuale\/2014\/100-de-ani-de-la-inaugurarea-palatului-fundatiei-universitare-carol-i\/\" class=\"\" rel=\"bookmark\">Cite\u0219te mai mult &raquo;<span class=\"screen-reader-text\">100 DE ANI DE LA INAUGURAREA PALATULUI FUNDA\u0162IEI UNIVERSITARE CAROL I<\/span><\/a><\/p>\n","protected":false},"featured_media":2010435,"template":"","meta":{"neve_meta_sidebar":"","neve_meta_container":"","neve_meta_enable_content_width":"","neve_meta_content_width":0,"neve_meta_title_alignment":"","neve_meta_author_avatar":"","neve_post_elements_order":"","neve_meta_disable_header":"","neve_meta_disable_footer":"","neve_meta_disable_title":""},"product_cat":[104,6],"product_tag":[],"_links":{"self":[{"href":"https:\/\/romfilatelia.ro\/magazin\/wp-json\/wp\/v2\/product\/2010432"}],"collection":[{"href":"https:\/\/romfilatelia.ro\/magazin\/wp-json\/wp\/v2\/product"}],"about":[{"href":"https:\/\/romfilatelia.ro\/magazin\/wp-json\/wp\/v2\/types\/product"}],"wp:featuredmedia":[{"embeddable":true,"href":"https:\/\/romfilatelia.ro\/magazin\/wp-json\/wp\/v2\/media\/2010435"}],"wp:attachment":[{"href":"https:\/\/romfilatelia.ro\/magazin\/wp-json\/wp\/v2\/media?parent=2010432"}],"wp:term":[{"taxonomy":"product_cat","embeddable":true,"href":"https:\/\/romfilatelia.ro\/magazin\/wp-json\/wp\/v2\/product_cat?post=2010432"},{"taxonomy":"product_tag","embeddable":true,"href":"https:\/\/romfilatelia.ro\/magazin\/wp-json\/wp\/v2\/product_tag?post=2010432"}],"curies":[{"name":"wp","href":"https:\/\/api.w.org\/{rel}","templated":true}]}}