{"id":2007995,"date":"2015-06-16T12:15:22","date_gmt":"2015-06-16T12:15:22","guid":{"rendered":"http:\/\/romfilatelia.ro\/?p=2007995"},"modified":"2016-07-28T13:53:23","modified_gmt":"2016-07-28T13:53:23","slug":"135-de-ani-de-la-infiintarea-marii-loji-nationale-din-romania-135-de-ani-de-la-infiintarea-marii-loji-nationale-din-romania","status":"publish","type":"product","link":"https:\/\/romfilatelia.ro\/magazin\/produs\/colectii-anuale\/2015\/135-de-ani-de-la-infiintarea-marii-loji-nationale-din-romania-135-de-ani-de-la-infiintarea-marii-loji-nationale-din-romania\/","title":{"rendered":"135 de ani de la \u00eenfiin\u0163area Marii Loji Na\u0163ionale din Rom\u00e2nia"},"content":{"rendered":"<p><a href=\"https:\/\/romfilatelia.ro\/magazin\/wp-content\/uploads\/2015\/10\/Masonerie_135_M.jpg\"><img decoding=\"async\" loading=\"lazy\" class=\"size-medium wp-image-2008016 alignleft\" src=\"https:\/\/romfilatelia.ro\/magazin\/wp-content\/uploads\/2015\/10\/Masonerie_135_M-300x234.jpg\" alt=\"Masonerie_135_M\" width=\"300\" height=\"234\" srcset=\"https:\/\/romfilatelia.ro\/magazin\/wp-content\/uploads\/2015\/10\/Masonerie_135_M-300x234.jpg 300w, https:\/\/romfilatelia.ro\/magazin\/wp-content\/uploads\/2015\/10\/Masonerie_135_M-500x389.jpg 500w, https:\/\/romfilatelia.ro\/magazin\/wp-content\/uploads\/2015\/10\/Masonerie_135_M-64x50.jpg 64w, https:\/\/romfilatelia.ro\/magazin\/wp-content\/uploads\/2015\/10\/Masonerie_135_M.jpg 600w\" sizes=\"(max-width: 300px) 100vw, 300px\" \/><\/a>Francmasoneria este o societate fraternal\u0103 a c\u0103rei origine coboar\u0103 p\u00e2n\u0103 la leag\u0103nul umanit\u0103\u0163ii. Ea \u00ee\u015fi \u00eendreapt\u0103 eforturile spre perfectibilitatea omului consider\u00e2nd c\u0103 prin iubire po\u0163i deveni mai bun, mai luminat, mai drept, mai tolerant \u015fi deci mai folositor societ\u0103\u0163ii.<br \/>\nStructura \u015fi esen\u0163a ei sunt de ordin moral-filosofic. Propun\u00e2ndu-\u015fi dialogul interuman, ea construie\u015fte pun\u0163i care apropie, atenu\u00e2nd ceea ce ne separ\u0103.<br \/>\nFrancmasoneria a contribuit la progresul omenirii, s-a constituit \u00eentr-un promotor al p\u0103cii \u015fi al \u00een\u0163elegerii, a militat pentru o lume \u00een care demnitatea uman\u0103 s\u0103 fie respectat\u0103.<br \/>\nCa s\u0103 fii francmason trebuie s\u0103 crezi cu t\u0103rie \u00een Divinitate &#8211; denumit\u0103 generic Marele Arhitect al Universului \u0096 \u00een voin\u0163a Sa revelat\u0103 \u015fi \u00een nemurirea sufletului, s\u0103-\u0163i iube\u015fti familia, patria \u015fi Ordinul Masonic ca pe tine \u00eensu\u0163i.<br \/>\nFrancmasoneria modern\u0103 nu este o societate secret\u0103, scopurile ei nobile sunt cunoscute public.<br \/>\nCele trei mari principii care sintetizeaz\u0103 activitatea Ordinului Masonic sunt: dragostea fr\u0103\u0163easc\u0103, \u00eentrajutorarea \u015fi c\u0103utarea adev\u0103rului.<br \/>\n\u0084Cunoa\u015fte-te pe tine \u00eensu\u0163i, iube\u015fte-\u0163i aproapele, ajut\u0103-l, respect\u00e2ndu-i demnitatea\u0094 \u0096 este regula de aur a Francmasoneriei.<br \/>\nPrimele informa\u0163ii legate de apari\u0163ia Francmasoneriei \u00een spa\u0163iul rom\u00e2nesc sunt din deceniul 4 al secolului al XVIII-lea, c\u00e2nd este semnalat\u0103 prezen\u0163a c\u00e2torva Loji masonice \u00een \u0162\u0103rile Rom\u00e2ne, a\u015fa cum rezult\u0103 din mai multe surse de arhiv\u0103.<br \/>\nP\u00e2n\u0103 la jum\u0103tatea secolului al XIX-lea iau fiin\u0163\u0103 \u00een spa\u0163iul rom\u00e2nesc mai multe Loji, aflate atunci sub diferite obedien\u0163e (italian\u0103, francez\u0103 etc.), \u00een care activeaz\u0103 oameni liberi \u015fi de bune moravuri, personalit\u0103\u0163i din toate domeniile, membri ai elitelor vremii. Ei sunt adep\u0163i ai Iluminismului \u015fi ai triumfului ra\u0163iunii milit\u00e2nd pentru Libertate, Egalitate \u015fi Fraternitate la nivel social \u015fi pentru idealurile na\u0163ionale rom\u00e2ne\u015fti Unitatea \u015fi Independen\u0163a tuturor rom\u00e2nilor.<br \/>\n\u00cenfr\u00e2ngerea Revolu\u0163iei de la 1848 oblig\u0103 majoritatea Francmasonilor rom\u00e2ni s\u0103 plece \u00een exil, unde \u015fi-au continuat activitatea \u00een slujba idealurilor lor \u015fi a patriei. Acestora li se adaug\u0103 o seam\u0103 de studen\u0163i rom\u00e2ni afla\u0163i la studii \u00een diverse capitale occidentale, unii dintre ei ini\u0163ia\u0163i \u00een diferite loji. Ei sunt cei care pot fi considera\u0163i, f\u0103r\u0103 t\u0103gad\u0103, printre p\u0103rin\u0163ii statului na\u0163ional modern rom\u00e2n. Reveni\u0163i \u00een \u0163ar\u0103, \u00een contextul situa\u0163iei generate de desf\u0103\u015furarea R\u0103zboiului Crimeii \u015fi a Congresului de Pace care i-a urmat, \u00eempreun\u0103 cu cei care \u015fi-au continuat Lucrarea Masonic\u0103 \u00een fruntariile Principatelor, Francmasonii s-au organizat \u00een noi Loji sus\u0163in\u00e2nd realizarea Unirii din 1859, act istoric \u00een care au jucat un rol fundamental.<br \/>\nDup\u0103 realizarea statului na\u0163ional modern rom\u00e2n prin Unirea Principatelor la 1859, activitatea Francmasonilor s-a \u00eendreptat spre consolidarea acestuia \u015fi promovarea unor reforme modernizatoare \u00een mai toate segmentele vie\u0163ii sociale \u015fi culturale. Urm\u0103torul mare obiectiv asumat a vizat dob\u00e2ndirea Independen\u0163ei de stat \u015fi transformarea Rom\u00e2niei \u00een subiect al dreptului interna\u0163ional public, lucru devenit realitate \u00een urma R\u0103zboiului de Independen\u0163\u0103 (1877-1878) \u015fi a Congresului de pace ce i-a urmat. \u00cen noile condi\u0163ii istorice asigurate de dob\u00e2ndirea suveranit\u0103\u0163ii na\u0163ionale, Francmasoneria din Rom\u00e2nia a marcat o nou\u0103 etap\u0103 decisiv\u0103 \u00een istoria sa. La 8\/20 septembrie 1880 se constituie Marea Loj\u0103 Na\u0163ional\u0103 din Rom\u00e2nia, av\u00e2ndu-l ca Mare Maestru pe c\u0103pitanul Constantin Moroiu. Din acel moment \u015fi p\u00e2n\u0103 ast\u0103zi Francmasonii din Rom\u00e2nia, membri ai Marii Loji Na\u0163ionale din Rom\u00e2nia, s-au implicat constant \u00een progresul moral \u015fi material al na\u0163iunii \u015fi au fost sprijinitori devota\u0163i ai aspira\u0163iilor sale legitime \u00een concertul interna\u0163ional.<br \/>\n\u00cen perioada interbelic\u0103 Francmasonii rom\u00e2ni \u015fi-au continuat activitatea \u00een slujba \u0163\u0103rii \u015fi a societ\u0103\u0163ii rom\u00e2ne\u015fti confirm\u00e2nd \u00een mod practic implicarea lor la realizarea Rom\u00e2niei \u00centregite \u015fi a plas\u0103rii \u0163\u0103rii noastre pe o pozi\u0163ie demn\u0103 \u00een contextul civiliza\u0163iei epocii.<br \/>\n\u00cen condi\u0163iile dificile din preajma celei de-a doua conflagra\u0163ii mondiale Marea Loj\u0103 Na\u0163ional\u0103 din Rom\u00e2nia \u015fi-a \u00eencetat activitatea, pentru ca ea s\u0103 fie reluat\u0103 pentru scurt timp dup\u0103 \u00eencetarea r\u0103zboiului \u00een condi\u0163ii istorice noi. Noul regim politic instaurat \u00een Rom\u00e2nia a f\u0103cut ca dup\u0103 1948 activitatea Francmasoneriei s\u0103 nu mai fie posibil\u0103 \u00een \u0163ar\u0103, confruntat\u0103 de atunci \u015fi p\u00e2n\u0103 \u00een 1989 cu un dur regim totalitar. \u00cen timpul acestuia activitatea masonic\u0103 rom\u00e2neasc\u0103 a fost posibil\u0103 numai \u00een diaspora aflat\u0103 pe teritoriul unor \u0163\u0103ri precum: Fran\u0163a, Israel, Germania \u015fi Argentina.<br \/>\nPrintre membrii onorifici ai Marii Loji Na\u0163ionale din Rom\u00e2nia s-au num\u0103rat de-a lungul timpului o serie de mari personalit\u0103\u0163i ale lumii: Majest\u0103\u0163ile Lor Regele Oscar al II-lea al Suediei, Eduard al VII-lea &#8211; Regele Marii Britanii, Wilhelm I de Hohenzolern &#8211; Rege al Prusiei \u015fi \u00cemp\u0103ratul Germaniei. \u015ei alte figuri ilustre ale vie\u0163ii politice,\u015ftiin\u0163ifice, culturale \u015fi militare din \u0163ar\u0103 \u015fi de peste hotare au dob\u00e2ndit aceast\u0103 onorant\u0103 calitate.<br \/>\nDup\u0103 schimb\u0103rile majore petrecute la sf\u00e2r\u015fitul anului 1989 \u015fi revenirea Rom\u00e2niei la un regim democratic,via\u0163a Francmasoneriei din \u0163ara noastr\u0103 a intrat \u00eentr-o nou\u0103 \u015fi benefic\u0103 etap\u0103. Generoasele auspicii ale rena\u015fterii democra\u0163iei \u00een Rom\u00e2nia au permis ca la 24 ianuarie 1993 s\u0103 se petreac\u0103 un mare eveniment din via\u0163a masoneriei: la Bucure\u015fti se desf\u0103\u015fura Conventul de reconstituire \u015fi rede\u015fteptare a Marii Loji Na\u0163ionale din Rom\u00e2nia. A urmat apoi o perioad\u0103 fast\u0103, de dezvoltare puternic\u0103 a Marii Loji Na\u0163ionale din Rom\u00e2nia care cuprinde azi un num\u0103r de peste 420 de Loji \u00een care activeaz\u0103 aproape 14.000 de membri.<br \/>\nMarea Loj\u0103 Na\u0163ional\u0103 din Rom\u00e2nia se afl\u0103 acum \u00een plin efort de a edifica un obiectiv socio-cultural reprezentativ pentru prezen\u0163a sa \u00een societatea noastr\u0103. El va cuprinde s\u0103li de \u00eent\u00e2lnire, bibliotec\u0103, muzeu, diferite spa\u0163ii func\u0163ionale necesare desf\u0103\u015fur\u0103rii unei bune activit\u0103\u0163i. Finalizarea construc\u0163iei acestui mare obiectiv socio-cultural al Marii Loji Na\u0163ionale din Rom\u00e2nia reprezint\u0103 momentul \u00een care va fi pus\u0103 piatra de temelie a unui viitor mai bun pentru spiritualitatea rom\u00e2neasc\u0103, lucrare \u00eenceput\u0103 de Marele Maestru Radu B\u0103l\u0103nescu prin programul Masoneria Rom\u00e2n\u0103 pentru Rom\u00e2nia.<br \/>\nPrin grafica celor 2 m\u0103rci po\u015ftale se realizeaz\u0103 o punte metaforic\u0103 \u00eentre origini, trecut \u015fi viitor astfel:<br \/>\n&#8211; Elemente de simbolistic\u0103 \u0096 luna, soarele \u015fi cele 12 semne zodiacale, \u00eentr-o compozi\u0163ie pictural\u0103 din patrimoniul M.L.N.R., ale c\u0103rei elemente \u00eencearc\u0103 s\u0103 reprezinte simbolul universului material \u015fi spiritual. Litera G face trimitere c\u0103tre Marele Arhitect, Dumnezeu (engl. God).<br \/>\n&#8211; Proiectul de construc\u0163ie a Marelui Templu al Marii Loji Na\u0163ionale din Rom\u00e2nia.<br \/>\nCu ocazia anivers\u0103rii anul acesta a 135 de ani de la \u00eenfiin\u0163area Marii Loji Na\u0163ionale din Rom\u00e2nia, Romfilatelia realizeaz\u0103 prezenta emisiune de m\u0103rci po\u015ftale, aduc\u00e2nd \u00een aten\u0163ia pasiona\u0163ilor de filatelie aspecte inedite ale existen\u0163ei \u015fi activit\u0103\u0163ii acestei societ\u0103\u0163i fraternale.<\/p>\n<p>Data de aparitie: 2015-06-16<\/p>\n<p><a href=\"https:\/\/romfilatelia.ro\/magazin\/wp-content\/uploads\/2015\/10\/Masonerie_135_box.jpg\"><img decoding=\"async\" loading=\"lazy\" class=\"aligncenter wp-image-2008015 size-full\" src=\"https:\/\/romfilatelia.ro\/magazin\/wp-content\/uploads\/2015\/10\/Masonerie_135_box.jpg\" alt=\"Masonerie_135_box\" width=\"740\" height=\"750\" srcset=\"https:\/\/romfilatelia.ro\/magazin\/wp-content\/uploads\/2015\/10\/Masonerie_135_box.jpg 740w, https:\/\/romfilatelia.ro\/magazin\/wp-content\/uploads\/2015\/10\/Masonerie_135_box-100x100.jpg 100w, https:\/\/romfilatelia.ro\/magazin\/wp-content\/uploads\/2015\/10\/Masonerie_135_box-500x507.jpg 500w, https:\/\/romfilatelia.ro\/magazin\/wp-content\/uploads\/2015\/10\/Masonerie_135_box-64x65.jpg 64w, https:\/\/romfilatelia.ro\/magazin\/wp-content\/uploads\/2015\/10\/Masonerie_135_box-296x300.jpg 296w, https:\/\/romfilatelia.ro\/magazin\/wp-content\/uploads\/2015\/10\/Masonerie_135_box-53x53.jpg 53w, https:\/\/romfilatelia.ro\/magazin\/wp-content\/uploads\/2015\/10\/Masonerie_135_box-85x85.jpg 85w\" sizes=\"(max-width: 740px) 100vw, 740px\" \/><\/a><\/p>\n","protected":false},"excerpt":{"rendered":"<p>Francmasoneria este o societate fraternal\u0103 a c\u0103rei origine coboar\u0103 p\u00e2n\u0103 la leag\u0103nul umanit\u0103\u0163ii. Ea \u00ee\u015fi \u00eendreapt\u0103 eforturile spre perfectibilitatea omului consider\u00e2nd c\u0103 prin iubire po\u0163i deveni mai bun, mai luminat, mai drept, mai tolerant \u015fi deci mai folositor societ\u0103\u0163ii. Structura \u015fi esen\u0163a ei sunt de ordin moral-filosofic. Propun\u00e2ndu-\u015fi dialogul interuman, ea construie\u015fte pun\u0163i care apropie,&hellip;&nbsp;<a href=\"https:\/\/romfilatelia.ro\/magazin\/produs\/colectii-anuale\/2015\/135-de-ani-de-la-infiintarea-marii-loji-nationale-din-romania-135-de-ani-de-la-infiintarea-marii-loji-nationale-din-romania\/\" class=\"\" rel=\"bookmark\">Cite\u0219te mai mult &raquo;<span class=\"screen-reader-text\">135 de ani de la \u00eenfiin\u0163area Marii Loji Na\u0163ionale din Rom\u00e2nia<\/span><\/a><\/p>\n","protected":false},"featured_media":2008016,"template":"","meta":{"neve_meta_sidebar":"","neve_meta_container":"","neve_meta_enable_content_width":"","neve_meta_content_width":0,"neve_meta_title_alignment":"","neve_meta_author_avatar":"","neve_post_elements_order":"","neve_meta_disable_header":"","neve_meta_disable_footer":"","neve_meta_disable_title":""},"product_cat":[103,6],"product_tag":[],"_links":{"self":[{"href":"https:\/\/romfilatelia.ro\/magazin\/wp-json\/wp\/v2\/product\/2007995"}],"collection":[{"href":"https:\/\/romfilatelia.ro\/magazin\/wp-json\/wp\/v2\/product"}],"about":[{"href":"https:\/\/romfilatelia.ro\/magazin\/wp-json\/wp\/v2\/types\/product"}],"wp:featuredmedia":[{"embeddable":true,"href":"https:\/\/romfilatelia.ro\/magazin\/wp-json\/wp\/v2\/media\/2008016"}],"wp:attachment":[{"href":"https:\/\/romfilatelia.ro\/magazin\/wp-json\/wp\/v2\/media?parent=2007995"}],"wp:term":[{"taxonomy":"product_cat","embeddable":true,"href":"https:\/\/romfilatelia.ro\/magazin\/wp-json\/wp\/v2\/product_cat?post=2007995"},{"taxonomy":"product_tag","embeddable":true,"href":"https:\/\/romfilatelia.ro\/magazin\/wp-json\/wp\/v2\/product_tag?post=2007995"}],"curies":[{"name":"wp","href":"https:\/\/api.w.org\/{rel}","templated":true}]}}