{"id":2007986,"date":"2015-06-05T12:14:48","date_gmt":"2015-06-05T12:14:48","guid":{"rendered":"http:\/\/romfilatelia.ro\/?p=2007986"},"modified":"2016-07-28T13:46:13","modified_gmt":"2016-07-28T13:46:13","slug":"inovatie-si-cercetare-institutul-national-de-cercetare-dezvoltare-in-informatica-45-de-ani","status":"publish","type":"product","link":"https:\/\/romfilatelia.ro\/magazin\/produs\/colectii-anuale\/2015\/inovatie-si-cercetare-institutul-national-de-cercetare-dezvoltare-in-informatica-45-de-ani\/","title":{"rendered":"Inova\u0163ie \u015fi Cercetare, Institutul Na\u0163ional de Cercetare &#8211; Dezvoltare \u00een Informatic\u0103 &#8211; 45 de ani"},"content":{"rendered":"<p><a href=\"https:\/\/romfilatelia.ro\/magazin\/wp-content\/uploads\/2015\/10\/ICI_45ani_M.jpg\"><img decoding=\"async\" loading=\"lazy\" class=\"size-medium wp-image-2007990 alignleft\" src=\"https:\/\/romfilatelia.ro\/magazin\/wp-content\/uploads\/2015\/10\/ICI_45ani_M-300x209.jpg\" alt=\"mc5t+1v\" width=\"300\" height=\"209\" srcset=\"https:\/\/romfilatelia.ro\/magazin\/wp-content\/uploads\/2015\/10\/ICI_45ani_M-300x209.jpg 300w, https:\/\/romfilatelia.ro\/magazin\/wp-content\/uploads\/2015\/10\/ICI_45ani_M-500x348.jpg 500w, https:\/\/romfilatelia.ro\/magazin\/wp-content\/uploads\/2015\/10\/ICI_45ani_M-64x44.jpg 64w, https:\/\/romfilatelia.ro\/magazin\/wp-content\/uploads\/2015\/10\/ICI_45ani_M.jpg 600w\" sizes=\"(max-width: 300px) 100vw, 300px\" \/><\/a>Pentru a progresa, oamenii au avut nevoie de inven\u0163ii \u015fi descoperiri indispensabile dezvolt\u0103rii societ\u0103\u0163ii omene\u015fti. Fie c\u0103 au fost din domeniul mecanic, electric, medical, cuantic, spa\u0163ial, \u015fi lista ar putea continua, inova\u0163iile au dus la prosperitatea \u00eentregii omeniri.<br \/>\nAflat\u0103 \u00eentr-o permanent\u0103 cre\u015ftere, informatica, ale c\u0103rei r\u0103d\u0103cini se afl\u0103 \u00eenainte de secolul al XX-lea, s-a format ca un domeniu modern, ale c\u0103rui limite ne sunt \u00eenc\u0103 necunoscute.<br \/>\nAnul 1945 marcheaz\u0103 crearea, de c\u0103tre americani, a primului calculator care avea dimensiunile unei cl\u0103diri, ast\u0103zi el put\u00e2nd ajunge la dimensiuni miniaturale.<br \/>\n\u00cen anul 1955, rom\u00e2nul Victor Toma a intrat \u00een istoria informaticii, realiz\u00e2nd primul calculator electronic numeric (CIFA-1) din \u0163\u0103rile socialiste ale Europei, cu excep\u0163ia URSS.<br \/>\nUn reper important \u00een informatica rom\u00e2neasc\u0103 \u00eel constituie \u00eenfiin\u0163area \u00een 1970 a Institutului Na\u0163ional de Cercetare Dezvoltare \u00een Informatic\u0103 (ICI), adev\u0103rat v\u00e2rf de lance din domeniul Tehnologiei Informa\u0163iei \u015fi Comunica\u0163iilor din Rom\u00e2nia.<br \/>\nO societate trebuie s\u0103 se bazeze pe cunoa\u015ftere \u015fi tocmai deaceea, misiunea ICI este considerat\u0103 prioritar\u0103 \u00een dezvoltarea suportului \u015ftiin\u0163ific \u015fi tehnologic din domeniul tehnologiilor informa\u0163iei \u015fi comunica\u0163iilor.<br \/>\n\u00cen cadrul programelor na\u0163ionale \u015fi interna\u0163ionale, ICI Bucure\u015fti transfer\u0103 tehnologie, valorific\u0103 rezultatele cercet\u0103rilor, desf\u0103\u015foar\u0103 activit\u0103\u0163i de consultan\u0163\u0103, studii de diagnoz\u0103 \u015fi prognoz\u0103, precum \u015fi editarea de publica\u0163ii de specialitate.<br \/>\nColabor\u0103rile cu Academii de \u015ftiin\u0163\u0103, universit\u0103\u0163i \u015fi institute similare din Rom\u00e2nia \u015fi alte \u0163\u0103ri sunt axate pe dezvoltarea de calcule \u015ftiin\u0163ifice de \u00eenalt\u0103 performan\u0163\u0103, pe infrastructuri tehnologice avansate pentru aplica\u0163ii \u00een medii distribuite, suport pentru servicii publice \u015fi guvernare electronic\u0103.<br \/>\nCompeten\u0163ele cercet\u0103torilor din ICI, portofoliul de proiecte na\u0163ionale \u015fi interna\u0163ionale contractate, orientarea strategic\u0103, precum \u015fi managementul Registrului Na\u0163ional de Domenii .ro \u00eenc\u0103 de la \u00eenfiin\u0163area sa, \u00een 1993, fac din aceast\u0103 institu\u0163ie un adev\u0103rat lider na\u0163ional \u00een domeniu.<br \/>\nCoordonatele principale ale direc\u0163iilor de cercetare sunt bazate pe introducerea tehnologiei informa\u0163iei \u015fi comunica\u0163iilor \u00een sfere de activitate de interes public precum s\u0103n\u0103tate, mediu \u015fi dezvoltare durabil\u0103, transporturi sau incluziune.<br \/>\nUn important sector de activitate \u00eel reprezint\u0103 tehnologiile avansate \u00een dezvoltarea aplica\u0163iilor \u00een medii distribuite \u015fi infrastructurilor pilot de comunica\u0163ii pentru tehnologia grid (utilizarea unei re\u0163ele de calculatoare pentru rezolvarea unei singure sarcini) \u015fi mai nou, sistemele cloud computing.<br \/>\nAlte direc\u0163ii importante pentru ICI sunt reprezentate de con\u0163inutul digital, creativitatea \u015fi dezvoltarea personal\u0103 din domeniul tehnologiilor avansate, dar \u015fi suportul tehnologiei informa\u0163iei \u015fi comunica\u0163iilor pentru dezvoltarea afacerilor \u015fi a industriei, premize fundamentale ale progresului cognitiv \u015fi inovator al societ\u0103\u0163ii.<br \/>\nNoi modele de afaceri \u015fi structuri organiza\u0163ionale, procese de afaceri dinamice, cooperative \u00een re\u0163ea, produc\u0163ie virtual\u0103 \u015fi digital\u0103, modele \u015fi tehnologii \u00een ingineria sistemelor \u015fi a produselor software, precum \u015fi sisteme avansate de calcul \u015fi control sunt doar c\u00e2teva din domeniile care se adaug\u0103 celorlalte pentru aputea reda imaginea de ansamblu a ceea ce \u00eenseamn\u0103 ast\u0103zi ICI.<br \/>\n\u00cen decursul celor 45 de ani de existen\u0163\u0103, Institutul a avut mai multe denumiri, dar \u00een anul 1990 devine Institutul de Cercet\u0103ri \u00een Informatic\u0103 (ICI), ast\u0103zi el fiind \u00een coordonarea Ministerului pentru Societatea Informa\u0163ional\u0103.<br \/>\nInova\u0163ie, dezvoltare \u015fi progres sau ICI, institu\u0163ia c\u0103reia Romfilatelia \u00eei dedic\u0103 emisiunea filatelic\u0103 \u0084Inova\u0163ie \u015fi cercetare, Institutul Na\u0163ional de Cercetare &#8211; Dezvoltare \u00een Informatic\u0103 &#8211; 45 de ani\u0093.<br \/>\nTimbrul cu valoarea nominal\u0103 de 7,60 lei ne introduce \u00een lumea informaticii, subliniind ideea de cercetare \u00een domeniul ciberneticii. Aniversarea celor 45 de ani este tradus\u0103 \u00een cod binar, pe ecranul unui calculator de larg\u0103 utilizare. Incursiunea \u00een istorie se faceprin intermediul imaginii statuetei G\u00e2nditorului de la Hamangia, simbol al g\u00e2ndirii, cercet\u0103rii \u015fi descoperirii continue, obiect de art\u0103 aflat \u00een patrimoniul Muzeului Na\u0163ional de Istorie a Rom\u00e2niei.<\/p>\n<p>Romfilatelia mul\u0163ume\u015fte Muzeului Na\u0163ional de Istorie a Rom\u00e2niei pentru sprijinul acordat \u00een realizarea acestei emisiuni de m\u0103rci po\u015ftale.<\/p>\n<p>Data de aparitie: 2015-06-05<\/p>\n<p><a href=\"https:\/\/romfilatelia.ro\/magazin\/wp-content\/uploads\/2015\/10\/ICI_45ani_box.jpg\"><img decoding=\"async\" loading=\"lazy\" class=\"aligncenter wp-image-2007989 size-full\" src=\"https:\/\/romfilatelia.ro\/magazin\/wp-content\/uploads\/2015\/10\/ICI_45ani_box.jpg\" alt=\"ICI_45ani_box\" width=\"750\" height=\"367\" srcset=\"https:\/\/romfilatelia.ro\/magazin\/wp-content\/uploads\/2015\/10\/ICI_45ani_box.jpg 750w, https:\/\/romfilatelia.ro\/magazin\/wp-content\/uploads\/2015\/10\/ICI_45ani_box-500x245.jpg 500w, https:\/\/romfilatelia.ro\/magazin\/wp-content\/uploads\/2015\/10\/ICI_45ani_box-64x31.jpg 64w, https:\/\/romfilatelia.ro\/magazin\/wp-content\/uploads\/2015\/10\/ICI_45ani_box-300x147.jpg 300w\" sizes=\"(max-width: 750px) 100vw, 750px\" \/><\/a><\/p>\n","protected":false},"excerpt":{"rendered":"<p>Pentru a progresa, oamenii au avut nevoie de inven\u0163ii \u015fi descoperiri indispensabile dezvolt\u0103rii societ\u0103\u0163ii omene\u015fti. Fie c\u0103 au fost din domeniul mecanic, electric, medical, cuantic, spa\u0163ial, \u015fi lista ar putea continua, inova\u0163iile au dus la prosperitatea \u00eentregii omeniri. Aflat\u0103 \u00eentr-o permanent\u0103 cre\u015ftere, informatica, ale c\u0103rei r\u0103d\u0103cini se afl\u0103 \u00eenainte de secolul al XX-lea, s-a format&hellip;&nbsp;<a href=\"https:\/\/romfilatelia.ro\/magazin\/produs\/colectii-anuale\/2015\/inovatie-si-cercetare-institutul-national-de-cercetare-dezvoltare-in-informatica-45-de-ani\/\" class=\"\" rel=\"bookmark\">Cite\u0219te mai mult &raquo;<span class=\"screen-reader-text\">Inova\u0163ie \u015fi Cercetare, Institutul Na\u0163ional de Cercetare &#8211; Dezvoltare \u00een Informatic\u0103 &#8211; 45 de ani<\/span><\/a><\/p>\n","protected":false},"featured_media":2007990,"template":"","meta":{"neve_meta_sidebar":"","neve_meta_container":"","neve_meta_enable_content_width":"","neve_meta_content_width":0,"neve_meta_title_alignment":"","neve_meta_author_avatar":"","neve_post_elements_order":"","neve_meta_disable_header":"","neve_meta_disable_footer":"","neve_meta_disable_title":""},"product_cat":[103,6],"product_tag":[],"_links":{"self":[{"href":"https:\/\/romfilatelia.ro\/magazin\/wp-json\/wp\/v2\/product\/2007986"}],"collection":[{"href":"https:\/\/romfilatelia.ro\/magazin\/wp-json\/wp\/v2\/product"}],"about":[{"href":"https:\/\/romfilatelia.ro\/magazin\/wp-json\/wp\/v2\/types\/product"}],"wp:featuredmedia":[{"embeddable":true,"href":"https:\/\/romfilatelia.ro\/magazin\/wp-json\/wp\/v2\/media\/2007990"}],"wp:attachment":[{"href":"https:\/\/romfilatelia.ro\/magazin\/wp-json\/wp\/v2\/media?parent=2007986"}],"wp:term":[{"taxonomy":"product_cat","embeddable":true,"href":"https:\/\/romfilatelia.ro\/magazin\/wp-json\/wp\/v2\/product_cat?post=2007986"},{"taxonomy":"product_tag","embeddable":true,"href":"https:\/\/romfilatelia.ro\/magazin\/wp-json\/wp\/v2\/product_tag?post=2007986"}],"curies":[{"name":"wp","href":"https:\/\/api.w.org\/{rel}","templated":true}]}}