{"id":2007963,"date":"2015-05-15T12:12:59","date_gmt":"2015-05-15T12:12:59","guid":{"rendered":"http:\/\/romfilatelia.ro\/?p=2007963"},"modified":"2016-07-28T13:24:49","modified_gmt":"2016-07-28T13:24:49","slug":"70-de-ani-de-la-fondarea-universitatii-de-medicina-si-farmacie-tirgu-mures","status":"publish","type":"product","link":"https:\/\/romfilatelia.ro\/magazin\/produs\/colectii-anuale\/2015\/70-de-ani-de-la-fondarea-universitatii-de-medicina-si-farmacie-tirgu-mures\/","title":{"rendered":"70 de ani de la fondarea Universit\u0103\u0163ii de Medicin\u0103 \u015fi Farmacie T\u00eergu Mure\u015f"},"content":{"rendered":"<p><a href=\"https:\/\/romfilatelia.ro\/magazin\/wp-content\/uploads\/2015\/10\/UMF_70_M.jpg\"><img decoding=\"async\" loading=\"lazy\" class=\"size-medium wp-image-2007970 alignleft\" src=\"https:\/\/romfilatelia.ro\/magazin\/wp-content\/uploads\/2015\/10\/UMF_70_M-300x254.jpg\" alt=\"UMF_70_M\" width=\"300\" height=\"254\" srcset=\"https:\/\/romfilatelia.ro\/magazin\/wp-content\/uploads\/2015\/10\/UMF_70_M-300x254.jpg 300w, https:\/\/romfilatelia.ro\/magazin\/wp-content\/uploads\/2015\/10\/UMF_70_M-500x423.jpg 500w, https:\/\/romfilatelia.ro\/magazin\/wp-content\/uploads\/2015\/10\/UMF_70_M-64x54.jpg 64w, https:\/\/romfilatelia.ro\/magazin\/wp-content\/uploads\/2015\/10\/UMF_70_M.jpg 600w\" sizes=\"(max-width: 300px) 100vw, 300px\" \/><\/a>Aduc\u00e2nd \u00een aten\u0163ia publicului unul dintre cele mai prestigioase \u015fi emblematice simboluri ale ora\u015fului T\u00eergu Mure\u015f, Romfilatelia celebreaz\u0103 70 de ani de la fondarea Universit\u0103\u0163ii de Medicin\u0103 \u015fi Farmacie T\u00eergu Mure\u015f, printr-o emisiune filatelic\u0103 aniversar\u0103.<br \/>\n\u00cen ultimele decenii, multe genera\u0163ii de medici \u015fi farmaci\u015fti \u015fi-au finalizat studiile \u00een T\u00eergu Mure\u015f, excelentele rezultate \u00eenregistrate \u00een activitatea lor profesional\u0103 f\u0103c\u00e2nd ca T\u00eergu Mure\u015f s\u0103 devin\u0103 un ora\u015f de referin\u0163\u0103 pentru \u00eenv\u0103\u0163\u0103m\u00e2ntul medical din Rom\u00e2nia. \u00cen acela\u015fi timp, datorit\u0103 \u00eenaltei calit\u0103\u0163i a \u00eenv\u0103\u0163\u0103m\u00e2ntului medico-farmaceutic \u00een T\u00eergu Mure\u015f, Universitatea a devenit un real brand pentru acest ora\u015f, unul din cele mai faimoase \u015fi mai apreciate simboluri ale sale.<br \/>\nT\u00eergu Mure\u015f este un ora\u015f tradi\u0163ional academic, cu o trimitere c\u0103tre istorie prezent\u0103 la fiecare pas. Cl\u0103direa care ad\u0103poste\u015fte Universitatea a fost construit\u0103 \u00eentre anii 1906 \u015fi 1907 de c\u0103tre prim\u0103rie, dup\u0103 un proiect realizat de c\u0103tre fra\u0163ii Gr\u00fcnwald, \u00een stil secession. La \u00eenceput, cl\u0103direa a ad\u0103postit o \u015fcoal\u0103 militar\u0103, fiind oficial inaugurat\u0103 \u00een 5 Octombrie 1909. \u00cenv\u0103\u0163\u0103m\u00e2ntul medical a \u00eenceput \u00een T\u00eergu Mure\u015f \u00een 1945, odat\u0103 cu \u00eenfiin\u0163area Facult\u0103\u0163ii de Medicin\u0103 ca filial\u0103 a Universit\u0103\u0163ii Bolyai (actualmente Babe\u015f Bolyai) din Cluj Napoca, situ\u00e2ndu-se \u00een cl\u0103direa fostei \u015ecoli Militare. \u00cen 1948, dup\u0103 reforma \u00eenv\u0103\u0163\u0103m\u00e2ntului, aceasta s-a transformat \u00een Institutul de Medicin\u0103 \u015fi Farmacie din T\u00eergu Mure\u015f, cu urm\u0103toarele facult\u0103\u0163i: Facultatea de Medicin\u0103 General\u0103, Facultatea de Pediatrie, Facultatea de Igien\u0103, Facultatea de Stomatologie \u015fi Facultatea de Farmacie.<br \/>\n\u00cen 1991, Institutul a primit numele de Universitatea de Medicin\u0103 \u015fi Farmacie T\u00eergu Mure\u015f, cu Facultatea de Medicin\u0103 General\u0103, Facultatea de Medicin\u0103 Dentar\u0103 \u015fi Facultatea de Farmacie. La acestea s-a ad\u0103ugat, de asemenea \u015fi un Departament de Medicin\u0103 Militar\u0103, care a fost re\u00eenfiin\u0163at \u00een 1990. \u00cencep\u00e2nd cu anul 1965, Universitatea a primit dreptul de a conduce doctorate, ceea ce a pus bazele actualei \u015ecoli Doctorale a UMF T\u00eergu Mure\u015f, de atunci \u015ecoala doctoral\u0103 oferind studen\u0163ilor doctoranzi condi\u0163ii pentru o cercetarede \u00eenalt nivel.<br \/>\nSituat\u0103 pe dealul care vegheaz\u0103 ora\u015ful, cl\u0103direa impun\u0103toare ofer\u0103 o perspectiv\u0103 unic\u0103 asupra ora\u015fului.<br \/>\nUn parc dendrologic \u00eenconjoar\u0103 \u015fi protejeaz\u0103 universitatea de agita\u0163ia ora\u015fului, ca o insul\u0103 de verdea\u0163\u0103 perfect integrat\u0103.<br \/>\nAscunse privirilor trec\u0103torilor, laboratoarele universit\u0103\u0163ii (situate at\u00e2t \u00een corpul principal, c\u00e2t \u015fi \u00een cl\u0103dirile anexe) fac trecerea surprinz\u0103toare de la frumuse\u0163ea exterioar\u0103 a unei cl\u0103diri care are patina timpului, la realitatea dinamic\u0103 a tehnologiei secolului al XXI-lea.<br \/>\nNoi cl\u0103diri moderne, cum ar fi Facultatea de Farmacie \u015fi Centrul de Cercet\u0103ri Avansate Medico-Farmaceutice, sunt destinate s\u0103 ofere facilit\u0103\u0163i excelente de \u00eenv\u0103\u0163are \u015fi o infrastructur\u0103 inovativ\u0103 de cercetare la standardele cele mai \u00eenalte at\u00e2t pentru studen\u0163i c\u00e2t \u015fi pentru cadrele didactice, \u00eentr-un complex architectural deosebit.<br \/>\nLa toate acestea se adaug\u0103 vasta baz\u0103 sportiv\u0103 &#8211; dou\u0103 s\u0103li de sport moderne, terenurile de tenis \u015fi minifotbal cu nocturn\u0103, sala de fitness, bazinul de \u00eenot \u015fi Clubul Sportiv Universitar &#8211; care fac din Universitate o institu\u0163ie cu facilit\u0103\u0163i unice \u00een felul lor, \u00een Rom\u00e2nia.<br \/>\nCu ocazia anivers\u0103rii a celor 70 de ani de la \u00eenfiin\u0163area sa, se vor organiza \u015fi o serie de evenimente menite s\u0103 disemineze valorile academice \u015fi s\u0103 consolideze rolul acestei universit\u0103\u0163i \u00een via\u0163a academic\u0103, cultural\u0103 \u015fi social\u0103 a comunit\u0103\u0163ii. Conferin\u0163e na\u0163ionale \u015fi interna\u0163ionale, lansarea de noi publica\u0163ii \u015ftiin\u0163ifice, \u00eenchiderea unei capsule a timpului, competi\u0163ii sportive, lansarea emisiunii filatelice aniversare, un festival de carte, numeroase evenimente culturale, sunt c\u00e2teva exemple reprezentative de activit\u0103\u0163i care vor fi organizate sub egida acestui unic moment UMF 70, reprezentat de celebrarea a 70 de ani de existen\u0163\u0103.<br \/>\nCele dou\u0103 timbre ale emisiunii ilustreaz\u0103 cl\u0103direa Universit\u0103\u0163ii, \u00een diferite perioade ale existen\u0163ei sale, cu siglele aferente fiec\u0103reia.<br \/>\nColi\u0163a emisiunii prezint\u0103 o imagine aerian\u0103 contemporan\u0103 a cl\u0103dirii, permi\u0163\u00e2nd astfel o c\u00e2t mai bun\u0103 vizibilitate a arhitecturii acesteia.<\/p>\n<p>Data de aparitie: 2015-05-15<\/p>\n<p><a href=\"https:\/\/romfilatelia.ro\/magazin\/wp-content\/uploads\/2015\/10\/UMF_70_box.jpg\"><img decoding=\"async\" loading=\"lazy\" class=\"aligncenter wp-image-2007969 size-full\" src=\"https:\/\/romfilatelia.ro\/magazin\/wp-content\/uploads\/2015\/10\/UMF_70_box.jpg\" alt=\"UMF_70_box\" width=\"750\" height=\"462\" srcset=\"https:\/\/romfilatelia.ro\/magazin\/wp-content\/uploads\/2015\/10\/UMF_70_box.jpg 750w, https:\/\/romfilatelia.ro\/magazin\/wp-content\/uploads\/2015\/10\/UMF_70_box-500x308.jpg 500w, https:\/\/romfilatelia.ro\/magazin\/wp-content\/uploads\/2015\/10\/UMF_70_box-64x39.jpg 64w, https:\/\/romfilatelia.ro\/magazin\/wp-content\/uploads\/2015\/10\/UMF_70_box-300x185.jpg 300w\" sizes=\"(max-width: 750px) 100vw, 750px\" \/><\/a><\/p>\n","protected":false},"excerpt":{"rendered":"<p>Aduc\u00e2nd \u00een aten\u0163ia publicului unul dintre cele mai prestigioase \u015fi emblematice simboluri ale ora\u015fului T\u00eergu Mure\u015f, Romfilatelia celebreaz\u0103 70 de ani de la fondarea Universit\u0103\u0163ii de Medicin\u0103 \u015fi Farmacie T\u00eergu Mure\u015f, printr-o emisiune filatelic\u0103 aniversar\u0103. \u00cen ultimele decenii, multe genera\u0163ii de medici \u015fi farmaci\u015fti \u015fi-au finalizat studiile \u00een T\u00eergu Mure\u015f, excelentele rezultate \u00eenregistrate \u00een activitatea&hellip;&nbsp;<a href=\"https:\/\/romfilatelia.ro\/magazin\/produs\/colectii-anuale\/2015\/70-de-ani-de-la-fondarea-universitatii-de-medicina-si-farmacie-tirgu-mures\/\" class=\"\" rel=\"bookmark\">Cite\u0219te mai mult &raquo;<span class=\"screen-reader-text\">70 de ani de la fondarea Universit\u0103\u0163ii de Medicin\u0103 \u015fi Farmacie T\u00eergu Mure\u015f<\/span><\/a><\/p>\n","protected":false},"featured_media":2007970,"template":"","meta":{"neve_meta_sidebar":"","neve_meta_container":"","neve_meta_enable_content_width":"","neve_meta_content_width":0,"neve_meta_title_alignment":"","neve_meta_author_avatar":"","neve_post_elements_order":"","neve_meta_disable_header":"","neve_meta_disable_footer":"","neve_meta_disable_title":""},"product_cat":[103,6],"product_tag":[],"_links":{"self":[{"href":"https:\/\/romfilatelia.ro\/magazin\/wp-json\/wp\/v2\/product\/2007963"}],"collection":[{"href":"https:\/\/romfilatelia.ro\/magazin\/wp-json\/wp\/v2\/product"}],"about":[{"href":"https:\/\/romfilatelia.ro\/magazin\/wp-json\/wp\/v2\/types\/product"}],"wp:featuredmedia":[{"embeddable":true,"href":"https:\/\/romfilatelia.ro\/magazin\/wp-json\/wp\/v2\/media\/2007970"}],"wp:attachment":[{"href":"https:\/\/romfilatelia.ro\/magazin\/wp-json\/wp\/v2\/media?parent=2007963"}],"wp:term":[{"taxonomy":"product_cat","embeddable":true,"href":"https:\/\/romfilatelia.ro\/magazin\/wp-json\/wp\/v2\/product_cat?post=2007963"},{"taxonomy":"product_tag","embeddable":true,"href":"https:\/\/romfilatelia.ro\/magazin\/wp-json\/wp\/v2\/product_tag?post=2007963"}],"curies":[{"name":"wp","href":"https:\/\/api.w.org\/{rel}","templated":true}]}}