{"id":2007403,"date":"2004-06-02T14:10:18","date_gmt":"2004-06-02T14:10:18","guid":{"rendered":"http:\/\/romfilatelia.ro\/?p=2007403"},"modified":"2021-01-19T20:21:10","modified_gmt":"2021-01-19T18:21:10","slug":"100-de-ani-de-la-nasterea-lui-johnny-weissmuller-tarzan","status":"publish","type":"product","link":"https:\/\/romfilatelia.ro\/magazin\/produs\/colectii-anuale\/2004\/100-de-ani-de-la-nasterea-lui-johnny-weissmuller-tarzan\/","title":{"rendered":"100 de ani de la na\u015fterea lui Johnny Weissm\u00fcller (Tarzan)"},"content":{"rendered":"<p><a href=\"https:\/\/romfilatelia.ro\/magazin\/wp-content\/uploads\/2015\/10\/1645.jpg\"><img decoding=\"async\" loading=\"lazy\" class=\"size-medium wp-image-2007404 alignleft\" src=\"https:\/\/romfilatelia.ro\/magazin\/wp-content\/uploads\/2015\/10\/1645-206x300.jpg\" alt=\"1645\" width=\"206\" height=\"300\" srcset=\"https:\/\/romfilatelia.ro\/magazin\/wp-content\/uploads\/2015\/10\/1645-206x300.jpg 206w, https:\/\/romfilatelia.ro\/magazin\/wp-content\/uploads\/2015\/10\/1645-64x93.jpg 64w, https:\/\/romfilatelia.ro\/magazin\/wp-content\/uploads\/2015\/10\/1645-275x400.jpg 275w, https:\/\/romfilatelia.ro\/magazin\/wp-content\/uploads\/2015\/10\/1645.jpg 276w\" sizes=\"(max-width: 206px) 100vw, 206px\" \/><\/a><\/p>\n<p>Johnny Weissm\u00fcller (Tarzan) s-a n\u0103scut la 2 iunie 1904, la Freidorf, l\u00e2ng\u0103 Timi\u015foara. A fost campion olimpic la \u00eenot, a c\u00e2\u015ftigat cinci medalii de aur \u015fi a realizat 67 de recorduri mondiale. Atletul a participat la Jocurile Olimpice de la Paris, din 1924 \u015fi de la Amsterdam, din 1928.<br \/>\nPovestea lui Tarzan, fiul unui nobil englez abandonat \u00een jungl\u0103 \u015fi crescut de un grup de maimu\u021be, a fost creat\u0103 de scriitorul american Edgar Rice Burroghs \u015fi a fost r\u0103sp\u00e2ndit\u0103 \u00een toat\u0103 lumea prin zeci de filme \u015fi c\u0103r\u021bi. Faima de care se bucura Johnny Weissm\u00fcller s-a amplificat \u00een toat\u0103 lumea prin intermediul filmelor din seria Tarzan \u00een care a jucat rolul principal. Oare c\u00e2\u021bi dintre noi nu am urm\u0103rit cu deosebit interes aventurile acestui personaj a c\u0103rui apari\u021bie era precedat\u0103 de faimosul lui strig\u0103t? Johnny Weissm\u00fcller a fascinat imagina\u021bia multor genera\u021bii de copii \u015fi de oameni maturi, totodat\u0103, care s-au delectat urm\u0103rind aventurile lui Tarzan.<br \/>\nFigura lui Johnny Weissm\u00fcller este cea mai cunoscut\u0103 din istoria de \u00eenceput a filmelor de ac\u021biune.<br \/>\n\u00cen acest an, c\u00e2nd se \u00eemplinesc 100 de ani de la na\u015fterea lui Johnny Weissm\u00fcller, Romfilatelia aduce un omagiu renumitului sportiv \u015fi actor, prin emiterea unei m\u0103rci po\u015ftale ce-l \u00eenf\u0103\u021bi\u015feaz\u0103 \u00een rolul care I-a adus celebritatea \u00een cea de-a \u015faptea art\u0103.<\/p>\n<p>Data de aparitie: 2004-06-02<\/p>\n","protected":false},"excerpt":{"rendered":"<p>Johnny Weissm\u00fcller (Tarzan) s-a n\u0103scut la 2 iunie 1904, la Freidorf, l\u00e2ng\u0103 Timi\u015foara. A fost campion olimpic la \u00eenot, a c\u00e2\u015ftigat cinci medalii de aur \u015fi a realizat 67 de recorduri mondiale. Atletul a participat la Jocurile Olimpice de la Paris, din 1924 \u015fi de la Amsterdam, din 1928. Povestea lui Tarzan, fiul unui nobil&hellip;&nbsp;<a href=\"https:\/\/romfilatelia.ro\/magazin\/produs\/colectii-anuale\/2004\/100-de-ani-de-la-nasterea-lui-johnny-weissmuller-tarzan\/\" class=\"\" rel=\"bookmark\">Cite\u0219te mai mult &raquo;<span class=\"screen-reader-text\">100 de ani de la na\u015fterea lui Johnny Weissm\u00fcller (Tarzan)<\/span><\/a><\/p>\n","protected":false},"featured_media":2007404,"template":"","meta":{"neve_meta_sidebar":"","neve_meta_container":"","neve_meta_enable_content_width":"","neve_meta_content_width":0,"neve_meta_title_alignment":"","neve_meta_author_avatar":"","neve_post_elements_order":"","neve_meta_disable_header":"","neve_meta_disable_footer":"","neve_meta_disable_title":""},"product_cat":[114,6],"product_tag":[170],"_links":{"self":[{"href":"https:\/\/romfilatelia.ro\/magazin\/wp-json\/wp\/v2\/product\/2007403"}],"collection":[{"href":"https:\/\/romfilatelia.ro\/magazin\/wp-json\/wp\/v2\/product"}],"about":[{"href":"https:\/\/romfilatelia.ro\/magazin\/wp-json\/wp\/v2\/types\/product"}],"wp:featuredmedia":[{"embeddable":true,"href":"https:\/\/romfilatelia.ro\/magazin\/wp-json\/wp\/v2\/media\/2007404"}],"wp:attachment":[{"href":"https:\/\/romfilatelia.ro\/magazin\/wp-json\/wp\/v2\/media?parent=2007403"}],"wp:term":[{"taxonomy":"product_cat","embeddable":true,"href":"https:\/\/romfilatelia.ro\/magazin\/wp-json\/wp\/v2\/product_cat?post=2007403"},{"taxonomy":"product_tag","embeddable":true,"href":"https:\/\/romfilatelia.ro\/magazin\/wp-json\/wp\/v2\/product_tag?post=2007403"}],"curies":[{"name":"wp","href":"https:\/\/api.w.org\/{rel}","templated":true}]}}