{"id":2007400,"date":"2004-06-16T14:16:25","date_gmt":"2004-06-16T14:16:25","guid":{"rendered":"http:\/\/romfilatelia.ro\/?p=2007400"},"modified":"2021-01-19T20:21:10","modified_gmt":"2021-01-19T18:21:10","slug":"500-de-ani-de-la-moartea-lui-stefan-cel-mare-si-sfant","status":"publish","type":"product","link":"https:\/\/romfilatelia.ro\/magazin\/produs\/colectii-anuale\/2004\/500-de-ani-de-la-moartea-lui-stefan-cel-mare-si-sfant\/","title":{"rendered":"500 de ani de la moartea lui \u015etefan Cel Mare si Sf\u00e2nt"},"content":{"rendered":"<p><a href=\"https:\/\/romfilatelia.ro\/magazin\/wp-content\/uploads\/2015\/10\/1648.jpg\"><img decoding=\"async\" loading=\"lazy\" class=\"size-medium wp-image-2007401 alignleft\" src=\"https:\/\/romfilatelia.ro\/magazin\/wp-content\/uploads\/2015\/10\/1648-300x195.jpg\" alt=\"1648\" width=\"300\" height=\"195\" srcset=\"https:\/\/romfilatelia.ro\/magazin\/wp-content\/uploads\/2015\/10\/1648-300x195.jpg 300w, https:\/\/romfilatelia.ro\/magazin\/wp-content\/uploads\/2015\/10\/1648-500x325.jpg 500w, https:\/\/romfilatelia.ro\/magazin\/wp-content\/uploads\/2015\/10\/1648-64x42.jpg 64w, https:\/\/romfilatelia.ro\/magazin\/wp-content\/uploads\/2015\/10\/1648.jpg 640w\" sizes=\"(max-width: 300px) 100vw, 300px\" \/><\/a>\u015etefan cel Mare \u015fi Sf\u00e2nt a fost domn al Moldovei \u00eentre anii 1457 \u015fi 1504. A purtat numeroase r\u0103zboaie de ap\u0103rare a \u0163\u0103rii \u015fi a cre\u015ftin\u0103t\u0103\u0163ii \u00eentregi, fapt pentru care a fost numit \u0093Atletul lui Hristos\u0094.<br \/>\nBinecredinciosul Voievod \u015etefan a zidit peste 40 de m\u0103n\u0103stiri \u015fi biserici, a construit \u015fi a ajutat multe m\u0103n\u0103stiri din Sf\u00e2ntul Munte Athos \u015fi din diverse \u0163\u0103ri, fiind cel mai mare ctitor de loca\u015furi sfinte din Moldova. Printre realiz\u0103rile sale de referin\u0163\u0103 se num\u0103r\u0103 m\u0103n\u0103stirile Putna (1470), Vorone\u0163 (1488), R\u0103zboieni (1496), Neam\u0163 (1497), Dobrov\u0103\u0163 (1504).<\/p>\n<p>Folosind cu egal\u0103 m\u0103iestrie armele diplomatice, ca \u015fi pe cele ale r\u0103zboiului, \u015etefan cel Mare a marcat locul Moldovei \u00een istoria politic\u0103 \u015fi spiritual\u0103 a Europei veacului al XV-lea.<br \/>\n\u015etefan cel Mare \u015fi Sf\u00e2nt a avut una dintre cele mai \u00eendelungate domnii din istoria evului mediu, timp de 47 de ani, \u00een care a purtat numeroase r\u0103zboaie. La ad\u0103postul b\u0103t\u0103liilor \u015fi victoriilor sale, Europa a putut s\u0103-\u015fi construiasc\u0103 \u00een tihn\u0103 catedralele, universit\u0103\u0163ile \u015fi celelalte bunuri materiale \u015fi spirituale, cu care se m\u00e2ndre\u015fte ast\u0103zi.<\/p>\n<p>Binecredinciosul Voievod \u015etefan a fost iubit de popor \u015fi respectat de str\u0103ini. Mult timp dup\u0103 moartea domnitorului, at\u00e2t prietenii c\u00e2t \u015fi du\u015fmanii aveau cuvinte de laud\u0103 la adresa sa. Faima de care s-a bucurat \u015etefan cel Mare \u015fi Sf\u00e2nt a fost at\u00e2t de mare \u00eenc\u00e2t numele lui a intrat \u00een balade, legende \u015fi c\u00e2ntece populare transmise din genera\u0163ie \u00een genera\u0163ie.<br \/>\nA trecut la via\u0163a ve\u015fnic\u0103 \u00een ziua de 2 iulie 1504, fiind \u00eenmorm\u00e2ntat la M\u0103n\u0103stirea Putna. Pentru toate aceste fapte, cur\u00e2nd dup\u0103 moartea sa, poporul l-a numit \u0093cel Mare \u015fi Sf\u00e2nt\u0094, cum relateaz\u0103 cronicarul Grigore Ureche. Pentru r\u00e2vna sa fa\u0163\u0103 de credin\u0163a cre\u015ftin\u0103 \u015fi pentru evlavia sa fa\u0163\u0103 de biserici \u015fi m\u0103n\u0103stiri, Voievodul \u015etefan cel Mare a fost canonizat de c\u0103tre Sf\u00e2ntul Sinod al Bisericii Ortodoxe Rom\u00e2ne \u00een 1992, ziua de pomenire fiind 2 iulie.<\/p>\n<p>\u00cen acest an, c\u00e2nd se \u00eemplinesc 500 de ani de la trecerea la cele ve\u015fnice a Binecredinciosului Voievod \u015etefan cel Mare \u015fi Sf\u00e2nt, Romfilatelia aduce un omagiu marelui voievod, prin emiterea unei emisiuni po\u015ftale format\u0103 din dou\u0103 blocuri.<\/p>\n<p>Data de aparitie: 2004-06-16<\/p>\n","protected":false},"excerpt":{"rendered":"<p>\u015etefan cel Mare \u015fi Sf\u00e2nt a fost domn al Moldovei \u00eentre anii 1457 \u015fi 1504. A purtat numeroase r\u0103zboaie de ap\u0103rare a \u0163\u0103rii \u015fi a cre\u015ftin\u0103t\u0103\u0163ii \u00eentregi, fapt pentru care a fost numit \u0093Atletul lui Hristos\u0094. Binecredinciosul Voievod \u015etefan a zidit peste 40 de m\u0103n\u0103stiri \u015fi biserici, a construit \u015fi a ajutat multe m\u0103n\u0103stiri din&hellip;&nbsp;<a href=\"https:\/\/romfilatelia.ro\/magazin\/produs\/colectii-anuale\/2004\/500-de-ani-de-la-moartea-lui-stefan-cel-mare-si-sfant\/\" class=\"\" rel=\"bookmark\">Cite\u0219te mai mult &raquo;<span class=\"screen-reader-text\">500 de ani de la moartea lui \u015etefan Cel Mare si Sf\u00e2nt<\/span><\/a><\/p>\n","protected":false},"featured_media":2007401,"template":"","meta":{"neve_meta_sidebar":"","neve_meta_container":"","neve_meta_enable_content_width":"","neve_meta_content_width":0,"neve_meta_title_alignment":"","neve_meta_author_avatar":"","neve_post_elements_order":"","neve_meta_disable_header":"","neve_meta_disable_footer":"","neve_meta_disable_title":""},"product_cat":[114,6],"product_tag":[170],"_links":{"self":[{"href":"https:\/\/romfilatelia.ro\/magazin\/wp-json\/wp\/v2\/product\/2007400"}],"collection":[{"href":"https:\/\/romfilatelia.ro\/magazin\/wp-json\/wp\/v2\/product"}],"about":[{"href":"https:\/\/romfilatelia.ro\/magazin\/wp-json\/wp\/v2\/types\/product"}],"wp:featuredmedia":[{"embeddable":true,"href":"https:\/\/romfilatelia.ro\/magazin\/wp-json\/wp\/v2\/media\/2007401"}],"wp:attachment":[{"href":"https:\/\/romfilatelia.ro\/magazin\/wp-json\/wp\/v2\/media?parent=2007400"}],"wp:term":[{"taxonomy":"product_cat","embeddable":true,"href":"https:\/\/romfilatelia.ro\/magazin\/wp-json\/wp\/v2\/product_cat?post=2007400"},{"taxonomy":"product_tag","embeddable":true,"href":"https:\/\/romfilatelia.ro\/magazin\/wp-json\/wp\/v2\/product_tag?post=2007400"}],"curies":[{"name":"wp","href":"https:\/\/api.w.org\/{rel}","templated":true}]}}