{"id":20054,"date":"2004-02-20T13:49:35","date_gmt":"2004-02-20T13:49:35","guid":{"rendered":"http:\/\/romfilatelia.ro\/store\/2004\/02\/20\/al-23-lea-congres-upu-bucuresti-2004-romania\/"},"modified":"2021-01-19T20:21:12","modified_gmt":"2021-01-19T18:21:12","slug":"al-23-lea-congres-upu-bucuresti-2004-romania","status":"publish","type":"product","link":"https:\/\/romfilatelia.ro\/magazin\/produs\/colectii-anuale\/2004\/al-23-lea-congres-upu-bucuresti-2004-romania\/","title":{"rendered":"Al 23-lea Congres UPU &#8211; Bucure\u0219ti 2004, Rom\u00e2nia"},"content":{"rendered":"<p><a href=\"https:\/\/romfilatelia.ro\/magazin\/wp-content\/uploads\/2004\/08\/1629.jpg\"><img decoding=\"async\" loading=\"lazy\" class=\"size-medium wp-image-2006924 alignleft\" src=\"https:\/\/romfilatelia.ro\/magazin\/wp-content\/uploads\/2004\/08\/1629-300x105.jpg\" alt=\"1629\" width=\"300\" height=\"105\" srcset=\"https:\/\/romfilatelia.ro\/magazin\/wp-content\/uploads\/2004\/08\/1629-300x105.jpg 300w, https:\/\/romfilatelia.ro\/magazin\/wp-content\/uploads\/2004\/08\/1629-500x175.jpg 500w, https:\/\/romfilatelia.ro\/magazin\/wp-content\/uploads\/2004\/08\/1629-64x22.jpg 64w, https:\/\/romfilatelia.ro\/magazin\/wp-content\/uploads\/2004\/08\/1629.jpg 600w\" sizes=\"(max-width: 300px) 100vw, 300px\" \/><\/a>Acest\u0103 emisiune este format\u0103 din dou\u0103 m\u0103rci po\u0219tale dedicate celui de-al XXIII-lea Congres al Uniunii Po\u0219tale Universale (UPU) care va avea loc la Bucure\u0219ti \u00een anul 2004. Rom\u00e2niei \u00eei revine onoarea de a fi prima \u021bar\u0103 Est European\u0103 care g\u0103zduie\u0219te acest eveniment major ce are loc o dat\u0103 la 5 ani.<\/p>\n<p>Creat\u0103 \u00een 1874 prin Tratatul de la Berna, Uniunea Po\u0219tal\u0103 Universal\u0103 (pe atunci avea numele de Uniunea General\u0103 Po\u0219tal\u0103) este una din cele mai vechi organiza\u021bii interna\u021bionale, Rom\u00e2nia num\u0103r\u00e2ndu-se printre cele 22 de \u021b\u0103ri membre fondatoare.<br \/>\nTratatul, sugerat pe timbre de imaginea unei c\u0103r\u021bi deschise, s-a semnat la data de 9 octombrie 1874, dat\u0103 ce a devenit ulterior Ziua Mondial\u0103 a Po\u0219tei. Din 1878, datorit\u0103 num\u0103rului mare de \u021b\u0103ri care au aderat, Uniunea General\u0103 Po\u0219tal\u0103 a devenit Uniunea Po\u0219tal\u0103 Universal\u0103 cu sediul, \u00een continuare, la Berna, \u00een Elve\u021bia. \u00cen 1948 U.P.U. a devenit intitu\u021bie specializat\u0103 a ONU, iar rolul ei este de a promova, prin eficien\u021ba opera\u021biilor po\u0219tale, comunicarea \u00eentre popoare.<\/p>\n<p>Sigla UPU, a fost inspirat\u0103 de monumentul comemorativ inaugurat \u00een 1909 la Berna, oper\u0103 a sculptorului francez Ren\u00e9 de St-Marceau, care reprezint\u0103 cinci mesageri simboliz\u00e2nd cele cinci continente, care-\u0219i transmit scrisori, suger\u00e2nd astfel circula\u021bia po\u0219tal\u0103 pe \u00eentregul glob.<br \/>\nPe cel\u0103lalt timbru este ilustrat\u0103 sigla celui de-al XXIII-lea Congres al UPU, ce reprezint\u0103 un porumbel voiajor \u00een zbor cu o scrisoare \u00een cioc, simboliz\u00e2nd libertatea de comunicare. Cercul \u00een care se \u00eenscriu cele dou\u0103 elemente grafice sugereaz\u0103 ideea de uniune.<\/p>\n<p>Data Aparitie:2004-02-20<\/p>\n","protected":false},"excerpt":{"rendered":"<p>Acest\u0103 emisiune este format\u0103 din dou\u0103 m\u0103rci po\u0219tale dedicate celui de-al XXIII-lea Congres al Uniunii Po\u0219tale Universale (UPU) care va avea loc la Bucure\u0219ti \u00een anul 2004. Rom\u00e2niei \u00eei revine onoarea de a fi prima \u021bar\u0103 Est European\u0103 care g\u0103zduie\u0219te acest eveniment major ce are loc o dat\u0103 la 5 ani. Creat\u0103 \u00een 1874 prin&hellip;&nbsp;<a href=\"https:\/\/romfilatelia.ro\/magazin\/produs\/colectii-anuale\/2004\/al-23-lea-congres-upu-bucuresti-2004-romania\/\" class=\"\" rel=\"bookmark\">Cite\u0219te mai mult &raquo;<span class=\"screen-reader-text\">Al 23-lea Congres UPU &#8211; Bucure\u0219ti 2004, Rom\u00e2nia<\/span><\/a><\/p>\n","protected":false},"featured_media":2006924,"template":"","meta":{"neve_meta_sidebar":"","neve_meta_container":"","neve_meta_enable_content_width":"","neve_meta_content_width":0,"neve_meta_title_alignment":"","neve_meta_author_avatar":"","neve_post_elements_order":"","neve_meta_disable_header":"","neve_meta_disable_footer":"","neve_meta_disable_title":""},"product_cat":[114,6],"product_tag":[170],"_links":{"self":[{"href":"https:\/\/romfilatelia.ro\/magazin\/wp-json\/wp\/v2\/product\/20054"}],"collection":[{"href":"https:\/\/romfilatelia.ro\/magazin\/wp-json\/wp\/v2\/product"}],"about":[{"href":"https:\/\/romfilatelia.ro\/magazin\/wp-json\/wp\/v2\/types\/product"}],"wp:featuredmedia":[{"embeddable":true,"href":"https:\/\/romfilatelia.ro\/magazin\/wp-json\/wp\/v2\/media\/2006924"}],"wp:attachment":[{"href":"https:\/\/romfilatelia.ro\/magazin\/wp-json\/wp\/v2\/media?parent=20054"}],"wp:term":[{"taxonomy":"product_cat","embeddable":true,"href":"https:\/\/romfilatelia.ro\/magazin\/wp-json\/wp\/v2\/product_cat?post=20054"},{"taxonomy":"product_tag","embeddable":true,"href":"https:\/\/romfilatelia.ro\/magazin\/wp-json\/wp\/v2\/product_tag?post=20054"}],"curies":[{"name":"wp","href":"https:\/\/api.w.org\/{rel}","templated":true}]}}