{"id":2005011,"date":"2006-06-26T16:26:09","date_gmt":"2006-06-26T16:26:09","guid":{"rendered":"http:\/\/romfilatelia.ro\/?p=2005011"},"modified":"2021-01-19T20:20:58","modified_gmt":"2021-01-19T18:20:58","slug":"26-iunie-ziua-internationala-impotriva-consumului-si-traficului-ilicit-de-droguri","status":"publish","type":"product","link":"https:\/\/romfilatelia.ro\/magazin\/produs\/colectii-anuale\/2006\/26-iunie-ziua-internationala-impotriva-consumului-si-traficului-ilicit-de-droguri\/","title":{"rendered":"26 Iunie &#8211; Ziua Interna\u0163ional\u0103 \u00cempotriva Consumului \u015fi Traficului Ilicit de Droguri"},"content":{"rendered":"<p><a href=\"https:\/\/romfilatelia.ro\/magazin\/wp-content\/uploads\/2015\/10\/coala1antidrog.jpg\"><img decoding=\"async\" loading=\"lazy\" class=\"size-medium wp-image-2005012 alignleft\" src=\"https:\/\/romfilatelia.ro\/magazin\/wp-content\/uploads\/2015\/10\/coala1antidrog-300x208.jpg\" alt=\"coala1antidrog\" width=\"300\" height=\"208\" srcset=\"https:\/\/romfilatelia.ro\/magazin\/wp-content\/uploads\/2015\/10\/coala1antidrog.jpg 300w, https:\/\/romfilatelia.ro\/magazin\/wp-content\/uploads\/2015\/10\/coala1antidrog-64x44.jpg 64w\" sizes=\"(max-width: 300px) 100vw, 300px\" \/><\/a>Al\u00e3tur\u00e2ndu-se eforturilor numeroaselor institu\u0163ii \u015fi organiza\u0163ii care lupt\u00e3, at\u00e2t pe plan intern c\u00e2t \u015fi interna\u0163ional, pentru combaterea unui grav flagel \u2013 consumul \u015fi traficul de droguri, Romfilatelia pune \u00een circula\u015f\u0163ie emisiunea de m\u00e3rci po\u015ftale 26 iunie &#8211; ZIUA INTERNA\u0162IONAL\u00c3 \u00ceMPOTRIVA CONSUMULUI \u015eI TRAFICULUI ILICIT DE DROGURI.<br \/>\n\u00cen fiecare an, Oficiul Na\u0163iunilor Unite pentru Droguri \u015fi Criminalitate (U.N.O.D.C.) lanseaz\u00e3 cu ocazia zilei de 26 iunie &#8211; Ziua interna\u0163ional\u00e3 \u00eempotriva consumului \u015fi traficului ilicit de droguri o campanie interna\u0163ional\u00e3, \u00een efortul de a cre\u015fte nivelul de con\u015ftientizare a popula\u0163iei asupra puterii distructive a drogurilor \u015fi asupra responsabilit\u00e3\u0163ii societ\u00e3\u0163ii de a se \u00eengriji de starea de s\u00e3n\u00e3tate a tinerilor.<br \/>\nAgen\u0163ia Na\u0163ional\u00e3 Antidrog, \u00eenfiin\u0163at\u00e3 prin H.G. nr. 1489\/2002, completat\u00e3 prin H.G. nr. 1093\/2004, este organ de specialitate cu personalitate juridic\u00e3, \u00een subordinea Ministerului Administra\u0163iei \u015fi Internelor. \u00cen Rom\u00e2nia, Agen\u0163ia este institu\u0163ia care stabile\u015fte concep\u0163ia de ansamblu \u015fi asigur\u00e3 coordonarea unitar\u00e3, pe baza unei strategii na\u0163ionale, a luptei \u00eempotriva consumului \u015fi traficului ilicit de droguri.<br \/>\n\u00cen dorin\u0163a de a se alinia la demersurile interna\u0163ionale, \u00een acest an, Agen\u0163ia Na\u0163ional\u00e3 Antidrog \u015fi-a propus s\u00e3 deruleze campania propus\u00e3 de U.N.O.D.C. \u015fi \u00een \u0163ara noastr\u00e3.<br \/>\nCampania antidrog propus\u00e3 de U.N.O.D.C. pentru 2006 &#8211;\u00a0 \u201eDrogurile nu sunt un joc pentru copii\u201c \u00eendeamn\u00e3 adul\u0163ii s\u00e3 \u00eei protejeze pe copii. P\u00e3rin\u0163ii \u015fi ceilal\u0163i membri ai familiei pot s\u00e3 asigure condi\u0163iile unui mediu securizant pentru copii, astfel \u00eenc\u00e2t ace\u015ftia s\u00e3 devin\u00e3 con\u015ftien\u0163i de riscurile asociate abuzului de droguri. De asemenea, profesorii \u015fi asisten\u0163ii sociali au \u015fi ei un rol \u00een identificarea timpurie a semnelor alarmante \u015fi \u00een luarea m\u00e3surilor ce se impun \u00een vederea prevenirii problemelor asociate drogurilor. De exemplu, profesorii pot furniza copiilor informa\u0163ii despre riscurile consumului de droguri asupra s\u00e3n\u00e3t\u00e3\u0163ii \u015fi le pot oferi oportunit\u00e3\u0163i pentru discutarea deschis\u00e3 a acestor probleme.<br \/>\nCopiii str\u00e3zii, cei exploata\u0163i prin cele mai grave forme de munc\u00e3, la fel ca \u015fi copiii celor care cump\u00e3r\u00e3 sau v\u00e2nd substan\u0163e ilicite sunt la fel de expu\u015fi riscului consumului de droguri. Ace\u015fti copii sunt expu\u015fi nu numai unor exemple negative, dar \u015fi comportamentelor violente asociate abuzului de droguri. \u00cen unele cazuri, copiii care \u015fi-au pierdut p\u00e3rin\u0163ii din cauza acestui flagel, sunt acum \u00eengriji\u0163i de rudele lor. Nici la \u015fcoal\u00e3 situa\u0163ia nu este mai bun\u00e3. Adolescen\u0163ii sunt expu\u015fi presiunii grupului de a fuma \u015fi de a consuma alcool \u015fi, mai t\u00e2rziu, de a fuma marijuana sau de a consuma alte droguri.<br \/>\nMass-media, institu\u0163iile guvernamentale \u015fi neguvernamentale sunt \u015fi ele responsabile de protejarea copiilor de riscurile asociate consumului \u015fi traficului de droguri.<br \/>\nTimbrul emisiunii filatelice, cu valoarea nominal\u00e3 de 2,20 lei, ilustreaz\u00e3 \u00eentr-o grafic\u00e3 sobr\u00e3 logoul \u201eDrogurile nu sunt un joc pentru copii\u201c cu imagini care sugereaz\u00e3 pericolul degrad\u00e3rii fiin\u0163ei umane. Pe cele dou\u00e3 viniete ce \u00eenso\u0163esc timbrele sunt reproduse siglele Oficiului Na\u0163iunilor Unite pentru Droguri \u015fi Criminalitate (U.N.O.D.C.) \u015fi, respectiv, Agen\u0163iei Na\u0163ionale Antidrog.<br \/>\nElementele grafice, logo-ul \u015fi textul comentariului emisiunii de m\u00e3rci po\u015ftale<br \/>\nne-au fost puse la dispozi\u0163ie de c\u00e3tre Agen\u0163ia Na\u0163ional\u00e3 Antidrog.<\/p>\n<p>Data de aparitie: 2006-06-26<\/p>\n","protected":false},"excerpt":{"rendered":"<p>Al\u00e3tur\u00e2ndu-se eforturilor numeroaselor institu\u0163ii \u015fi organiza\u0163ii care lupt\u00e3, at\u00e2t pe plan intern c\u00e2t \u015fi interna\u0163ional, pentru combaterea unui grav flagel \u2013 consumul \u015fi traficul de droguri, Romfilatelia pune \u00een circula\u015f\u0163ie emisiunea de m\u00e3rci po\u015ftale 26 iunie &#8211; ZIUA INTERNA\u0162IONAL\u00c3 \u00ceMPOTRIVA CONSUMULUI \u015eI TRAFICULUI ILICIT DE DROGURI. \u00cen fiecare an, Oficiul Na\u0163iunilor Unite pentru Droguri \u015fi&hellip;&nbsp;<a href=\"https:\/\/romfilatelia.ro\/magazin\/produs\/colectii-anuale\/2006\/26-iunie-ziua-internationala-impotriva-consumului-si-traficului-ilicit-de-droguri\/\" class=\"\" rel=\"bookmark\">Cite\u0219te mai mult &raquo;<span class=\"screen-reader-text\">26 Iunie &#8211; Ziua Interna\u0163ional\u0103 \u00cempotriva Consumului \u015fi Traficului Ilicit de Droguri<\/span><\/a><\/p>\n","protected":false},"featured_media":2005012,"template":"","meta":{"neve_meta_sidebar":"","neve_meta_container":"","neve_meta_enable_content_width":"","neve_meta_content_width":0,"neve_meta_title_alignment":"","neve_meta_author_avatar":"","neve_post_elements_order":"","neve_meta_disable_header":"","neve_meta_disable_footer":"","neve_meta_disable_title":""},"product_cat":[112,6],"product_tag":[170],"_links":{"self":[{"href":"https:\/\/romfilatelia.ro\/magazin\/wp-json\/wp\/v2\/product\/2005011"}],"collection":[{"href":"https:\/\/romfilatelia.ro\/magazin\/wp-json\/wp\/v2\/product"}],"about":[{"href":"https:\/\/romfilatelia.ro\/magazin\/wp-json\/wp\/v2\/types\/product"}],"wp:featuredmedia":[{"embeddable":true,"href":"https:\/\/romfilatelia.ro\/magazin\/wp-json\/wp\/v2\/media\/2005012"}],"wp:attachment":[{"href":"https:\/\/romfilatelia.ro\/magazin\/wp-json\/wp\/v2\/media?parent=2005011"}],"wp:term":[{"taxonomy":"product_cat","embeddable":true,"href":"https:\/\/romfilatelia.ro\/magazin\/wp-json\/wp\/v2\/product_cat?post=2005011"},{"taxonomy":"product_tag","embeddable":true,"href":"https:\/\/romfilatelia.ro\/magazin\/wp-json\/wp\/v2\/product_tag?post=2005011"}],"curies":[{"name":"wp","href":"https:\/\/api.w.org\/{rel}","templated":true}]}}