{"id":2004752,"date":"2006-10-07T11:47:45","date_gmt":"2006-10-07T11:47:45","guid":{"rendered":"http:\/\/romfilatelia.ro\/?p=2004752"},"modified":"2021-01-19T20:20:56","modified_gmt":"2021-01-19T18:20:56","slug":"10-ani-de-la-infiintarea-sectiei-romane-a-asociatiei-internationale-a-politistilor","status":"publish","type":"product","link":"https:\/\/romfilatelia.ro\/magazin\/produs\/colectii-anuale\/2006\/10-ani-de-la-infiintarea-sectiei-romane-a-asociatiei-internationale-a-politistilor\/","title":{"rendered":"10 ANI DE LA \u00ceNFIIN\u0162AREA SEC\u0162IEI ROM\u00c2NE A ASOCIA\u0162IEI INTERNA\u0162IONALE A POLI\u0162I\u015eTILOR"},"content":{"rendered":"<p><a href=\"https:\/\/romfilatelia.ro\/magazin\/wp-content\/uploads\/2015\/10\/IPAcolitaM.jpg\"><img decoding=\"async\" loading=\"lazy\" class=\"size-medium wp-image-2004753 alignleft\" src=\"https:\/\/romfilatelia.ro\/magazin\/wp-content\/uploads\/2015\/10\/IPAcolitaM-300x300.jpg\" alt=\"IPAcolitaM\" width=\"300\" height=\"300\" srcset=\"https:\/\/romfilatelia.ro\/magazin\/wp-content\/uploads\/2015\/10\/IPAcolitaM-300x300.jpg 300w, https:\/\/romfilatelia.ro\/magazin\/wp-content\/uploads\/2015\/10\/IPAcolitaM-250x250.jpg 250w, https:\/\/romfilatelia.ro\/magazin\/wp-content\/uploads\/2015\/10\/IPAcolitaM-100x100.jpg 100w, https:\/\/romfilatelia.ro\/magazin\/wp-content\/uploads\/2015\/10\/IPAcolitaM-500x501.jpg 500w, https:\/\/romfilatelia.ro\/magazin\/wp-content\/uploads\/2015\/10\/IPAcolitaM-64x64.jpg 64w, https:\/\/romfilatelia.ro\/magazin\/wp-content\/uploads\/2015\/10\/IPAcolitaM-150x150.jpg 150w, https:\/\/romfilatelia.ro\/magazin\/wp-content\/uploads\/2015\/10\/IPAcolitaM-53x53.jpg 53w, https:\/\/romfilatelia.ro\/magazin\/wp-content\/uploads\/2015\/10\/IPAcolitaM-85x85.jpg 85w, https:\/\/romfilatelia.ro\/magazin\/wp-content\/uploads\/2015\/10\/IPAcolitaM-570x570.jpg 570w, https:\/\/romfilatelia.ro\/magazin\/wp-content\/uploads\/2015\/10\/IPAcolitaM-380x380.jpg 380w, https:\/\/romfilatelia.ro\/magazin\/wp-content\/uploads\/2015\/10\/IPAcolitaM-285x285.jpg 285w, https:\/\/romfilatelia.ro\/magazin\/wp-content\/uploads\/2015\/10\/IPAcolitaM.jpg 600w\" sizes=\"(max-width: 300px) 100vw, 300px\" \/><\/a>Cu ocazia celei de-a 27-a Conferin\u0163e a Consiliului Executiv Interna\u0163ional al Asocia\u0163iei Interna\u0163ionale a Poli\u0163i\u015ftilor (I.P.A.), care a avut loc \u00een octombrie 1996 la Brisbane \u2013 Australia, s-a hot\u0103r\u00e2t afilierea la Asocia\u0163ie a Sec\u0163iei Rom\u00e2ne. Cu ocazia celei de-a 27-a Conferin\u0163e a Consiliului Executiv Interna\u0163ional al Asocia\u0163iei Interna\u0163ionale a Poli\u0163i\u015ftilor (I.P.A.), care a avut loc \u00een octombrie 1996 la Brisbane \u2013 Australia, s-a hot\u0103r\u00e2t afilierea la Asocia\u0163ie a Sec\u0163iei Rom\u00e2ne.<\/p>\n<p>La \u00eemplinirea unui deceniu de la acest eveniment, Romfilatelia, societatea specializat\u0103 \u00een editarea \u015fi comercializarea m\u0103rcilor po\u015ftale rom\u00e2ne\u015fti, introduce \u00een circula\u0163ie emisiunea filatelic\u0103 10 ANI DE LA \u00ceNFIIN\u0162AREA SEC\u0162IEI ROM\u00c2NE A ASOCIA\u0162IEI INTERNA\u0162IONALE A POLI\u0162I\u015eTILOR.<\/p>\n<p>Fondatorul, Arthur Troop, era un sergent de poli\u0163ie care lucra \u00een cadrul Poli\u0163iei Britanice, \u00eentr-un or\u0103\u015fel din Lincolnshire. Dup\u0103 sf\u00e2r\u015fitul celui de-al Doilea R\u0103zboi Mondial s-a g\u00e2ndit s\u0103 \u00eenfiin\u0163eze o asocia\u0163ie av\u00e2nd la baz\u0103 rela\u0163ii de prietenie \u015fi de \u00eentrajutorare \u00eentre poli\u0163i\u015ftii din \u00eentreaga lume. Poli\u0163i\u015ftii din Marea Britanie, Danemarca, Norvegia, Suedia dar \u015fi din unele \u0163\u0103ri africane au primit cu bucurie ideea \u00eenfiin\u0163\u0103rii unei asocia\u0163ii interna\u0163ionale a poli\u0163i\u015ftilor, care s\u0103 aib\u0103 sec\u0163ii na\u0163ionale, av\u00e2nd aceea\u015fi sigl\u0103 \u015fi acela\u015fi statut.<br \/>\n\u00cen consecin\u0163\u0103, la 1 ianuarie 1950, a luat fiin\u0163\u0103 I.P.A. (International Police Association) &#8211; Sec\u0163ia Marea Britanie, primul membru fiind de fapt \u015fi fondatorul acesteia &#8211; Arthur Troop. Prima deviz\u0103 a asocia\u0163iei a fost &#8222;Service through friendship&#8221; (Servicii prin prietenie), care exprima cel mai bine scopul \u015fi inten\u0163iile asocia\u0163iei, dar care nu putea fi \u00een\u0163eleas\u0103 dec\u00e2t de vorbitorii de limb\u0103 englez\u0103. Pentru dep\u0103\u015firea acestui obstacol, s-a apelat la un expert \u00een esperanto, Bob Hamilton. El a tradus deviza \u00een aceast\u0103 limb\u0103 \u015fi de atunci &#8222;SERVO PER AMIKECO&#8221; este mottoul oficial al asocia\u0163iei. Cu aceast\u0103 ocazie s-a hot\u0103r\u00e2t s\u0103 se pl\u0103teasc\u0103 o cotiza\u0163ie de c\u0103tre to\u0163i membrii, s\u0103 se tip\u0103reasc\u0103 o revist\u0103 proprie \u015fi s\u0103 se aleag\u0103 o sigl\u0103 sugestiv\u0103.<br \/>\nSigla I.P.A., conceput\u0103 de \u00eensu\u015fi Arthur Troop \u015fi retu\u015fat\u0103 de un desenator specializat, reune\u015fte simboluri cunoscute: steaua de pe cascheta poli\u0163istului, globul terestru, laurii ca simbol al p\u0103cii, \u00eempreun\u0103 cu textul &#8222;Servo per amikeco&#8221;. La aceast\u0103 ac\u0163iune s-a ad\u0103ugat apari\u0163ia, un an mai t\u00e2rziu, a statutului asocia\u0163iei.<br \/>\n\u00cen 1955 &#8211; \u00eentre 16 \u015fi 17 septembrie &#8211; a avut loc la Paris, \u00een cl\u0103direa G\u0103rii de Nord, primul Congres Interna\u0163ional I.P.A. . Primul secretar general al asocia\u0163iei a fost Arthur Troop care \u015fi-a men\u0163inut aceast\u0103 func\u0163ie p\u00e2n\u0103 \u00een anul 1967, c\u00e2nd s-a retras r\u0103m\u00e2n\u00e2nd doar membru fondator.<br \/>\nDeschis\u0103 poli\u0163i\u015ftilor din \u00eentreaga lume, indiferent de ras\u0103,\u00a0 rang, sex, religie \u015fi limb\u0103, International Police Association a devenit cea mai important\u0103 organiza\u0163ie interna\u0163ional\u0103 cu acest profil din lume, av\u00e2nd sec\u0163ii na\u0163ionale \u00een peste 80 de \u0163\u0103ri. Scopurile \u015fi obiectivele acestei asocia\u0163ii sunt:<br \/>\n&#8211; s\u0103 favorizeze \u00eent\u00e2lnirile personale \u015fi de familie, prin vizite sau coresponden\u0163\u0103, care s\u0103 conduc\u0103 la stabilirea, men\u0163inerea \u015fi dezvoltarea unui climat de prietenie \u015fi cooperare \u00eentre to\u0163i membrii I.P.A.;<br \/>\n&#8211; s\u0103 organizeze schimburi de experien\u0163\u0103 \u015fi informa\u0163ii menite s\u0103 combat\u0103 infrac\u0163ionalitatea \u015fi delincven\u0163a;<br \/>\n&#8211; s\u0103 promoveze organizarea de conferin\u0163e, seminarii, sesiuni de lucru pe teme specifice activit\u0103\u0163ii poli\u0163iene\u015fti;<br \/>\n&#8211; s\u0103 promoveze respectul fa\u0163\u0103 de lege, ordine \u015fi drepturile omului;<br \/>\n&#8211; s\u0103 promoveze spiritul de cinste \u015fi corectitudine, de respect reciproc \u015fi \u00eentrajutorare;<br \/>\n&#8211; s\u0103 ridice permanent prestigiul poli\u0163iei \u015fi s\u0103 \u00eembun\u0103t\u0103\u0163easc\u0103 raporturile \u00eentre membrii asocia\u0163iei \u015fi societatea civil\u0103.<br \/>\nAsocia\u0163ia Interna\u0163ional\u0103 a Poli\u0163i\u015ftilor &#8211; Sec\u0163ia Rom\u00e2n\u0103 este o organiza\u0163ie nonguvernamental\u0103, nonprofit \u015fi functioneaz\u0103 conform prevederilor Statutului Interna\u0163ional I.P.A. \u015fi legisla\u0163iei rom\u00e2ne\u015fti. Organiza\u0163ia are la baz\u0103 libera asociere \u015fi este format\u0103 din cadre ale Ministerului Administra\u0163iei \u015fi Internelor, active sau \u00een rezerv\u0103, poli\u0163i\u015fti, jandarmi dar \u015fi studen\u0163i \u015fi cadre didactice de la Academia de Poli\u0163ie. Sec\u0163ia Rom\u00e2n\u0103 este organizat\u0103 pe principiul teritorialit\u0103\u0163ii: adic\u0103 o organiza\u0163ie central\u0103, cu sediul \u00een Bucure\u015fti, \u015fi regiuni pe l\u00e2ng\u0103 Inspectoratele Jude\u0163ene de Poli\u0163ie \u015fi alte structuri ale Ministerului Administra\u0163iei \u015fi Internelor.<br \/>\nColi\u0163a dantelat\u0103 a emisiunii are \u00een componen\u0163a ei timbrul ce-l reprezint\u0103 pe domnitorul Alexandru Ioan Cuza, \u00een timpul c\u0103ruia au ap\u0103rut primele forme organizate ale poli\u0163iei rom\u00e2ne, al\u0103turi de sigla interna\u0163ional\u0103 a I.P.A. \u015fi include textul I.P.A. Sec\u0163ia Rom\u00e2n\u0103 precum \u015fi anii 1996-2006.<br \/>\nValoarea nominal\u0103 a timbrului este de 8,70 Lei.<\/p>\n<p>Emisiunea filatelic\u0103 a fost realizat\u0103 cu sprijinul ROMPRES (imaginea lui Alexandru Ioan Cuza) \u015fi al Asocia\u0163iei Interna\u0163ionale a Poli\u0163i\u015ftilor-Sec\u0163ia Rom\u00e2n\u0103<br \/>\n(imaginea siglei).<\/p>\n<p>Data de aparitie: 2006-10-07<\/p>\n","protected":false},"excerpt":{"rendered":"<p>Cu ocazia celei de-a 27-a Conferin\u0163e a Consiliului Executiv Interna\u0163ional al Asocia\u0163iei Interna\u0163ionale a Poli\u0163i\u015ftilor (I.P.A.), care a avut loc \u00een octombrie 1996 la Brisbane \u2013 Australia, s-a hot\u0103r\u00e2t afilierea la Asocia\u0163ie a Sec\u0163iei Rom\u00e2ne. Cu ocazia celei de-a 27-a Conferin\u0163e a Consiliului Executiv Interna\u0163ional al Asocia\u0163iei Interna\u0163ionale a Poli\u0163i\u015ftilor (I.P.A.), care a avut loc&hellip;&nbsp;<a href=\"https:\/\/romfilatelia.ro\/magazin\/produs\/colectii-anuale\/2006\/10-ani-de-la-infiintarea-sectiei-romane-a-asociatiei-internationale-a-politistilor\/\" class=\"\" rel=\"bookmark\">Cite\u0219te mai mult &raquo;<span class=\"screen-reader-text\">10 ANI DE LA \u00ceNFIIN\u0162AREA SEC\u0162IEI ROM\u00c2NE A ASOCIA\u0162IEI INTERNA\u0162IONALE A POLI\u0162I\u015eTILOR<\/span><\/a><\/p>\n","protected":false},"featured_media":2004753,"template":"","meta":{"neve_meta_sidebar":"","neve_meta_container":"","neve_meta_enable_content_width":"","neve_meta_content_width":0,"neve_meta_title_alignment":"","neve_meta_author_avatar":"","neve_post_elements_order":"","neve_meta_disable_header":"","neve_meta_disable_footer":"","neve_meta_disable_title":""},"product_cat":[112,6],"product_tag":[170],"_links":{"self":[{"href":"https:\/\/romfilatelia.ro\/magazin\/wp-json\/wp\/v2\/product\/2004752"}],"collection":[{"href":"https:\/\/romfilatelia.ro\/magazin\/wp-json\/wp\/v2\/product"}],"about":[{"href":"https:\/\/romfilatelia.ro\/magazin\/wp-json\/wp\/v2\/types\/product"}],"wp:featuredmedia":[{"embeddable":true,"href":"https:\/\/romfilatelia.ro\/magazin\/wp-json\/wp\/v2\/media\/2004753"}],"wp:attachment":[{"href":"https:\/\/romfilatelia.ro\/magazin\/wp-json\/wp\/v2\/media?parent=2004752"}],"wp:term":[{"taxonomy":"product_cat","embeddable":true,"href":"https:\/\/romfilatelia.ro\/magazin\/wp-json\/wp\/v2\/product_cat?post=2004752"},{"taxonomy":"product_tag","embeddable":true,"href":"https:\/\/romfilatelia.ro\/magazin\/wp-json\/wp\/v2\/product_tag?post=2004752"}],"curies":[{"name":"wp","href":"https:\/\/api.w.org\/{rel}","templated":true}]}}