{"id":2004718,"date":"2007-06-08T12:31:43","date_gmt":"2007-06-08T12:31:43","guid":{"rendered":"http:\/\/romfilatelia.ro\/?p=2004718"},"modified":"2016-08-09T10:46:28","modified_gmt":"2016-08-09T10:46:28","slug":"110-ani-de-la-punerea-pietrei-de-temelie-a-palatului-cec","status":"publish","type":"product","link":"https:\/\/romfilatelia.ro\/magazin\/produs\/colectii-anuale\/2007\/110-ani-de-la-punerea-pietrei-de-temelie-a-palatului-cec\/","title":{"rendered":"110 ANI DE LA PUNEREA PIETREI DE TEMELIE A PALATULUI CEC"},"content":{"rendered":"<p><a href=\"https:\/\/romfilatelia.ro\/magazin\/wp-content\/uploads\/2015\/10\/CEC2007_M.jpg\"><img decoding=\"async\" loading=\"lazy\" class=\"size-medium wp-image-2004720 alignleft\" src=\"https:\/\/romfilatelia.ro\/magazin\/wp-content\/uploads\/2015\/10\/CEC2007_M-300x150.jpg\" alt=\"CEC2007_M\" width=\"300\" height=\"150\" srcset=\"https:\/\/romfilatelia.ro\/magazin\/wp-content\/uploads\/2015\/10\/CEC2007_M-300x150.jpg 300w, https:\/\/romfilatelia.ro\/magazin\/wp-content\/uploads\/2015\/10\/CEC2007_M-500x250.jpg 500w, https:\/\/romfilatelia.ro\/magazin\/wp-content\/uploads\/2015\/10\/CEC2007_M-64x32.jpg 64w, https:\/\/romfilatelia.ro\/magazin\/wp-content\/uploads\/2015\/10\/CEC2007_M-570x285.jpg 570w, https:\/\/romfilatelia.ro\/magazin\/wp-content\/uploads\/2015\/10\/CEC2007_M.jpg 600w\" sizes=\"(max-width: 300px) 100vw, 300px\" \/><\/a>Romfilatelia, societatea specializat\u0103 \u00een editarea \u015fi comercializarea m\u0103rcilor po\u015ftale rom\u00e2ne\u015fti, introduce \u00een circula\u0163ie emisiunea filatelic\u0103 110 ANI DE LA PUNEREA PIETREI DE TEMELIE A PALATULULUI CEC.<\/p>\n<p>Pe locul unde ast\u0103zi se \u00eenal\u0163\u0103 cl\u0103direa monumental\u0103 a Palatului CEC, exista vestita M\u0103n\u0103stire Sf. Ioan cel Mare, ctitorie din secolul al XVI-lea a Buze\u015ftilor.<\/p>\n<p>\u00centre anii 1702-1703, domnitorul Constantin Br\u00e2ncoveanu a restaurat-o, devenind astfel ultimul ctitor al a\u015fez\u0103m\u00e2ntului monahal. Cu timpul s-a degradat \u015fi, ca urmare a acestui fapt, m\u0103n\u0103stirea a fost demolat\u0103 la sf\u00e2r\u015fitul secolului al XIX-lea.<\/p>\n<p>\u00cen prezen\u0163a Regelui Carol I \u015fi a Reginei Elisabeta, pe 8 iunie 1897, a fost pus\u0103 piatra de temelie a Palatului. Al\u0103turi de familia regal\u0103, au mai participat membrii guvernului condus de Dimitrie A. Sturza, Ion C. Br\u0103tianu, ministru la Departamentul Lucr\u0103rilor Publice, G. Cantacuzino, ministru la Departamentul Finan\u0163elor \u015fi C.F. Robescu, primarul Bucure\u015ftilor.<\/p>\n<p>\u00cencepute \u00eenc\u0103 din prim\u0103vara anului 1895, lucr\u0103rile au fost finalizate \u00een anul 1900. Planurile proiectului palatului poart\u0103 semn\u0103tura arhitectului francez Paul<br \/>\nGottereau, absolvent al \u015ecolii de Arte Frumoase de la Paris, iar execu\u0163ia a fost \u00eencredin\u0163at\u0103 antreprenorului Ion Socolescu.<\/p>\n<p>Cu evidente elemente specifice academismului francez de la sf\u00e2r\u015fitul secolului XIX, Palatul CEC ajunge \u00een scurt timp imaginea cu care toat\u0103 lumea va identifica<br \/>\ninstitu\u0163ia. Bine propor\u0163ionat, edificiul are o fa\u0163ad\u0103 simetric\u0103 \u00een mijlocul c\u0103reia se deschide intrarea, scoas\u0103 \u00een eviden\u0163\u0103 printr-o monumental\u0103 arcad\u0103 \u00een plin centru, sus\u0163inut\u0103 de o parte \u015fi de alta de c\u00e2te dou\u0103 coloane gemene, \u00een stil compozit.<\/p>\n<p>Cele patru volume de col\u0163, decorate cu frontoane \u015fi steme, sunt acoperite de cupole \u00een stil renascentist. O cupol\u0103 mult mai mare acoper\u0103 Holul Central al edificiului, \u00een care au func\u0163ionat, p\u00e2n\u0103 \u00een anul 1999, ghi\u015fee bancare ale CEC.<\/p>\n<p>O aten\u0163ie deosebit\u0103 a fost acordat\u0103 S\u0103lii de Consiliu, aflat\u0103 la nivelul superior al Palatului, av\u00e2nd plafonul pictat de artistul Michel Simonidy, reprezent\u00e2nd \u201eFortuna distribuind bunurile sale dup\u0103 ob\u0163inerea Independen\u0163ei\u201c. P\u00e2nza cu aceea\u015fi tem\u0103 a fost expus\u0103 la Expozi\u0163ia Interna\u0163ional\u0103 de la Paris, din anul 1900, \u00een Pavilionul Rom\u00e2niei, ob\u0163in\u00e2nd prima medalie de argint.<\/p>\n<p>Pe pere\u0163ii laterali ai S\u0103lii de Consiliu sunt patru picturi monumentale, reprezent\u00e2nd pe Regele Carol I, Regina Elisabeta, Regele Ferdinand I \u015fi Regina<br \/>\nMaria, opere de art\u0103 restaurate de pictorul Valentin T\u0103nase \u00een anul 2005, dup\u0103 picturile originale realizate de Michel Simonidy \u015fi profesorul Costin Petrescu<br \/>\n(distruse \u00een 1948). Decora\u0163ia judicioas\u0103 a fa\u0163adelor \u015fi echilibrul volumelor care \u00eel compun fac din acest palat un interesant monument de arhitectur\u0103 al ora\u015fului<br \/>\nBucure\u015fti, odinioar\u0103 \u201eMicul Paris\u201c al Estului.<\/p>\n<p>Emisiunea filatelic\u0103 a fost realizat\u0103 cu sprijinul Casei de Economii \u015fi Consemna\u0163iuni.<\/p>\n<p>Data de aparitie: 2007-06-08<br \/>\n<a href=\"https:\/\/romfilatelia.ro\/magazin\/wp-content\/uploads\/2015\/10\/CEC2007_rom.jpg\"><img decoding=\"async\" loading=\"lazy\" class=\"aligncenter wp-image-2004719 size-full\" src=\"https:\/\/romfilatelia.ro\/magazin\/wp-content\/uploads\/2015\/10\/CEC2007_rom.jpg\" alt=\"CEC2007_rom\" width=\"588\" height=\"600\" srcset=\"https:\/\/romfilatelia.ro\/magazin\/wp-content\/uploads\/2015\/10\/CEC2007_rom.jpg 588w, https:\/\/romfilatelia.ro\/magazin\/wp-content\/uploads\/2015\/10\/CEC2007_rom-500x510.jpg 500w, https:\/\/romfilatelia.ro\/magazin\/wp-content\/uploads\/2015\/10\/CEC2007_rom-64x65.jpg 64w, https:\/\/romfilatelia.ro\/magazin\/wp-content\/uploads\/2015\/10\/CEC2007_rom-294x300.jpg 294w, https:\/\/romfilatelia.ro\/magazin\/wp-content\/uploads\/2015\/10\/CEC2007_rom-53x53.jpg 53w\" sizes=\"(max-width: 588px) 100vw, 588px\" \/><\/a><\/p>\n","protected":false},"excerpt":{"rendered":"<p>Romfilatelia, societatea specializat\u0103 \u00een editarea \u015fi comercializarea m\u0103rcilor po\u015ftale rom\u00e2ne\u015fti, introduce \u00een circula\u0163ie emisiunea filatelic\u0103 110 ANI DE LA PUNEREA PIETREI DE TEMELIE A PALATULULUI CEC. Pe locul unde ast\u0103zi se \u00eenal\u0163\u0103 cl\u0103direa monumental\u0103 a Palatului CEC, exista vestita M\u0103n\u0103stire Sf. Ioan cel Mare, ctitorie din secolul al XVI-lea a Buze\u015ftilor. \u00centre anii 1702-1703, domnitorul&hellip;&nbsp;<a href=\"https:\/\/romfilatelia.ro\/magazin\/produs\/colectii-anuale\/2007\/110-ani-de-la-punerea-pietrei-de-temelie-a-palatului-cec\/\" class=\"\" rel=\"bookmark\">Cite\u0219te mai mult &raquo;<span class=\"screen-reader-text\">110 ANI DE LA PUNEREA PIETREI DE TEMELIE A PALATULUI CEC<\/span><\/a><\/p>\n","protected":false},"featured_media":2004720,"template":"","meta":{"neve_meta_sidebar":"","neve_meta_container":"","neve_meta_enable_content_width":"","neve_meta_content_width":0,"neve_meta_title_alignment":"","neve_meta_author_avatar":"","neve_post_elements_order":"","neve_meta_disable_header":"","neve_meta_disable_footer":"","neve_meta_disable_title":""},"product_cat":[111,6],"product_tag":[],"_links":{"self":[{"href":"https:\/\/romfilatelia.ro\/magazin\/wp-json\/wp\/v2\/product\/2004718"}],"collection":[{"href":"https:\/\/romfilatelia.ro\/magazin\/wp-json\/wp\/v2\/product"}],"about":[{"href":"https:\/\/romfilatelia.ro\/magazin\/wp-json\/wp\/v2\/types\/product"}],"wp:featuredmedia":[{"embeddable":true,"href":"https:\/\/romfilatelia.ro\/magazin\/wp-json\/wp\/v2\/media\/2004720"}],"wp:attachment":[{"href":"https:\/\/romfilatelia.ro\/magazin\/wp-json\/wp\/v2\/media?parent=2004718"}],"wp:term":[{"taxonomy":"product_cat","embeddable":true,"href":"https:\/\/romfilatelia.ro\/magazin\/wp-json\/wp\/v2\/product_cat?post=2004718"},{"taxonomy":"product_tag","embeddable":true,"href":"https:\/\/romfilatelia.ro\/magazin\/wp-json\/wp\/v2\/product_tag?post=2004718"}],"curies":[{"name":"wp","href":"https:\/\/api.w.org\/{rel}","templated":true}]}}