{"id":2004639,"date":"2007-10-04T16:07:02","date_gmt":"2007-10-04T14:07:02","guid":{"rendered":"http:\/\/romfilatelia.ro\/?p=2004639"},"modified":"2017-05-30T08:23:21","modified_gmt":"2017-05-30T06:23:21","slug":"50-de-ani-de-la-zborul-primului-satelit-artificial-al-pamantului-sputnik-1","status":"publish","type":"product","link":"https:\/\/romfilatelia.ro\/magazin\/produs\/colectii-anuale\/2007\/50-de-ani-de-la-zborul-primului-satelit-artificial-al-pamantului-sputnik-1\/","title":{"rendered":"50 de ani de la Zborul Primului Satelit Artificial al P\u0103m\u00e2ntului &#8211; Sputnik 1"},"content":{"rendered":"<p><img decoding=\"async\" loading=\"lazy\" class=\"size-medium wp-image-2004640 alignleft\" src=\"https:\/\/romfilatelia.ro\/magazin\/wp-content\/uploads\/2015\/10\/sputnik_M-300x227.jpg\" alt=\"image description\" width=\"300\" height=\"227\" srcset=\"https:\/\/romfilatelia.ro\/magazin\/wp-content\/uploads\/2015\/10\/sputnik_M-300x227.jpg 300w, https:\/\/romfilatelia.ro\/magazin\/wp-content\/uploads\/2015\/10\/sputnik_M-500x378.jpg 500w, https:\/\/romfilatelia.ro\/magazin\/wp-content\/uploads\/2015\/10\/sputnik_M-64x48.jpg 64w, https:\/\/romfilatelia.ro\/magazin\/wp-content\/uploads\/2015\/10\/sputnik_M.jpg 600w\" sizes=\"(max-width: 300px) 100vw, 300px\" \/><\/p>\n<p>\u00cen urm\u0103 cu cinci decenii omul trimitea, pentru prima oar\u0103, un obiect g\u00e2ndit \u015fi f\u0103urit de el, \u00een spa\u0163iul cosmic.<\/p>\n<p>Cu ocazia acestei anivers\u0103ri, Romfilatelia, societatea specializat\u0103 \u00een editarea \u015fi comercializarea m\u0103rcilor po\u015ftale rom\u00e2ne\u015fti, introduce \u00een circula\u0163ie emisiunea filatelic\u0103 &#8222;50 de ani de la zborul primului satelit artificial al P\u0103m\u00e2ntului &#8211; Sputnik 1&#8221;.<br \/>\nUniunea Sovietic\u0103 a inaugurat, pe 4 octombrie 1957, competi\u0163ia pentru cucerirea Spa\u0163iului prin lansarea Sputnik-ului, primul satelit artificial al Terrei.<br \/>\nSatelitul artificial, denumit Sputnik I &#8211; \u00een traducere &#8222;tovar\u0103\u015f de drum&#8221;, a fost lansat de o rachet\u0103 purt\u0103toare, de la o baz\u0103 din Kazahstan.<br \/>\nSputnik I avea un diametru de 58 de cm \u015fi c\u00e2nt\u0103rea \u00een jur de 84 de kg.<br \/>\n\u00cenconjura Terra, pe o orbit\u0103 eliptic\u0103 la o altitudine de 250 km, o dat\u0103 la fiecare or\u0103 \u015fi 36 minute.<br \/>\nOficial, Sputnik I a fost lansat \u00een cadrul ac\u0163iunilor ocazionate de Anul Geofizic Interna\u0163ional.<br \/>\nVizibil prin binoclu \u00eenaintea r\u0103s\u0103ritului \u015fi apusului, Sputnik I transmitea semnale radio spre Terra, destul de puternice pentru a fi recep\u0163ionate \u00een bune condi\u0163ii de operatorii amatori de radio.<br \/>\n\u00cen ianuarie 1958, Sputnik I s-a ab\u0103tut de la traiectoria ini\u0163ial\u0103 ce-i permitea r\u0103m\u00e2nerea pe orbit\u0103, \u015fi a p\u0103truns \u00een atmosfera terestr\u0103, dezintegr\u00e2ndu-se ca urmare a autoaprinderii.<br \/>\nLansarea lui Sputnik I a marcat momentul c\u00e2nd marile na\u0163iuni ale lumii au \u00eenceput cucerirea spa\u0163iului extraterestru, a Lunii, cercetarea planetei<br \/>\nMarte, a altor planete din sistemul nostru solar sau chiar mai \u00eendep\u0103rtate.<\/p>\n<p>Data de aparitie: 2007-10-04<\/p>\n<p>&nbsp;<\/p>\n<p><a href=\"https:\/\/romfilatelia.ro\/magazin\/wp-content\/uploads\/2015\/10\/sputnik_rom.jpg\"><img decoding=\"async\" loading=\"lazy\" class=\"aligncenter wp-image-2004641 size-full\" src=\"https:\/\/romfilatelia.ro\/magazin\/wp-content\/uploads\/2015\/10\/sputnik_rom.jpg\" alt=\"sputnik_rom\" width=\"351\" height=\"450\" srcset=\"https:\/\/romfilatelia.ro\/magazin\/wp-content\/uploads\/2015\/10\/sputnik_rom.jpg 351w, https:\/\/romfilatelia.ro\/magazin\/wp-content\/uploads\/2015\/10\/sputnik_rom-64x82.jpg 64w, https:\/\/romfilatelia.ro\/magazin\/wp-content\/uploads\/2015\/10\/sputnik_rom-234x300.jpg 234w, https:\/\/romfilatelia.ro\/magazin\/wp-content\/uploads\/2015\/10\/sputnik_rom-312x400.jpg 312w\" sizes=\"(max-width: 351px) 100vw, 351px\" \/><\/a><\/p>\n","protected":false},"excerpt":{"rendered":"<p>\u00cen urm\u0103 cu cinci decenii omul trimitea, pentru prima oar\u0103, un obiect g\u00e2ndit \u015fi f\u0103urit de el, \u00een spa\u0163iul cosmic. Cu ocazia acestei anivers\u0103ri, Romfilatelia, societatea specializat\u0103 \u00een editarea \u015fi comercializarea m\u0103rcilor po\u015ftale rom\u00e2ne\u015fti, introduce \u00een circula\u0163ie emisiunea filatelic\u0103 &#8222;50 de ani de la zborul primului satelit artificial al P\u0103m\u00e2ntului &#8211; Sputnik 1&#8221;. Uniunea Sovietic\u0103&hellip;&nbsp;<a href=\"https:\/\/romfilatelia.ro\/magazin\/produs\/colectii-anuale\/2007\/50-de-ani-de-la-zborul-primului-satelit-artificial-al-pamantului-sputnik-1\/\" class=\"\" rel=\"bookmark\">Cite\u0219te mai mult &raquo;<span class=\"screen-reader-text\">50 de ani de la Zborul Primului Satelit Artificial al P\u0103m\u00e2ntului &#8211; Sputnik 1<\/span><\/a><\/p>\n","protected":false},"featured_media":2004640,"template":"","meta":{"neve_meta_sidebar":"","neve_meta_container":"","neve_meta_enable_content_width":"","neve_meta_content_width":0,"neve_meta_title_alignment":"","neve_meta_author_avatar":"","neve_post_elements_order":"","neve_meta_disable_header":"","neve_meta_disable_footer":"","neve_meta_disable_title":""},"product_cat":[111,6],"product_tag":[],"_links":{"self":[{"href":"https:\/\/romfilatelia.ro\/magazin\/wp-json\/wp\/v2\/product\/2004639"}],"collection":[{"href":"https:\/\/romfilatelia.ro\/magazin\/wp-json\/wp\/v2\/product"}],"about":[{"href":"https:\/\/romfilatelia.ro\/magazin\/wp-json\/wp\/v2\/types\/product"}],"wp:featuredmedia":[{"embeddable":true,"href":"https:\/\/romfilatelia.ro\/magazin\/wp-json\/wp\/v2\/media\/2004640"}],"wp:attachment":[{"href":"https:\/\/romfilatelia.ro\/magazin\/wp-json\/wp\/v2\/media?parent=2004639"}],"wp:term":[{"taxonomy":"product_cat","embeddable":true,"href":"https:\/\/romfilatelia.ro\/magazin\/wp-json\/wp\/v2\/product_cat?post=2004639"},{"taxonomy":"product_tag","embeddable":true,"href":"https:\/\/romfilatelia.ro\/magazin\/wp-json\/wp\/v2\/product_tag?post=2004639"}],"curies":[{"name":"wp","href":"https:\/\/api.w.org\/{rel}","templated":true}]}}