{"id":2004507,"date":"2008-05-26T14:27:11","date_gmt":"2008-05-26T14:27:11","guid":{"rendered":"http:\/\/romfilatelia.ro\/?p=2004507"},"modified":"2016-08-08T12:38:45","modified_gmt":"2016-08-08T12:38:45","slug":"10-ani-banca-centrala-europeana","status":"publish","type":"product","link":"https:\/\/romfilatelia.ro\/magazin\/produs\/colectii-anuale\/2008\/10-ani-banca-centrala-europeana\/","title":{"rendered":"10 ani \u2013 BANCA CENTRAL\u0102 EUROPEAN\u0102"},"content":{"rendered":"<p><a href=\"https:\/\/romfilatelia.ro\/magazin\/wp-content\/uploads\/2015\/10\/10_ani_EURO_M.jpg\"><img decoding=\"async\" loading=\"lazy\" class=\"size-medium wp-image-2004509 alignleft\" src=\"https:\/\/romfilatelia.ro\/magazin\/wp-content\/uploads\/2015\/10\/10_ani_EURO_M-197x300.jpg\" alt=\"10_ani_EURO_M\" width=\"197\" height=\"300\" srcset=\"https:\/\/romfilatelia.ro\/magazin\/wp-content\/uploads\/2015\/10\/10_ani_EURO_M-197x300.jpg 197w, https:\/\/romfilatelia.ro\/magazin\/wp-content\/uploads\/2015\/10\/10_ani_EURO_M-64x97.jpg 64w, https:\/\/romfilatelia.ro\/magazin\/wp-content\/uploads\/2015\/10\/10_ani_EURO_M-263x400.jpg 263w, https:\/\/romfilatelia.ro\/magazin\/wp-content\/uploads\/2015\/10\/10_ani_EURO_M.jpg 394w\" sizes=\"(max-width: 197px) 100vw, 197px\" \/><\/a>Romfilatelia introduce \u00een circula\u0163ie emisiunea de m\u0103rci po\u015ftale &#8222;10 ani &#8211; Banca Central\u0103 European\u0103&#8221; cu prilejul anivers\u0103rii \u00een data de 1 iunie 2008, a unui deceniu de la \u00eenfiin\u0163area acesteia.<br \/>\nBanca Central\u0103 European\u0103 (BCE), cu sediul la Frankfurt, \u00een Germania, \u00eempreun\u0103 cu b\u0103nci centrale din \u0163\u0103rile care au adoptat moneda unic\u0103 european\u0103, este responsabil\u0103 de politica monetar\u0103 a zonei euro. Obiectivul primordial este asigurarea men\u0163inerii stabilit\u0103\u0163ii pre\u0163urilor \u00een aceast\u0103 zon\u0103. \u00cencep\u00e2nd cu data de 1 ianuarie 2008 zona euro include 15 dintre cele 27 de state membre ale Uniunii Europene.<br \/>\nCrearea zonei euro \u015fi a unei noi institu\u0163ii suprana\u0163ionale &#8211; BCE &#8211; constituie piatra de temelie \u00een lungul \u015fi complexul proces al integr\u0103rii europene. Pentru a face parte din zona euro, a fost necesar ca cele 15 \u0163\u0103ri s\u0103 \u00eendeplineasc\u0103 criteriile de convergen\u0163\u0103 nominal\u0103, de convergen\u0163\u0103 real\u0103 \u015fi de convergen\u0163\u0103 juridic\u0103, a\u015fa cum vor face \u015fi celelalte state membre ale Uniunii Europene \u00eenainte de adoptarea monedei euro. \u00cendeplinirea criteriilor de convergen\u0163\u0103 nominal\u0103 &#8211; stabilitatea pre\u0163urilor, men\u0163inerea disciplinei finan\u0163elor publice, stabilitatea cursului de schimb \u015fi a ratelor dob\u00e2nzii pe termen lung &#8211; precum \u015fi a celor de convergen\u0163\u0103 real\u0103 asigur\u0103 condi\u0163iile economice care permit participarea cu succes a acestor state la Uniunea Economic\u0103 \u015fi Monetar\u0103 (UEM). Criteriile de convergen\u0163\u0103 juridic\u0103 asigur\u0103 cadrul legislativ prin care banca central\u0103, \u00eempreun\u0103 cu celelalte autorit\u0103\u0163i ale statului respectiv, creeaz\u0103 premisele legale \u015fi asigur\u0103 garan\u0163ia juridic\u0103 \u015fi procedural\u0103 pentru implementarea cu succes a politicilor unice aferente UEM.<br \/>\nCa urmare a semn\u0103rii Tratatului de aderare, la data de 25 aprilie 2005, Rom\u00e2nia \u015fi, implicit Banca Na\u0163ional\u0103 a Rom\u00e2niei (BNR), au primit invita\u0163ia de a participa, p\u00e2n\u0103 la data ader\u0103rii, cu statut de observator, la structurile \u015fi substructurile Sistemului European al B\u0103ncilor Centrale precum \u015fi la alte structuri ale Comisiei Europene \u015fi Consiliului UE aferente domeniului de activitate al b\u0103ncii centrale.<br \/>\n\u00cencep\u00e2nd cu 1 ianuarie 2007, odat\u0103 cu ob\u0163inerea de c\u0103tre Rom\u00e2nia a statutului de stat membru al Uniunii Europene, BNR \u015fi-a asumat noi responsabilit\u0103\u0163i \u00een vederea asigur\u0103rii unor particip\u0103ri c\u00e2t mai eficiente ale reprezentan\u0163ilor s\u0103i la structurile \u015fi substructurile Sistemului European al B\u0103ncilor Centrale, sistem care cuprinde BCE \u015fi cele 27 de b\u0103nci centrale ale statelor membre ale Uniunii Europene.<br \/>\nGuvernatorul BNR particip\u0103 trimestrial, \u00een calitate de membru cu drepturi depline, la lucr\u0103rile Consiliului General al SEBC, al\u0103turi de ceilal\u0163i 26 de guvernatori ai b\u0103ncilor centrale din statele membre ale Uniunii Europene. Totodat\u0103, reprezentan\u0163ii BNR particip\u0103 cu regularitate la comitetele SEBC, precum \u015fi la reuniunile grupurilor de lucru pe domenii specifice.<\/p>\n<p>Mul\u0163umim conducerii B\u0103ncii Centrale Europene pentru sprijinul acordat la realizarea acestei emisiuni de m\u0103rci po\u015ftale.<\/p>\n<p>Data de aparitie: 2008-05-26<\/p>\n<p><a href=\"https:\/\/romfilatelia.ro\/magazin\/wp-content\/uploads\/2015\/10\/10_ani_EURO_box_rom.jpg\"><img decoding=\"async\" loading=\"lazy\" class=\"aligncenter wp-image-2004508 size-full\" src=\"https:\/\/romfilatelia.ro\/magazin\/wp-content\/uploads\/2015\/10\/10_ani_EURO_box_rom.jpg\" alt=\"10_ani_EURO_box_rom\" width=\"1200\" height=\"464\" srcset=\"https:\/\/romfilatelia.ro\/magazin\/wp-content\/uploads\/2015\/10\/10_ani_EURO_box_rom.jpg 1200w, https:\/\/romfilatelia.ro\/magazin\/wp-content\/uploads\/2015\/10\/10_ani_EURO_box_rom-500x193.jpg 500w, https:\/\/romfilatelia.ro\/magazin\/wp-content\/uploads\/2015\/10\/10_ani_EURO_box_rom-64x25.jpg 64w, https:\/\/romfilatelia.ro\/magazin\/wp-content\/uploads\/2015\/10\/10_ani_EURO_box_rom-300x116.jpg 300w, https:\/\/romfilatelia.ro\/magazin\/wp-content\/uploads\/2015\/10\/10_ani_EURO_box_rom-768x297.jpg 768w, https:\/\/romfilatelia.ro\/magazin\/wp-content\/uploads\/2015\/10\/10_ani_EURO_box_rom-1024x396.jpg 1024w\" sizes=\"(max-width: 1200px) 100vw, 1200px\" \/><\/a><\/p>\n","protected":false},"excerpt":{"rendered":"<p>Romfilatelia introduce \u00een circula\u0163ie emisiunea de m\u0103rci po\u015ftale &#8222;10 ani &#8211; Banca Central\u0103 European\u0103&#8221; cu prilejul anivers\u0103rii \u00een data de 1 iunie 2008, a unui deceniu de la \u00eenfiin\u0163area acesteia. Banca Central\u0103 European\u0103 (BCE), cu sediul la Frankfurt, \u00een Germania, \u00eempreun\u0103 cu b\u0103nci centrale din \u0163\u0103rile care au adoptat moneda unic\u0103 european\u0103, este responsabil\u0103 de&hellip;&nbsp;<a href=\"https:\/\/romfilatelia.ro\/magazin\/produs\/colectii-anuale\/2008\/10-ani-banca-centrala-europeana\/\" class=\"\" rel=\"bookmark\">Cite\u0219te mai mult &raquo;<span class=\"screen-reader-text\">10 ani \u2013 BANCA CENTRAL\u0102 EUROPEAN\u0102<\/span><\/a><\/p>\n","protected":false},"featured_media":2004509,"template":"","meta":{"neve_meta_sidebar":"","neve_meta_container":"","neve_meta_enable_content_width":"","neve_meta_content_width":0,"neve_meta_title_alignment":"","neve_meta_author_avatar":"","neve_post_elements_order":"","neve_meta_disable_header":"","neve_meta_disable_footer":"","neve_meta_disable_title":""},"product_cat":[110,6],"product_tag":[],"_links":{"self":[{"href":"https:\/\/romfilatelia.ro\/magazin\/wp-json\/wp\/v2\/product\/2004507"}],"collection":[{"href":"https:\/\/romfilatelia.ro\/magazin\/wp-json\/wp\/v2\/product"}],"about":[{"href":"https:\/\/romfilatelia.ro\/magazin\/wp-json\/wp\/v2\/types\/product"}],"wp:featuredmedia":[{"embeddable":true,"href":"https:\/\/romfilatelia.ro\/magazin\/wp-json\/wp\/v2\/media\/2004509"}],"wp:attachment":[{"href":"https:\/\/romfilatelia.ro\/magazin\/wp-json\/wp\/v2\/media?parent=2004507"}],"wp:term":[{"taxonomy":"product_cat","embeddable":true,"href":"https:\/\/romfilatelia.ro\/magazin\/wp-json\/wp\/v2\/product_cat?post=2004507"},{"taxonomy":"product_tag","embeddable":true,"href":"https:\/\/romfilatelia.ro\/magazin\/wp-json\/wp\/v2\/product_tag?post=2004507"}],"curies":[{"name":"wp","href":"https:\/\/api.w.org\/{rel}","templated":true}]}}