{"id":2004089,"date":"2008-06-25T14:54:13","date_gmt":"2008-06-25T14:54:13","guid":{"rendered":"http:\/\/romfilatelia.ro\/?p=2004089"},"modified":"2016-08-08T13:21:39","modified_gmt":"2016-08-08T13:21:39","slug":"500-de-ani-de-la-tiparirea-primei-carti-pe-teritoriul-romaniei","status":"publish","type":"product","link":"https:\/\/romfilatelia.ro\/magazin\/produs\/colectii-anuale\/2008\/500-de-ani-de-la-tiparirea-primei-carti-pe-teritoriul-romaniei\/","title":{"rendered":"500 de ani de la tip\u0103rirea primei c\u0103r\u0163i pe teritoriul Rom\u00e2niei"},"content":{"rendered":"<p><a href=\"https:\/\/romfilatelia.ro\/magazin\/wp-content\/uploads\/2015\/09\/carte500_M.jpg\"><img decoding=\"async\" loading=\"lazy\" class=\"size-medium wp-image-2004090 alignleft\" src=\"https:\/\/romfilatelia.ro\/magazin\/wp-content\/uploads\/2015\/09\/carte500_M-248x300.jpg\" alt=\"carte500_M\" width=\"248\" height=\"300\" \/><\/a> Anul 2008 marcheaz\u0103 \u00eemplinirea a 500 de ani de la apari\u0163ia Liturghierului lui Macarie, prilej cu care Romfilatelia introduce \u00een circula\u0163ie emisiunea de m\u0103rci po\u015ftale \u201e500 de ani de la tip\u0103rirea primei c\u0103r\u0163i pe teritoriul Rom\u00e2niei\u201c.<br \/>\nDezvoltarea scrisului \u015fi a tip\u0103riturilor pe teritoriul rom\u00e2nesc \u00eencepe cu prima form\u0103 de scriere \u201epictografic\u0103\u201c, asem\u0103n\u0103toare celei mai vechi scrieri din lume, cea sumerian\u0103, \u015fi continu\u0103 \u00een t\u0103bli\u0163ele de lut ars. Acest suport, ca \u015fi vasele de lut, scoar\u0163a de copac sau pergamentul, s-au folosit p\u00e2n\u0103 \u00een momentul descoperirii h\u00e2rtiei c\u00e2nd au ap\u0103rut \u015fi primele mori de h\u00e2rtie.<br \/>\nSecolul al XVI-lea se remarc\u0103 prin apari\u0163ia \u00een \u0163ara noastr\u0103 a celor mai importante manuscrise \u015fi tip\u0103rituri.<br \/>\nDintre acestea merit\u0103 men\u0163ionate, ca manuscrise de excep\u0163ie, primul text rom\u00e2nesc scris ce s-a p\u0103strat, \u015fi anume \u201eSCRISOAREA LUI NEAC\u015eU DIN C\u00c2MPULUNG\u201c, adresat\u0103 \u00een 1521 judelui Bra\u015fovului Hans Benkner, precum \u015fi lucrarea cu textul \u00een limba slavon\u0103 \u201e\u00ceNV\u0102\u0162\u0102TURILE LUI NEAGOE BASARAB C\u0102TRE FIUL S\u0102U TEODOSIE\u201c.<br \/>\nPrima carte ie\u015fit\u0103 de sub teascurile unei tiparni\u0163e, pe teritoriul Rom\u00e2niei, este \u201eLITURGHIER\u201c tip\u0103rit\u0103 de ieromonahul Macarie, \u00een 1508.<br \/>\nIstoria \u00eenceputului de veac XVI s-a deschis pentru \u0162ara Rom\u00e2neasc\u0103, cu domnia lui Radu cel Mare (1495-1508), domn bun, drept, \u00een\u0163elept.<br \/>\nPrimind o educa\u0163ie aleas\u0103, ca orice vl\u0103star domnesc din acea vreme, Radu cel Mare \u015fi-a legat numele de tip\u0103rirea primei c\u0103r\u0163i pe teritoriul Rom\u00e2niei.<br \/>\nPentru a consolida prestigiul Bisericii ca principal sprijin al statului, domnul l-a adus \u00een \u0163ar\u0103 pe c\u0103lug\u0103rul Macarie, ieromonah s\u00e2rb din Muntenegru, format ca me\u015fter tipograf la Vene\u0163ia (unde se tip\u0103reau \u015fi c\u0103r\u0163i \u00een slavon\u0103), care tip\u0103rise deja 5 c\u0103r\u0163i (la Cetinje \u00eentre 1493 \u015fi 1495).<br \/>\n\u00cen tipografia domneasc\u0103 de la M\u0103n\u0103stirea Dealu condus\u0103 de Macarie s-au tip\u0103rit primele c\u0103r\u0163i: \u201eLITURGHIER\u201c (1508), \u201eOCTOIH\u201c (1510) \u015fi \u201eEVANGHELIAR\u201c (1512), toate \u00een limba slavon\u0103, folosit\u0103 atunci, \u00een cancelariile domne\u015fti \u015fi \u00een serviciile religioase, ca limb\u0103 oficial\u0103.<br \/>\nAst\u0103zi, \u00een \u0163ar\u0103, se afl\u0103 5 exemplare ale Liturghierului lui Macarie: trei la Biblioteca Academiei Rom\u00e2ne &#8211; Sec\u0163ia de carte rar\u0103 &#8211; (exemplarul unicat \u015fi dubletul fiind legate \u00een piele \u015fi lemn)- unul la Biblioteca Arhiepiscopiei Ortodoxe din Sibiu \u015fi unul la Biblioteca Central\u0103 de Stat din Bucure\u015fti. Un exemplar se afl\u0103 \u00een str\u0103in\u0103tate, la Belgrad, la\u00a0 Narodna Biblioteka Srbije.<br \/>\nLiturghierul din 1508 are 128 de foi (256 pagini), e numerotat pe caiete, cuprinde 6 frontispicii (\u00een 3 variante), literele ini\u0163iale sunt ornate, iar pe pagin\u0103 sunt 15 r\u00e2nduri \u00een text negru \u015fi ro\u015fu.<br \/>\nCa toate liturgherierele slave, manuscrise \u015fi tip\u0103rite \u00een \u0162ara Rom\u00e2neasc\u0103 \u015fi Moldova veacurilor al XVI-lea \u015fi al XVII-lea, \u201eLiturghier\u201c tip\u0103rit de Macarie cuprinde \u00een chip obligatoriu cele trei liturghii ortodoxe: a lui Ioan Gur\u0103 de Aur, a lui Vasile cel Mare \u015fi a celor \u201e\u00eenainte sfin\u0163ite\u201c, precedate de tipicul liturghiei, cuprinz\u00e2nd \u201eslujba diaconului\u201c. Liturghierul lui Macarie \u00eencepe \u00eens\u0103 cu cuv\u00e2ntarea lui Vasile cel Mare c\u0103tre preo\u0163i, textul c\u0103r\u0163ii av\u00e2nd pe ultima foaie epilogul editorului, care, dup\u0103 obiceiul epocii, reprezenta introducerea la carte, unele rug\u0103ciuni ad\u0103ugate la sf\u00e2r\u015fit fiind foarte rare.<\/p>\n<p>Marca po\u015ftal\u0103 a emisiunii cu valoarea nominal\u0103 de 4,30 Lei reproduce imaginea unei pagini din Liturghier, bogat ornamentat\u0103, cu text ro\u015fu.<br \/>\nMarca po\u015ftal\u0103 a coli\u0163ei filatelice cu valoarea nominal\u0103 de 9,10 Lei reproduce dou\u0103 pagini din Liturghier, bogat ornamentate, cu text ro\u015fu \u015fi negru, iar pe man\u015feta coli\u0163ei se afl\u0103 imaginea domnului Radu cel Mare, ctitorul M\u0103n\u0103stirii Dealu din T\u00e2rgovi\u015fte, unde s-a tip\u0103rit cartea.<\/p>\n<p>Mul\u0163umim conducerii Bibliotecii Metropolitane Bucure\u015fti pentru sprijinul acordat la realizarea acestei emisiuni de m\u0103rci po\u015ftale.<\/p>\n<p>Data de aparitie: 2008-06-25<\/p>\n<p><a href=\"https:\/\/romfilatelia.ro\/magazin\/wp-content\/uploads\/2015\/09\/carte500_box_rom.jpg\"><img decoding=\"async\" loading=\"lazy\" class=\"aligncenter wp-image-2004091 size-full\" src=\"https:\/\/romfilatelia.ro\/magazin\/wp-content\/uploads\/2015\/09\/carte500_box_rom.jpg\" alt=\"carte500_box_rom\" width=\"1200\" height=\"523\" srcset=\"https:\/\/romfilatelia.ro\/magazin\/wp-content\/uploads\/2015\/09\/carte500_box_rom.jpg 1200w, https:\/\/romfilatelia.ro\/magazin\/wp-content\/uploads\/2015\/09\/carte500_box_rom-500x218.jpg 500w, https:\/\/romfilatelia.ro\/magazin\/wp-content\/uploads\/2015\/09\/carte500_box_rom-64x28.jpg 64w, https:\/\/romfilatelia.ro\/magazin\/wp-content\/uploads\/2015\/09\/carte500_box_rom-300x131.jpg 300w, https:\/\/romfilatelia.ro\/magazin\/wp-content\/uploads\/2015\/09\/carte500_box_rom-768x335.jpg 768w, https:\/\/romfilatelia.ro\/magazin\/wp-content\/uploads\/2015\/09\/carte500_box_rom-1024x446.jpg 1024w\" sizes=\"(max-width: 1200px) 100vw, 1200px\" \/><\/a><\/p>\n","protected":false},"excerpt":{"rendered":"<p>Anul 2008 marcheaz\u0103 \u00eemplinirea a 500 de ani de la apari\u0163ia Liturghierului lui Macarie, prilej cu care Romfilatelia introduce \u00een circula\u0163ie emisiunea de m\u0103rci po\u015ftale \u201e500 de ani de la tip\u0103rirea primei c\u0103r\u0163i pe teritoriul Rom\u00e2niei\u201c. Dezvoltarea scrisului \u015fi a tip\u0103riturilor pe teritoriul rom\u00e2nesc \u00eencepe cu prima form\u0103 de scriere \u201epictografic\u0103\u201c, asem\u0103n\u0103toare celei mai vechi&hellip;&nbsp;<a href=\"https:\/\/romfilatelia.ro\/magazin\/produs\/colectii-anuale\/2008\/500-de-ani-de-la-tiparirea-primei-carti-pe-teritoriul-romaniei\/\" class=\"\" rel=\"bookmark\">Cite\u0219te mai mult &raquo;<span class=\"screen-reader-text\">500 de ani de la tip\u0103rirea primei c\u0103r\u0163i pe teritoriul Rom\u00e2niei<\/span><\/a><\/p>\n","protected":false},"featured_media":2004090,"template":"","meta":{"neve_meta_sidebar":"","neve_meta_container":"","neve_meta_enable_content_width":"","neve_meta_content_width":0,"neve_meta_title_alignment":"","neve_meta_author_avatar":"","neve_post_elements_order":"","neve_meta_disable_header":"","neve_meta_disable_footer":"","neve_meta_disable_title":""},"product_cat":[110,6],"product_tag":[],"_links":{"self":[{"href":"https:\/\/romfilatelia.ro\/magazin\/wp-json\/wp\/v2\/product\/2004089"}],"collection":[{"href":"https:\/\/romfilatelia.ro\/magazin\/wp-json\/wp\/v2\/product"}],"about":[{"href":"https:\/\/romfilatelia.ro\/magazin\/wp-json\/wp\/v2\/types\/product"}],"wp:featuredmedia":[{"embeddable":true,"href":"https:\/\/romfilatelia.ro\/magazin\/wp-json\/wp\/v2\/media\/2004090"}],"wp:attachment":[{"href":"https:\/\/romfilatelia.ro\/magazin\/wp-json\/wp\/v2\/media?parent=2004089"}],"wp:term":[{"taxonomy":"product_cat","embeddable":true,"href":"https:\/\/romfilatelia.ro\/magazin\/wp-json\/wp\/v2\/product_cat?post=2004089"},{"taxonomy":"product_tag","embeddable":true,"href":"https:\/\/romfilatelia.ro\/magazin\/wp-json\/wp\/v2\/product_tag?post=2004089"}],"curies":[{"name":"wp","href":"https:\/\/api.w.org\/{rel}","templated":true}]}}