{"id":2004047,"date":"2009-01-24T15:00:29","date_gmt":"2009-01-24T15:00:29","guid":{"rendered":"http:\/\/romfilatelia.ro\/?p=2004047"},"modified":"2016-08-05T12:02:48","modified_gmt":"2016-08-05T12:02:48","slug":"150-de-ani-de-la-unirea-principatelor-romane-24-ianuarie-1859","status":"publish","type":"product","link":"https:\/\/romfilatelia.ro\/magazin\/produs\/colectii-anuale\/2009\/150-de-ani-de-la-unirea-principatelor-romane-24-ianuarie-1859\/","title":{"rendered":"150 DE ANI DE LA UNIREA PRINCIPATELOR ROM\u00c2NE \u2013 24 IANUARIE 1859"},"content":{"rendered":"<p><a href=\"https:\/\/romfilatelia.ro\/magazin\/wp-content\/uploads\/2015\/09\/Unire_150_M.jpg\"><img decoding=\"async\" loading=\"lazy\" class=\"size-medium wp-image-2004048 alignleft\" src=\"https:\/\/romfilatelia.ro\/magazin\/wp-content\/uploads\/2015\/09\/Unire_150_M-234x300.jpg\" alt=\"Unire_150_M\" width=\"234\" height=\"300\" srcset=\"https:\/\/romfilatelia.ro\/magazin\/wp-content\/uploads\/2015\/09\/Unire_150_M-234x300.jpg 234w, https:\/\/romfilatelia.ro\/magazin\/wp-content\/uploads\/2015\/09\/Unire_150_M-64x82.jpg 64w, https:\/\/romfilatelia.ro\/magazin\/wp-content\/uploads\/2015\/09\/Unire_150_M-312x400.jpg 312w, https:\/\/romfilatelia.ro\/magazin\/wp-content\/uploads\/2015\/09\/Unire_150_M.jpg 468w\" sizes=\"(max-width: 234px) 100vw, 234px\" \/><\/a> Anul 2009 marcheaz\u0103 \u00eemplinirea unui secol \u015fi jum\u0103tate de la Unirea Principatelor Rom\u00e2ne, prilej cu care Romfilatelia introduce \u00een circula\u0163ie emisiunea de m\u0103rci po\u015ftale \u201e150 DE ANI DE LA UNIREA PRINCIPATELOR ROM\u00c2NE \u2013 24 IANUARIE 1859\u201c. Anul 2009 marcheaz\u0103 \u00eemplinirea unui secol \u015fi jum\u0103tate de la Unirea Principatelor Rom\u00e2ne, prilej cu care Romfilatelia introduce \u00een circula\u0163ie emisiunea de m\u0103rci po\u015ftale \u201e150 DE ANI DE LA UNIREA PRINCIPATELOR ROM\u00c2NE \u2013 24 IANUARIE 1859\u201c.<br \/>\nDintotdeauna, conceptul de unire a fost prezent \u00een sufletul \u015fi g\u00e2ndul locuitorilor teritoriului carpato-danubiano-pontic din centrul Europei.<br \/>\nAstfel, \u00een perioada domniei regelui Burebista (82-44 \u00eeHr), acesta a reu\u015fit s\u0103 uneasc\u0103, pentru prima oar\u0103 \u00een istoria acestor p\u0103m\u00e2nturi, triburile geto-dacice, cre\u00e2nd un regat puternic \u015fi \u00eentins.<br \/>\nSecolele istoriei s-au perindat \u00eentr-un ciclu, uneori nefiresc, transform\u00e2nd aceste \u0163inuturi, din regat dac \u00een provincie roman\u0103, pustiite de hoarde cotropitoare, devenite apoi voievodate, iar \u00een cele din urm\u0103 cele trei \u0162\u0103ri Rom\u00e2ne\u015fti.<br \/>\n\u00cens\u0103 ideea unirii acestor teritorii a r\u0103mas neclintit\u0103 \u00een g\u00e2ndul rom\u00e2nilor p\u00e2n\u0103 c\u00e2nd domnitorul Mihai Viteazul a reu\u015fit, \u00een anul 1600, s\u0103 s\u0103v\u00e2r\u015feasc\u0103 dorin\u0163a cea mai de pre\u0163 a tuturor: Unirea Ardealului, Moldovei \u015fi a \u0162\u0103rii Rom\u00e2ne\u015fti sub acela\u015fi sceptru domnesc.<br \/>\nEra prea devreme \u00eens\u0103 pentru a fi uni\u0163i, cu at\u00e2tea imperii \u00een jurul nostru&#8230; devreme pentru rom\u00e2ni, pentru Rom\u00e2nia, pentru istorie&#8230;<br \/>\nAu trebuit s\u0103 treac\u0103 aproape 150 de ani ca s\u0103 vin\u0103 \u201ePrim\u0103vara popoarelor\u201c &#8211; Revolu\u0163ia de la 1848, care a cuprins \u00eentreaga Europ\u0103 \u015fi a dus, \u00een \u0162\u0103rile Rom\u00e2ne, la rena\u015fterea ideii de unire a rom\u00e2nilor.<br \/>\nNume ca Ion Eliade R\u0103dulescu, Mihail Kog\u0103lniceanu, Nicolae B\u0103lcescu, Simion B\u0103rnu\u0163iu sunt doar c\u00e2teva din cele care au str\u0103lucit pe scena politic\u0103 a vremii, aduc\u00e2nd un suflu nou, de \u00eennoire a societ\u0103\u0163ii rom\u00e2ne\u015fti.<br \/>\nConflictele ce aveau s\u0103 apar\u0103 \u00eentre marile puteri ale Europei dup\u0103 anul 1850 au scos \u00een eviden\u0163\u0103 importan\u0163a \u0162\u0103rilor Rom\u00e2ne, ca state riverane Dun\u0103rii \u015fi a pozi\u0163iei strategice la gurile acesteia c\u00e2t \u015fi apropierea de Marea Neagr\u0103.<br \/>\nCongresele de la Viena din 1855 \u015fi de la Paris din 1856 au fost primii pa\u015fi \u00een drumul spre unire al celor dou\u0103 \u0162\u0103ri Rom\u00e2ne\u015fti prin acceptarea organiz\u0103rii Adun\u0103rilor Ad-hoc ce aveau s\u0103 hot\u0103rasc\u0103 viitoarea organizare a celor dou\u0103 Principate rom\u00e2ne.<br \/>\nUlterior, \u00een 1858, marile puteri, printr-o nou\u0103 Conferin\u0163\u0103 la Paris, stabilesc pentru Principate o uniune formal\u0103, cu Domn ales separat \u00een fiecare capital\u0103 (Bucure\u015fti \u015fi Ia\u015fi), cu guverne diferite \u015fi doar cu unele institu\u0163ii comune.<br \/>\nDar idealul unirii a fost mult mai puternic \u00een sufletul rom\u00e2nilor dec\u00e2t hot\u0103r\u00e2rile luate la Congresele europene \u015fi astfel Alexandru Ioan Cuza a fost ales ca Domn al Moldovei la 5 ianuarie \u015fi ca Domn al Valahiei pe 24 ianuarie 1859, pun\u00e2nd Europa \u00een fa\u0163a unui fapt \u00eemplinit: un Domnitor unic, unind de facto cele dou\u0103 Principate.<br \/>\nLa dou\u0103 luni de la alegerea sa, Cuza a fost recunoscut oficial de c\u0103tre Marile Puteri ca singur Domnitor al Principatelor, Turcia recunosc\u00e2nd abia \u00een 1861 Unirea complet\u0103, dar numai pe timpul vie\u0163ii domnitorului A. I. Cuza.<br \/>\nStatul na\u0163ional rom\u00e2n a luat na\u015ftere pe 24 ianuarie 1862, numele s\u0103u fiind Rom\u00e2nia, iar capitala \u0163\u0103rii a fost stabilit\u0103 la Bucure\u015fti.<br \/>\nPrin reformele sale, Alexandru Ioan Cuza a contribuit esen\u0163ial la dezvoltarea \u015fi modernizarea societ\u0103\u0163ii rom\u00e2ne\u015fti \u015fi a structurilor sale.<br \/>\nActul de la 24 ianuarie 1859 a fost pasul preg\u0103titor, nu numai pentru Independen\u0163a Rom\u00e2niei, dar mai ales pentru actul de unire deplin\u0103 a \u0163\u0103rii \u00een fruntariile sale fire\u015fti care a avut loc la 1 decembrie 1918.<\/p>\n<p>Emisiunea filatelic\u0103 este format\u0103 dintr-o coli\u0163\u0103 \u015fi un timbru. Fundalul coli\u0163ei reprezint\u0103 harta Principatelor Rom\u00e2ne Unite av\u00e2nd stemele Moldovei \u015fi Valahiei de dinaintea Unirii de la 1859.<br \/>\nTotodat\u0103, pe l\u00e2ng\u0103 versurile poeziei \u201eHora Unirii\u201c (V. Alecsandri) este figurat\u0103 medalia comemorativ\u0103 \u201e24 ianuarie 1859 &#8211; Prima Camer\u0103 a Principatelor Unite\u201c, realizat\u0103 prin batere \u00een 1864, la Bucure\u015fti.<br \/>\nTimbrele reprezint\u0103 variante ale stemei Principatelor Rom\u00e2ne Unite.<\/p>\n<p>Aducem mul\u0163umiri Muzeului Na\u0163ional de Istorie a Rom\u00e2niei pentru imaginile oferite, precum \u015fi domnului Tudor R. Tiron (Comisia Na\u0163ional\u0103 de Heraldic\u0103, Genealogie \u015fi Sigilografie a Academiei Rom\u00e2ne), pentru consultan\u0163a heraldic\u0103.<\/p>\n<p>Data de aparitie: 2009-01-24<\/p>\n<p><a href=\"https:\/\/romfilatelia.ro\/magazin\/wp-content\/uploads\/2015\/09\/Unire_150_box_rom.jpg\"><img decoding=\"async\" loading=\"lazy\" class=\"aligncenter wp-image-2004049 size-full\" src=\"https:\/\/romfilatelia.ro\/magazin\/wp-content\/uploads\/2015\/09\/Unire_150_box_rom.jpg\" alt=\"Unire_150_box_rom\" width=\"1200\" height=\"510\" srcset=\"https:\/\/romfilatelia.ro\/magazin\/wp-content\/uploads\/2015\/09\/Unire_150_box_rom.jpg 1200w, https:\/\/romfilatelia.ro\/magazin\/wp-content\/uploads\/2015\/09\/Unire_150_box_rom-500x213.jpg 500w, https:\/\/romfilatelia.ro\/magazin\/wp-content\/uploads\/2015\/09\/Unire_150_box_rom-64x27.jpg 64w, https:\/\/romfilatelia.ro\/magazin\/wp-content\/uploads\/2015\/09\/Unire_150_box_rom-300x128.jpg 300w, https:\/\/romfilatelia.ro\/magazin\/wp-content\/uploads\/2015\/09\/Unire_150_box_rom-768x326.jpg 768w, https:\/\/romfilatelia.ro\/magazin\/wp-content\/uploads\/2015\/09\/Unire_150_box_rom-1024x435.jpg 1024w\" sizes=\"(max-width: 1200px) 100vw, 1200px\" \/><\/a><\/p>\n","protected":false},"excerpt":{"rendered":"<p>Anul 2009 marcheaz\u0103 \u00eemplinirea unui secol \u015fi jum\u0103tate de la Unirea Principatelor Rom\u00e2ne, prilej cu care Romfilatelia introduce \u00een circula\u0163ie emisiunea de m\u0103rci po\u015ftale \u201e150 DE ANI DE LA UNIREA PRINCIPATELOR ROM\u00c2NE \u2013 24 IANUARIE 1859\u201c. Anul 2009 marcheaz\u0103 \u00eemplinirea unui secol \u015fi jum\u0103tate de la Unirea Principatelor Rom\u00e2ne, prilej cu care Romfilatelia introduce \u00een&hellip;&nbsp;<a href=\"https:\/\/romfilatelia.ro\/magazin\/produs\/colectii-anuale\/2009\/150-de-ani-de-la-unirea-principatelor-romane-24-ianuarie-1859\/\" class=\"\" rel=\"bookmark\">Cite\u0219te mai mult &raquo;<span class=\"screen-reader-text\">150 DE ANI DE LA UNIREA PRINCIPATELOR ROM\u00c2NE \u2013 24 IANUARIE 1859<\/span><\/a><\/p>\n","protected":false},"featured_media":2004048,"template":"","meta":{"neve_meta_sidebar":"","neve_meta_container":"","neve_meta_enable_content_width":"","neve_meta_content_width":0,"neve_meta_title_alignment":"","neve_meta_author_avatar":"","neve_post_elements_order":"","neve_meta_disable_header":"","neve_meta_disable_footer":"","neve_meta_disable_title":""},"product_cat":[109,6],"product_tag":[],"_links":{"self":[{"href":"https:\/\/romfilatelia.ro\/magazin\/wp-json\/wp\/v2\/product\/2004047"}],"collection":[{"href":"https:\/\/romfilatelia.ro\/magazin\/wp-json\/wp\/v2\/product"}],"about":[{"href":"https:\/\/romfilatelia.ro\/magazin\/wp-json\/wp\/v2\/types\/product"}],"wp:featuredmedia":[{"embeddable":true,"href":"https:\/\/romfilatelia.ro\/magazin\/wp-json\/wp\/v2\/media\/2004048"}],"wp:attachment":[{"href":"https:\/\/romfilatelia.ro\/magazin\/wp-json\/wp\/v2\/media?parent=2004047"}],"wp:term":[{"taxonomy":"product_cat","embeddable":true,"href":"https:\/\/romfilatelia.ro\/magazin\/wp-json\/wp\/v2\/product_cat?post=2004047"},{"taxonomy":"product_tag","embeddable":true,"href":"https:\/\/romfilatelia.ro\/magazin\/wp-json\/wp\/v2\/product_tag?post=2004047"}],"curies":[{"name":"wp","href":"https:\/\/api.w.org\/{rel}","templated":true}]}}