{"id":2003913,"date":"2010-06-09T16:00:52","date_gmt":"2010-06-09T16:00:52","guid":{"rendered":"http:\/\/romfilatelia.ro\/?p=2003913"},"modified":"2016-08-05T11:34:31","modified_gmt":"2016-08-05T11:34:31","slug":"20-de-ani-de-activitate-1990-2010-organizatia-salvati-copiii-romania","status":"publish","type":"product","link":"https:\/\/romfilatelia.ro\/magazin\/produs\/colectii-anuale\/2010\/20-de-ani-de-activitate-1990-2010-organizatia-salvati-copiii-romania\/","title":{"rendered":"20 de ani de activitate (1990 &#8211; 2010) &#8211; ORGANIZA\u0162IA SALVA\u0162I COPIII ROM\u00c2NIA"},"content":{"rendered":"<p><a href=\"https:\/\/romfilatelia.ro\/magazin\/wp-content\/uploads\/2015\/09\/salv_copiii_M.jpg\"><img decoding=\"async\" loading=\"lazy\" class=\"size-medium wp-image-2003914 alignleft\" src=\"https:\/\/romfilatelia.ro\/magazin\/wp-content\/uploads\/2015\/09\/salv_copiii_M-300x227.jpg\" alt=\"salv_copiii_M\" width=\"300\" height=\"227\" \/><\/a> La \u00eemplinirea a 20 de ani de activitate a organiza\u0163iei Salva\u0163i Copiii Rom\u00e2nia, Romfilatelia introduce \u00een circula\u0163ie emisiunea de m\u0103rci po\u015ftale \u201e20 de ani de activitate (1990-2010) &#8211; Organiza\u0163ia Salva\u0163i Copiii Rom\u00e2nia\u201c.\u00a0 \u00a0 \u00a0 \u00a0 \u00a0 Asum\u00e2ndu-\u015fi nobila misiune de a se al\u0103tura unor institu\u0163ii guvernamentale \u015fi neguvernamentale, de-a lungul timpului, Romfilatelia a sprijinit, prin realizarea unor emisiuni de m\u0103rci po\u015ftale, campanii umanitare destinate unor categorii sociale cum ar fi nev\u0103z\u0103torii, sinistra\u0163ii \u00een urma inunda\u0163iilor, copiii, dar \u015fi luptei \u00eempotriva cancerului \u015fi consumului de droguri.<br \/>\nLa \u00eemplinirea a 20 de ani de activitate a organiza\u0163iei Salva\u0163i Copiii Rom\u00e2nia, Romfilatelia introduce \u00een circula\u0163ie emisiunea de m\u0103rci po\u015ftale \u201e20 de ani de activitate (1990-2010) &#8211; Organiza\u0163ia Salva\u0163i Copiii Rom\u00e2nia\u201c.<br \/>\nSalva\u0163i Copiii Rom\u00e2nia este o organiza\u0163ie neguvernamental\u0103, na\u0163ional\u0103, non-profit, neimplicat\u0103 politic sau religios, care promoveaz\u0103 drepturile copilului din 1990, baz\u00e2ndu-se pe activitatea voluntar\u0103 a membrilor s\u0103i. \u00cen prezent, desf\u0103\u015foar\u0103 programe \u00een 20 de localit\u0103\u0163i, are filiale \u00een 12 jude\u0163e \u015fi \u00een Municipiul Bucure\u015fti, peste 6000 de membri \u015fi mai mult de 1000 de voluntari, \u00een majoritate tineri.<br \/>\nViziunea acestei organiza\u0163ii este o lume \u00een care fiec\u0103rui copil \u00eei este respectat dreptul la via\u0163\u0103, protec\u0163ie, dezvoltare \u015fi participare.<br \/>\nMisiunea organiza\u0163iei Salva\u0163i Copiii Rom\u00e2nia are ca obiective ob\u0163inerea unor progrese marcante privind modul \u00een care sunt trata\u0163i copiii \u015fi de a produce schimb\u0103ri imediate \u015fi de durat\u0103 \u00een via\u0163a acestora.<br \/>\nSalva\u0163i Copiii Rom\u00e2nia desf\u0103\u015foar\u0103 campanii de informare \u015fi con\u015ftientizare \u00een vederea responsabiliz\u0103rii p\u0103rin\u0163ilor, reprezentan\u0163ilor legali, profesorilor, comunit\u0103\u0163ii \u015fi autorit\u0103\u0163ilor care au \u00eendatorirea de a veni \u00een sprijinul copiilor.<br \/>\nPrintre cele mai importante campanii sus\u0163inute de Salva\u0163i Copiii Rom\u00e2nia s-au num\u0103rat: B\u0103taia NU e rupt\u0103 din rai, Violen\u0163a na\u015fte violen\u0163\u0103, Implic\u0103-te \u00een Combaterea Cer\u015fetoriei, Marea, singura noastr\u0103 dependen\u0163\u0103, Luna inimilor deschise, Fii un Super Erou.<br \/>\nSalva\u0163i Copiii Rom\u00e2nia ac\u0163ioneaz\u0103 conform valorilor fundamentale stipulate \u00een Declara\u0163ia Na\u0163iunilor Unite cu privire la Drepturile Omului \u015fi \u00een Conven\u0163ia ONU cu privire la Drepturile Copilului. Totodat\u0103, este un membru activ al Salva\u0163i Copiii Interna\u0163ional \u2013 cea mai mare organiza\u0163ie independent\u0103 din lume care promoveaz\u0103 drepturile copilului.<br \/>\nSalva\u0163i Copiii Rom\u00e2nia s-a al\u0103turat unor importante organisme \u015fi re\u0163ele na\u0163ionale \u015fi interna\u0163ionale care au ca scop respectarea drepturilor copiilor din Rom\u00e2nia \u015fi din alte \u0163\u0103ri.<\/p>\n<p>Aducem mul\u0163umiri organiza\u0163iei SALVA\u0162I COPIII ROM\u00c2NIA pentru sprijinul acordat la realizarea acestei emisiuni de m\u0103rci po\u015ftale.<\/p>\n<p>Data de aparitie: 2010-06-09<\/p>\n<p><a href=\"https:\/\/romfilatelia.ro\/magazin\/wp-content\/uploads\/2015\/09\/salv_copiii_box.jpg\"><img decoding=\"async\" loading=\"lazy\" class=\"aligncenter wp-image-2003915 size-full\" src=\"https:\/\/romfilatelia.ro\/magazin\/wp-content\/uploads\/2015\/09\/salv_copiii_box.jpg\" alt=\"salv_copiii_box\" width=\"750\" height=\"542\" srcset=\"https:\/\/romfilatelia.ro\/magazin\/wp-content\/uploads\/2015\/09\/salv_copiii_box.jpg 750w, https:\/\/romfilatelia.ro\/magazin\/wp-content\/uploads\/2015\/09\/salv_copiii_box-500x361.jpg 500w, https:\/\/romfilatelia.ro\/magazin\/wp-content\/uploads\/2015\/09\/salv_copiii_box-64x46.jpg 64w, https:\/\/romfilatelia.ro\/magazin\/wp-content\/uploads\/2015\/09\/salv_copiii_box-300x217.jpg 300w\" sizes=\"(max-width: 750px) 100vw, 750px\" \/><\/a><\/p>\n","protected":false},"excerpt":{"rendered":"<p>La \u00eemplinirea a 20 de ani de activitate a organiza\u0163iei Salva\u0163i Copiii Rom\u00e2nia, Romfilatelia introduce \u00een circula\u0163ie emisiunea de m\u0103rci po\u015ftale \u201e20 de ani de activitate (1990-2010) &#8211; Organiza\u0163ia Salva\u0163i Copiii Rom\u00e2nia\u201c.\u00a0 \u00a0 \u00a0 \u00a0 \u00a0 Asum\u00e2ndu-\u015fi nobila misiune de a se al\u0103tura unor institu\u0163ii guvernamentale \u015fi neguvernamentale, de-a lungul timpului, Romfilatelia a sprijinit, prin&hellip;&nbsp;<a href=\"https:\/\/romfilatelia.ro\/magazin\/produs\/colectii-anuale\/2010\/20-de-ani-de-activitate-1990-2010-organizatia-salvati-copiii-romania\/\" class=\"\" rel=\"bookmark\">Cite\u0219te mai mult &raquo;<span class=\"screen-reader-text\">20 de ani de activitate (1990 &#8211; 2010) &#8211; ORGANIZA\u0162IA SALVA\u0162I COPIII ROM\u00c2NIA<\/span><\/a><\/p>\n","protected":false},"featured_media":2003914,"template":"","meta":{"neve_meta_sidebar":"","neve_meta_container":"","neve_meta_enable_content_width":"","neve_meta_content_width":0,"neve_meta_title_alignment":"","neve_meta_author_avatar":"","neve_post_elements_order":"","neve_meta_disable_header":"","neve_meta_disable_footer":"","neve_meta_disable_title":""},"product_cat":[108,6],"product_tag":[],"_links":{"self":[{"href":"https:\/\/romfilatelia.ro\/magazin\/wp-json\/wp\/v2\/product\/2003913"}],"collection":[{"href":"https:\/\/romfilatelia.ro\/magazin\/wp-json\/wp\/v2\/product"}],"about":[{"href":"https:\/\/romfilatelia.ro\/magazin\/wp-json\/wp\/v2\/types\/product"}],"wp:featuredmedia":[{"embeddable":true,"href":"https:\/\/romfilatelia.ro\/magazin\/wp-json\/wp\/v2\/media\/2003914"}],"wp:attachment":[{"href":"https:\/\/romfilatelia.ro\/magazin\/wp-json\/wp\/v2\/media?parent=2003913"}],"wp:term":[{"taxonomy":"product_cat","embeddable":true,"href":"https:\/\/romfilatelia.ro\/magazin\/wp-json\/wp\/v2\/product_cat?post=2003913"},{"taxonomy":"product_tag","embeddable":true,"href":"https:\/\/romfilatelia.ro\/magazin\/wp-json\/wp\/v2\/product_tag?post=2003913"}],"curies":[{"name":"wp","href":"https:\/\/api.w.org\/{rel}","templated":true}]}}