{"id":200388,"date":"2013-09-27T09:26:52","date_gmt":"2013-09-27T09:26:52","guid":{"rendered":"http:\/\/romfilatelia.ro\/store\/2013\/09\/27\/aniversari-unesco-350-de-ani-de-la-construirea-bisericii-de-lemn-din-satul-rogoz-judethul-maramures\/"},"modified":"2016-08-03T07:23:01","modified_gmt":"2016-08-03T07:23:01","slug":"aniversari-unesco-350-de-ani-de-la-construirea-bisericii-de-lemn-din-satul-rogoz-judethul-maramures","status":"publish","type":"product","link":"https:\/\/romfilatelia.ro\/magazin\/produs\/colectii-anuale\/2013\/aniversari-unesco-350-de-ani-de-la-construirea-bisericii-de-lemn-din-satul-rogoz-judethul-maramures\/","title":{"rendered":"Anivers\u00e3ri UNESCO &#8211; 350 de ani de la construirea Bisericii de Lemn din Satul Rogoz, Jude\u021bul Maramure\u015f"},"content":{"rendered":"<p><a href=\"https:\/\/romfilatelia.ro\/magazin\/wp-content\/uploads\/2013\/09\/Rogoz_350_ani_M.jpg\"><img decoding=\"async\" loading=\"lazy\" class=\"alignleft wp-image-2002773 size-medium\" src=\"https:\/\/romfilatelia.ro\/magazin\/wp-content\/uploads\/2013\/09\/Rogoz_350_ani_M-300x281.jpg\" alt=\"Rogoz_350_ani_M\" width=\"300\" height=\"281\" srcset=\"https:\/\/romfilatelia.ro\/magazin\/wp-content\/uploads\/2013\/09\/Rogoz_350_ani_M-300x281.jpg 300w, https:\/\/romfilatelia.ro\/magazin\/wp-content\/uploads\/2013\/09\/Rogoz_350_ani_M-500x468.jpg 500w, https:\/\/romfilatelia.ro\/magazin\/wp-content\/uploads\/2013\/09\/Rogoz_350_ani_M-64x60.jpg 64w, https:\/\/romfilatelia.ro\/magazin\/wp-content\/uploads\/2013\/09\/Rogoz_350_ani_M.jpg 600w\" sizes=\"(max-width: 300px) 100vw, 300px\" \/><\/a>Fidel\u00e3 misiunii sale de a promova monumente istorice unice din \u0163ara noastr\u00e3, <strong>Romfilatelia<\/strong> s\u00e3rb\u00e3tore\u015fte aniversarea a trei secole \u015fi jum\u00e3tate de la \u00eenceperea construc\u0163iei <strong><em>Bisericii de lemn din Rogoz<\/em><\/strong> prin realizarea unei emisiuni de m\u00e3rci po\u015ftale.<\/p>\n<p>Bisericile de lemn sunt unanim recunoscute pentru simplitatea \u015fi echilibrul volumelor, dar \u015fi al propor\u0163iilor, ele fiind considerate realiz\u00e3ri tehnice \u015fi artistice de mare valoare.<\/p>\n<p>\u00cen lista Patrimoniului Mondial UNESCO sunt incluse opt biserici de lemn care au fost construite \u00eentre secolele XIV \u015fi XVIII (Ieud-Deal, Poienile Izei, Bude\u015fti-Josani, Rogoz, B\u00e2rsana, Surde\u015fti, Dese\u015fti \u015fi Plopi\u015f).<\/p>\n<p>Biserica <em>Sfin\u0163ii Arhangheli Mihail \u015fi Gavril <\/em>din Rogoz, construit\u00e3 \u00een 1663, la doi ani de la invazia t\u00e3tarilor din 1661, se afl\u00e3 pe valea r\u00e2ului L\u00e3pu\u015f, \u00een satul cu acela\u015fi nume \u015fi reprezint\u00e3 un exemplu elocvent al talentului arti\u015ftilor care au folosit tehnici tradi\u0163ionale pentru a realiza din lemnul secular o adev\u00e3rat\u00e3 capodoper\u00e3.<\/p>\n<p>Prima atestare documentar\u00e3 a satului este din anul 1488 sub denumirea de \u201eRogos\u201d, acesta f\u00e3c\u00e2nd parte din domeniul cet\u00e3\u0163ii Ciceului, ce a apar\u0163inut lui \u0218tefan cel Mare \u015fi, ulterior, celorlal\u0163i domnitori ai Moldovei.<\/p>\n<p>Tradi\u0163ia spune c\u00e3 ea a fost ridicat\u00e3 din dou\u00e3 lemne, iar pe funda\u0163ia scund\u00e3 din piatr\u00e3 se \u00eenal\u0163\u00e3 pere\u0163i din grinzi masive de ulm.<\/p>\n<p>Printr-o adev\u00e3rat\u00e3 minune, biserica a supravie\u0163uit focului pus de t\u00e3tari \u00een anul 1717 c\u00e2nd alte zeci de biserici \u015fi sate au fost transformate \u00een cenu\u015f\u00e3.<\/p>\n<p>Originalitatea acestei biserici este dat\u00e3 de pronaosul poligonal, naosul dreptunghiular \u015fi absida altarului \u00een retragere, poligonal\u00e3 cu \u015fapte laturi.<\/p>\n<p>\u00cen exterior biserica este bogat decorat\u00e3 cu motive precre\u015ftine, predomin\u00e2nd motivul fr\u00e2nghiei \u015fi al rozetelor. Acoperi\u015ful este asimetric, \u00eenalt, piramidal, iar turnul-clopotni\u0163\u00e3 este p\u00e3trat. Camera clopotelor este deschis\u00e3, av\u00e2nd st\u00e2lpi \u015fi arcade.<\/p>\n<p>La vest de intrare, o cruce cioplit\u00e3 este aplicat\u00e3 pe toat\u00e3 \u00een\u00e3l\u0163imea peretelui bisericii.<\/p>\n<p>Pictura interioar\u00e3 realizat\u00e3 \u00een 1785 de c\u00e3tre pictorii iconari Radu Munteanu \u015fi Nicolae Man atest\u00e3 prin inscrip\u0163ii, \u00een naos \u015fi altar, c\u00e3 biserica a fost ctitorit\u00e3 de Grigore Man \u015fi so\u0163ia sa. Aceasta se mai p\u00e3streaz\u00e3 doar \u00een naos \u015fi pronaos. Temele picturii sunt din Vechiul \u015fi Noul Testament.<\/p>\n<p>Ea este atestat\u00e3 prin inscrip\u0163iile chirilice p\u00e3strate \u00een altar: <em>\u201e\u00cen anul 1785 aceast\u00e3 sf\u00e2nt\u00e3 biseric\u00e3 s-a zugr\u00e3vit \u00een zilele prea \u00eenaltului \u00eemp\u00e3rat Iosif al II-lea&#8230;\u201d. <\/em><\/p>\n<p>Pe bolt\u00e3 sunt reprezentate scene din <em>Genez\u00e3<\/em> (Facerea lui Adam, Facerea Evei, Adam \u015fi Eva \u00een\u015fela\u0163i de \u015farpe, Izgonirea din Rai).<\/p>\n<p>Dintre numeroasele icoane vechi ale bisericii se remarc\u00e3 Icoana Maicii Domnului cu Pruncul, av\u00e2nd chipurile \u015fi nimburile lucrate \u00eentr-un relief pronun\u0163at \u015fi av\u00e2nd inscrip\u0163ia <em>1787. <\/em><\/p>\n<p>\u00cen anul 1834 un iconar necunoscut a repictat tavanul pronaosului \u015fi bolta naosului, reu\u015find s\u00e3 \u00eentregeasc\u00e3 \u00eentr-o armonioas\u00e3 alc\u00e3tuire imaginea de ansamblu a picturii interioare.<\/p>\n<p>Restaur\u00e3rile realizate \u00een perioada 1960-1961 au redat bisericii tr\u00e3inicie prin refacerea funda\u0163iei \u015fi schimbarea du\u015fumelelor \u015fi acoperi\u015fului.<\/p>\n<p>Monumentalitatea acestei biserici este dat\u00e3 de simplitatea ei, de silueta \u015fi limbajul ornamental, de concep\u0163ia \u015fi realizarea tehnic\u00e3, demonstr\u00e2nd \u00eenc\u00e3 o dat\u00e3 genialitatea me\u015fterilor rom\u00e2ni.<\/p>\n<p>Timbrul emisiunii de m\u00e3rci po\u015ftale, cu valoarea nominal\u00e3 de <strong>8,10 lei<\/strong>, ilustreaz\u00e3 <em>Biserica de lemn din Rogoz,<\/em> valoriz\u00e2nd frumuse\u0163ea ecleziastic\u00e3, cultura na\u0163ional\u00e3 \u015fi tradi\u0163iile locurilor pitore\u015fti.<\/p>\n<p>Fidel\u00e3 misiunii sale de a promova monumente istorice unice din \u0163ara noastr\u00e3, <strong>Romfilatelia<\/strong> s\u00e3rb\u00e3tore\u015fte aniversarea a trei secole \u015fi jum\u00e3tate de la \u00eenceperea construc\u0163iei <strong><em>Bisericii de lemn din Rogoz<\/em><\/strong> prin realizarea unei emisiuni de m\u00e3rci po\u015ftale.<\/p>\n<p>Bisericile de lemn sunt unanim recunoscute pentru simplitatea \u015fi echilibrul volumelor, dar \u015fi al propor\u0163iilor, ele fiind considerate realiz\u00e3ri tehnice \u015fi artistice de mare valoare.<\/p>\n<p>\u00cen lista Patrimoniului Mondial UNESCO sunt incluse opt biserici de lemn care au fost construite \u00eentre secolele XIV \u015fi XVIII (Ieud-Deal, Poienile Izei, Bude\u015fti-Josani, Rogoz, B\u00e2rsana, Surde\u015fti, Dese\u015fti \u015fi Plopi\u015f).<\/p>\n<p>Biserica <em>Sfin\u0163ii Arhangheli Mihail \u015fi Gavril <\/em>din Rogoz, construit\u00e3 \u00een 1663, la doi ani de la invazia t\u00e3tarilor din 1661, se afl\u00e3 pe valea r\u00e2ului L\u00e3pu\u015f, \u00een satul cu acela\u015fi nume \u015fi reprezint\u00e3 un exemplu elocvent al talentului arti\u015ftilor care au folosit tehnici tradi\u0163ionale pentru a realiza din lemnul secular o adev\u00e3rat\u00e3 capodoper\u00e3.<\/p>\n<p>Prima atestare documentar\u00e3 a satului este din anul 1488 sub denumirea de \u201eRogos\u201d, acesta f\u00e3c\u00e2nd parte din domeniul cet\u00e3\u0163ii Ciceului, ce a apar\u0163inut lui \u0218tefan cel Mare \u015fi, ulterior, celorlal\u0163i domnitori ai Moldovei.<\/p>\n<p>Tradi\u0163ia spune c\u00e3 ea a fost ridicat\u00e3 din dou\u00e3 lemne, iar pe funda\u0163ia scund\u00e3 din piatr\u00e3 se \u00eenal\u0163\u00e3 pere\u0163i din grinzi masive de ulm.<\/p>\n<p>Printr-o adev\u00e3rat\u00e3 minune, biserica a supravie\u0163uit focului pus de t\u00e3tari \u00een anul 1717 c\u00e2nd alte zeci de biserici \u015fi sate au fost transformate \u00een cenu\u015f\u00e3.<\/p>\n<p>Originalitatea acestei biserici este dat\u00e3 de pronaosul poligonal, naosul dreptunghiular \u015fi absida altarului \u00een retragere, poligonal\u00e3 cu \u015fapte laturi.<\/p>\n<p>\u00cen exterior biserica este bogat decorat\u00e3 cu motive precre\u015ftine, predomin\u00e2nd motivul fr\u00e2nghiei \u015fi al rozetelor. Acoperi\u015ful este asimetric, \u00eenalt, piramidal, iar turnul-clopotni\u0163\u00e3 este p\u00e3trat. Camera clopotelor este deschis\u00e3, av\u00e2nd st\u00e2lpi \u015fi arcade.<\/p>\n<p>La vest de intrare, o cruce cioplit\u00e3 este aplicat\u00e3 pe toat\u00e3 \u00een\u00e3l\u0163imea peretelui bisericii.<\/p>\n<p>Pictura interioar\u00e3 realizat\u00e3 \u00een 1785 de c\u00e3tre pictorii iconari Radu Munteanu \u015fi Nicolae Man atest\u00e3 prin inscrip\u0163ii, \u00een naos \u015fi altar, c\u00e3 biserica a fost ctitorit\u00e3 de Grigore Man \u015fi so\u0163ia sa. Aceasta se mai p\u00e3streaz\u00e3 doar \u00een naos \u015fi pronaos. Temele picturii sunt din Vechiul \u015fi Noul Testament.<\/p>\n<p>Ea este atestat\u00e3 prin inscrip\u0163iile chirilice p\u00e3strate \u00een altar: <em>\u201e\u00cen anul 1785 aceast\u00e3 sf\u00e2nt\u00e3 biseric\u00e3 s-a zugr\u00e3vit \u00een zilele prea \u00eenaltului \u00eemp\u00e3rat Iosif al II-lea&#8230;\u201d. <\/em><\/p>\n<p>Pe bolt\u00e3 sunt reprezentate scene din <em>Genez\u00e3<\/em> (Facerea lui Adam, Facerea Evei, Adam \u015fi Eva \u00een\u015fela\u0163i de \u015farpe, Izgonirea din Rai).<\/p>\n<p>Dintre numeroasele icoane vechi ale bisericii se remarc\u00e3 Icoana Maicii Domnului cu Pruncul, av\u00e2nd chipurile \u015fi nimburile lucrate \u00eentr-un relief pronun\u0163at \u015fi av\u00e2nd inscrip\u0163ia <em>1787. <\/em><\/p>\n<p>\u00cen anul 1834 un iconar necunoscut a repictat tavanul pronaosului \u015fi bolta naosului, reu\u015find s\u00e3 \u00eentregeasc\u00e3 \u00eentr-o armonioas\u00e3 alc\u00e3tuire imaginea de ansamblu a picturii interioare.<\/p>\n<p>Restaur\u00e3rile realizate \u00een perioada 1960-1961 au redat bisericii tr\u00e3inicie prin refacerea funda\u0163iei \u015fi schimbarea du\u015fumelelor \u015fi acoperi\u015fului.<\/p>\n<p>Monumentalitatea acestei biserici este dat\u00e3 de simplitatea ei, de silueta \u015fi limbajul ornamental, de concep\u0163ia \u015fi realizarea tehnic\u00e3, demonstr\u00e2nd \u00eenc\u00e3 o dat\u00e3 genialitatea me\u015fterilor rom\u00e2ni.<\/p>\n<p>Timbrul emisiunii de m\u00e3rci po\u015ftale, cu valoarea nominal\u00e3 de <strong>8,10 lei<\/strong>, ilustreaz\u00e3 <em>Biserica de lemn din Rogoz,<\/em> valoriz\u00e2nd frumuse\u0163ea ecleziastic\u00e3, cultura na\u0163ional\u00e3 \u015fi tradi\u0163iile locurilor pitore\u015fti.<\/p>\n<p>&nbsp;<\/p>\n<p>Data Aparitie:2013-09-27<\/p>\n<p><a href=\"https:\/\/romfilatelia.ro\/magazin\/wp-content\/uploads\/2013\/09\/Rogoz_350_ani_box.jpg\"><img decoding=\"async\" loading=\"lazy\" class=\"wp-image-2002771 size-full aligncenter\" src=\"https:\/\/romfilatelia.ro\/magazin\/wp-content\/uploads\/2013\/09\/Rogoz_350_ani_box.jpg\" alt=\"Rogoz_350_ani_box\" width=\"750\" height=\"496\" srcset=\"https:\/\/romfilatelia.ro\/magazin\/wp-content\/uploads\/2013\/09\/Rogoz_350_ani_box.jpg 750w, https:\/\/romfilatelia.ro\/magazin\/wp-content\/uploads\/2013\/09\/Rogoz_350_ani_box-500x331.jpg 500w, https:\/\/romfilatelia.ro\/magazin\/wp-content\/uploads\/2013\/09\/Rogoz_350_ani_box-64x42.jpg 64w, https:\/\/romfilatelia.ro\/magazin\/wp-content\/uploads\/2013\/09\/Rogoz_350_ani_box-300x198.jpg 300w\" sizes=\"(max-width: 750px) 100vw, 750px\" \/><\/a><\/p>\n","protected":false},"excerpt":{"rendered":"<p>Fidel\u00e3 misiunii sale de a promova monumente istorice unice din \u0163ara noastr\u00e3, Romfilatelia s\u00e3rb\u00e3tore\u015fte aniversarea a trei secole \u015fi jum\u00e3tate de la \u00eenceperea construc\u0163iei Bisericii de lemn din Rogoz prin realizarea unei emisiuni de m\u00e3rci po\u015ftale. Bisericile de lemn sunt unanim recunoscute pentru simplitatea \u015fi echilibrul volumelor, dar \u015fi al propor\u0163iilor, ele fiind considerate realiz\u00e3ri&hellip;&nbsp;<a href=\"https:\/\/romfilatelia.ro\/magazin\/produs\/colectii-anuale\/2013\/aniversari-unesco-350-de-ani-de-la-construirea-bisericii-de-lemn-din-satul-rogoz-judethul-maramures\/\" class=\"\" rel=\"bookmark\">Cite\u0219te mai mult &raquo;<span class=\"screen-reader-text\">Anivers\u00e3ri UNESCO &#8211; 350 de ani de la construirea Bisericii de Lemn din Satul Rogoz, Jude\u021bul Maramure\u015f<\/span><\/a><\/p>\n","protected":false},"featured_media":2002773,"template":"","meta":{"neve_meta_sidebar":"","neve_meta_container":"","neve_meta_enable_content_width":"","neve_meta_content_width":0,"neve_meta_title_alignment":"","neve_meta_author_avatar":"","neve_post_elements_order":"","neve_meta_disable_header":"","neve_meta_disable_footer":"","neve_meta_disable_title":""},"product_cat":[105,6],"product_tag":[],"_links":{"self":[{"href":"https:\/\/romfilatelia.ro\/magazin\/wp-json\/wp\/v2\/product\/200388"}],"collection":[{"href":"https:\/\/romfilatelia.ro\/magazin\/wp-json\/wp\/v2\/product"}],"about":[{"href":"https:\/\/romfilatelia.ro\/magazin\/wp-json\/wp\/v2\/types\/product"}],"wp:featuredmedia":[{"embeddable":true,"href":"https:\/\/romfilatelia.ro\/magazin\/wp-json\/wp\/v2\/media\/2002773"}],"wp:attachment":[{"href":"https:\/\/romfilatelia.ro\/magazin\/wp-json\/wp\/v2\/media?parent=200388"}],"wp:term":[{"taxonomy":"product_cat","embeddable":true,"href":"https:\/\/romfilatelia.ro\/magazin\/wp-json\/wp\/v2\/product_cat?post=200388"},{"taxonomy":"product_tag","embeddable":true,"href":"https:\/\/romfilatelia.ro\/magazin\/wp-json\/wp\/v2\/product_tag?post=200388"}],"curies":[{"name":"wp","href":"https:\/\/api.w.org\/{rel}","templated":true}]}}