{"id":200369,"date":"2013-04-06T09:08:10","date_gmt":"2013-04-06T09:08:10","guid":{"rendered":"http:\/\/romfilatelia.ro\/store\/2013\/04\/06\/aniversari-evenimente-academia-de-studii-economice-din-bucureati-100-de-ani\/"},"modified":"2016-07-29T13:16:39","modified_gmt":"2016-07-29T13:16:39","slug":"aniversari-evenimente-academia-de-studii-economice-din-bucureati-100-de-ani","status":"publish","type":"product","link":"https:\/\/romfilatelia.ro\/magazin\/produs\/colectii-anuale\/2013\/aniversari-evenimente-academia-de-studii-economice-din-bucureati-100-de-ani\/","title":{"rendered":"Anivers\u00e3ri &#8211; Evenimente: ACADEMIA DE STUDII ECONOMICE DIN BUCURE\u0218TI &#8211; 100 DE ANI"},"content":{"rendered":"<p><a href=\"https:\/\/romfilatelia.ro\/magazin\/wp-content\/uploads\/2013\/04\/ASE_100_M.jpg\"><img decoding=\"async\" loading=\"lazy\" class=\"alignleft wp-image-2002942 size-medium\" src=\"https:\/\/romfilatelia.ro\/magazin\/wp-content\/uploads\/2013\/04\/ASE_100_M-300x233.jpg\" alt=\"ASE_100_M\" width=\"300\" height=\"233\" srcset=\"https:\/\/romfilatelia.ro\/magazin\/wp-content\/uploads\/2013\/04\/ASE_100_M-300x233.jpg 300w, https:\/\/romfilatelia.ro\/magazin\/wp-content\/uploads\/2013\/04\/ASE_100_M-500x388.jpg 500w, https:\/\/romfilatelia.ro\/magazin\/wp-content\/uploads\/2013\/04\/ASE_100_M-64x50.jpg 64w, https:\/\/romfilatelia.ro\/magazin\/wp-content\/uploads\/2013\/04\/ASE_100_M.jpg 600w\" sizes=\"(max-width: 300px) 100vw, 300px\" \/><\/a> \u00cen urm\u00e3 cu un secol, ini\u0163iativa unui grup de tineri economi\u015fti, puternic sus\u0163inut\u00e3 de ministrul Industriei \u015fi Comer\u0163ului, A.D. Xenopol, devenea realitate dup\u00e3 ce prin Decret Regal, la 6 aprilie 1913, lua fiin\u0163\u00e3 prima institu\u0163ie de \u00eenv\u00e3\u0163\u00e3m\u00e2nt economic superior din Rom\u00e2nia: Academia de \u00cenalte Studii Comerciale \u015fi Industriale.<\/p>\n<p>Confruntat\u00e3 cu mari probleme materiale, \u00eencep\u00e2nd cu lipsa unui edificiu propriu, institu\u0163ia proasp\u00e3t legalizat\u00e3 avea de luptat \u015fi cu pozi\u0163ia potrivnic\u00e3 a celorlalte institu\u0163ii universitare care refuzau s\u00e3-i recunoasc\u00e3 statutul.<\/p>\n<p>Subordonat\u00e3 timp de dou\u00e3 decenii Ministerului Industriei \u015fi Comer\u0163ului, a reu\u015fit s\u00e3 \u00eenl\u00e3ture pas cu pas toate obstacolele care temporizau materializarea dezideratului de afirmare real\u00e3 \u015fi vizibil\u00e3 a institu\u0163iei.<\/p>\n<p>A ob\u0163inut recunoa\u015fterea \u015fi confirmarea ca institu\u0163ie de \u00eenv\u00e3\u0163\u00e3m\u00e2nt superior, i s-a permis organizarea examenelor de doctorat (1921), a primit \u00een folosin\u0163\u00e3 un edificiu &#8211; palat construit, \u00eentre 1924-1926, pe spa\u0163iul actual din Pia\u0163a Roman\u00e3, a beneficiat de un corp profesoral \u00een care se reg\u00e3seau mari personalit\u00e3\u0163i \u00een domeniu: Anton Davidoglu, Stanislas Cihoski, I. N. Angelescu, Ion R\u00e3ducanu, Virgil Madgearu, Victor Sl\u00e3vescu, Constantin Bungen\u0163ianu, Andrei R\u00e3dulescu, Gheorghe Ta\u015fc\u00e3 (ministru al Industriei \u015fi Comer\u0163ului &#8211; 1932) \u015fi Nicolae Iorga.<\/p>\n<p>Ca urmare a modific\u00e3rilor legislative, \u00een anul 1935, Academia de \u00cenalte Studii Comerciale \u015fi Industriale a fost trecut\u00e3 \u00een subordinea Ministerului Instruc\u0163iunii Publice.<\/p>\n<p>De-a lungul timpului au avut loc mai multe schimb\u00e3ri de denumire, iar din anul universitar 1967-1968, titulatura institu\u0163iei va deveni Academia de Studii Economice din Bucure\u015fti, denumire p\u00e3strat\u00e3 \u015fi \u00een prezent.<\/p>\n<p>Edificiul- palat \u00een care \u00ee\u015fi desf\u00e3\u015foar\u00e3 activitatea ASE-ul, constituit ca un ansamblu din dou\u00e3 corpuri de cl\u00e3dire, a fost construit av\u00e2nd la baz\u00e3 planurile arhitec\u0163ilor Grigore Cerchez, Edmond Van Saanen Algi \u015fi Arghir Culina.<\/p>\n<p>Aula de recep\u0163ii \u015fi conferin\u0163e, cea mai reprezentativ\u00e3 \u00eenc\u00e3pere a edificiului prezint\u00e3, prin amplasarea scaunelor (240 la parter \u015fi 270 la balcon), un amfiteatru spectaculos completat cu loje spa\u0163ioase, perfect adaptat celor mai exigente cerin\u0163e de organizare a conferin\u0163elor \u015fi cursurilor.<\/p>\n<p>Celelalte spa\u0163ii destinate cursurilor, laboratoarelor, bibliotecii \u015fi diverselor activit\u00e3\u0163i didactice \u015fi studen\u0163e\u015fti, sunt spa\u0163ii generoase, bine dotate \u015fi organizate, ceea ce confer\u00e3 \u00eentregului spa\u0163iu, amplasat pe o suprafa\u0163\u00e3 de peste 3.000 mp (proiec\u0163ia la sol a edificiului), un prestigiu unanim recunoscut drept ambient universitar de \u00eenalt\u00e3 \u0163inut\u00e3.<\/p>\n<p>Cei 100 de ani de existen\u0163\u00e3 a prestigioasei institu\u0163ii de \u00eenv\u00e3\u0163\u00e3m\u00e2nt economic, reprezint\u00e3 al\u00e3turi de istoria domeniului economiei rom\u00e2ne\u015fti, o contribu\u0163ie important\u00e3 la formarea a zeci de genera\u0163ii de economi\u015fti din r\u00e2ndul c\u00e3rora s-au afirmat personalit\u00e3\u0163i de marc\u00e3, beneficiare de recunoa\u015ftere interna\u0163ional\u00e3.<\/p>\n<p>Cu ocazia \u00eemplinirii unui secol de la \u00eenfiin\u0163area Academiei de Studii Economice (ASE), <strong>Romfilatelia<\/strong> introduce \u00een circula\u0163ie o emisiune de timbre po\u015ftale dedicat\u00e3 acestui eveniment.<\/p>\n<p>Pe timbrul cu valoarea nominal\u00e3 de <strong>8,10 lei<\/strong>, este ilustrat Palatul Academiei de Studii Economice din Bucure\u015fti, al\u00e3turi de portretul Regelui Carol I, prin decretul c\u00e3ruia a luat fiin\u0163\u00e3 institu\u0163ia de \u00eenv\u00e3\u0163\u00e3m\u00e2nt, iar pe coli\u0163a emisiunii sunt reprezentate personalit\u00e3\u0163i importante din istoria acesteia: Ion N. Angelescu, Virgil Madgearu, Nicolae Xenopol, Victor Sl\u00e3vescu.<\/p>\n<p><strong><em>Aducem mul\u0163umirile noastre Academiei de Studii Economice din Bucure\u015fti pentru sprijinul acordat la realizarea acestei emisiunide timbre po\u015ftale. <\/em><\/strong><\/p>\n<p>&nbsp;<\/p>\n<p>Data Aparitie:2013-04-06<\/p>\n<p><a href=\"https:\/\/romfilatelia.ro\/magazin\/wp-content\/uploads\/2013\/04\/ASE_100_box.jpg\"><img decoding=\"async\" loading=\"lazy\" class=\"wp-image-2002943 size-full aligncenter\" src=\"https:\/\/romfilatelia.ro\/magazin\/wp-content\/uploads\/2013\/04\/ASE_100_box.jpg\" alt=\"ASE_100_box\" width=\"750\" height=\"446\" srcset=\"https:\/\/romfilatelia.ro\/magazin\/wp-content\/uploads\/2013\/04\/ASE_100_box.jpg 750w, https:\/\/romfilatelia.ro\/magazin\/wp-content\/uploads\/2013\/04\/ASE_100_box-500x297.jpg 500w, https:\/\/romfilatelia.ro\/magazin\/wp-content\/uploads\/2013\/04\/ASE_100_box-64x38.jpg 64w, https:\/\/romfilatelia.ro\/magazin\/wp-content\/uploads\/2013\/04\/ASE_100_box-300x178.jpg 300w\" sizes=\"(max-width: 750px) 100vw, 750px\" \/><\/a><\/p>\n","protected":false},"excerpt":{"rendered":"<p>\u00cen urm\u00e3 cu un secol, ini\u0163iativa unui grup de tineri economi\u015fti, puternic sus\u0163inut\u00e3 de ministrul Industriei \u015fi Comer\u0163ului, A.D. Xenopol, devenea realitate dup\u00e3 ce prin Decret Regal, la 6 aprilie 1913, lua fiin\u0163\u00e3 prima institu\u0163ie de \u00eenv\u00e3\u0163\u00e3m\u00e2nt economic superior din Rom\u00e2nia: Academia de \u00cenalte Studii Comerciale \u015fi Industriale. Confruntat\u00e3 cu mari probleme materiale, \u00eencep\u00e2nd cu&hellip;&nbsp;<a href=\"https:\/\/romfilatelia.ro\/magazin\/produs\/colectii-anuale\/2013\/aniversari-evenimente-academia-de-studii-economice-din-bucureati-100-de-ani\/\" class=\"\" rel=\"bookmark\">Cite\u0219te mai mult &raquo;<span class=\"screen-reader-text\">Anivers\u00e3ri &#8211; Evenimente: ACADEMIA DE STUDII ECONOMICE DIN BUCURE\u0218TI &#8211; 100 DE ANI<\/span><\/a><\/p>\n","protected":false},"featured_media":2002942,"template":"","meta":{"neve_meta_sidebar":"","neve_meta_container":"","neve_meta_enable_content_width":"","neve_meta_content_width":0,"neve_meta_title_alignment":"","neve_meta_author_avatar":"","neve_post_elements_order":"","neve_meta_disable_header":"","neve_meta_disable_footer":"","neve_meta_disable_title":""},"product_cat":[105,6],"product_tag":[],"_links":{"self":[{"href":"https:\/\/romfilatelia.ro\/magazin\/wp-json\/wp\/v2\/product\/200369"}],"collection":[{"href":"https:\/\/romfilatelia.ro\/magazin\/wp-json\/wp\/v2\/product"}],"about":[{"href":"https:\/\/romfilatelia.ro\/magazin\/wp-json\/wp\/v2\/types\/product"}],"wp:featuredmedia":[{"embeddable":true,"href":"https:\/\/romfilatelia.ro\/magazin\/wp-json\/wp\/v2\/media\/2002942"}],"wp:attachment":[{"href":"https:\/\/romfilatelia.ro\/magazin\/wp-json\/wp\/v2\/media?parent=200369"}],"wp:term":[{"taxonomy":"product_cat","embeddable":true,"href":"https:\/\/romfilatelia.ro\/magazin\/wp-json\/wp\/v2\/product_cat?post=200369"},{"taxonomy":"product_tag","embeddable":true,"href":"https:\/\/romfilatelia.ro\/magazin\/wp-json\/wp\/v2\/product_tag?post=200369"}],"curies":[{"name":"wp","href":"https:\/\/api.w.org\/{rel}","templated":true}]}}