{"id":2003418,"date":"2010-09-27T16:31:57","date_gmt":"2010-09-27T16:31:57","guid":{"rendered":"http:\/\/romfilatelia.ro\/?p=2003418"},"modified":"2016-08-05T12:51:18","modified_gmt":"2016-08-05T12:51:18","slug":"20-de-ani-de-la-ratificarea-conventiei-onu-cu-privire-la-drepturile-copilului","status":"publish","type":"product","link":"https:\/\/romfilatelia.ro\/magazin\/produs\/colectii-anuale\/2010\/20-de-ani-de-la-ratificarea-conventiei-onu-cu-privire-la-drepturile-copilului\/","title":{"rendered":"20 DE ANI DE LA RATIFICAREA CONVEN\u0162IEI ONU CU PRIVIRE LA DREPTURILE COPILULUI"},"content":{"rendered":"<p><a href=\"https:\/\/romfilatelia.ro\/magazin\/wp-content\/uploads\/2015\/09\/20_ONU_Copii_M.jpg\"><img decoding=\"async\" loading=\"lazy\" class=\"size-medium wp-image-2003419 alignleft\" src=\"https:\/\/romfilatelia.ro\/magazin\/wp-content\/uploads\/2015\/09\/20_ONU_Copii_M-300x226.jpg\" alt=\"image description\" width=\"300\" height=\"226\" \/><\/a><\/p>\n<p>La 20 noiembrie 1989, Adunarea General\u0103 a Na\u0163iunilor Unite a adoptat Conven\u0163ia Drepturilor Copilului.\u00a0 \u00a0 \u00a0 \u00a0 \u00a0 La 20 noiembrie 1989, Adunarea General\u0103 a Na\u0163iunilor Unite a adoptat Conven\u0163ia Drepturilor Copilului.<br \/>\nAceasta a fost ratificat\u0103 de Parlamentul Rom\u00e2niei pe 27 septembrie 1990 \u015fi publicat\u0103 \u00een Monitorul Oficial nr. 109 din 28 septembrie 1990.<br \/>\nPentru a marca aniversarea a \u201e20 de ani de la ratificarea Conven\u0163iei ONU cu privire la drepturile copilului\u201c Romfilatelia introduce \u00een circula\u0163ie aceast\u0103 emisiune de m\u0103rci po\u015ftale.<br \/>\nPrin ratificare, statul rom\u00e2n s-a angajat s\u0103 ia toate m\u0103surile legislative, administrative \u015fi de orice alt\u0103 natur\u0103 necesare pentru implementarea drepturilor copiilor a\u015fa cum sunt ele stipulate \u00een Conven\u0163ie.<br \/>\nConven\u0163ia cu privire la Drepturile Copilului este acordul cel mai larg adoptat \u00een lume \u00een privin\u0163a drepturilor omului. Aceasta ofer\u0103 detalii despre drepturi \u015fi despre modul lor de aplicare \u00een cele 54 de articole ale sale, plus dou\u0103 sec\u0163iuni suplimentare (numite \u015fi \u201eprotocoale\u201c). Acest document amplu sintetizeaz\u0103 dezvoltarea complet\u0103 a poten\u0163ialului copilului \u00eentr-o atmosfer\u0103 de libertate, demnitate \u015fi justi\u0163ie. La baza Conven\u0163iei ONU cu privire la Drepturile Copilului se afl\u0103 interesul superior al copilului.<br \/>\nPrintre cele mai importante reglement\u0103ri ale Conven\u0163iei, putem enumera:<\/p>\n<p>&#8211;\u00a0 dreptul copilului de a-\u015fi stabili \u015fi p\u0103stra identitatea sa;<\/p>\n<p>&#8211;\u00a0 copilul are dreptul de a men\u0163ine rela\u0163ii personale \u015fi contacte directe cu p\u0103rin\u0163ii, rudele \u015fi cu alte persoane fa\u0163\u0103 de care copilul a dezvoltat leg\u0103turi de ata\u015fament;<\/p>\n<p>&#8211;\u00a0 copilul are dreptul de a primi o educa\u0163ie care s\u0103-i permit\u0103 dezvoltarea aptitudinilor \u015fi personalit\u0103\u0163ii sale;<\/p>\n<p>&#8211;\u00a0 copilul are dreptul de a se bucura de cea mai bun\u0103 stare de s\u0103n\u0103tate pe care o poate atinge \u015fi de a beneficia de serviciile medicale \u015fi de recuperare necesare pentru asigurarea realiz\u0103rii efective a acestui drept;<\/p>\n<p>&#8211;\u00a0 copilul are dreptul de a fi protejat \u00eempotriva exploat\u0103rii \u015fi nu poate fi constr\u00e2ns la o munc\u0103 ce comport\u0103 un risc poten\u0163ial;<\/p>\n<p>&#8211;\u00a0 copilul are dreptul de a beneficia de un nivel de trai care s\u0103 permit\u0103 dezvoltarea sa fizic\u0103, mental\u0103, spiritual\u0103, moral\u0103 \u015fi social\u0103;<\/p>\n<p>&#8211;\u00a0 copilul are dreptul de a fi protejat \u00eempotriva folosirii ilicite de stupefiante \u015fi substan\u0163e psihotrope;<\/p>\n<p>&#8211;\u00a0 copilul are dreptul la protec\u0163ie \u00eempotriva oric\u0103rei forme de exploatare;<\/p>\n<p>&#8211;\u00a0 copilul cu dizabilit\u0103\u0163i are dreptul la \u00eengrijire special\u0103, adaptat\u0103 nevoilor sale;<\/p>\n<p>&#8211;\u00a0 copilul are dreptul la protejarea imaginii sale publice \u015fi a vie\u0163ii sale intime;<\/p>\n<p>&#8211;\u00a0 copilul are dreptul la libertate de g\u00e2ndire, de con\u015ftiin\u0163\u0103 \u015fi religie;<\/p>\n<p>&#8211;\u00a0 copilul are dreptul la libertate de asociere, precum \u015fi dreptul la libertatea de \u00eentrunire pa\u015fnic\u0103, \u00een limitele prev\u0103zute de lege;<\/p>\n<p>&#8211;\u00a0 copilul apar\u0163in\u00e2nd unei minorit\u0103\u0163i etnice, religioase sau lingvistice are dreptul la via\u0163\u0103 cultural\u0103 proprie, la declararea apartenen\u0163ei sale religioase, la practicarea propriei sale religii, precum \u015fi dreptul de a folosi limba proprie \u00een comun cu al\u0163i membrii ai comunit\u0103\u0163ii din care face parte;<\/p>\n<p>&#8211;\u00a0 copilul are dreptul la respectarea personalit\u0103\u0163ii \u015fi individualit\u0103\u0163ii sale \u015fi nu poate fi supus pedepselor fizice sau altor tratamente umilitoare ori degradande;<\/p>\n<p>&#8211;\u00a0 copilul are dreptul la odihn\u0103 \u015fi vacan\u0163\u0103;<\/p>\n<p>&#8211;\u00a0 copilul are dreptul de a fi protejat \u00eempotriva oric\u0103ror forme de violen\u0163\u0103, neglijen\u0163\u0103, abuz sau rele-tratamente;<\/p>\n<p>&#8211;\u00a0 copilul are dreptul s\u0103 creasc\u0103 al\u0103turi de p\u0103rin\u0163ii s\u0103i.<\/p>\n<p>Ratificarea de c\u0103tre Rom\u00e2nia a Conven\u0163iei ONU cu privire la Drepturile Copilului a favorizat dezvoltarea societ\u0103\u0163ii civile \u00een domeniul ap\u0103r\u0103rii \u015fi promov\u0103rii drepturilor copilului.<br \/>\n\u00cen Rom\u00e2nia, \u00een prezent exist\u0103 organiza\u0163ii interna\u0163ionale interguvernamentale, ONG-uri \u015fi funda\u0163ii pentru ap\u0103rarea \u015fi promovarea drepturilor copilului, dintre care se eviden\u0163ieaz\u0103: Centrul de informare ONU pentru Rom\u00e2nia, UNICEF, Salva\u0163i Copiii Rom\u00e2nia, World Vision, etc. care deruleaz\u0103 programe \u00een sprijinul copiilor.<br \/>\nDesenele ilustrate pe timbrul \u015fi vinieta emisiunii de m\u0103rci po\u015ftale au fost realizate de Ioana Vezeanu, respectiv Ana Badea, eleve \u00een clasa a III-a la \u0218coala General\u0103 143 din Bucure\u015fti, \u00een cadrul programelor desf\u0103\u015furate de organiza\u0163ia Salva\u0163i Copiii Rom\u00e2nia.<br \/>\nPlicul prima zi al emisiunii ilustreaz\u0103 desenul elevei Elena Daniela Oprea, clasa a VIII-a B (Liceul de Arte Plastice \u201eNicolae Tonitza\u201c), realizat \u00een cadrul Campaniei desf\u0103\u015furat\u0103 sub auspiciile UNICEF Rom\u00e2nia, pentru promovarea acestui eveniment.<\/p>\n<p>Pentru sprijinul oferit la realizarea acestei emisiuni de m\u0103rci po\u015ftale Romfilatelia mul\u0163ume\u015fte organiza\u0163iilor UNICEF Rom\u00e2nia \u015fi Salva\u0163i Copiii Rom\u00e2nia.<\/p>\n<p>Data de aparitie: 2010-09-27<\/p>\n<p><a href=\"https:\/\/romfilatelia.ro\/magazin\/wp-content\/uploads\/2015\/09\/20_ONU_Copii_box.jpg\"><img decoding=\"async\" loading=\"lazy\" class=\"wp-image-2003420 size-full aligncenter\" src=\"https:\/\/romfilatelia.ro\/magazin\/wp-content\/uploads\/2015\/09\/20_ONU_Copii_box.jpg\" alt=\"20_ONU_Copii_box\" width=\"750\" height=\"440\" srcset=\"https:\/\/romfilatelia.ro\/magazin\/wp-content\/uploads\/2015\/09\/20_ONU_Copii_box.jpg 750w, https:\/\/romfilatelia.ro\/magazin\/wp-content\/uploads\/2015\/09\/20_ONU_Copii_box-500x293.jpg 500w, https:\/\/romfilatelia.ro\/magazin\/wp-content\/uploads\/2015\/09\/20_ONU_Copii_box-64x38.jpg 64w, https:\/\/romfilatelia.ro\/magazin\/wp-content\/uploads\/2015\/09\/20_ONU_Copii_box-300x176.jpg 300w\" sizes=\"(max-width: 750px) 100vw, 750px\" \/><\/a><\/p>\n","protected":false},"excerpt":{"rendered":"<p>La 20 noiembrie 1989, Adunarea General\u0103 a Na\u0163iunilor Unite a adoptat Conven\u0163ia Drepturilor Copilului.\u00a0 \u00a0 \u00a0 \u00a0 \u00a0 La 20 noiembrie 1989, Adunarea General\u0103 a Na\u0163iunilor Unite a adoptat Conven\u0163ia Drepturilor Copilului. Aceasta a fost ratificat\u0103 de Parlamentul Rom\u00e2niei pe 27 septembrie 1990 \u015fi publicat\u0103 \u00een Monitorul Oficial nr. 109 din 28 septembrie 1990. Pentru&hellip;&nbsp;<a href=\"https:\/\/romfilatelia.ro\/magazin\/produs\/colectii-anuale\/2010\/20-de-ani-de-la-ratificarea-conventiei-onu-cu-privire-la-drepturile-copilului\/\" class=\"\" rel=\"bookmark\">Cite\u0219te mai mult &raquo;<span class=\"screen-reader-text\">20 DE ANI DE LA RATIFICAREA CONVEN\u0162IEI ONU CU PRIVIRE LA DREPTURILE COPILULUI<\/span><\/a><\/p>\n","protected":false},"featured_media":2003419,"template":"","meta":{"neve_meta_sidebar":"","neve_meta_container":"","neve_meta_enable_content_width":"","neve_meta_content_width":0,"neve_meta_title_alignment":"","neve_meta_author_avatar":"","neve_post_elements_order":"","neve_meta_disable_header":"","neve_meta_disable_footer":"","neve_meta_disable_title":""},"product_cat":[108,6],"product_tag":[],"_links":{"self":[{"href":"https:\/\/romfilatelia.ro\/magazin\/wp-json\/wp\/v2\/product\/2003418"}],"collection":[{"href":"https:\/\/romfilatelia.ro\/magazin\/wp-json\/wp\/v2\/product"}],"about":[{"href":"https:\/\/romfilatelia.ro\/magazin\/wp-json\/wp\/v2\/types\/product"}],"wp:featuredmedia":[{"embeddable":true,"href":"https:\/\/romfilatelia.ro\/magazin\/wp-json\/wp\/v2\/media\/2003419"}],"wp:attachment":[{"href":"https:\/\/romfilatelia.ro\/magazin\/wp-json\/wp\/v2\/media?parent=2003418"}],"wp:term":[{"taxonomy":"product_cat","embeddable":true,"href":"https:\/\/romfilatelia.ro\/magazin\/wp-json\/wp\/v2\/product_cat?post=2003418"},{"taxonomy":"product_tag","embeddable":true,"href":"https:\/\/romfilatelia.ro\/magazin\/wp-json\/wp\/v2\/product_tag?post=2003418"}],"curies":[{"name":"wp","href":"https:\/\/api.w.org\/{rel}","templated":true}]}}