{"id":2003371,"date":"2012-01-30T08:15:07","date_gmt":"2012-01-30T08:15:07","guid":{"rendered":"http:\/\/romfilatelia.ro\/?p=2003371"},"modified":"2016-08-03T10:08:00","modified_gmt":"2016-08-03T10:08:00","slug":"2012-anul-caragiale","status":"publish","type":"product","link":"https:\/\/romfilatelia.ro\/magazin\/produs\/colectii-anuale\/2012\/2012-anul-caragiale\/","title":{"rendered":"2012 &#8211; ANUL \u201eCARAGIALE\u201c"},"content":{"rendered":"<p><a href=\"https:\/\/romfilatelia.ro\/magazin\/wp-content\/uploads\/2015\/09\/Caragiale_M.jpg\"><img decoding=\"async\" loading=\"lazy\" class=\"size-medium wp-image-2003372 alignleft\" src=\"https:\/\/romfilatelia.ro\/magazin\/wp-content\/uploads\/2015\/09\/Caragiale_M-300x250.jpg\" alt=\"Caragiale_M\" width=\"300\" height=\"250\" \/><\/a>N\u0103scut \u00een 1852, descendent al unei familii de actori, Caragiale a fost un excelent pamfletar, nuvelist \u015fi ziarist. \u00cen decursul vie\u0163ii colaboreaz\u0103 la o mul\u0163ime de reviste \u015fi ziare. \u00cen 1889 \u00eenfiin\u0163eaz\u0103 revista umoristic\u0103 \u201eMoftul rom\u00e2n\u201c. \u00centre 1888 \u015fi 1889 a fost directorul Teatrului Na\u0163ional din Bucure\u015fti.<\/p>\n<p>Celebre r\u0103m\u00e2n \u00eens\u0103 comediile sale: <em>O noapte furtunoas\u0103, O scrisoare pierdut\u0103, D\u2019ale Carnavalului, Conu Leonida fa\u0163\u0103 cu reac\u0163iunea<\/em>, dar \u015fi drama <em>N\u0103pasta<\/em> sau <em>Momentele \u015fi schi\u0163ele<\/em>.<\/p>\n<p>\u00cen opera sa, Caragiale \u015fi-a ales personajele din toate mediile sociale, de la politicieni la oameni din justi\u0163ie, din mica burghezie, pres\u0103, \u00eenv\u0103\u0163\u0103m\u00e2nt, func\u0163ionari publici, oameni boga\u0163i, reprezentan\u0163i ai lumii mondene, dar \u015fi parveni\u0163i.<\/p>\n<p>Ca un pictor des\u0103v\u00e2r\u015fit, el reu\u015fe\u015fte s\u0103 redea pitorescul Bucure\u015ftiului \u015fi al provinciei de sf\u00e2r\u015fit de secol XIX \u015fi \u00eenceput de secol XX, plimb\u00e2ndu-ne prin saloanele vremii, ber\u0103rii sau prin agita\u0163ia str\u0103zii.<\/p>\n<p>Comicul, tragismul \u015fi fantasticul definesc esen\u0163a operei caragialiene \u015fi traseaz\u0103, din punct de vedere al problematicii, viziunii, stilului \u015fi tipologiei acestei opere, limitele teatrului rom\u00e2nesc.<\/p>\n<p>De-a lungul timpului, o serie de mari actori ai scenei rom\u00e2ne\u015fti au dat via\u0163\u0103 personajelor lui Caragiale, dintre care amintim pe Radu Beligan, Ion Lucian, Carmen St\u0103nescu, Iurie Darie, Tamara Buciuceanu -Botez, Olga Maria Tudorache, Mihai Fotino, Constantin Codrescu, Valeria Gagealov, Victor Rebengiuc, Draga Olteanu Matei, Mircea Albulescu, Sanda Toma, Florin Piersic, Ileana Stana Ionescu, Mitic\u0103 Popescu, Marin Moraru, Valeria Seciu, Dorina Laz\u0103r, Mariana Mihu\u0163, Costel Constantin, Tamara Cre\u0163ulescu.<\/p>\n<p>Caragiale \u00eenc\u0103 exist\u0103, r\u0103m\u00e2ne contemporanul nostru, al celor ce-i juc\u0103m \u00een fiecare zi piesele&#8230;<\/p>\n<p>\u00cen anul 1962, cu ocazia semicentenarului mor\u0163ii sale, la recomandarea Consiliului Mondial al P\u0103cii (organiza\u0163ie neguvernamental\u0103, membr\u0103 a Na\u0163iunilor Unite), Ion Luca Caragiale a fost comemorat \u00een \u00eentreaga lume.<\/p>\n<p>\u00cen acela\u015fi an, la Ploie\u015fti, a fost inaugurat Muzeul Memorial \u201eIon Luca Caragiale\u201c.<\/p>\n<p>Anul acesta se \u00eemplinesc 160 de ani de la na\u015fterea \u015fi 100 de ani de la moartea lui \u201eNenea Iancu\u201c, iar pentru \u00eentreaga cultur\u0103 rom\u00e2neasc\u0103, anul 2012 este Anul \u201eCaragiale\u201c.<\/p>\n<p>\u00cen repertoriul mai multor teatre din Bucure\u015fti, Ploie\u015fti, Cluj, Craiova, vor figura piesele lui Caragiale, puse \u00een scen\u0103 de aprecia\u0163i regizori ai teatrului \u015fi filmului rom\u00e2nesc.<\/p>\n<p>\u00censcriindu-se \u00een amplele ac\u0163iuni dedicate momentului aniversar, Teatrul Na\u0163ional din Bucure\u015fti va realiza \u00een acest an \u201eIntegrala Caragiale\u201c.<\/p>\n<p>\u00cen cadrul Festivalului Na\u0163ional de Teatru, organizat \u00een toamna acestui an de Uniunea Teatral\u0103 din Rom\u00e2nia (UNITER) la Bucure\u015fti ce se va desf\u0103\u015fura sub titulatura <em>2012 &#8211; Anul \u201eCaragiale\u201c<\/em>, vor fi prezentate opere ale lui Caragiale, montate anul acesta pe scenele teatrelor din Rom\u00e2nia.<\/p>\n<p>\u00cen ultimii 10 ani, \u00een cadrul unui proiect cultural de anvergur\u0103 mondial\u0103, unic \u00een istoria culturii rom\u00e2ne, peste 1.500 de arti\u015fti din 141 de \u0163\u0103ri, au realizat la Ploie\u015fti cea mai mare colec\u0163ie din lume de portrete ale unei personalit\u0103\u0163i a culturii universale, Ion Luca Caragiale.<\/p>\n<p>Al\u0103tur\u00e2ndu-se acestor institu\u0163ii de cultur\u0103 angrenate \u00een omagierea lui Caragiale, <strong>Romfilatelia<\/strong> introduce \u00een circula\u0163ie o emisiune de m\u0103rci po\u015ftale dedicat\u0103 acestui eveniment, <strong><em>2012 \u2013 Anul \u201eCaragiale\u201c<\/em><\/strong>.<\/p>\n<p>Pe timbrul emisiunii filatelice este ilustrat portretul foto al marelui maestru.<\/p>\n<p>Coli\u0163a emisiunii ilustreaz\u0103, at\u00e2t \u00een imaginea m\u0103rcii po\u015ftale c\u00e2t \u015fi \u00een compozi\u0163a sa grafic\u0103, elemente ale ansamblului sculptural \u201eCaragialiana\u201c, amplasat \u00een fa\u0163a Teatrului Na\u0163ional \u201eIon Luca Cargiale\u201c din Bucure\u015fti, realizat \u00een anul 2010 de Ioan Bolborea.<\/p>\n<p>&nbsp;<\/p>\n<p><strong><em>\u00a0\u00a0\u00a0\u00a0\u00a0\u00a0\u00a0\u00a0\u00a0 Aducem mul\u0163umiri Complexului Na\u0163ional Muzeal \u201eCurtea Domneasc\u0103\u201c-T\u00e2rgovi\u015fte, sculptorului Ioan Bolborea \u015fi domnului Emanuel B\u0103descu, bibliotecar \u00een cadrul Bibliotecii Academiei Rom\u00e2ne pentru sprijinul acordat la realizarea acestei emisiuni filatelice.<\/em><\/strong><\/p>\n<p>Data de aparitie: 2012-01-30<\/p>\n<p><a href=\"https:\/\/romfilatelia.ro\/magazin\/wp-content\/uploads\/2015\/09\/Caragiale_box.jpg\"><img decoding=\"async\" loading=\"lazy\" class=\"wp-image-2003373 size-full aligncenter\" src=\"https:\/\/romfilatelia.ro\/magazin\/wp-content\/uploads\/2015\/09\/Caragiale_box.jpg\" alt=\"Caragiale_box\" width=\"750\" height=\"734\" srcset=\"https:\/\/romfilatelia.ro\/magazin\/wp-content\/uploads\/2015\/09\/Caragiale_box.jpg 750w, https:\/\/romfilatelia.ro\/magazin\/wp-content\/uploads\/2015\/09\/Caragiale_box-500x489.jpg 500w, https:\/\/romfilatelia.ro\/magazin\/wp-content\/uploads\/2015\/09\/Caragiale_box-64x63.jpg 64w, https:\/\/romfilatelia.ro\/magazin\/wp-content\/uploads\/2015\/09\/Caragiale_box-300x294.jpg 300w, https:\/\/romfilatelia.ro\/magazin\/wp-content\/uploads\/2015\/09\/Caragiale_box-53x53.jpg 53w\" sizes=\"(max-width: 750px) 100vw, 750px\" \/><\/a><\/p>\n","protected":false},"excerpt":{"rendered":"<p>N\u0103scut \u00een 1852, descendent al unei familii de actori, Caragiale a fost un excelent pamfletar, nuvelist \u015fi ziarist. \u00cen decursul vie\u0163ii colaboreaz\u0103 la o mul\u0163ime de reviste \u015fi ziare. \u00cen 1889 \u00eenfiin\u0163eaz\u0103 revista umoristic\u0103 \u201eMoftul rom\u00e2n\u201c. \u00centre 1888 \u015fi 1889 a fost directorul Teatrului Na\u0163ional din Bucure\u015fti. Celebre r\u0103m\u00e2n \u00eens\u0103 comediile sale: O noapte furtunoas\u0103,&hellip;&nbsp;<a href=\"https:\/\/romfilatelia.ro\/magazin\/produs\/colectii-anuale\/2012\/2012-anul-caragiale\/\" class=\"\" rel=\"bookmark\">Cite\u0219te mai mult &raquo;<span class=\"screen-reader-text\">2012 &#8211; ANUL \u201eCARAGIALE\u201c<\/span><\/a><\/p>\n","protected":false},"featured_media":2003372,"template":"","meta":{"neve_meta_sidebar":"","neve_meta_container":"","neve_meta_enable_content_width":"","neve_meta_content_width":0,"neve_meta_title_alignment":"","neve_meta_author_avatar":"","neve_post_elements_order":"","neve_meta_disable_header":"","neve_meta_disable_footer":"","neve_meta_disable_title":""},"product_cat":[106,6],"product_tag":[],"_links":{"self":[{"href":"https:\/\/romfilatelia.ro\/magazin\/wp-json\/wp\/v2\/product\/2003371"}],"collection":[{"href":"https:\/\/romfilatelia.ro\/magazin\/wp-json\/wp\/v2\/product"}],"about":[{"href":"https:\/\/romfilatelia.ro\/magazin\/wp-json\/wp\/v2\/types\/product"}],"wp:featuredmedia":[{"embeddable":true,"href":"https:\/\/romfilatelia.ro\/magazin\/wp-json\/wp\/v2\/media\/2003372"}],"wp:attachment":[{"href":"https:\/\/romfilatelia.ro\/magazin\/wp-json\/wp\/v2\/media?parent=2003371"}],"wp:term":[{"taxonomy":"product_cat","embeddable":true,"href":"https:\/\/romfilatelia.ro\/magazin\/wp-json\/wp\/v2\/product_cat?post=2003371"},{"taxonomy":"product_tag","embeddable":true,"href":"https:\/\/romfilatelia.ro\/magazin\/wp-json\/wp\/v2\/product_tag?post=2003371"}],"curies":[{"name":"wp","href":"https:\/\/api.w.org\/{rel}","templated":true}]}}