{"id":2003294,"date":"2012-04-20T10:22:05","date_gmt":"2012-04-20T08:22:05","guid":{"rendered":"http:\/\/romfilatelia.ro\/?p=2003294"},"modified":"2021-02-12T15:00:26","modified_gmt":"2021-02-12T13:00:26","slug":"100-de-ani-federatia-romana-de-atletism","status":"publish","type":"product","link":"https:\/\/romfilatelia.ro\/magazin\/produs\/colectii-anuale\/2012\/100-de-ani-federatia-romana-de-atletism\/","title":{"rendered":"100 de ani \u2013 Federa\u0163ia Rom\u00e2n\u0103 de Atletism"},"content":{"rendered":"<p><a href=\"https:\/\/romfilatelia.ro\/magazin\/wp-content\/uploads\/2015\/09\/FRA_100_M.jpg\"><img decoding=\"async\" loading=\"lazy\" class=\"alignleft wp-image-2003299 size-medium\" src=\"https:\/\/romfilatelia.ro\/magazin\/wp-content\/uploads\/2015\/09\/FRA_100_M-212x300.jpg\" alt=\"image description\" width=\"212\" height=\"300\" srcset=\"https:\/\/romfilatelia.ro\/magazin\/wp-content\/uploads\/2015\/09\/FRA_100_M-212x300.jpg 212w, https:\/\/romfilatelia.ro\/magazin\/wp-content\/uploads\/2015\/09\/FRA_100_M-64x91.jpg 64w, https:\/\/romfilatelia.ro\/magazin\/wp-content\/uploads\/2015\/09\/FRA_100_M-283x400.jpg 283w, https:\/\/romfilatelia.ro\/magazin\/wp-content\/uploads\/2015\/09\/FRA_100_M.jpg 424w\" sizes=\"(max-width: 212px) 100vw, 212px\" \/><\/a><\/p>\n<p>Primele \u00eentreceri atletice \u00een cadru organizat (Jocurile Olimpice) au avut loc la Atena, \u00een anul 776 \u00ee.Hr. La \u00eenceput, prima prob\u0103 a fost cea de alergare, acesteia ad\u0103ug\u00e2ndu-i-se, cu timpul, aruncarea suli\u0163ei, a discului, s\u0103riturile. \u00cen anul 394 d.Hr., Jocurile Olimpice au fost interzise de c\u0103tre romani, ace\u015ftia \u00eenlocuindu-le cu propriile concursuri \u015fi cu luptele de gladiatori.<\/p>\n<p>Dup\u0103 1.500 de ani de \u00eentrerupere, \u00een 1896, la Atena, au fost reluate Jocurile Olimpice (moderne), atletismul devenind sportul principal al acestei competi\u0163ii.<\/p>\n<p>Primul concurs de atletism se desf\u0103\u015foar\u0103 la Bucure\u015fti, \u00een anul 1882, cu participarea elevilor de la liceele bucure\u015ftene.<\/p>\n<p>\u00cen 1912, se \u00eenfiin\u0163eaz\u0103 Comisia de atletism, alerg\u0103ri pe jos \u015fi concursuri, comisie \u00een componen\u0163a Federa\u0163iei Rom\u00e2ne a Societ\u0103\u0163ilor Sportive.<\/p>\n<p>Aceast\u0103 comisie a fost, de fapt, precursoarea Federa\u0163iei Rom\u00e2ne de Atletism (FRA), a 19-a \u00een lume, afiliat\u0103 \u00een anul 1923 la IAAF (Asocia\u0163ia Interna\u0163ional\u0103 a Federa\u0163iilor Atletice).<\/p>\n<p>\u00cen anul 1914, au loc primele Campionate Na\u0163ionale ale Rom\u00e2niei, care s-au desf\u0103\u015furat la 16 probe, iar \u00een anul urm\u0103tor este inaugurat la Bucure\u015fti, pe viitorul loc al Stadionului Tineretului, primul teren de atletism.<\/p>\n<p>Anul 1928 marcheaz\u0103 prima prezen\u0163\u0103 rom\u00e2neasc\u0103 la Jocurile Olimpice, de la Amsterdam, iar \u00eencep\u00e2nd cu 1930, atletismul rom\u00e2nesc aduce primele medalii de la Jocurile Balcanice, desf\u0103\u015furate la Atena.<\/p>\n<p>Primii ani de la \u00eenfiin\u0163area Federa\u0163iei Rom\u00e2ne de Atletism au fost anii de preg\u0103tire \u015fi pepinier\u0103 pentru viitorii campioni olimpici, mondiali \u015fi europeni.<\/p>\n<p>\u00cencep\u00e2nd cu anul 1952, atle\u0163ii rom\u00e2ni particip\u0103 la toate competi\u0163iile interna\u0163ionale oficiale, fiecare participare rom\u00e2neasc\u0103 aduc\u00e2nd medalii valoroase \u015fi locuri frunta\u015fe \u00een clasamentele lumii.<\/p>\n<p>Ne\u00eenvins\u0103 de-a lungul a 140 de competi\u0163ii interne \u015fi interna\u0163ionale, stabilind 14 recorduri mondiale, Iolanda Bala\u015f-S\u00f6ter este una dintre cele mai mari atlete ale lumii, din toate timpurile.<\/p>\n<p>Al\u0103turi de ea, nume ca Doina Melinte, Gabriela Szabo, Lidia \u015eimon, Lia Manoliu, Mihaela Pene\u015f, Maricica Puic\u0103, Paula Ivan, Viorica Viscopoleanu, Constantina Di\u0163\u0103, Ani\u015foara Cu\u015fmir (Stanciu), Nicoleta Grasu, Marian Oprea, Gheorghe Megelea, Carol Corbu sunt doar c\u00e2teva dintre marile valori ale atletismului rom\u00e2nesc.<\/p>\n<p>Regele sporturilor, atletismul, a g\u0103sit \u00een Rom\u00e2nia pasiunea unor oameni care au n\u0103scut performan\u0163e de neuitat \u00een istoria sportului mondial.<\/p>\n<p>Cu ocazia centenarului atletismului rom\u00e2nesc, <strong>Romfilatelia<\/strong> introduce \u00een circula\u0163ie emisiunea de m\u0103rci po\u015ftale <strong><em>100 de ani \u2013 Federa\u0163ia Rom\u00e2n\u0103 de Atletism<\/em><\/strong>.<\/p>\n<p>&nbsp;<\/p>\n<p><strong><em>Aducem mul\u0163umiri Federa\u0163iei Rom\u00e2ne de Atletism pentru sprijinul acordat la realizarea acestei emisiuni de m\u0103rci po\u015ftale<\/em><\/strong>.<\/p>\n<p>&nbsp;<\/p>\n<p>Data de aparitie: 2012-04-20<\/p>\n<p><a href=\"https:\/\/romfilatelia.ro\/magazin\/wp-content\/uploads\/2015\/09\/FRA_100_box.jpg\"><img decoding=\"async\" loading=\"lazy\" class=\"wp-image-2003300 size-full aligncenter\" src=\"https:\/\/romfilatelia.ro\/magazin\/wp-content\/uploads\/2015\/09\/FRA_100_box.jpg\" alt=\"FRA_100_box\" width=\"750\" height=\"571\" srcset=\"https:\/\/romfilatelia.ro\/magazin\/wp-content\/uploads\/2015\/09\/FRA_100_box.jpg 750w, https:\/\/romfilatelia.ro\/magazin\/wp-content\/uploads\/2015\/09\/FRA_100_box-500x381.jpg 500w, https:\/\/romfilatelia.ro\/magazin\/wp-content\/uploads\/2015\/09\/FRA_100_box-64x49.jpg 64w, https:\/\/romfilatelia.ro\/magazin\/wp-content\/uploads\/2015\/09\/FRA_100_box-300x228.jpg 300w\" sizes=\"(max-width: 750px) 100vw, 750px\" \/><\/a><\/p>\n","protected":false},"excerpt":{"rendered":"<p>Primele \u00eentreceri atletice \u00een cadru organizat (Jocurile Olimpice) au avut loc la Atena, \u00een anul 776 \u00ee.Hr. La \u00eenceput, prima prob\u0103 a fost cea de alergare, acesteia ad\u0103ug\u00e2ndu-i-se, cu timpul, aruncarea suli\u0163ei, a discului, s\u0103riturile. \u00cen anul 394 d.Hr., Jocurile Olimpice au fost interzise de c\u0103tre romani, ace\u015ftia \u00eenlocuindu-le cu propriile concursuri \u015fi cu luptele&hellip;&nbsp;<a href=\"https:\/\/romfilatelia.ro\/magazin\/produs\/colectii-anuale\/2012\/100-de-ani-federatia-romana-de-atletism\/\" class=\"\" rel=\"bookmark\">Cite\u0219te mai mult &raquo;<span class=\"screen-reader-text\">100 de ani \u2013 Federa\u0163ia Rom\u00e2n\u0103 de Atletism<\/span><\/a><\/p>\n","protected":false},"featured_media":2003299,"template":"","meta":{"neve_meta_sidebar":"","neve_meta_container":"","neve_meta_enable_content_width":"","neve_meta_content_width":0,"neve_meta_title_alignment":"","neve_meta_author_avatar":"","neve_post_elements_order":"","neve_meta_disable_header":"","neve_meta_disable_footer":"","neve_meta_disable_title":""},"product_cat":[106,6],"product_tag":[],"_links":{"self":[{"href":"https:\/\/romfilatelia.ro\/magazin\/wp-json\/wp\/v2\/product\/2003294"}],"collection":[{"href":"https:\/\/romfilatelia.ro\/magazin\/wp-json\/wp\/v2\/product"}],"about":[{"href":"https:\/\/romfilatelia.ro\/magazin\/wp-json\/wp\/v2\/types\/product"}],"wp:featuredmedia":[{"embeddable":true,"href":"https:\/\/romfilatelia.ro\/magazin\/wp-json\/wp\/v2\/media\/2003299"}],"wp:attachment":[{"href":"https:\/\/romfilatelia.ro\/magazin\/wp-json\/wp\/v2\/media?parent=2003294"}],"wp:term":[{"taxonomy":"product_cat","embeddable":true,"href":"https:\/\/romfilatelia.ro\/magazin\/wp-json\/wp\/v2\/product_cat?post=2003294"},{"taxonomy":"product_tag","embeddable":true,"href":"https:\/\/romfilatelia.ro\/magazin\/wp-json\/wp\/v2\/product_tag?post=2003294"}],"curies":[{"name":"wp","href":"https:\/\/api.w.org\/{rel}","templated":true}]}}