{"id":2003250,"date":"2011-07-03T16:58:26","date_gmt":"2011-07-03T16:58:26","guid":{"rendered":"http:\/\/romfilatelia.ro\/?p=2003250"},"modified":"2016-08-04T14:40:28","modified_gmt":"2016-08-04T14:40:28","slug":"135-de-ani-de-la-infiintarea-societatii-nationale-de-cruce-rosie-din-romania","status":"publish","type":"product","link":"https:\/\/romfilatelia.ro\/magazin\/produs\/colectii-anuale\/2011\/135-de-ani-de-la-infiintarea-societatii-nationale-de-cruce-rosie-din-romania\/","title":{"rendered":"135 de ani de la \u00eenfiin\u0163area Societ\u0103\u0163ii Na\u0163ionale de Cruce Ro\u015fie din Rom\u00e2nia"},"content":{"rendered":"<p><a href=\"https:\/\/romfilatelia.ro\/magazin\/wp-content\/uploads\/2015\/09\/cr_ros_rom_135_M.jpg\"><img decoding=\"async\" loading=\"lazy\" class=\"alignleft wp-image-2003253 size-thumbnail\" src=\"https:\/\/romfilatelia.ro\/magazin\/wp-content\/uploads\/2015\/09\/cr_ros_rom_135_M-150x150.jpg\" alt=\"cr_ros_rom_135_M\" width=\"150\" height=\"150\" srcset=\"https:\/\/romfilatelia.ro\/magazin\/wp-content\/uploads\/2015\/09\/cr_ros_rom_135_M-150x150.jpg 150w, https:\/\/romfilatelia.ro\/magazin\/wp-content\/uploads\/2015\/09\/cr_ros_rom_135_M-250x250.jpg 250w, https:\/\/romfilatelia.ro\/magazin\/wp-content\/uploads\/2015\/09\/cr_ros_rom_135_M-100x100.jpg 100w, https:\/\/romfilatelia.ro\/magazin\/wp-content\/uploads\/2015\/09\/cr_ros_rom_135_M-53x53.jpg 53w, https:\/\/romfilatelia.ro\/magazin\/wp-content\/uploads\/2015\/09\/cr_ros_rom_135_M-85x85.jpg 85w, https:\/\/romfilatelia.ro\/magazin\/wp-content\/uploads\/2015\/09\/cr_ros_rom_135_M-380x380.jpg 380w, https:\/\/romfilatelia.ro\/magazin\/wp-content\/uploads\/2015\/09\/cr_ros_rom_135_M-285x285.jpg 285w\" sizes=\"(max-width: 150px) 100vw, 150px\" \/><\/a> Cu ocazia anivers\u0103rii a 135 de ani de la \u00eenfiin\u0163area Societ\u0103\u0163ii Na\u0163ionale de Cruce Ro\u015fie din Rom\u00e2nia, Romfilatelia introduce \u00een circula\u0163ie o emisiune de m\u0103rci po\u015ftale dedicat\u0103 evenimentului.<br \/>\nSocietatea de Cruce Ro\u015fie din Rom\u00e2nia a fost fondat\u0103 la 4 iulie 1876 \u015fi a func\u0163ionat ne\u00eentrerupt de atunci \u015fi p\u00e2n\u0103 \u00een prezent, \u00eendeplinindu-\u015fi rolul de auxiliar al autorit\u0103\u0163ii publice \u00een probleme umanitare. Parte component\u0103 a Mi\u015fc\u0103rii Interna\u0163ionale de Cruce Ro\u015fie \u015fi Semilun\u0103 Ro\u015fie, Crucea Ro\u015fie Rom\u00e2n\u0103 a fost recunoscut\u0103 de Comitetul Interna\u0163ional de Cruce Ro\u015fie \u00een anul fond\u0103rii sale. A devenit membr\u0103 a Federa\u0163iei Interna\u0163ionale a Societ\u0103\u0163ilor de Cruce Ro\u015fie \u015fi Semilun\u0103 Ro\u015fie \u00een anul 1919, av\u00e2nd aceast\u0103 calitate p\u00e2n\u0103 \u00een prezent.<br \/>\nPrintre semnatarii actului de \u00eenfiin\u0163are a Crucii Ro\u015fii Rom\u00e2ne, se reg\u0103sesc importante personalit\u0103\u0163i ale vremii: Nicolae Kretzulescu, C. A. Rosetti, Ion Ghica, Dimitrie Sturdza, Gr. G. Cantacuzino \u015fi Dr. Carol Davila.<br \/>\nPrimul pre\u015fedinte al Crucii Ro\u015fii Rom\u00e2ne a fost Prin\u0163ul Dimitrie Ghica, care a elaborat primul Statut al Crucii Ro\u015fii Rom\u00e2ne.<br \/>\n\u00cen ziua de 20 iulie 1876, prima ambulan\u0163\u0103 a Crucii Ro\u015fii Rom\u00e2ne a plecat \u00eentr-o misiune umanitar\u0103 pe frontul s\u00e2rbo-turc de la sud de Dun\u0103re. Aceast\u0103 prim\u0103 misiune a Crucii Ro\u015fii Rom\u00e2ne a avut sarcina de a \u00eengriji r\u0103ni\u0163ii, indiferent de tab\u0103ra din care f\u0103ceau parte.<br \/>\n\u00cen anul 1906, a luat fiin\u0163\u0103 \u015fi \u201eSocietatea de Cruce Ro\u015fie a doamnelor din Rom\u00e2nia\u201c, prima pre\u015fedint\u0103 aleas\u0103 fiind Irina C\u00e2mpineanu. \u00cen 1915, Adunarea General\u0103 a Societ\u0103\u0163ii Na\u0163ionale de Cruce Ro\u015fie a aprobat fuziunea celor dou\u0103 entit\u0103\u0163i.<br \/>\nCu acest prilej, Regina Maria, sub al c\u0103rei patronaj se afla Crucea Ro\u015fie la acea vreme, a adresat rom\u00e2nilor urm\u0103torul mesaj: \u201eCrucea Ro\u015fie, n\u0103dejdea tuturor \u00een timp de pace, ca \u015fi \u00een r\u0103zboi, nu trebuie s\u0103 piar\u0103. Cu to\u0163ii, de la mic la mare, s\u0103 o sprijinim cu evlavie, cu \u00eensufle\u0163ire, cu des\u0103v\u00e2r\u015fit\u0103 dragoste\u201c.<br \/>\nDup\u0103 intrarea Rom\u00e2niei \u00een cel de-al Doilea R\u0103zboi Mondial, Crucea Ro\u015fie Rom\u00e2n\u0103 \u015fi-a mobilizat toate resursele materiale \u015fi umane pentru \u00eengrijirea r\u0103ni\u0163ilor, bolnavilor, prizonierilor \u015fi refugia\u0163ilor.<br \/>\nProcesul de democratizare demarat \u00een anul 1990 a asigurat pentru Crucea Ro\u015fie din Rom\u00e2nia revenirea la misiunea sa de baz\u0103.<br \/>\n\u00cen 1995, a fost adoptat\u0103 \u015fi promulgat\u0103 Legea nr. 139 a Societ\u0103\u0163ii Na\u0163ionale de Cruce Ro\u015fie Rom\u00e2ne. Legea define\u015fte organiza\u0163ia ca fiind persoan\u0103 juridic\u0103 de drept public, autonom\u0103, neguvernamental\u0103, apolitic\u0103, f\u0103r\u0103 scop patrimonial, auxiliar\u0103 a autorit\u0103\u0163ii publice, care \u00ee\u015fi desf\u0103\u015foar\u0103 activitatea sa umanitar\u0103\u00a0 pe \u00eentreg teritoriul \u0163\u0103rii.<br \/>\nCrucea Ro\u015fie Rom\u00e2n\u0103 continu\u0103 s\u0103 desf\u0103\u015foare programe \u00een sprijinul misiunii sale, baz\u00e2ndu-se pe o re\u0163ea la nivel na\u0163ional de 47 de filiale \u015fi peste 10.000 de voluntari activi, care-\u015fi d\u0103ruiesc timpul asist\u0103rii persoanelor aflate \u00een dificultate.<br \/>\nPrin toate ac\u0163iunile pe care le desf\u0103\u015foar\u0103, Crucea Ro\u015fie Rom\u00e2n\u0103 respect\u0103 misiunea sa, aceea de a asista persoanele vulnerabile \u00een situa\u0163ii de dezastre \u015fi de criz\u0103. Prin programele \u015fi activit\u0103\u0163ile sale \u00een beneficiul societ\u0103\u0163ii, Crucea Ro\u015fie Rom\u00e2n\u0103 contribuie la prevenirea \u015fi alinarea suferin\u0163ei sub toate formele, protejeaz\u0103 s\u0103n\u0103tatea \u015fi via\u0163a, promoveaz\u0103 respectul fa\u0163\u0103 de demnitatea uman\u0103, f\u0103r\u0103 nicio discriminare bazat\u0103 pe na\u0163ionalitate, ras\u0103, sex, religie, v\u00e2rst\u0103, apartenen\u0163\u0103 social\u0103 sau politic\u0103.<\/p>\n<p>Aducem mul\u0163umiri Societ\u0103\u0163ii Na\u0163ionale de Cruce Ro\u015fie din Rom\u00e2nia pentru sprijinul documentar oferit la realizarea acestei emisiuni de m\u0103rci po\u015ftale.<\/p>\n<p>Data de aparitie: 2011-07-03<\/p>\n<p><a href=\"https:\/\/romfilatelia.ro\/magazin\/wp-content\/uploads\/2015\/09\/cr_ros_rom_135_box.jpg\"><img decoding=\"async\" loading=\"lazy\" class=\"wp-image-2003254 size-full aligncenter\" src=\"https:\/\/romfilatelia.ro\/magazin\/wp-content\/uploads\/2015\/09\/cr_ros_rom_135_box.jpg\" alt=\"cr_ros_rom_135_box\" width=\"750\" height=\"570\" srcset=\"https:\/\/romfilatelia.ro\/magazin\/wp-content\/uploads\/2015\/09\/cr_ros_rom_135_box.jpg 750w, https:\/\/romfilatelia.ro\/magazin\/wp-content\/uploads\/2015\/09\/cr_ros_rom_135_box-500x380.jpg 500w, https:\/\/romfilatelia.ro\/magazin\/wp-content\/uploads\/2015\/09\/cr_ros_rom_135_box-64x49.jpg 64w, https:\/\/romfilatelia.ro\/magazin\/wp-content\/uploads\/2015\/09\/cr_ros_rom_135_box-300x228.jpg 300w\" sizes=\"(max-width: 750px) 100vw, 750px\" \/><\/a><\/p>\n<p>&nbsp;<\/p>\n","protected":false},"excerpt":{"rendered":"<p>Cu ocazia anivers\u0103rii a 135 de ani de la \u00eenfiin\u0163area Societ\u0103\u0163ii Na\u0163ionale de Cruce Ro\u015fie din Rom\u00e2nia, Romfilatelia introduce \u00een circula\u0163ie o emisiune de m\u0103rci po\u015ftale dedicat\u0103 evenimentului. Societatea de Cruce Ro\u015fie din Rom\u00e2nia a fost fondat\u0103 la 4 iulie 1876 \u015fi a func\u0163ionat ne\u00eentrerupt de atunci \u015fi p\u00e2n\u0103 \u00een prezent, \u00eendeplinindu-\u015fi rolul de auxiliar&hellip;&nbsp;<a href=\"https:\/\/romfilatelia.ro\/magazin\/produs\/colectii-anuale\/2011\/135-de-ani-de-la-infiintarea-societatii-nationale-de-cruce-rosie-din-romania\/\" class=\"\" rel=\"bookmark\">Cite\u0219te mai mult &raquo;<span class=\"screen-reader-text\">135 de ani de la \u00eenfiin\u0163area Societ\u0103\u0163ii Na\u0163ionale de Cruce Ro\u015fie din Rom\u00e2nia<\/span><\/a><\/p>\n","protected":false},"featured_media":2003253,"template":"","meta":{"neve_meta_sidebar":"","neve_meta_container":"","neve_meta_enable_content_width":"","neve_meta_content_width":0,"neve_meta_title_alignment":"","neve_meta_author_avatar":"","neve_post_elements_order":"","neve_meta_disable_header":"","neve_meta_disable_footer":"","neve_meta_disable_title":""},"product_cat":[107,6],"product_tag":[],"_links":{"self":[{"href":"https:\/\/romfilatelia.ro\/magazin\/wp-json\/wp\/v2\/product\/2003250"}],"collection":[{"href":"https:\/\/romfilatelia.ro\/magazin\/wp-json\/wp\/v2\/product"}],"about":[{"href":"https:\/\/romfilatelia.ro\/magazin\/wp-json\/wp\/v2\/types\/product"}],"wp:featuredmedia":[{"embeddable":true,"href":"https:\/\/romfilatelia.ro\/magazin\/wp-json\/wp\/v2\/media\/2003253"}],"wp:attachment":[{"href":"https:\/\/romfilatelia.ro\/magazin\/wp-json\/wp\/v2\/media?parent=2003250"}],"wp:term":[{"taxonomy":"product_cat","embeddable":true,"href":"https:\/\/romfilatelia.ro\/magazin\/wp-json\/wp\/v2\/product_cat?post=2003250"},{"taxonomy":"product_tag","embeddable":true,"href":"https:\/\/romfilatelia.ro\/magazin\/wp-json\/wp\/v2\/product_tag?post=2003250"}],"curies":[{"name":"wp","href":"https:\/\/api.w.org\/{rel}","templated":true}]}}