{"id":200321,"date":"2011-09-01T07:54:14","date_gmt":"2011-09-01T07:54:14","guid":{"rendered":"http:\/\/romfilatelia.ro\/store\/2011\/09\/01\/a-xx-a-edithie-a-festivalului-si-concursului-internathional-george-enescu\/"},"modified":"2016-08-05T10:15:54","modified_gmt":"2016-08-05T10:15:54","slug":"a-xx-a-edithie-a-festivalului-si-concursului-internathional-george-enescu","status":"publish","type":"product","link":"https:\/\/romfilatelia.ro\/magazin\/produs\/colectii-anuale\/2011\/a-xx-a-edithie-a-festivalului-si-concursului-internathional-george-enescu\/","title":{"rendered":"A XX-a Edi\u021bie a Festivalului \u015fi Concursului Interna\u021bional \u201eGEORGE ENESCU\u201c"},"content":{"rendered":"<p><a href=\"https:\/\/romfilatelia.ro\/magazin\/wp-content\/uploads\/2011\/08\/fest_ENESCU_XX_M.jpg\"><img decoding=\"async\" loading=\"lazy\" class=\"alignleft wp-image-2003217 size-thumbnail\" src=\"https:\/\/romfilatelia.ro\/magazin\/wp-content\/uploads\/2011\/08\/fest_ENESCU_XX_M-150x150.jpg\" alt=\"bloc3t mic\" width=\"150\" height=\"150\" srcset=\"https:\/\/romfilatelia.ro\/magazin\/wp-content\/uploads\/2011\/08\/fest_ENESCU_XX_M-150x150.jpg 150w, https:\/\/romfilatelia.ro\/magazin\/wp-content\/uploads\/2011\/08\/fest_ENESCU_XX_M-250x250.jpg 250w, https:\/\/romfilatelia.ro\/magazin\/wp-content\/uploads\/2011\/08\/fest_ENESCU_XX_M-100x100.jpg 100w, https:\/\/romfilatelia.ro\/magazin\/wp-content\/uploads\/2011\/08\/fest_ENESCU_XX_M-53x53.jpg 53w, https:\/\/romfilatelia.ro\/magazin\/wp-content\/uploads\/2011\/08\/fest_ENESCU_XX_M-85x85.jpg 85w, https:\/\/romfilatelia.ro\/magazin\/wp-content\/uploads\/2011\/08\/fest_ENESCU_XX_M-380x380.jpg 380w, https:\/\/romfilatelia.ro\/magazin\/wp-content\/uploads\/2011\/08\/fest_ENESCU_XX_M-285x285.jpg 285w\" sizes=\"(max-width: 150px) 100vw, 150px\" \/><\/a> \u00cen urm\u00e3 cu 53 de ani, la ini\u0163iativa dirijorului George Georgescu, a fost organizat\u00e3 la Bucure\u015fti prima edi\u0163ie a <em>Festivalului \u015fi Concursului Interna\u0163ional \u201eGeorge Enescu\u201c<\/em>.<\/p>\n<p>Acest Festival s-a dorit a fi nu numai un semn al recunoa\u015fterii geniului enescian, dar \u015fi un omagiu adus vie\u0163ii \u015fi crea\u0163iei sale.<\/p>\n<p>De-a lungul primelor edi\u0163ii, pe scena Festivalului s-au reunit prestigioase nume ale muzicii mondiale dintre care men\u0163ion\u00e3m pe Lordul Yehudi Menuhin, Sviatoslav Richter, Herbert von Karajan sau David O\u00efstrakh.<\/p>\n<p>Totodat\u00e3, <em>Festivalul \u015fi Concursul Interna\u0163ional \u201eGeorge Enescu\u201c <\/em>a fost ramp\u00e3 de lansare pentru Eugenia Moldoveanu, Marina Krilovici, Mariana Sl\u00e3tinaru Nistor, Ludovic Spiess, Viorica Cortez, Pascal Roge, Valentin Gheorghiu sau Dan Grigore.<\/p>\n<p>La 130 de ani de la na\u015fterea marelui George Enescu, a XX-a edi\u0163ie a Festivalului, ce se va desf\u00e3\u015fura la Bucure\u015fti, \u00eentre 1 \u015fi 25 septembrie 2011, va cuprinde <em>Seri de concerte<\/em> sub genericul: <em>Mari orchestre ale lumii, Recitaluri \u015fi concerte camerale, Concertele de la miezul nop\u0163ii, World Music, Spectacole de oper\u00e3 \u015fi balet, Muzica secolului XXI, Enescu \u015fi contemporanii s\u00e3i <\/em>\u015fi<em> Ora\u015ful culturii<\/em>.<\/p>\n<p>\u00cen cadrul primei edi\u0163ii din anul 1958 a Festivalului, a avut loc premiera rom\u00e2neasc\u00e3 a operei enesciene \u201eOedip\u201c, \u00een rolul principal fiind David Ohanesian.<\/p>\n<p>Premiera mondial\u00e3 a operei a avut loc la Opera Garnier din Paris, pe 13 martie 1936, ea fiind un omagiu adus Mariei Rosetti-Tescanu, viitoare so\u0163ie a lui George Enescu.<\/p>\n<p><em>\u201eGeorge Enescu provoca admira\u0163ia. Era un violonist magnific. Un pianist excelent \u015fi totodat\u00e3 un compozitor foarte pre\u0163uit&#8230; Oedip este una dintre operele cele mai uimitoare ale muzicii contemporane.\u201c (1944, Piero Copolla, compozitor \u015fi dirijor italian) <\/em><\/p>\n<p>De-a lungul celor nou\u00e3sprezece edi\u0163ii ale Festivalului, opera \u201eOedip\u201c a fost montat\u00e3 de multe ori, dar una din cele mai spectaculoase puneri \u00een scen\u00e3 a operei a fost realizat\u00e3 de Andrei \u0218erban, \u00een anul 1995. Opera a mai fost montat\u00e3 pe scene lirice \u00een Italia, Germania, Austria, Marea Britanie \u015fi SUA.<\/p>\n<p>Ateneul Rom\u00e2n a fost gazd\u00e3 a tuturor edi\u0163iilor Festivalului, acustica s\u00e3lii acestuia fiind printre cele mai bune din lume.<\/p>\n<p>\u00cen urm\u00e3 cu 125 de ani, s-a pus piatra de temelie a Ateneului Rom\u00e2n, pe locul care apar\u0163inea familiei V\u00e3c\u00e3re\u015ftilor \u015fi unde fusese turnat\u00e3 funda\u0163ia pentru manejul \u201eSociet\u00e3\u0163ii Ecvestre Rom\u00e2ne\u201c.<\/p>\n<p>O parte din fondurile destinate construc\u0163iei au fost adunate prin subscrip\u0163ie public\u00e3, celebru fiind \u00eendemnul \u201eDa\u0163i un leu pentru Ateneu!\u201c.<\/p>\n<p>Planurile Ateneului au fost concepute de arhitectul francez Albert Galleron.<\/p>\n<p>Cl\u00e3direa are un peristil sprijinit pe opt coloane ionice. \u00centre peristil \u015fi coloane se afl\u00e3 mari medalioane \u00een mozaic care \u00eei reprezint\u00e3 pe Neagoe Basarab, Alexandru cel Bun, regele Carol I, Vasile Lupu \u015fi Matei Basarab. Construc\u0163ia se termin\u00e3 cu o cupol\u00e3 decorat\u00e3.<\/p>\n<p>Sala de concerte are aproximativ 800 de locuri din care 52 de loji. Deasupra acestora, cu excep\u0163ia scenei, de jur \u00eemprejur, se desf\u00e3\u015foar\u00e3 o fresc\u00e3 monumental\u00e3, lat\u00e3 de 3 m \u015fi lung\u00e3 de 70 m, realizat\u00e3 de pictorul Costin Petrescu, \u00eentre anii 1933 \u015fi 1939. Fresca prezint\u00e3, \u00een cele 25 de scene, momente importante din istoria poporului rom\u00e2n.<\/p>\n<p>Ateneul Rom\u00e2n se afl\u00e3, \u00eencep\u00e2nd cu anul 2007, \u00eempreun\u00e3 cu Palatul Cantacuzino (Muzeul Na\u0163ional \u201eGeorge Enescu\u201c), \u00een Patrimoniul Cultural European.<\/p>\n<p>Cu ocazia desf\u00e3\u015fur\u00e3rii celei de <em>a XX-a edi\u0163ii a Festivalului \u015fi Concursului Interna\u0163ional \u201eGeorge Enescu\u201c<\/em>, \u00eemplinirii a <em>75 de ani de la premiera mondial\u00e3 a operei \u201eOedip\u201c<\/em>, precum \u015fi anivers\u00e3rii a <em>125 de ani de la punerea pietrei de temelie a Ateneului Rom\u00e2n<\/em>, <strong>Romfilatelia<\/strong> introduce \u00een circula\u0163ie o emisiune de m\u00e3rci po\u015ftale dedicat\u00e3 acestor evenimente importante.<\/p>\n<p><strong><em>\u00a0\u00a0\u00a0\u00a0\u00a0\u00a0\u00a0\u00a0\u00a0 Aducem mul\u0163umiri Ministerului Culturii \u015fi Patrimoniului Na\u0163ional, Muzeului Na\u0163ional \u201eGeorge Enescu\u201c \u015fi Filarmonicii \u201eGeorge Enescu\u201c din Bucure\u015fti pentru consultan\u0163a documentar\u00e3 acordat\u00e3 la realizarea acestei emisiuni de m\u00e3rci po\u015ftale.<\/em><\/strong><\/p>\n<p>&nbsp;<\/p>\n<p>Data Aparitie:2011-09-01<\/p>\n<p><a href=\"https:\/\/romfilatelia.ro\/magazin\/wp-content\/uploads\/2011\/08\/fest_ENESCU_XX_box.jpg\"><img decoding=\"async\" loading=\"lazy\" class=\"wp-image-2003218 size-full aligncenter\" src=\"https:\/\/romfilatelia.ro\/magazin\/wp-content\/uploads\/2011\/08\/fest_ENESCU_XX_box.jpg\" alt=\"fest_ENESCU_XX_box\" width=\"718\" height=\"900\" srcset=\"https:\/\/romfilatelia.ro\/magazin\/wp-content\/uploads\/2011\/08\/fest_ENESCU_XX_box.jpg 718w, https:\/\/romfilatelia.ro\/magazin\/wp-content\/uploads\/2011\/08\/fest_ENESCU_XX_box-500x627.jpg 500w, https:\/\/romfilatelia.ro\/magazin\/wp-content\/uploads\/2011\/08\/fest_ENESCU_XX_box-64x80.jpg 64w, https:\/\/romfilatelia.ro\/magazin\/wp-content\/uploads\/2011\/08\/fest_ENESCU_XX_box-239x300.jpg 239w\" sizes=\"(max-width: 718px) 100vw, 718px\" \/><\/a><\/p>\n","protected":false},"excerpt":{"rendered":"<p>\u00cen urm\u00e3 cu 53 de ani, la ini\u0163iativa dirijorului George Georgescu, a fost organizat\u00e3 la Bucure\u015fti prima edi\u0163ie a Festivalului \u015fi Concursului Interna\u0163ional \u201eGeorge Enescu\u201c. Acest Festival s-a dorit a fi nu numai un semn al recunoa\u015fterii geniului enescian, dar \u015fi un omagiu adus vie\u0163ii \u015fi crea\u0163iei sale. De-a lungul primelor edi\u0163ii, pe scena Festivalului&hellip;&nbsp;<a href=\"https:\/\/romfilatelia.ro\/magazin\/produs\/colectii-anuale\/2011\/a-xx-a-edithie-a-festivalului-si-concursului-internathional-george-enescu\/\" class=\"\" rel=\"bookmark\">Cite\u0219te mai mult &raquo;<span class=\"screen-reader-text\">A XX-a Edi\u021bie a Festivalului \u015fi Concursului Interna\u021bional \u201eGEORGE ENESCU\u201c<\/span><\/a><\/p>\n","protected":false},"featured_media":2003217,"template":"","meta":{"neve_meta_sidebar":"","neve_meta_container":"","neve_meta_enable_content_width":"","neve_meta_content_width":0,"neve_meta_title_alignment":"","neve_meta_author_avatar":"","neve_post_elements_order":"","neve_meta_disable_header":"","neve_meta_disable_footer":"","neve_meta_disable_title":""},"product_cat":[107,6],"product_tag":[],"_links":{"self":[{"href":"https:\/\/romfilatelia.ro\/magazin\/wp-json\/wp\/v2\/product\/200321"}],"collection":[{"href":"https:\/\/romfilatelia.ro\/magazin\/wp-json\/wp\/v2\/product"}],"about":[{"href":"https:\/\/romfilatelia.ro\/magazin\/wp-json\/wp\/v2\/types\/product"}],"wp:featuredmedia":[{"embeddable":true,"href":"https:\/\/romfilatelia.ro\/magazin\/wp-json\/wp\/v2\/media\/2003217"}],"wp:attachment":[{"href":"https:\/\/romfilatelia.ro\/magazin\/wp-json\/wp\/v2\/media?parent=200321"}],"wp:term":[{"taxonomy":"product_cat","embeddable":true,"href":"https:\/\/romfilatelia.ro\/magazin\/wp-json\/wp\/v2\/product_cat?post=200321"},{"taxonomy":"product_tag","embeddable":true,"href":"https:\/\/romfilatelia.ro\/magazin\/wp-json\/wp\/v2\/product_tag?post=200321"}],"curies":[{"name":"wp","href":"https:\/\/api.w.org\/{rel}","templated":true}]}}