{"id":2003194,"date":"2011-09-26T07:59:58","date_gmt":"2011-09-26T07:59:58","guid":{"rendered":"http:\/\/romfilatelia.ro\/?p=2003194"},"modified":"2016-08-05T11:07:03","modified_gmt":"2016-08-05T11:07:03","slug":"2011-anul-international-al-chimiei","status":"publish","type":"product","link":"https:\/\/romfilatelia.ro\/magazin\/produs\/colectii-anuale\/2011\/2011-anul-international-al-chimiei\/","title":{"rendered":"2011 \u2013 ANUL INTERNA\u0162IONAL AL CHIMIEI"},"content":{"rendered":"<p><a href=\"https:\/\/romfilatelia.ro\/magazin\/wp-content\/uploads\/2015\/09\/2011_chimie_M.jpg\"><img decoding=\"async\" loading=\"lazy\" class=\"alignleft wp-image-2003195 size-thumbnail\" src=\"https:\/\/romfilatelia.ro\/magazin\/wp-content\/uploads\/2015\/09\/2011_chimie_M-150x150.jpg\" alt=\"2011_chimie_M\" width=\"150\" height=\"150\" srcset=\"https:\/\/romfilatelia.ro\/magazin\/wp-content\/uploads\/2015\/09\/2011_chimie_M-150x150.jpg 150w, https:\/\/romfilatelia.ro\/magazin\/wp-content\/uploads\/2015\/09\/2011_chimie_M-250x250.jpg 250w, https:\/\/romfilatelia.ro\/magazin\/wp-content\/uploads\/2015\/09\/2011_chimie_M-100x100.jpg 100w, https:\/\/romfilatelia.ro\/magazin\/wp-content\/uploads\/2015\/09\/2011_chimie_M-53x53.jpg 53w, https:\/\/romfilatelia.ro\/magazin\/wp-content\/uploads\/2015\/09\/2011_chimie_M-85x85.jpg 85w, https:\/\/romfilatelia.ro\/magazin\/wp-content\/uploads\/2015\/09\/2011_chimie_M-380x380.jpg 380w, https:\/\/romfilatelia.ro\/magazin\/wp-content\/uploads\/2015\/09\/2011_chimie_M-285x285.jpg 285w\" sizes=\"(max-width: 150px) 100vw, 150px\" \/><\/a><\/p>\n<p>Organiza\u0163ia Na\u0163iunilor Unite a declarat anul 2011 \u201eAnul Interna\u0163ional al Chimiei\u201c (AIC), an \u00een care sunt s\u0103rb\u0103torite realiz\u0103rile chimiei \u015fi contribu\u0163iile ei la evolu\u0163ia omenirii.<\/p>\n<p>AIC 2011 este o ini\u0163iativ\u0103 IUPAC (International Union of Pure and Applied Chemistry) &#8211; Uniunea Interna\u0163ional\u0103 de Chimie Pur\u0103 \u015fi Aplicat\u0103 \u015fi UNESCO.<\/p>\n<p>\u00cen acest an, academii, institute \u015fi societ\u0103\u0163i de chimie din \u00eentreaga lume se vor implica \u00een organizarea de activit\u0103\u0163i na\u0163ionale, regionale \u015fi locale, av\u00e2nd ca scop con\u015ftientizarea rolului chimiei \u00een rezolvarea problemelor \u015fi provoc\u0103rilor lumii de ast\u0103zi.<\/p>\n<p>Sub sloganul <em>\u201eChimia &#8211; via\u0163a noastr\u0103, viitorul nostru\u201c<\/em>, Anul Interna\u0163ional al Chimiei, va include \u00een programul s\u0103u o serie de activit\u0103\u0163i educative, interactive \u015fi amuzante, care vor avea loc pe tot globul. Scopul este acela de a atrage tinerii c\u0103tre aceast\u0103 \u015ftiin\u0163\u0103 \u015fi de a con\u015ftientiza omenirea cu privire la rolul pe care \u00eel joac\u0103 chimia \u00een via\u0163a noastr\u0103, pornind de la gastronomie \u015fi ajung\u00e2nd p\u00e2n\u0103 la medicin\u0103 \u015fi tehnologie.<\/p>\n<p>Totodat\u0103, AIC este un prilej de a s\u0103rb\u0103tori contribu\u0163ia femeilor \u00een domeniul \u015ftiin\u0163ific, av\u00e2ndu-se \u00een vedere c\u0103 \u00een 2011 se \u00eemplinesc 100 de ani de c\u00e2nd Marie Curie a primit al doilea premiu Nobel, cel pentru Chimie.<\/p>\n<p>\u00cen cadrul manifest\u0103rilor legate de Anul Interna\u0163ional al Chimiei, Romfilatelia introduce \u00een circula\u0163ie o emisiune de m\u0103rci po\u015ftale cu aceast\u0103 tem\u0103.<\/p>\n<p>Marca po\u015ftal\u0103 a emisiunii are \u00een compozi\u0163ia grafic\u0103 portretul lui Franz Joseph M\u00fcller von Reichenstein, descoperitorul Telurului, singurul element intrat \u00een Tabelul lui Mendeleev direct de pe teritoriul Rom\u00e2niei.<\/p>\n<p>N\u0103scut la Sibiu, pe 1 iulie 1740 (alte surse indic\u0103 locul na\u015fterii sale ca fiind Poysdorf &#8211; Austria, la 4 octombrie 1742), Franz Joseph M\u00fcller von Reichenstein a studiat filozofia \u015fi \u015ftiin\u0163ele juridice la Viena, iar mai apoi tehnica, mineritul, mecanica, chimia \u015fi mineralogia la Academia Regal\u0103 din Schemnitz (1763).<\/p>\n<p>\u00cen 1768, este promovat ca specialist guvernamental pentru expertize \u00een probleme aurifere (Markscheider), \u00een Ungaria de Sud.<\/p>\n<p>\u00cen 1770, este cooptat \u00eentr-o comisie guvernamental\u0103 care se ocupa de probleme de minerit din Banat, fiind numit apoi, datorit\u0103 meritelor, director al minelor \u015fi industriei siderurgice din Banat.<\/p>\n<p>\u00cen 1782, M\u00fcller face cercet\u0103ri pe un mineral misterios descoperit, la \u00eenceputul sec. al XVIII-lea, \u00een zona S\u0103c\u0103r\u00e2mb. Deoarece nu se putea separa aurul din acest mineral, el a fost denumit \u201eaurum paradoxum\u201c. Dup\u0103 ce corespondeaz\u0103 cu ilu\u015ftri chimi\u015fti ai vremii (suedezii Bergman \u015fi Berzelius, dar \u015fi germanul Klaproth), constat\u0103 c\u0103 aurul din minereu este combinat cu un element nou, pe care-l nume\u015fte <em>\u201eTelur\u201c<\/em>, acesta fiind cel de-al 52-lea element \u00eenscris \u00een cunoscutul Tabel al lui Mendeleev.<\/p>\n<p>F. J.M\u00fcller a fost membru al \u201eAsocia\u0163iei cercet\u0103torilor de \u015ftiin\u0163e naturale\u201c din Berlin \u015fi al \u201eSociet\u0103\u0163ii pentru mineralogie\u201c de la Jena, la care era \u00eenscris \u015fi marele poet \u015fi pasionat al \u015ftiin\u0163elor naturale, Wolfgang von Goethe, ceea ce atest\u0103 renumele interna\u0163ional al lui F. J. M\u00fcller, ca om de \u015ftiin\u0163\u0103.<\/p>\n<p>Datorit\u0103 meritelor sale deosebite, F. J. M\u00fcller a fost \u00eennobilat de c\u0103tre \u00eemp\u0103ratul Franz Joseph al II-lea \u00een anul 1788 \u015fi ridicat la rangul de Cavaler al Cur\u0163ii Imperiale cu titlul \u201evon Reichenstein\u201c.<\/p>\n<p>\u00cen 1795, este numit Inspector General al Industriei minelor \u015fi siderurgiei din Transilvania, iar din anul 1802 este chemat la Viena de la Sibiu, pentru a fi numit consilier la Curtea \u00cemp\u0103ratului, titulatur\u0103 pe care a de\u0163inut-o p\u00e2n\u0103 \u00een 1818.<\/p>\n<p>F. J. M\u00fcller se stinge din via\u0163\u0103 pe 12 decembrie 1825 la Viena.<\/p>\n<p>&nbsp;<\/p>\n<p><em>Aducem mul\u0163umirile noastre domnului Academician Ionel Haiduc, Pre\u015fedintele Academiei Rom\u00e2ne, precum \u015fi IUPAC (Uniunea Interna\u0163ional\u0103 de Chimie Pur\u0103 \u015fi Aplicat\u0103), pentru sprijinul acordat la realizarea acestei emisiuni de m\u0103rci po\u015ftale.<\/em><\/p>\n<p>Data de aparitie: 2011-09-26<\/p>\n<p><a href=\"https:\/\/romfilatelia.ro\/magazin\/wp-content\/uploads\/2015\/09\/2011_chimie_box.jpg\"><img decoding=\"async\" loading=\"lazy\" class=\"wp-image-2003196 size-full aligncenter\" src=\"https:\/\/romfilatelia.ro\/magazin\/wp-content\/uploads\/2015\/09\/2011_chimie_box.jpg\" alt=\"2011_chimie_box\" width=\"600\" height=\"408\" srcset=\"https:\/\/romfilatelia.ro\/magazin\/wp-content\/uploads\/2015\/09\/2011_chimie_box.jpg 600w, https:\/\/romfilatelia.ro\/magazin\/wp-content\/uploads\/2015\/09\/2011_chimie_box-500x340.jpg 500w, https:\/\/romfilatelia.ro\/magazin\/wp-content\/uploads\/2015\/09\/2011_chimie_box-64x44.jpg 64w, https:\/\/romfilatelia.ro\/magazin\/wp-content\/uploads\/2015\/09\/2011_chimie_box-300x204.jpg 300w\" sizes=\"(max-width: 600px) 100vw, 600px\" \/><\/a><\/p>\n","protected":false},"excerpt":{"rendered":"<p>Organiza\u0163ia Na\u0163iunilor Unite a declarat anul 2011 \u201eAnul Interna\u0163ional al Chimiei\u201c (AIC), an \u00een care sunt s\u0103rb\u0103torite realiz\u0103rile chimiei \u015fi contribu\u0163iile ei la evolu\u0163ia omenirii. AIC 2011 este o ini\u0163iativ\u0103 IUPAC (International Union of Pure and Applied Chemistry) &#8211; Uniunea Interna\u0163ional\u0103 de Chimie Pur\u0103 \u015fi Aplicat\u0103 \u015fi UNESCO. \u00cen acest an, academii, institute \u015fi societ\u0103\u0163i&hellip;&nbsp;<a href=\"https:\/\/romfilatelia.ro\/magazin\/produs\/colectii-anuale\/2011\/2011-anul-international-al-chimiei\/\" class=\"\" rel=\"bookmark\">Cite\u0219te mai mult &raquo;<span class=\"screen-reader-text\">2011 \u2013 ANUL INTERNA\u0162IONAL AL CHIMIEI<\/span><\/a><\/p>\n","protected":false},"featured_media":2003195,"template":"","meta":{"neve_meta_sidebar":"","neve_meta_container":"","neve_meta_enable_content_width":"","neve_meta_content_width":0,"neve_meta_title_alignment":"","neve_meta_author_avatar":"","neve_post_elements_order":"","neve_meta_disable_header":"","neve_meta_disable_footer":"","neve_meta_disable_title":""},"product_cat":[107,6],"product_tag":[],"_links":{"self":[{"href":"https:\/\/romfilatelia.ro\/magazin\/wp-json\/wp\/v2\/product\/2003194"}],"collection":[{"href":"https:\/\/romfilatelia.ro\/magazin\/wp-json\/wp\/v2\/product"}],"about":[{"href":"https:\/\/romfilatelia.ro\/magazin\/wp-json\/wp\/v2\/types\/product"}],"wp:featuredmedia":[{"embeddable":true,"href":"https:\/\/romfilatelia.ro\/magazin\/wp-json\/wp\/v2\/media\/2003195"}],"wp:attachment":[{"href":"https:\/\/romfilatelia.ro\/magazin\/wp-json\/wp\/v2\/media?parent=2003194"}],"wp:term":[{"taxonomy":"product_cat","embeddable":true,"href":"https:\/\/romfilatelia.ro\/magazin\/wp-json\/wp\/v2\/product_cat?post=2003194"},{"taxonomy":"product_tag","embeddable":true,"href":"https:\/\/romfilatelia.ro\/magazin\/wp-json\/wp\/v2\/product_tag?post=2003194"}],"curies":[{"name":"wp","href":"https:\/\/api.w.org\/{rel}","templated":true}]}}