{"id":2003185,"date":"2012-10-04T08:34:12","date_gmt":"2012-10-04T08:34:12","guid":{"rendered":"http:\/\/romfilatelia.ro\/?p=2003185"},"modified":"2016-08-03T13:14:34","modified_gmt":"2016-08-03T13:14:34","slug":"20-de-ani-de-la-incheierea-tratatului-de-prietenie-romano-german","status":"publish","type":"product","link":"https:\/\/romfilatelia.ro\/magazin\/produs\/colectii-anuale\/2012\/20-de-ani-de-la-incheierea-tratatului-de-prietenie-romano-german\/","title":{"rendered":"20 DE ANI DE LA \u00ceNCHEIEREA TRATATULUI DE PRIETENIE ROM\u00c2NO-GERMAN"},"content":{"rendered":"<p><a href=\"https:\/\/romfilatelia.ro\/magazin\/wp-content\/uploads\/2015\/09\/20_Rom_Ger_M.jpg\"><img decoding=\"async\" loading=\"lazy\" class=\"alignleft wp-image-2003186 size-medium\" src=\"https:\/\/romfilatelia.ro\/magazin\/wp-content\/uploads\/2015\/09\/20_Rom_Ger_M-212x300.jpg\" alt=\"20_Rom_Ger_M\" width=\"212\" height=\"300\" srcset=\"https:\/\/romfilatelia.ro\/magazin\/wp-content\/uploads\/2015\/09\/20_Rom_Ger_M-212x300.jpg 212w, https:\/\/romfilatelia.ro\/magazin\/wp-content\/uploads\/2015\/09\/20_Rom_Ger_M-64x91.jpg 64w, https:\/\/romfilatelia.ro\/magazin\/wp-content\/uploads\/2015\/09\/20_Rom_Ger_M-282x400.jpg 282w, https:\/\/romfilatelia.ro\/magazin\/wp-content\/uploads\/2015\/09\/20_Rom_Ger_M.jpg 423w\" sizes=\"(max-width: 212px) 100vw, 212px\" \/><\/a>\u00a0\u00a0\u00a0\u00a0\u00a0\u00a0\u00a0\u00a0\u00a0\u00a0 \u00cen anul 1872, dup\u0103 6 ani de la urcarea pe tronul Principatelor Rom\u00e2ne a Principelui Carol I de Hohenzollern, s-a deschis laBerlinprima Agen\u0163ie Diplomatic\u0103 a Rom\u00e2niei condus\u0103 de Theodor Rosetti.<\/p>\n<p>Rela\u0163iile diplomatice oficiale dintre Rom\u00e2nia \u015fi Germania au fost stabilite \u00een 1880 dup\u0103 recunoa\u015fterea, la Congresul de la Berlin, a independen\u0163ei de stat a \u0163\u0103rii noastre.<\/p>\n<p>Dup\u0103 decenii \u00een care istoria Europei a fost marcat\u0103 de numeroase conflicte diplomatice \u015fi militare, Rom\u00e2nia a stabilit, \u00een 1967, rela\u0163ii diplomatice la nivel de ambasad\u0103 cu Republica Federal\u0103 Germania.<\/p>\n<p>\u00cen 1992, \u00een condi\u0163iile func\u0163ion\u0103rii noilor institu\u0163ii democratice, a fost semnat <strong><em>Tratatul dintre Rom\u00e2nia \u015fi Republica Federal\u0103 Germania privind cooperarea prieteneasc\u0103 \u015fi parteneriatul \u00een Europa<\/em><\/strong>.<\/p>\n<p>Dup\u0103 semnarea acestui Tratat, rela\u0163iile politice \u015fi comerciale dintre cele dou\u0103 \u0163\u0103ri au \u00eenregistrat o vizibil\u0103 dinamic\u0103 ascendent\u0103,Germaniafiind primul partener comercial (at\u00e2t la export c\u00e2t \u015fi la import) \u015fi al treilea investitor \u00een Rom\u00e2nia.<\/p>\n<p>La un an de zile de la emiterea emisiunii comune de timbre Rom\u00e2nia-Germania \u201eBiserica fortificat\u0103 din Biertan\u201c, cu ocazia anivers\u0103rii a dou\u0103 decenii de la semnarea Tratatului rom\u00e2no-german, <strong>Romfilatelia<\/strong> introduce \u00een circula\u0163ie o emisiune de m\u0103rci po\u015ftale dedicat\u0103 acestui eveniment.<\/p>\n<p>Pentru alegerea imaginii timbrului emisiunii filatelice, <strong>Romfilatelia<\/strong> \u00eempreun\u0103 cu <strong>Ambasada Germaniei la Bucure\u015fti<\/strong> au organizat, \u00een luna februarie a acestui an, un concurs de desene cutema <strong><em>\u201ePrietenie\u201c<\/em><\/strong>, adresat elevilor \u015fi studen\u0163ilor din toat\u0103\u0163ara.<\/p>\n<p>La acest concurs au fost prezentate 1500 de desene, iar dup\u0103 trei etape de selec\u0163ie, au r\u0103mas \u00een final\u0103 19 desene de la categoria \u201eclasele V-VIII\u201c, 11 desene de la categoria \u201eclasele IX-XII\u201c \u015fi 4 la categoria \u201estuden\u0163i\u201c.<\/p>\n<p>\u00cen luna mai a acestui an a fost desemnat desenul c\u00e2\u015ftig\u0103tor al c\u0103rui autor este <strong>Iftichia Georgeta Stanciu<\/strong>, din Bucure\u015fti, elev\u0103 \u00een clasa a IX-a. Pe locurile doi \u015fi trei s-au clasat desenul <strong>Gabrielei Ioana<\/strong> \u015fi cel al lui <strong>Alexandru Mihai Nenciu<\/strong>.<\/p>\n<p>Apari\u0163ia acestei noi emisiuni de m\u0103rci po\u015ftale confirm\u0103 \u00eenc\u0103 o dat\u0103 bunele rela\u0163ii, devenite deja o tradi\u0163ie, statornicite \u00eentre <strong>Romfilatelia<\/strong> \u015fi partenerul german, \u00een domeniul filatelic.<\/p>\n<p>Data de aparitie: 2012-10-04<\/p>\n<p><a href=\"https:\/\/romfilatelia.ro\/magazin\/wp-content\/uploads\/2015\/09\/20_Rom_Ger_box.jpg\"><img decoding=\"async\" loading=\"lazy\" class=\"wp-image-2003187 size-full aligncenter\" src=\"https:\/\/romfilatelia.ro\/magazin\/wp-content\/uploads\/2015\/09\/20_Rom_Ger_box.jpg\" alt=\"20_Rom_Ger_box\" width=\"750\" height=\"591\" srcset=\"https:\/\/romfilatelia.ro\/magazin\/wp-content\/uploads\/2015\/09\/20_Rom_Ger_box.jpg 750w, https:\/\/romfilatelia.ro\/magazin\/wp-content\/uploads\/2015\/09\/20_Rom_Ger_box-500x394.jpg 500w, https:\/\/romfilatelia.ro\/magazin\/wp-content\/uploads\/2015\/09\/20_Rom_Ger_box-64x50.jpg 64w, https:\/\/romfilatelia.ro\/magazin\/wp-content\/uploads\/2015\/09\/20_Rom_Ger_box-300x236.jpg 300w\" sizes=\"(max-width: 750px) 100vw, 750px\" \/><\/a><\/p>\n","protected":false},"excerpt":{"rendered":"<p>\u00a0\u00a0\u00a0\u00a0\u00a0\u00a0\u00a0\u00a0\u00a0\u00a0 \u00cen anul 1872, dup\u0103 6 ani de la urcarea pe tronul Principatelor Rom\u00e2ne a Principelui Carol I de Hohenzollern, s-a deschis laBerlinprima Agen\u0163ie Diplomatic\u0103 a Rom\u00e2niei condus\u0103 de Theodor Rosetti. Rela\u0163iile diplomatice oficiale dintre Rom\u00e2nia \u015fi Germania au fost stabilite \u00een 1880 dup\u0103 recunoa\u015fterea, la Congresul de la Berlin, a independen\u0163ei de stat a&hellip;&nbsp;<a href=\"https:\/\/romfilatelia.ro\/magazin\/produs\/colectii-anuale\/2012\/20-de-ani-de-la-incheierea-tratatului-de-prietenie-romano-german\/\" class=\"\" rel=\"bookmark\">Cite\u0219te mai mult &raquo;<span class=\"screen-reader-text\">20 DE ANI DE LA \u00ceNCHEIEREA TRATATULUI DE PRIETENIE ROM\u00c2NO-GERMAN<\/span><\/a><\/p>\n","protected":false},"featured_media":2003186,"template":"","meta":{"neve_meta_sidebar":"","neve_meta_container":"","neve_meta_enable_content_width":"","neve_meta_content_width":0,"neve_meta_title_alignment":"","neve_meta_author_avatar":"","neve_post_elements_order":"","neve_meta_disable_header":"","neve_meta_disable_footer":"","neve_meta_disable_title":""},"product_cat":[106,6],"product_tag":[],"_links":{"self":[{"href":"https:\/\/romfilatelia.ro\/magazin\/wp-json\/wp\/v2\/product\/2003185"}],"collection":[{"href":"https:\/\/romfilatelia.ro\/magazin\/wp-json\/wp\/v2\/product"}],"about":[{"href":"https:\/\/romfilatelia.ro\/magazin\/wp-json\/wp\/v2\/types\/product"}],"wp:featuredmedia":[{"embeddable":true,"href":"https:\/\/romfilatelia.ro\/magazin\/wp-json\/wp\/v2\/media\/2003186"}],"wp:attachment":[{"href":"https:\/\/romfilatelia.ro\/magazin\/wp-json\/wp\/v2\/media?parent=2003185"}],"wp:term":[{"taxonomy":"product_cat","embeddable":true,"href":"https:\/\/romfilatelia.ro\/magazin\/wp-json\/wp\/v2\/product_cat?post=2003185"},{"taxonomy":"product_tag","embeddable":true,"href":"https:\/\/romfilatelia.ro\/magazin\/wp-json\/wp\/v2\/product_tag?post=2003185"}],"curies":[{"name":"wp","href":"https:\/\/api.w.org\/{rel}","templated":true}]}}