{"id":200270,"date":"2010-01-22T15:35:49","date_gmt":"2010-01-22T15:35:49","guid":{"rendered":"http:\/\/romfilatelia.ro\/store\/2010\/01\/22\/albine-melifere\/"},"modified":"2016-08-05T10:04:18","modified_gmt":"2016-08-05T10:04:18","slug":"albine-melifere","status":"publish","type":"product","link":"https:\/\/romfilatelia.ro\/magazin\/produs\/colectii-anuale\/2010\/albine-melifere\/","title":{"rendered":"ALBINE MELIFERE"},"content":{"rendered":"<p><a href=\"https:\/\/romfilatelia.ro\/magazin\/wp-content\/uploads\/2010\/01\/albine_M.jpg\"><img decoding=\"async\" loading=\"lazy\" class=\"size-medium wp-image-2003995 alignleft\" src=\"https:\/\/romfilatelia.ro\/magazin\/wp-content\/uploads\/2010\/01\/albine_M-194x300.jpg\" alt=\"albine_M\" width=\"194\" height=\"300\" srcset=\"https:\/\/romfilatelia.ro\/magazin\/wp-content\/uploads\/2010\/01\/albine_M-194x300.jpg 194w, https:\/\/romfilatelia.ro\/magazin\/wp-content\/uploads\/2010\/01\/albine_M-64x99.jpg 64w, https:\/\/romfilatelia.ro\/magazin\/wp-content\/uploads\/2010\/01\/albine_M-258x400.jpg 258w, https:\/\/romfilatelia.ro\/magazin\/wp-content\/uploads\/2010\/01\/albine_M.jpg 387w\" sizes=\"(max-width: 194px) 100vw, 194px\" \/><\/a>\u201eDac\u00e3 albinele vor disp\u00e3rea, omenirii nu i-ar mai r\u00e3m\u00e2ne dec\u00e2t patru ani de via\u0163\u00e3.\u201c (Albert Einstein)<\/p>\n<p>Inc\u00e3 din timpuri str\u00e3vechi comportamentul albinelor a inspirat mituri, legende, pove\u015fti, poezii \u015fi fabule. \u0218i \u00een acela\u015fi timp albina a inspirat dragoste, a fost iubit\u00e3 deopotriv\u00e3 de zei \u015fi de oameni.<\/p>\n<p>Albinele au un rol vital \u00een polenizarea (reproducerea) a mii de specii de plante. De 50 de milioane de ani, de c\u00e2nd au ap\u00e3rut pe P\u00e3m\u00e2nt, albinele au contribuit mult la evolu\u0163ia regnului vegetal, a\u015fa cum exist\u00e3 el ast\u00e3zi.<\/p>\n<p>Venind \u00een sprijinul filateli\u015ftilor de pretutindeni, Romfilatelia introduce \u00een circula\u0163ie emisiunea de m\u00e3rci \u00adpo\u015ftale \u201eAlbine melifere\u201c.<\/p>\n<p>Albina melifer\u00e3 european\u00e3 (Apis mellifera mellifera) este ilustrat\u00e3 pe timbrul cu valoarea nominal\u00e3 de 0,50 lei.<\/p>\n<p>Este o albin\u00e3 ce are o rezisten\u0163\u00e3 deosebit\u00e3 la frigul iernii \u015fi tendin\u0163\u00e3 sporit\u00e3 de ap\u00e3rare \u00eempotriva intru\u015filor. Colecteaz\u00e3 un volum mare de polen \u015fi are o via\u0163\u00e3 mai lung\u00e3 dec\u00e2t a altor albine. Totodat\u00e3 are capacitatea de a zbura pe distan\u0163e mari. Aceast\u00e3 albin\u00e3 tr\u00e3ie\u015fte \u00een Fran\u0163a, Belgia, Olanda, Luxemburg, Marea Britanie, Irlanda, Norvegia, Suedia, Danemarca, Germania, Polonia, Cehia, nordul Elve\u0163iei, nord-vestul Austriei, Belarus, nordul Ucrainei, Letonia, Lituania, Estonia \u015fi Rusia.<\/p>\n<p>Albina melifer\u00e3 italian\u00e3 (Apis mellifera ligustica) este \u00adilustrat\u00e3 pe \u00adtimbrul cu valoarea nominal\u00e3 de 2,10 lei.<\/p>\n<p>Aceast\u00e3 albin\u00e3 este r\u00e3sp\u00e2ndit\u00e3 \u00een America de Nord, America de Sud \u015fi sudul Europei. Este bl\u00e2nd\u00e3 \u015fi \u00adproduce miere \u00een \u00adcantit\u00e3\u0163i considerabile. Tr\u00e3ie\u015fte \u00een colonii mari ceea ce necesit\u00e3 mai multe resurse de hran\u00e3 pe \u00adtimpul iernii, pentru supravie\u0163uire.<\/p>\n<p>Albina melifer\u00e3 sloven\u00e3 (Apis mellifera carnica) este ilustrat\u00e3 pe timbrul cu valoarea nominal\u00e3 de 3,10 lei.<\/p>\n<p>Este o subspecie a albinei melifere europene, originar\u00e3 din Slovenia, dar poate fi g\u00e3sit\u00e3 \u015fi \u00een Austria, Ungaria, Croa\u0163ia, Bosnia \u015fi Herzegovina, Serbia \u015fi Rom\u00e2nia.<\/p>\n<p>Albina melifer\u00e3 caucazian\u00e3 (Apis mellifera caucasica) este ilustrat\u00e3 pe timbrul cu valoarea nominal\u00e3 de 4,30 lei. Este o albin\u00e3 mai mare dec\u00e2t media, bl\u00e2nd\u00e3 \u015fi foarte \u00admuncitoare. O \u00eent\u00e2lnim, de regul\u00e3, \u00een mun\u0163ii Caucaz.<\/p>\n<p>Aducem mul\u0163umiri Institutului de Cercetare \u015fi Dezvoltare Pentru Apicultur\u00e3-Bucure\u015fti c\u00e2t \u015fi Muzeului de Istorie Natural\u00e3 \u201eGrigore Antipa\u201c pentru sprijinul acordat la realizarea acestei emisiuni de m\u00e3rci po\u015ftale.<\/p>\n<p>Data Aparitie:2010-01-22<\/p>\n<p><a href=\"https:\/\/romfilatelia.ro\/magazin\/wp-content\/uploads\/2010\/01\/albine_box.jpg\"><img decoding=\"async\" loading=\"lazy\" class=\"aligncenter wp-image-2003994 size-full\" src=\"https:\/\/romfilatelia.ro\/magazin\/wp-content\/uploads\/2010\/01\/albine_box.jpg\" alt=\"albine_box\" width=\"900\" height=\"688\" srcset=\"https:\/\/romfilatelia.ro\/magazin\/wp-content\/uploads\/2010\/01\/albine_box.jpg 900w, https:\/\/romfilatelia.ro\/magazin\/wp-content\/uploads\/2010\/01\/albine_box-500x382.jpg 500w, https:\/\/romfilatelia.ro\/magazin\/wp-content\/uploads\/2010\/01\/albine_box-64x49.jpg 64w, https:\/\/romfilatelia.ro\/magazin\/wp-content\/uploads\/2010\/01\/albine_box-300x229.jpg 300w, https:\/\/romfilatelia.ro\/magazin\/wp-content\/uploads\/2010\/01\/albine_box-768x587.jpg 768w\" sizes=\"(max-width: 900px) 100vw, 900px\" \/><\/a><\/p>\n","protected":false},"excerpt":{"rendered":"<p>\u201eDac\u00e3 albinele vor disp\u00e3rea, omenirii nu i-ar mai r\u00e3m\u00e2ne dec\u00e2t patru ani de via\u0163\u00e3.\u201c (Albert Einstein) Inc\u00e3 din timpuri str\u00e3vechi comportamentul albinelor a inspirat mituri, legende, pove\u015fti, poezii \u015fi fabule. \u0218i \u00een acela\u015fi timp albina a inspirat dragoste, a fost iubit\u00e3 deopotriv\u00e3 de zei \u015fi de oameni. Albinele au un rol vital \u00een polenizarea (reproducerea)&hellip;&nbsp;<a href=\"https:\/\/romfilatelia.ro\/magazin\/produs\/colectii-anuale\/2010\/albine-melifere\/\" class=\"\" rel=\"bookmark\">Cite\u0219te mai mult &raquo;<span class=\"screen-reader-text\">ALBINE MELIFERE<\/span><\/a><\/p>\n","protected":false},"featured_media":2003995,"template":"","meta":{"neve_meta_sidebar":"","neve_meta_container":"","neve_meta_enable_content_width":"","neve_meta_content_width":0,"neve_meta_title_alignment":"","neve_meta_author_avatar":"","neve_post_elements_order":"","neve_meta_disable_header":"","neve_meta_disable_footer":"","neve_meta_disable_title":""},"product_cat":[108,6],"product_tag":[],"_links":{"self":[{"href":"https:\/\/romfilatelia.ro\/magazin\/wp-json\/wp\/v2\/product\/200270"}],"collection":[{"href":"https:\/\/romfilatelia.ro\/magazin\/wp-json\/wp\/v2\/product"}],"about":[{"href":"https:\/\/romfilatelia.ro\/magazin\/wp-json\/wp\/v2\/types\/product"}],"wp:featuredmedia":[{"embeddable":true,"href":"https:\/\/romfilatelia.ro\/magazin\/wp-json\/wp\/v2\/media\/2003995"}],"wp:attachment":[{"href":"https:\/\/romfilatelia.ro\/magazin\/wp-json\/wp\/v2\/media?parent=200270"}],"wp:term":[{"taxonomy":"product_cat","embeddable":true,"href":"https:\/\/romfilatelia.ro\/magazin\/wp-json\/wp\/v2\/product_cat?post=200270"},{"taxonomy":"product_tag","embeddable":true,"href":"https:\/\/romfilatelia.ro\/magazin\/wp-json\/wp\/v2\/product_tag?post=200270"}],"curies":[{"name":"wp","href":"https:\/\/api.w.org\/{rel}","templated":true}]}}