{"id":200256,"date":"2009-07-20T15:12:58","date_gmt":"2009-07-20T15:12:58","guid":{"rendered":"http:\/\/romfilatelia.ro\/store\/2009\/07\/20\/apollo-11-40-de-ani-de-la-primul-pas-pe-luna\/"},"modified":"2016-08-05T13:50:09","modified_gmt":"2016-08-05T13:50:09","slug":"apollo-11-40-de-ani-de-la-primul-pas-pe-luna","status":"publish","type":"product","link":"https:\/\/romfilatelia.ro\/magazin\/produs\/colectii-anuale\/2009\/apollo-11-40-de-ani-de-la-primul-pas-pe-luna\/","title":{"rendered":"APOLLO 11 &#8211; 40 de ani de la primul pas pe Lun\u00e3"},"content":{"rendered":"<p><a href=\"https:\/\/romfilatelia.ro\/magazin\/wp-content\/uploads\/2009\/07\/APOLLO11_M.jpg\"><img decoding=\"async\" loading=\"lazy\" class=\"size-medium wp-image-2004002 alignleft\" src=\"https:\/\/romfilatelia.ro\/magazin\/wp-content\/uploads\/2009\/07\/APOLLO11_M-240x300.jpg\" alt=\"APOLLO11_M\" width=\"240\" height=\"300\" srcset=\"https:\/\/romfilatelia.ro\/magazin\/wp-content\/uploads\/2009\/07\/APOLLO11_M-240x300.jpg 240w, https:\/\/romfilatelia.ro\/magazin\/wp-content\/uploads\/2009\/07\/APOLLO11_M-64x80.jpg 64w, https:\/\/romfilatelia.ro\/magazin\/wp-content\/uploads\/2009\/07\/APOLLO11_M-319x400.jpg 319w, https:\/\/romfilatelia.ro\/magazin\/wp-content\/uploads\/2009\/07\/APOLLO11_M.jpg 479w\" sizes=\"(max-width: 240px) 100vw, 240px\" \/><\/a> \u201eUn pas mic pentru om, un salt uria\u015f pentru omenire\u201d<br \/>\n(Neil Armstrong &#8211; Lun\u00e3, 20 iulie 1969)<\/p>\n<p>Visul omului de a zbura a existat dintotdeauna&#8230; \u0218i tot de atunci exist\u00e3 \u015fi visul p\u00e3m\u00e2nteanului de a ajunge pe Lun\u00e3 &#8230;<br \/>\nPrimul care a scris despre zborul unor oameni pe Lun\u00e3 a fost Jules Verne \u00een romanul s\u00e3u De la P\u00e3m\u00e2nt la Lun\u00e3.<br \/>\nIar cei care au f\u00e3cut ca acest vis s\u00e3 devin\u00e3 realitate au fost americanii, prin programul Apollo, desf\u00e3\u015furat \u00eentre anii 1961 \u015fi 1972.<br \/>\nProgramul Apollo a \u00eenceput cu o serie de teste ale rachetelor purt\u00e3toare din seria Saturn, ajung\u00e2nd la zboruri spa\u0163iale pilotate, cu echipaj uman, \u00een jurul Lunii. Ca urmare a anun\u0163ului pre\u015fedintelui J.F.Kennedy, din 1961, c\u00e3 SUA vor trimite un echipaj uman pe Lun\u00e3 p\u00e2n\u00e3 la sf\u00e2r\u015fitul anilor \u00b460, programul a fost radical modificat \u00een acest scop.<br \/>\nTimp de 8 ani, misiunile preg\u00e3titoare aseleniz\u00e3rii s-au derulat \u00eentr-un ritm accelerat, chiar \u015fi dup\u00e3 e\u015fecul testului Apollo 1 la sol, pe rampa de lansare, c\u00e2nd au fost \u00eenregistrate primele victime din r\u00e2ndul astronau\u0163ilor.<br \/>\nApollo 11 a fost prima misiune cu echipaj uman care a aselenizat, al 5-lea zbor cu echipaj uman \u015fi a fost a 3-a c\u00e3l\u00e3torie spre Lun\u00e3.<br \/>\nO rachet\u00e3 Saturn V a lansat nava Apollo 11, av\u00e2nd la bord echipajul format din Neil A. Armstrong, Michael Collins \u015fi Edwin E. Aldrin Jr., de la Centrul Spa\u0163ial Kennedy, pe 16 iulie 1969. Modulul de comand\u00e3 a purtat numele de Columbia, iar cel lunar, de Eagle, vulturul fiind un simbol al Statelor Unite.<br \/>\nPe 20 iulie, zi istoric\u00e3 pentru p\u00e3m\u00e2nteni, Neil Armstrong fiind primul om ce a p\u00e3\u015fit pe un alt corp ceresc, a spus: \u201eEste un pas mic pentru om, un salt uria\u015f pentru omenire\u201d. La c\u00e2teva minute a fost urmat pe solul lunar de c\u00e3tre colegul de misiune, Edwin E. Aldrin Jr.<br \/>\nDup\u00e3 acest zbor cosmic, al\u0163i 10 oameni au p\u00e3\u015fit pe Lun\u00e3 p\u00e2n\u00e3 la sf\u00e2r\u015fitul programului Apollo, ultima misiune fiind Apollo 17.<br \/>\nLa 40 de ani de la aselenizare, reprezentan\u0163ii agen\u0163iilor spa\u0163iale ale marilor puteri \u00ee\u015fi propun ca \u00een viitorul apropiat (2015-2020), oamenii s\u00e3 pun\u00e3 din nou piciorul pe solul selenar \u015fi chiar pe cel al planetei Marte.<br \/>\nCu ocazia \u00eemplinirii a 40 de ani de la realizarea unui mare vis al omenirii &#8211; acela de a cuceri \u015fi alte corpuri cere\u015fti, Romfilatelia introduce \u00een circula\u0163ie emisiunea de m\u00e3rci po\u015ftale \u201eApollo 11 &#8211; 40 de ani de la primul pas pe Lun\u00e3\u201d.<\/p>\n<p>Data Aparitie:2009-07-20<\/p>\n<p><a href=\"https:\/\/romfilatelia.ro\/magazin\/wp-content\/uploads\/2009\/07\/APOLLO11_box_rom.jpg\"><img decoding=\"async\" loading=\"lazy\" class=\"aligncenter wp-image-2004003 size-full\" src=\"https:\/\/romfilatelia.ro\/magazin\/wp-content\/uploads\/2009\/07\/APOLLO11_box_rom.jpg\" alt=\"APOLLO11_box_rom\" width=\"900\" height=\"529\" srcset=\"https:\/\/romfilatelia.ro\/magazin\/wp-content\/uploads\/2009\/07\/APOLLO11_box_rom.jpg 900w, https:\/\/romfilatelia.ro\/magazin\/wp-content\/uploads\/2009\/07\/APOLLO11_box_rom-500x294.jpg 500w, https:\/\/romfilatelia.ro\/magazin\/wp-content\/uploads\/2009\/07\/APOLLO11_box_rom-64x38.jpg 64w, https:\/\/romfilatelia.ro\/magazin\/wp-content\/uploads\/2009\/07\/APOLLO11_box_rom-300x176.jpg 300w, https:\/\/romfilatelia.ro\/magazin\/wp-content\/uploads\/2009\/07\/APOLLO11_box_rom-768x451.jpg 768w\" sizes=\"(max-width: 900px) 100vw, 900px\" \/><\/a><\/p>\n","protected":false},"excerpt":{"rendered":"<p>\u201eUn pas mic pentru om, un salt uria\u015f pentru omenire\u201d (Neil Armstrong &#8211; Lun\u00e3, 20 iulie 1969) Visul omului de a zbura a existat dintotdeauna&#8230; \u0218i tot de atunci exist\u00e3 \u015fi visul p\u00e3m\u00e2nteanului de a ajunge pe Lun\u00e3 &#8230; Primul care a scris despre zborul unor oameni pe Lun\u00e3 a fost Jules Verne \u00een romanul&hellip;&nbsp;<a href=\"https:\/\/romfilatelia.ro\/magazin\/produs\/colectii-anuale\/2009\/apollo-11-40-de-ani-de-la-primul-pas-pe-luna\/\" class=\"\" rel=\"bookmark\">Cite\u0219te mai mult &raquo;<span class=\"screen-reader-text\">APOLLO 11 &#8211; 40 de ani de la primul pas pe Lun\u00e3<\/span><\/a><\/p>\n","protected":false},"featured_media":2004002,"template":"","meta":{"neve_meta_sidebar":"","neve_meta_container":"","neve_meta_enable_content_width":"","neve_meta_content_width":0,"neve_meta_title_alignment":"","neve_meta_author_avatar":"","neve_post_elements_order":"","neve_meta_disable_header":"","neve_meta_disable_footer":"","neve_meta_disable_title":""},"product_cat":[109,6],"product_tag":[],"_links":{"self":[{"href":"https:\/\/romfilatelia.ro\/magazin\/wp-json\/wp\/v2\/product\/200256"}],"collection":[{"href":"https:\/\/romfilatelia.ro\/magazin\/wp-json\/wp\/v2\/product"}],"about":[{"href":"https:\/\/romfilatelia.ro\/magazin\/wp-json\/wp\/v2\/types\/product"}],"wp:featuredmedia":[{"embeddable":true,"href":"https:\/\/romfilatelia.ro\/magazin\/wp-json\/wp\/v2\/media\/2004002"}],"wp:attachment":[{"href":"https:\/\/romfilatelia.ro\/magazin\/wp-json\/wp\/v2\/media?parent=200256"}],"wp:term":[{"taxonomy":"product_cat","embeddable":true,"href":"https:\/\/romfilatelia.ro\/magazin\/wp-json\/wp\/v2\/product_cat?post=200256"},{"taxonomy":"product_tag","embeddable":true,"href":"https:\/\/romfilatelia.ro\/magazin\/wp-json\/wp\/v2\/product_tag?post=200256"}],"curies":[{"name":"wp","href":"https:\/\/api.w.org\/{rel}","templated":true}]}}