{"id":200254,"date":"2009-05-25T15:11:32","date_gmt":"2009-05-25T15:11:32","guid":{"rendered":"http:\/\/romfilatelia.ro\/store\/2009\/05\/25\/a-31-a-conferinta-a-politiilor-din-capitalele-europene-bucuresti-24-29-mai-2009\/"},"modified":"2016-08-05T13:29:41","modified_gmt":"2016-08-05T13:29:41","slug":"a-31-a-conferinta-a-politiilor-din-capitalele-europene-bucuresti-24-29-mai-2009","status":"publish","type":"product","link":"https:\/\/romfilatelia.ro\/magazin\/produs\/colectii-anuale\/2009\/a-31-a-conferinta-a-politiilor-din-capitalele-europene-bucuresti-24-29-mai-2009\/","title":{"rendered":"A 31-a CONFERIN\u021a\u00c3 A POLI\u021aIILOR DIN CAPITALELE EUROPENE &#8211; Bucure\u015fti, 24-29 Mai 2009"},"content":{"rendered":"<p><a href=\"https:\/\/romfilatelia.ro\/magazin\/wp-content\/uploads\/2009\/05\/Politie_31Conf_M.jpg\"><img decoding=\"async\" loading=\"lazy\" class=\"size-medium wp-image-2004011 alignleft\" src=\"https:\/\/romfilatelia.ro\/magazin\/wp-content\/uploads\/2009\/05\/Politie_31Conf_M-300x109.jpg\" alt=\"Politie_31Conf_M\" width=\"300\" height=\"109\" srcset=\"https:\/\/romfilatelia.ro\/magazin\/wp-content\/uploads\/2009\/05\/Politie_31Conf_M-300x109.jpg 300w, https:\/\/romfilatelia.ro\/magazin\/wp-content\/uploads\/2009\/05\/Politie_31Conf_M-500x181.jpg 500w, https:\/\/romfilatelia.ro\/magazin\/wp-content\/uploads\/2009\/05\/Politie_31Conf_M-64x23.jpg 64w, https:\/\/romfilatelia.ro\/magazin\/wp-content\/uploads\/2009\/05\/Politie_31Conf_M.jpg 600w\" sizes=\"(max-width: 300px) 100vw, 300px\" \/><\/a>Eveniment de rezonan\u0163\u00e3 european\u00e3, a 31-a Conferin\u0163\u00e3 a Poli\u0163iilor din Capitalele Europene, desf\u00e3\u015furat\u00e3 la Bucure\u015fti \u00een luna mai a acestui an, ofer\u00e3 Romfilateliei prilejul s\u00e3 lanseze o emisiune de m\u00e3rci po\u015ftale.<br \/>\nFaptul c\u00e3 pentru prima dat\u00e3, Bucure\u015fti, capitala Rom\u00e2niei \u015fi Direc\u0163ia General\u00e3 de Poli\u0163ie a Municipiului Bucure\u015fti, sunt gazdele acestei \u00eent\u00e2lniri, demonstreaz\u00e3 importan\u0163a \u015fi locul pe care Poli\u0163ia Rom\u00e2n\u00e3 \u00eel are pe plan european. La aceasta se adaug\u00e3 \u015fi lunga istorie a sistemului de ordine \u015fi de ap\u00e3rare a persoanelor, dar \u015fi a bunurilor din Bucure\u015fti.<br \/>\nDe la \u00eenceputul secolului al XIV-lea au existat documente care atestau institu\u0163ia Marelui Vornic, care se ocupa de paza cur\u0163ii domne\u015fti \u015fi judecarea slujba\u015filor. Adjunctul acestuia, V\u00e3taful de V\u00e2n\u00e3tori, era comandantul g\u00e3rzii personale a domnitorului \u015fi este considerat ca predecesor al prefectului de poli\u0163ie.<br \/>\n\u00cenc\u00e3 de pe vremea domnitorului Mihai \u0218u\u0163u era organizat\u00e3 paza Bucure\u015ftiului, au fost emise primele acte de identitate \u015fi s-a reglementat portul armelor. P\u00e2n\u00e3 \u00een 1774, teritoriul actualei Capitale era \u00eemp\u00e3r\u0163it, din punct de vedere poli\u0163ienesc, \u00een \u021ainutul Agiei (centrul ora\u015fului) \u015fi \u021ainutul Periferic (mahalalele).<br \/>\n1822 a fost anul c\u00e2nd s-a realizat primul steag al Poli\u0163iei (Steagul Agiei), \u00eenm\u00e2nat, de c\u00e3tre domnitorul Grigore Dimitrie Ghica, Marelui Ag\u00e3. Steagul avea brodat\u00e3 \u201eBuna Vestire\u201c, motiv pentru care 25 martie a devenit Ziua Poli\u0163iei Rom\u00e2ne.<br \/>\nAnii 1848, 1856, 1868 au fost ani de organizare \u015fi reorganizare a institu\u0163iei, care au condus la apari\u0163ia Legii de organizare a poli\u0163iei (decretat\u00e3 de Alexandru Ioan Cuza \u00een 1860), urmat\u00e3 fiind de Legea lui Vasile Lasc\u00e3r din 1903.<br \/>\nDin 1949 s-a \u00eenfiin\u0163at Mili\u0163ia, iar din 1989 a fost re\u00eenfiin\u0163at\u00e3, conform tradi\u0163iei, Poli\u0163ia Rom\u00e2n\u00e3.<br \/>\nAst\u00e3zi, Poli\u0163ia Capitalei, ca de altfel \u015fi Poli\u0163iile celorlalte capitale europene se confrunt\u00e3 din ce \u00een ce mai mult cu efectele generate, at\u00eet de fenomenul globaliz\u00e3rii, c\u00eet \u015fi de dispari\u0163ia treptat\u00e3 a grani\u0163elor tradi\u0163ionale din interiorul Uniunii Europene. Din aceste cauze, mai mult ca oric\u00e2nd, se caut\u00e3 \u00een prezent noi c\u00e3i de dezvoltare, nenum\u00e3rate provoc\u00e3ri prin cre\u015fterea mobilit\u00e3\u0163ii persoanelor, a bunurilor, dar \u015fi a informa\u0163iilor, at\u00e2t financiare c\u00e2t \u015fi de alt\u00e3 natur\u00e3. Globalizarea, ca proces \u00een continu\u00e3 expansiune, provoac\u00e3 for\u0163ele de poli\u0163ie la lupta \u00eempotriva oric\u00e3ror \u00eenc\u00e3lc\u00e3ri ale legii.<br \/>\nTocmai de aceea, \u00een scopul cre\u015fterii nivelului de eficientizare a activit\u00e3\u0163ii institu\u0163iilor de profil, \u015fefii poli\u0163iilor din capitalele Europei s-au \u00eent\u00e2lnit, \u00een cadrul unor Conferin\u0163e, cu regularitate \u00eenc\u00e3 din anul 1979.<br \/>\nIndiferent de realit\u00e3\u0163ile fiec\u00e3rei \u0163\u00e3ri, activitatea poli\u0163iilor din Capitalele europene are un numitor comun \u015fi anume lupta \u00eempotriva criminalit\u00e3\u0163ii, a crimei organizate \u015fi a infrac\u0163ionalit\u00e3\u0163ii.<br \/>\nAceste reuniuni au relevat nu numai importan\u0163a schimbului de experien\u0163\u00e3 practicat la toate nivelurile institu\u0163iilor similare din Capitalele europene, dar \u015fi caracteristicile comune specifice numai Capitalelor.<br \/>\nOrganizate prin rota\u0163ie de o capital\u00e3 din spa\u0163iul geografic european (f\u00e3r\u00e3 a fi obligatorie apartenen\u0163a la Uniunea European\u00e3), acestea sunt adev\u00e3rate forumuri \u00een care punctele de vedere \u015fi schimburile de idei genereaz\u00e3 proiecte benefice pentru \u00eentreaga Europ\u00e3 pe plan poli\u0163ienesc.<br \/>\n\u00cencep\u00e2nd cu anul 1997, conducerea Poli\u0163iei Capitalei, a fost prezent\u00e3 la lucr\u00e3rile acestor evenimente, prin directorul general al Direc\u0163iei Generale de Poli\u0163ie a Municipiului Bucure\u015fti. \u00cen luna mai a anului 2007, la Conferin\u0163a desf\u00e3\u015furat\u00e3 la Berlin, Bucure\u015ftiul a fost ales pentru a fi gazda celei de a 31-a edi\u0163ii a acestui eveniment.<br \/>\nConferin\u0163a, g\u00e3zduit\u00e3 de Bucure\u015fti va prilejui &#8211; pe l\u00e2ng\u00e3 spijinul educa\u0163ional adus metodelor specifice Poli\u0163iei \u00een context european &#8211; dezvoltarea leg\u00e3turilor de cooperare, \u015fi va contribui nemijlocit \u015fi la cre\u015fterea imaginii, at\u00e2t a Direc\u0163iei Generale de Poli\u0163ie a Municipiului Bucure\u015fti, c\u00e2t \u015fi a Poli\u0163iei Rom\u00e2ne.<\/p>\n<p>Aducem mul\u0163umiri Ministerului Administra\u0163iei \u015fi Internelor \u015fi Direc\u0163iei Generale de Poli\u0163ie a Municipiului Bucure\u015fti, pentru consultan\u0163a documentar\u00e3 acordat\u00e3 la realizarea acestei emisiuni filatelice.<\/p>\n<p>Data Aparitie:2009-05-25<\/p>\n<p><a href=\"https:\/\/romfilatelia.ro\/magazin\/wp-content\/uploads\/2009\/05\/Politie_31Conf_box_rom.jpg\"><img decoding=\"async\" loading=\"lazy\" class=\"aligncenter wp-image-2004010 size-full\" src=\"https:\/\/romfilatelia.ro\/magazin\/wp-content\/uploads\/2009\/05\/Politie_31Conf_box_rom.jpg\" alt=\"Politie_31Conf_box_rom\" width=\"900\" height=\"368\" srcset=\"https:\/\/romfilatelia.ro\/magazin\/wp-content\/uploads\/2009\/05\/Politie_31Conf_box_rom.jpg 900w, https:\/\/romfilatelia.ro\/magazin\/wp-content\/uploads\/2009\/05\/Politie_31Conf_box_rom-500x204.jpg 500w, https:\/\/romfilatelia.ro\/magazin\/wp-content\/uploads\/2009\/05\/Politie_31Conf_box_rom-64x26.jpg 64w, https:\/\/romfilatelia.ro\/magazin\/wp-content\/uploads\/2009\/05\/Politie_31Conf_box_rom-300x123.jpg 300w, https:\/\/romfilatelia.ro\/magazin\/wp-content\/uploads\/2009\/05\/Politie_31Conf_box_rom-768x314.jpg 768w\" sizes=\"(max-width: 900px) 100vw, 900px\" \/><\/a><\/p>\n","protected":false},"excerpt":{"rendered":"<p>Eveniment de rezonan\u0163\u00e3 european\u00e3, a 31-a Conferin\u0163\u00e3 a Poli\u0163iilor din Capitalele Europene, desf\u00e3\u015furat\u00e3 la Bucure\u015fti \u00een luna mai a acestui an, ofer\u00e3 Romfilateliei prilejul s\u00e3 lanseze o emisiune de m\u00e3rci po\u015ftale. Faptul c\u00e3 pentru prima dat\u00e3, Bucure\u015fti, capitala Rom\u00e2niei \u015fi Direc\u0163ia General\u00e3 de Poli\u0163ie a Municipiului Bucure\u015fti, sunt gazdele acestei \u00eent\u00e2lniri, demonstreaz\u00e3 importan\u0163a \u015fi locul&hellip;&nbsp;<a href=\"https:\/\/romfilatelia.ro\/magazin\/produs\/colectii-anuale\/2009\/a-31-a-conferinta-a-politiilor-din-capitalele-europene-bucuresti-24-29-mai-2009\/\" class=\"\" rel=\"bookmark\">Cite\u0219te mai mult &raquo;<span class=\"screen-reader-text\">A 31-a CONFERIN\u021a\u00c3 A POLI\u021aIILOR DIN CAPITALELE EUROPENE &#8211; Bucure\u015fti, 24-29 Mai 2009<\/span><\/a><\/p>\n","protected":false},"featured_media":2004011,"template":"","meta":{"neve_meta_sidebar":"","neve_meta_container":"","neve_meta_enable_content_width":"","neve_meta_content_width":0,"neve_meta_title_alignment":"","neve_meta_author_avatar":"","neve_post_elements_order":"","neve_meta_disable_header":"","neve_meta_disable_footer":"","neve_meta_disable_title":""},"product_cat":[109,6],"product_tag":[],"_links":{"self":[{"href":"https:\/\/romfilatelia.ro\/magazin\/wp-json\/wp\/v2\/product\/200254"}],"collection":[{"href":"https:\/\/romfilatelia.ro\/magazin\/wp-json\/wp\/v2\/product"}],"about":[{"href":"https:\/\/romfilatelia.ro\/magazin\/wp-json\/wp\/v2\/types\/product"}],"wp:featuredmedia":[{"embeddable":true,"href":"https:\/\/romfilatelia.ro\/magazin\/wp-json\/wp\/v2\/media\/2004011"}],"wp:attachment":[{"href":"https:\/\/romfilatelia.ro\/magazin\/wp-json\/wp\/v2\/media?parent=200254"}],"wp:term":[{"taxonomy":"product_cat","embeddable":true,"href":"https:\/\/romfilatelia.ro\/magazin\/wp-json\/wp\/v2\/product_cat?post=200254"},{"taxonomy":"product_tag","embeddable":true,"href":"https:\/\/romfilatelia.ro\/magazin\/wp-json\/wp\/v2\/product_tag?post=200254"}],"curies":[{"name":"wp","href":"https:\/\/api.w.org\/{rel}","templated":true}]}}