{"id":200253,"date":"2009-05-11T15:10:06","date_gmt":"2009-05-11T15:10:06","guid":{"rendered":"http:\/\/romfilatelia.ro\/store\/2009\/05\/11\/a-60-a-aniversare-a-consiliului-europei\/"},"modified":"2016-08-05T13:27:12","modified_gmt":"2016-08-05T13:27:12","slug":"a-60-a-aniversare-a-consiliului-europei","status":"publish","type":"product","link":"https:\/\/romfilatelia.ro\/magazin\/produs\/colectii-anuale\/2009\/a-60-a-aniversare-a-consiliului-europei\/","title":{"rendered":"A 60-a ANIVERSARE A CONSILIULUI EUROPEI"},"content":{"rendered":"<p><a href=\"https:\/\/romfilatelia.ro\/magazin\/wp-content\/uploads\/2009\/05\/60ConsEur_M.jpg\"><img decoding=\"async\" loading=\"lazy\" class=\"size-medium wp-image-2004014 alignleft\" src=\"https:\/\/romfilatelia.ro\/magazin\/wp-content\/uploads\/2009\/05\/60ConsEur_M-300x234.jpg\" alt=\"60ConsEur_M\" width=\"300\" height=\"234\" srcset=\"https:\/\/romfilatelia.ro\/magazin\/wp-content\/uploads\/2009\/05\/60ConsEur_M-300x234.jpg 300w, https:\/\/romfilatelia.ro\/magazin\/wp-content\/uploads\/2009\/05\/60ConsEur_M-500x390.jpg 500w, https:\/\/romfilatelia.ro\/magazin\/wp-content\/uploads\/2009\/05\/60ConsEur_M-64x50.jpg 64w, https:\/\/romfilatelia.ro\/magazin\/wp-content\/uploads\/2009\/05\/60ConsEur_M.jpg 600w\" sizes=\"(max-width: 300px) 100vw, 300px\" \/><\/a>Motto: ,,L\u00e3sa\u0163i Europa s\u00e3 se ridice!\u201c<br \/>\n(W.Churchill, Z\u00fcrich, 19 sept. 1946)<\/p>\n<p>La sf\u00e2r\u015fitul celui de-al Doilea R\u00e3zboi Mondial, Europa era devastat\u00e3, iar economiile \u0163\u00e3rilor europene erau la p\u00e3m\u00e2nt. Mii de ora\u015fe \u015fi sate z\u00e3ceau \u00een ruin\u00e3.<br \/>\n\u201eA\u015f dori s\u00e3 v\u00e3 vorbesc ast\u00e3zi despre tragedia Europei, acest continent nobil, care are cele mai frumoase \u015fi mai multe regiuni civilizate de pe glob, cu o clim\u00e3 temperat\u00e3 \u015fi pl\u00e3cut\u00e3 &#8230; Aici s-a dezvoltat cea mai mare parte a culturii, artei, filosofiei \u015fi \u015ftiin\u0163ei, at\u00e2t \u00een trecut, c\u00e2t \u015fi \u00een timpurile moderne&#8230;\u201c. (Winston Churchill &#8211; Aula Universit\u00e3\u0163ii din Z\u00fcrich -19 septembrie 1946).<br \/>\nPeste tot \u015fi toate, r\u00e3zboiul \u00ee\u015fi pusese nefasta \u015fi distrug\u00e3toarea amprent\u00e3. Europa, leag\u00e3nul civiliza\u0163iei moderne, era doar un teritoriu pustiit de foamete, pribegie \u015fi fric\u00e3.<br \/>\n\u201e \u00cen ce situa\u0163ie a ajuns Europa? Unele dintre statele mai mici au reu\u015fit \u00eentr-adev\u00e3r s\u00e3-\u015fi revin\u00e3, dar regiuni \u00eentinse sunt pline de oameni dispera\u0163i, care sufer\u00e3 de frig \u015fi de foame, care contempl\u00e3 ului\u0163i ruinele ora\u015felor \u015fi caselor lor, scrut\u00e2nd orizontul \u00een a\u015fteptarea unei noi forme de tiranie sau de teroare.\u201c. (Winston Churchill &#8211; Aula Universit\u00e3\u0163ii din Z\u00fcrich -19 septembrie 1946).<br \/>\nDup\u00e3 r\u00e3zboi, era momentul ca europenii s\u00e3 se trezeasc\u00e3. Europa trebuia s\u00e3 renasc\u00e3 din propria-i cenu\u015f\u00e3. Era nevoie de ceva \u015fi de cineva care s\u00e3 uneasc\u00e3 \u00eentr-un fel sutele de milioane de europeni, s\u00e3-i fac\u00e3 s\u00e3 uite ororile trecutului \u015fi s\u00e3 priveasc\u00e3 spre viitor, s\u00e3 recl\u00e3deasc\u00e3 marea familie european\u00e3.<br \/>\nAcest om providen\u0163ial a fost Winston Churchill, considerat de britanici cea mai important\u00e3 personalitate a tuturor timpurilor.<br \/>\n\u201e&#8230;familia european\u00e3 trebuie recreat\u00e3 sub forma unei structuri regionale numite, s\u00e3 zicem, Statele Unite ale Europei, iar primul pas practic ar fi s\u00e3 form\u00e3m un Consiliu al Europei. Dac\u00e3 la \u00eenceput nu toate statele Europei vor dori sau vor putea s\u00e3 intre \u00een uniune, trebuie totu\u015fi s\u00e3 pornim la drum cu cele care vor \u015fi pot&#8230; Statele Unite ale Europei vor fi astfel structurate \u00eenc\u00e2t for\u0163a material\u00e3 a unui singur stat s\u00e3 fie mai pu\u0163in important\u00e3. Na\u0163iunile mici vor conta tot at\u00e2t de mult ca \u015fi cele mari \u015fi \u00ee\u015fi vor c\u00e2\u015ftiga onoarea prin contribu\u0163ia lor la cauza comun\u00e3&#8230; Dac\u00e3 vrem s\u00e3 form\u00e3m Statele Unite ale Europei, sau orice alt nume vor avea ele, trebuie s\u00e3 \u00eencepem acum!\u201c. (Winston Churchill &#8211; Aula Universit\u00e3\u0163ii din Z\u00fcrich -19 septembrie 1946).<br \/>\nDiscursul lui Churchill de la Z\u00fcrich poate fi considerat \u201epiatra de temelie\u201c a \u00eenfiin\u0163\u00e3rii, la data de 5 mai 1949, a Consiliului Europei. Cu acest prilej, Belgia, Danemarca, Fran\u0163a, Irlanda, Italia, Luxemburg, Marea Britanie, Norvegia, Olanda \u015fi Suedia au semnat Tratatul de la Westminster, ce consfin\u0163ea na\u015fterea celei mai vechi organiza\u0163ii politice a continentului.<br \/>\nOrice stat european care accept\u00e3 principiul suprema\u0163iei legii \u015fi care garanteaz\u00e3 cet\u00e3\u0163enilor s\u00e3i drepturile \u015fi libert\u00e3\u0163ile fundamentale ale omului, poate primi statutul de membru al acestei organiza\u0163ii.<br \/>\n\u00cen 1955, Consiliul Europei a creat drapelul european, cu cele 12 stele aurite a\u015fezate \u00een cerc pe un fond albastru. Imnul european, instituit tot de Consiliul Europei, \u00een 1972, este inspirat de \u201eOda Bucuriei\u201c, ce face parte din Simfonia a IX-a a lui Ludwig van Beethoven.<br \/>\n\u00cen 1964, ziua \u00eentemeierii sale oficiale (5 mai 1949), a devenit Ziua Europei. Mai t\u00e2rziu, Ziua Europei a fost stabilit\u00e3 pe 9 mai.<br \/>\nRom\u00e2nia a fost admis\u00e3 \u00een Consiliul Europei la 7 octombrie 1993.<br \/>\nAst\u00e3zi, Consiliul Europei grupeaz\u00e3 47 de state, iar alte cinci (Vatican, Statele Unite ale Americii, Canada, Japonia \u015fi Mexic), au statut de observator. Sediul s\u00e3u este la Strasbourg (Fran\u0163a).<br \/>\nNici o \u0163ar\u00e3 nu s-a al\u00e3turat Uniunii Europene, f\u00e3r\u00e3 a adera, mai \u00eent\u00e2i, la Consiliul Europei.<br \/>\nOrganiza\u0163ia abordeaz\u00e3 toate chestiunile majore cu care se confrunt\u00e3 societatea european\u00e3 \u015fi anume: drepturile omului, mass-media, cooperarea juridic\u00e3, coeziunea social\u00e3, s\u00e3n\u00e3tatea, educa\u0163ia, cultura, patrimoniul, sportul, tineretul, democra\u0163ia local\u00e3 \u015fi cooperarea transfrontalier\u00e3, protec\u0163ia mediului \u015fi amenajarea teritorial\u00e3.<br \/>\nPrin oferirea statutului de organ consultativ unui num\u00e3r de peste 400 de organiza\u0163ii neguvernamentale, Consiliul Europei dezvolt\u00e3 un veritabil parteneriat cu reprezentan\u0163ii societ\u00e3\u0163ii civile.<\/p>\n<p>Cu ocazia \u00eemplinirii a 60 de ani de la fondarea Consiliului Europei, Romfilatelia introduce \u00een circula\u0163ie emisiunea de m\u00e3rci po\u015ftale ,,A 60-a aniversare a Consiliului Europei\u201c. Pe timbrul emisiunii este reprezentat\u00e3 cl\u00e3direa Palatului Europei de la Strasbourg, crea\u0163ie a arhitectului Henry Bernard.<\/p>\n<p>Data Aparitie:2009-05-11<\/p>\n<p><a href=\"https:\/\/romfilatelia.ro\/magazin\/wp-content\/uploads\/2009\/05\/60ConsEur_box_rom.jpg\"><img decoding=\"async\" loading=\"lazy\" class=\"aligncenter wp-image-2004015 size-full\" src=\"https:\/\/romfilatelia.ro\/magazin\/wp-content\/uploads\/2009\/05\/60ConsEur_box_rom.jpg\" alt=\"60ConsEur_box_rom\" width=\"900\" height=\"379\" srcset=\"https:\/\/romfilatelia.ro\/magazin\/wp-content\/uploads\/2009\/05\/60ConsEur_box_rom.jpg 900w, https:\/\/romfilatelia.ro\/magazin\/wp-content\/uploads\/2009\/05\/60ConsEur_box_rom-500x211.jpg 500w, https:\/\/romfilatelia.ro\/magazin\/wp-content\/uploads\/2009\/05\/60ConsEur_box_rom-64x27.jpg 64w, https:\/\/romfilatelia.ro\/magazin\/wp-content\/uploads\/2009\/05\/60ConsEur_box_rom-300x126.jpg 300w, https:\/\/romfilatelia.ro\/magazin\/wp-content\/uploads\/2009\/05\/60ConsEur_box_rom-768x323.jpg 768w\" sizes=\"(max-width: 900px) 100vw, 900px\" \/><\/a><\/p>\n","protected":false},"excerpt":{"rendered":"<p>Motto: ,,L\u00e3sa\u0163i Europa s\u00e3 se ridice!\u201c (W.Churchill, Z\u00fcrich, 19 sept. 1946) La sf\u00e2r\u015fitul celui de-al Doilea R\u00e3zboi Mondial, Europa era devastat\u00e3, iar economiile \u0163\u00e3rilor europene erau la p\u00e3m\u00e2nt. Mii de ora\u015fe \u015fi sate z\u00e3ceau \u00een ruin\u00e3. \u201eA\u015f dori s\u00e3 v\u00e3 vorbesc ast\u00e3zi despre tragedia Europei, acest continent nobil, care are cele mai frumoase \u015fi mai&hellip;&nbsp;<a href=\"https:\/\/romfilatelia.ro\/magazin\/produs\/colectii-anuale\/2009\/a-60-a-aniversare-a-consiliului-europei\/\" class=\"\" rel=\"bookmark\">Cite\u0219te mai mult &raquo;<span class=\"screen-reader-text\">A 60-a ANIVERSARE A CONSILIULUI EUROPEI<\/span><\/a><\/p>\n","protected":false},"featured_media":2004014,"template":"","meta":{"neve_meta_sidebar":"","neve_meta_container":"","neve_meta_enable_content_width":"","neve_meta_content_width":0,"neve_meta_title_alignment":"","neve_meta_author_avatar":"","neve_post_elements_order":"","neve_meta_disable_header":"","neve_meta_disable_footer":"","neve_meta_disable_title":""},"product_cat":[109,6],"product_tag":[],"_links":{"self":[{"href":"https:\/\/romfilatelia.ro\/magazin\/wp-json\/wp\/v2\/product\/200253"}],"collection":[{"href":"https:\/\/romfilatelia.ro\/magazin\/wp-json\/wp\/v2\/product"}],"about":[{"href":"https:\/\/romfilatelia.ro\/magazin\/wp-json\/wp\/v2\/types\/product"}],"wp:featuredmedia":[{"embeddable":true,"href":"https:\/\/romfilatelia.ro\/magazin\/wp-json\/wp\/v2\/media\/2004014"}],"wp:attachment":[{"href":"https:\/\/romfilatelia.ro\/magazin\/wp-json\/wp\/v2\/media?parent=200253"}],"wp:term":[{"taxonomy":"product_cat","embeddable":true,"href":"https:\/\/romfilatelia.ro\/magazin\/wp-json\/wp\/v2\/product_cat?post=200253"},{"taxonomy":"product_tag","embeddable":true,"href":"https:\/\/romfilatelia.ro\/magazin\/wp-json\/wp\/v2\/product_tag?post=200253"}],"curies":[{"name":"wp","href":"https:\/\/api.w.org\/{rel}","templated":true}]}}