{"id":200228,"date":"2008-05-01T14:24:27","date_gmt":"2008-05-01T14:24:27","guid":{"rendered":"http:\/\/romfilatelia.ro\/store\/2008\/05\/01\/a-xxix-a-editie-a-jocurilor-olimpice-beijing-2008\/"},"modified":"2016-08-08T12:12:30","modified_gmt":"2016-08-08T12:12:30","slug":"a-xxix-a-editie-a-jocurilor-olimpice-beijing-2008","status":"publish","type":"product","link":"https:\/\/romfilatelia.ro\/magazin\/produs\/colectii-anuale\/2008\/a-xxix-a-editie-a-jocurilor-olimpice-beijing-2008\/","title":{"rendered":"A XXIX-A EDI\u021aIE A JOCURILOR OLIMPICE &#8211; BEIJING 2008"},"content":{"rendered":"<p><a href=\"https:\/\/romfilatelia.ro\/magazin\/wp-content\/uploads\/2008\/04\/olimp_2008_M.jpg\"><img decoding=\"async\" loading=\"lazy\" class=\"size-medium wp-image-2004524 alignleft\" src=\"https:\/\/romfilatelia.ro\/magazin\/wp-content\/uploads\/2008\/04\/olimp_2008_M-163x300.jpg\" alt=\"olimp_2008_M\" width=\"163\" height=\"300\" srcset=\"https:\/\/romfilatelia.ro\/magazin\/wp-content\/uploads\/2008\/04\/olimp_2008_M-163x300.jpg 163w, https:\/\/romfilatelia.ro\/magazin\/wp-content\/uploads\/2008\/04\/olimp_2008_M-64x118.jpg 64w, https:\/\/romfilatelia.ro\/magazin\/wp-content\/uploads\/2008\/04\/olimp_2008_M-217x400.jpg 217w, https:\/\/romfilatelia.ro\/magazin\/wp-content\/uploads\/2008\/04\/olimp_2008_M.jpg 325w\" sizes=\"(max-width: 163px) 100vw, 163px\" \/><\/a> \u00cen perioada 8-24 august 2008 se va desf\u00e3\u015fura la Beijing, capitala Republicii Populare Chineze, cea de-a XXIX-A EDI\u021aIE A JOCURILOR OLIMPICE &#8211; BEIJING 2008, ocazie cu care Romfilatelia introduce \u00een circula\u0163ie o emisiune de m\u00e3rci po\u015ftale dedicat\u00e3 acestui eveniment.<br \/>\nDin patru \u00een patru ani, Jocurile Olimpice reprezint\u00e3 cel mai important eveniment sportiv al anului \u00een care se desf\u00e3\u015foar\u00e3.<br \/>\nChina, gazd\u00e3 a Jocurilor Olimpice din acest an, s-a preg\u00e3tit asiduu prin realizarea multor stadioane \u015fi arene sportive, toate premiere mondiale din punct de vedere al concep\u0163iei inginere\u015fti \u015fi arhitectonice.<br \/>\n\u00cenc\u00e3 din vara anului 2006, reprezentan\u0163ii chinezi au f\u00e3cut cunoscute lumii cele 35 de pictograme care simbolizeaz\u00e3 cele 35 de discipline sportive \u015fi au lansat \u00een eter primele semnale ale postului de radio dedicat acestor Jocuri. Postul de radio emite 24 din 24 de ore \u00een limbile chinez\u00e3, rus\u00e3, englez\u00e3, francez\u00e3, spaniol\u00e3, arab\u00e3, japonez\u00e3, coreean\u00e3 \u015fi german\u00e3.<br \/>\nPentru a facilita comunica\u0163iile, China a lansat \u00een toamna anului 2006 un satelit de telecomunica\u0163ii.<br \/>\nCu exact 1000 de zile \u00eenaintea \u00eenceperii Jocurilor Olimpice a fost prezentat\u00e3 Mascota Olimpiadei-Fuwa, care \u00eenseamn\u00e3 copii aduc\u00e3tori de fericire \u015fi noroc. Concep\u0163ia, prezentat\u00e3 ca un ansamblu de cinci figurine, simbolizeaz\u00e3, potrivit filosofiei antice chineze\u015fti, cele cinci elemente primordiale ce alc\u00e3tuiesc universul (lemnul, focul, p\u00e3m\u00e2ntul, metalul \u015fi apa).<br \/>\nJingjing, mascota neagr\u00e3 sub forma unui urs panda, reprezint\u00e3 sporturile de lupt\u00e3.<br \/>\nHuanhuan, mascota ro\u015fie sub forma fl\u00e3c\u00e3rii olimpice, reprezint\u00e3 sporturile cu mingea.<br \/>\nBeibei, mascota albastr\u00e3 sub form\u00e3 de pe\u015fte, reprezint\u00e3 sporturile acvatice.<br \/>\nYingying, mascota galben\u00e3 sub forma unei antilope tibetane, reprezint\u00e3 atletismul.<br \/>\nNini, mascota verde sub form\u00e3 de r\u00e2ndunic\u00e3, reprezint\u00e3 gimnastica.<\/p>\n<p>Traseul fl\u00e3c\u00e3rii olimpice \u00eensumeaz\u00e3 un parcurs pe o distan\u0163\u00e3 de peste 135.000 kilometri \u015fi va dura \u00een jur de 130 de zile. Va traversa cinci continente urc\u00e2nd \u015fi pe cel mai \u00eenalt v\u00e2rf al Terrei, Everest.<br \/>\nPe 8.08.2008, la ora 8 p.m., la Beijing, pe Stadionul Na\u0163ional, va avea loc ceremonia de deschidere a celei de-a XXIX-a edi\u0163ie a Jocurilor Olimpice. De men\u0163ionat este faptul c\u00e3 \u00een cultura chinez\u00e3 num\u00e3rul 8 este asociat cu prosperitatea.<br \/>\n\u00cembin\u00e2nd armonios leg\u00e3tura dintre frumuse\u0163ea grafic\u00e3 \u015fi noble\u0163ea sporturilor, m\u00e3rcile po\u015ftale ale emisiunii (care ilustreaz\u00e3 sporturile: atletism, gimnastic\u00e3, nata\u0163ie \u015fi canotaj), se doresc a fi o transcriere artistic\u00e3 a esen\u0163ei \u015fi spiritului Jocurilor Olimpice, a\u015fa cum sunt ele percepute de iubitorii sportului din Rom\u00e2nia, \u015fi totodat\u00e3 o trimitere, desigur metaforic\u00e3, la \u0163ara organizatoare a Olimpiadei &#8211; China.<\/p>\n<p>Data Aparitie:2008-05-01<\/p>\n<p><a href=\"https:\/\/romfilatelia.ro\/magazin\/wp-content\/uploads\/2008\/04\/olimp_2008_box_rom.jpg\"><img decoding=\"async\" loading=\"lazy\" class=\"aligncenter wp-image-2004523 size-full\" src=\"https:\/\/romfilatelia.ro\/magazin\/wp-content\/uploads\/2008\/04\/olimp_2008_box_rom.jpg\" alt=\"olimp_2008_box_rom\" width=\"450\" height=\"351\" srcset=\"https:\/\/romfilatelia.ro\/magazin\/wp-content\/uploads\/2008\/04\/olimp_2008_box_rom.jpg 450w, https:\/\/romfilatelia.ro\/magazin\/wp-content\/uploads\/2008\/04\/olimp_2008_box_rom-64x50.jpg 64w, https:\/\/romfilatelia.ro\/magazin\/wp-content\/uploads\/2008\/04\/olimp_2008_box_rom-300x234.jpg 300w, https:\/\/romfilatelia.ro\/magazin\/wp-content\/uploads\/2008\/04\/olimp_2008_box_rom-400x312.jpg 400w\" sizes=\"(max-width: 450px) 100vw, 450px\" \/><\/a><\/p>\n","protected":false},"excerpt":{"rendered":"<p>\u00cen perioada 8-24 august 2008 se va desf\u00e3\u015fura la Beijing, capitala Republicii Populare Chineze, cea de-a XXIX-A EDI\u021aIE A JOCURILOR OLIMPICE &#8211; BEIJING 2008, ocazie cu care Romfilatelia introduce \u00een circula\u0163ie o emisiune de m\u00e3rci po\u015ftale dedicat\u00e3 acestui eveniment. Din patru \u00een patru ani, Jocurile Olimpice reprezint\u00e3 cel mai important eveniment sportiv al anului \u00een&hellip;&nbsp;<a href=\"https:\/\/romfilatelia.ro\/magazin\/produs\/colectii-anuale\/2008\/a-xxix-a-editie-a-jocurilor-olimpice-beijing-2008\/\" class=\"\" rel=\"bookmark\">Cite\u0219te mai mult &raquo;<span class=\"screen-reader-text\">A XXIX-A EDI\u021aIE A JOCURILOR OLIMPICE &#8211; BEIJING 2008<\/span><\/a><\/p>\n","protected":false},"featured_media":2004524,"template":"","meta":{"neve_meta_sidebar":"","neve_meta_container":"","neve_meta_enable_content_width":"","neve_meta_content_width":0,"neve_meta_title_alignment":"","neve_meta_author_avatar":"","neve_post_elements_order":"","neve_meta_disable_header":"","neve_meta_disable_footer":"","neve_meta_disable_title":""},"product_cat":[110,6],"product_tag":[],"_links":{"self":[{"href":"https:\/\/romfilatelia.ro\/magazin\/wp-json\/wp\/v2\/product\/200228"}],"collection":[{"href":"https:\/\/romfilatelia.ro\/magazin\/wp-json\/wp\/v2\/product"}],"about":[{"href":"https:\/\/romfilatelia.ro\/magazin\/wp-json\/wp\/v2\/types\/product"}],"wp:featuredmedia":[{"embeddable":true,"href":"https:\/\/romfilatelia.ro\/magazin\/wp-json\/wp\/v2\/media\/2004524"}],"wp:attachment":[{"href":"https:\/\/romfilatelia.ro\/magazin\/wp-json\/wp\/v2\/media?parent=200228"}],"wp:term":[{"taxonomy":"product_cat","embeddable":true,"href":"https:\/\/romfilatelia.ro\/magazin\/wp-json\/wp\/v2\/product_cat?post=200228"},{"taxonomy":"product_tag","embeddable":true,"href":"https:\/\/romfilatelia.ro\/magazin\/wp-json\/wp\/v2\/product_tag?post=200228"}],"curies":[{"name":"wp","href":"https:\/\/api.w.org\/{rel}","templated":true}]}}