{"id":200203,"date":"2007-06-07T12:31:52","date_gmt":"2007-06-07T12:31:52","guid":{"rendered":"http:\/\/romfilatelia.ro\/store\/2007\/06\/07\/60-de-ani-de-la-infiintharea-clubului-sportiv-al-armatei-steaua\/"},"modified":"2016-07-21T13:18:23","modified_gmt":"2016-07-21T13:18:23","slug":"60-de-ani-de-la-infiintharea-clubului-sportiv-al-armatei-steaua","status":"publish","type":"product","link":"https:\/\/romfilatelia.ro\/magazin\/produs\/colectii-anuale\/60-de-ani-de-la-infiintharea-clubului-sportiv-al-armatei-steaua\/","title":{"rendered":"60 de ani de la \u00eenfiin\u021barea Clubului Sportiv al Armatei STEAUA"},"content":{"rendered":"<p><a href=\"https:\/\/romfilatelia.ro\/magazin\/wp-content\/uploads\/2007\/06\/steaua_M.jpg\"><img decoding=\"async\" loading=\"lazy\" class=\"size-medium wp-image-2004704 alignleft\" src=\"https:\/\/romfilatelia.ro\/magazin\/wp-content\/uploads\/2007\/06\/steaua_M-300x212.jpg\" alt=\"steaua_M\" width=\"300\" height=\"212\" \/><\/a> Romfilatelia, societatea specializat\u0103 \u00een editarea \u015fi comercializarea m\u0103rcilor po\u015ftale rom\u00e2ne\u015fti, introduce \u00een circula\u0163ie emisiunea filatelic\u0103 60 de ani de la \u00eenfiin\u0163area Clubului Sportiv al Armatei Steaua.<br \/>\n\u00cen 1947, la \u00eenceputul verii, mai precis pe 7 iunie, lua fiin\u0163\u0103 \u201eAS Armata\u201c, club sportiv al armatei rom\u00e2ne, care reunea \u015fapte sec\u0163ii sportive \u015fi anume: tenis, scrim\u0103, volei, box, atletism, tir \u015fi fotbal.<br \/>\nChiar din anul \u00eenfiin\u0163\u0103rii sale, clubul AS Armata ob\u0163inea deja primul titlu de campion na\u0163ional la tenis prin juc\u0103torul Gheorghe Viziru.<br \/>\n\u00cen anul 1950 denumirea clubului este schimbat\u0103 \u00een CCA (Casa Central\u0103 a Armatei), iar din anul 1961, numele sub care se va consacra Clubul Sportiv al Armatei va fi Steaua.<br \/>\nSuccesele r\u0103sun\u0103toare ale clubului au f\u0103cut din acesta cel mai titrat club sportiv din Rom\u00e2nia, m\u0103rturie st\u00e2nd palmaresul impresionant la numeroase discipline sportive.<br \/>\nNume celebre ale sportivilor rom\u00e2ni de la Clubul Steaua printre care Iolanda Bala\u015f-S\u00f6ter, Viorica Viscopoleanu, Iosif S\u00e2rbu, Ion Corneliu, Ilie N\u0103stase, Nicu Vlad, Petre Becheru, Cristian Ga\u0163u, Cornel O\u0163elea, Vasile St\u00e2ng\u0103, \u0218tefan Birtalan, Sorin Babii, Laura Badea, Silvia Stroescu, Alexandra Eremia, Camelia Potec, au f\u0103cut ca numele Rom\u00e2niei s\u0103 fie cunoscut \u015fi aclamat pe toate arenele lumii.<br \/>\nDe o mare faim\u0103 s-au bucurat de asemenea echipele clubului, \u00eentre care echipa de handbal &#8211; multipl\u0103 c\u00e2\u015ftig\u0103toare a Cupei Campionilor Europeni \u015fi echipa de fotbal &#8211; c\u00e2\u015ftig\u0103toare a Cupei Campionilor Europeni \u00een seara magic\u0103 numit\u0103 \u201eSevilla \u00b486\u201c, ale c\u0103ror rezultate de excep\u0163ie au conectat la fenomenul Steaua milioane de telespectatori de pe tot continentul.<br \/>\nIat\u0103 cum se prezint\u0103 palmaresul CSA Steaua, dup\u0103 60 de ani de existen\u0163\u0103:<br \/>\nJocuri Olimpice de Var\u0103 &#8211; 86 medalii (26 aur, 31 argint, 29 bronz)<br \/>\nCampionate Mondiale &#8211; 462 medalii (130 aur, 170 argint, 162 bronz)<br \/>\nCampionate Europene &#8211; 606 medalii (168 aur, 217 argint, 221 bronz)<br \/>\nUniversiade \u015fi Campionate Mondiale Universitare -131 medalii (56 aur, 32 argint, 43 bronz)<br \/>\nCupe Mondiale\/Lot na\u0163ional \u015fi echipe de club &#8211; 88 medalii (32 aur, 28 argint, 28 bronz)<br \/>\nCupe Europene\/Lot na\u0163ional &#8211; 50 medalii (16 aur, 18 argint, 16 bronz)<br \/>\nCupe Europene\/Echipe de club &#8211; 81 medalii (18 aur, 22 argint, 41 bronz)<br \/>\nJocuri \u015fi Campionate Mondiale CISM &#8211; 146 medalii (39 aur, 56 argint, 51 bronz)<br \/>\nSpartachiade Militare &#8211; 160 medalii (35 aur, 48 argint, 77 bronz)<br \/>\nJocuri Balcanice &#8211; 2.558 medalii (1158 aur, 868 argint, 532 bronz)<br \/>\nRecorduri Interna\u0163ionale &#8211; 13 recorduri olimpice, 49 recorduri mondiale, 64 recorduri europene, 6 recorduri mondiale universitare.<br \/>\nTitluri de campion na\u0163ional &#8211; 8.670 (5.894 la seniori, 612 la tineret, 2164 la juniori)<br \/>\nTitluri de c\u00e2\u015ftig\u0103tor al Cupei Rom\u00e2niei &#8211; 560 (527 la seniori, 14 la tineret, 19 la juniori).<\/p>\n<p>Mul\u0163umim Clubului Sportiv Steaua pentru sprijinul acordat la realizarea acestei emisiuni filatelice.<\/p>\n<p>Data de aparitie: 2007-06-07<\/p>\n<p><a href=\"https:\/\/romfilatelia.ro\/magazin\/wp-content\/uploads\/2007\/06\/steaua_rom_box.jpg\"><img decoding=\"async\" loading=\"lazy\" class=\"aligncenter wp-image-2004705 size-full\" src=\"https:\/\/romfilatelia.ro\/magazin\/wp-content\/uploads\/2007\/06\/steaua_rom_box.jpg\" alt=\"pliant steaua.qxp\" width=\"600\" height=\"494\" srcset=\"https:\/\/romfilatelia.ro\/magazin\/wp-content\/uploads\/2007\/06\/steaua_rom_box.jpg 600w, https:\/\/romfilatelia.ro\/magazin\/wp-content\/uploads\/2007\/06\/steaua_rom_box-500x412.jpg 500w, https:\/\/romfilatelia.ro\/magazin\/wp-content\/uploads\/2007\/06\/steaua_rom_box-64x53.jpg 64w, https:\/\/romfilatelia.ro\/magazin\/wp-content\/uploads\/2007\/06\/steaua_rom_box-300x247.jpg 300w\" sizes=\"(max-width: 600px) 100vw, 600px\" \/><\/a><\/p>\n","protected":false},"excerpt":{"rendered":"<p>Romfilatelia, societatea specializat\u0103 \u00een editarea \u015fi comercializarea m\u0103rcilor po\u015ftale rom\u00e2ne\u015fti, introduce \u00een circula\u0163ie emisiunea filatelic\u0103 60 de ani de la \u00eenfiin\u0163area Clubului Sportiv al Armatei Steaua. \u00cen 1947, la \u00eenceputul verii, mai precis pe 7 iunie, lua fiin\u0163\u0103 \u201eAS Armata\u201c, club sportiv al armatei rom\u00e2ne, care reunea \u015fapte sec\u0163ii sportive \u015fi anume: tenis, scrim\u0103, volei,&hellip;&nbsp;<a href=\"https:\/\/romfilatelia.ro\/magazin\/produs\/colectii-anuale\/60-de-ani-de-la-infiintharea-clubului-sportiv-al-armatei-steaua\/\" class=\"\" rel=\"bookmark\">Cite\u0219te mai mult &raquo;<span class=\"screen-reader-text\">60 de ani de la \u00eenfiin\u021barea Clubului Sportiv al Armatei STEAUA<\/span><\/a><\/p>\n","protected":false},"featured_media":2004704,"template":"","meta":{"neve_meta_sidebar":"","neve_meta_container":"","neve_meta_enable_content_width":"","neve_meta_content_width":0,"neve_meta_title_alignment":"","neve_meta_author_avatar":"","neve_post_elements_order":"","neve_meta_disable_header":"","neve_meta_disable_footer":"","neve_meta_disable_title":""},"product_cat":[6],"product_tag":[],"_links":{"self":[{"href":"https:\/\/romfilatelia.ro\/magazin\/wp-json\/wp\/v2\/product\/200203"}],"collection":[{"href":"https:\/\/romfilatelia.ro\/magazin\/wp-json\/wp\/v2\/product"}],"about":[{"href":"https:\/\/romfilatelia.ro\/magazin\/wp-json\/wp\/v2\/types\/product"}],"wp:featuredmedia":[{"embeddable":true,"href":"https:\/\/romfilatelia.ro\/magazin\/wp-json\/wp\/v2\/media\/2004704"}],"wp:attachment":[{"href":"https:\/\/romfilatelia.ro\/magazin\/wp-json\/wp\/v2\/media?parent=200203"}],"wp:term":[{"taxonomy":"product_cat","embeddable":true,"href":"https:\/\/romfilatelia.ro\/magazin\/wp-json\/wp\/v2\/product_cat?post=200203"},{"taxonomy":"product_tag","embeddable":true,"href":"https:\/\/romfilatelia.ro\/magazin\/wp-json\/wp\/v2\/product_tag?post=200203"}],"curies":[{"name":"wp","href":"https:\/\/api.w.org\/{rel}","templated":true}]}}